{"id":47892,"date":"2024-09-03T16:55:42","date_gmt":"2024-09-03T14:55:42","guid":{"rendered":"https:\/\/www.jh-itc.de\/inscription-a-la-newsletter\/"},"modified":"2024-12-13T19:15:36","modified_gmt":"2024-12-13T18:15:36","slug":"inscription-a-la-newsletter","status":"publish","type":"page","link":"https:\/\/www.jh-itc.de\/fr\/inscription-a-la-newsletter\/","title":{"rendered":"Inscription \u00e0 la newsletter"},"content":{"rendered":"\t\t<div data-elementor-type=\"wp-page\" data-elementor-id=\"47892\" class=\"elementor elementor-47892 elementor-47862\" data-elementor-post-type=\"page\">\n\t\t\t\t\t\t<section class=\"elementor-section elementor-top-section elementor-element elementor-element-8c3c381 elementor-section-boxed elementor-section-height-default elementor-section-height-default\" data-id=\"8c3c381\" data-element_type=\"section\" data-e-type=\"section\">\n\t\t\t\t\t\t<div class=\"elementor-container elementor-column-gap-default\">\n\t\t\t\t\t<div class=\"elementor-column elementor-col-100 elementor-top-column elementor-element elementor-element-6154b31\" data-id=\"6154b31\" data-element_type=\"column\" data-e-type=\"column\">\n\t\t\t<div class=\"elementor-widget-wrap elementor-element-populated\">\n\t\t\t\t\t\t<div class=\"elementor-element elementor-element-e0198fe elementor-widget elementor-widget-text-editor\" data-id=\"e0198fe\" data-element_type=\"widget\" data-e-type=\"widget\" data-widget_type=\"text-editor.default\">\n\t\t\t\t<div class=\"elementor-widget-container\">\n\t\t\t\t\t\t\t\t\t<p>Mesdames et Messieurs, nous vous proposons de vous inscrire \u00e0 notre newsletter en s\u00e9lectionnant plusieurs champs d&#8217;int\u00e9r\u00eat ci-dessous.  <\/p>\n\t\t\t\t\t\t\t\t<\/div>\n\t\t\t\t<\/div>\n\t\t\t\t<div class=\"elementor-element elementor-element-2e12a33 elementor-widget elementor-widget-shortcode\" data-id=\"2e12a33\" data-element_type=\"widget\" data-e-type=\"widget\" data-widget_type=\"shortcode.default\">\n\t\t\t\t<div class=\"elementor-widget-container\">\n\t\t\t\t\t\t\t<div class=\"elementor-shortcode\">[cleverreach form=240466]<\/div>\n\t\t\t\t\t\t<\/div>\n\t\t\t\t<\/div>\n\t\t\t\t\t<\/div>\n\t\t<\/div>\n\t\t\t\t\t<\/div>\n\t\t<\/section>\n\t\t\t\t<\/div>\n\t\t","protected":false},"excerpt":{"rendered":"<p>Mesdames et Messieurs, nous vous proposons de vous inscrire \u00e0 notre newsletter en s\u00e9lectionnant plusieurs champs d&#8217;int\u00e9r\u00eat ci-dessous. [cleverreach form=240466]<\/p>\n","protected":false},"author":4,"featured_media":38211,"parent":0,"menu_order":0,"comment_status":"closed","ping_status":"closed","template":"","meta":{"footnotes":""},"class_list":["post-47892","page","type-page","status-publish","has-post-thumbnail"],"yoast_head":"<!-- This site is optimized with the Yoast SEO plugin v27.4 - https:\/\/yoast.com\/product\/yoast-seo-wordpress\/ -->\n<title>Inscription \u00e0 la newsletter - JH - ITC GmbH<\/title>\n<meta name=\"robots\" content=\"index, follow, max-snippet:-1, max-image-preview:large, max-video-preview:-1\" \/>\n<link rel=\"canonical\" href=\"https:\/\/www.jh-itc.de\/fr\/inscription-a-la-newsletter\/\" \/>\n<meta property=\"og:locale\" content=\"fr_FR\" \/>\n<meta property=\"og:type\" content=\"article\" \/>\n<meta property=\"og:title\" content=\"Inscription \u00e0 la newsletter - JH - ITC GmbH\" \/>\n<meta property=\"og:description\" content=\"Mesdames et Messieurs, nous vous proposons de vous inscrire \u00e0 notre newsletter en s\u00e9lectionnant plusieurs champs d&#8217;int\u00e9r\u00eat ci-dessous. [cleverreach form=240466]\" \/>\n<meta property=\"og:url\" content=\"https:\/\/www.jh-itc.de\/fr\/inscription-a-la-newsletter\/\" \/>\n<meta property=\"og:site_name\" content=\"JH - ITC GmbH\" \/>\n<meta property=\"article:publisher\" content=\"https:\/\/www.facebook.com\/schalungshandel\" \/>\n<meta property=\"article:modified_time\" content=\"2024-12-13T18:15:36+00:00\" \/>\n<meta property=\"og:image\" content=\"https:\/\/www.jh-itc.de\/wp-content\/uploads\/2022\/02\/Peri-Up-Stuetzturm-MDS_www.jh-itc.de-2.jpg\" \/>\n\t<meta property=\"og:image:width\" content=\"2016\" \/>\n\t<meta property=\"og:image:height\" content=\"1512\" \/>\n\t<meta property=\"og:image:type\" content=\"image\/jpeg\" \/>\n<meta name=\"twitter:card\" content=\"summary_large_image\" \/>\n<meta name=\"twitter:site\" content=\"@JH_ITC\" \/>\n<!-- \/ Yoast SEO plugin. -->","yoast_head_json":{"title":"Inscription \u00e0 la newsletter - JH - ITC GmbH","robots":{"index":"index","follow":"follow","max-snippet":"max-snippet:-1","max-image-preview":"max-image-preview:large","max-video-preview":"max-video-preview:-1"},"canonical":"https:\/\/www.jh-itc.de\/fr\/inscription-a-la-newsletter\/","og_locale":"fr_FR","og_type":"article","og_title":"Inscription \u00e0 la newsletter - JH - ITC GmbH","og_description":"Mesdames et Messieurs, nous vous proposons de vous inscrire \u00e0 notre newsletter en s\u00e9lectionnant plusieurs champs d&#8217;int\u00e9r\u00eat ci-dessous. [cleverreach form=240466]","og_url":"https:\/\/www.jh-itc.de\/fr\/inscription-a-la-newsletter\/","og_site_name":"JH - ITC GmbH","article_publisher":"https:\/\/www.facebook.com\/schalungshandel","article_modified_time":"2024-12-13T18:15:36+00:00","og_image":[{"width":2016,"height":1512,"url":"https:\/\/www.jh-itc.de\/wp-content\/uploads\/2022\/02\/Peri-Up-Stuetzturm-MDS_www.jh-itc.de-2.jpg","type":"image\/jpeg"}],"twitter_card":"summary_large_image","twitter_site":"@JH_ITC","schema":{"@context":"https:\/\/schema.org","@graph":[{"@type":"WebPage","@id":"https:\/\/www.jh-itc.de\/fr\/inscription-a-la-newsletter\/","url":"https:\/\/www.jh-itc.de\/fr\/inscription-a-la-newsletter\/","name":"Inscription \u00e0 la newsletter - JH - ITC GmbH","isPartOf":{"@id":"https:\/\/www.jh-itc.de\/fr\/#website"},"primaryImageOfPage":{"@id":"https:\/\/www.jh-itc.de\/fr\/inscription-a-la-newsletter\/#primaryimage"},"image":{"@id":"https:\/\/www.jh-itc.de\/fr\/inscription-a-la-newsletter\/#primaryimage"},"thumbnailUrl":"https:\/\/www.jh-itc.de\/wp-content\/uploads\/2022\/02\/Peri-Up-Stuetzturm-MDS_www.jh-itc.de-2.jpg","datePublished":"2024-09-03T14:55:42+00:00","dateModified":"2024-12-13T18:15:36+00:00","breadcrumb":{"@id":"https:\/\/www.jh-itc.de\/fr\/inscription-a-la-newsletter\/#breadcrumb"},"inLanguage":"fr-FR","potentialAction":[{"@type":"ReadAction","target":["https:\/\/www.jh-itc.de\/fr\/inscription-a-la-newsletter\/"]}]},{"@type":"ImageObject","inLanguage":"fr-FR","@id":"https:\/\/www.jh-itc.de\/fr\/inscription-a-la-newsletter\/#primaryimage","url":"https:\/\/www.jh-itc.de\/wp-content\/uploads\/2022\/02\/Peri-Up-Stuetzturm-MDS_www.jh-itc.de-2.jpg","contentUrl":"https:\/\/www.jh-itc.de\/wp-content\/uploads\/2022\/02\/Peri-Up-Stuetzturm-MDS_www.jh-itc.de-2.jpg","width":2016,"height":1512},{"@type":"BreadcrumbList","@id":"https:\/\/www.jh-itc.de\/fr\/inscription-a-la-newsletter\/#breadcrumb","itemListElement":[{"@type":"ListItem","position":1,"name":"Home","item":"https:\/\/www.jh-itc.de\/fr\/"},{"@type":"ListItem","position":2,"name":"Inscription \u00e0 la newsletter"}]},{"@type":"WebSite","@id":"https:\/\/www.jh-itc.de\/fr\/#website","url":"https:\/\/www.jh-itc.de\/fr\/","name":"JH - ITC GmbH","description":"Ihr Experte f\u00fcr gebrauchte St\u00fctzen, Schalungen und Ger\u00fcste","publisher":{"@id":"https:\/\/www.jh-itc.de\/fr\/#organization"},"potentialAction":[{"@type":"SearchAction","target":{"@type":"EntryPoint","urlTemplate":"https:\/\/www.jh-itc.de\/fr\/?s={search_term_string}"},"query-input":{"@type":"PropertyValueSpecification","valueRequired":true,"valueName":"search_term_string"}}],"inLanguage":"fr-FR"},{"@type":"Organization","@id":"https:\/\/www.jh-itc.de\/fr\/#organization","name":"JH-ITC GmbH","url":"https:\/\/www.jh-itc.de\/fr\/","logo":{"@type":"ImageObject","inLanguage":"fr-FR","@id":"https:\/\/www.jh-itc.de\/fr\/#\/schema\/logo\/image\/","url":"https:\/\/www.jh-itc.de\/wp-content\/uploads\/2016\/01\/JH-ITC2-1.png","contentUrl":"https:\/\/www.jh-itc.de\/wp-content\/uploads\/2016\/01\/JH-ITC2-1.png","width":300,"height":102,"caption":"JH-ITC GmbH"},"image":{"@id":"https:\/\/www.jh-itc.de\/fr\/#\/schema\/logo\/image\/"},"sameAs":["https:\/\/www.facebook.com\/schalungshandel","https:\/\/x.com\/JH_ITC","https:\/\/www.linkedin.com\/in\/jhitc","https:\/\/youtu.be\/rMdZ-FLfI-Y"]}]}},"_links":{"self":[{"href":"https:\/\/www.jh-itc.de\/fr\/wp-json\/wp\/v2\/pages\/47892","targetHints":{"allow":["GET"]}}],"collection":[{"href":"https:\/\/www.jh-itc.de\/fr\/wp-json\/wp\/v2\/pages"}],"about":[{"href":"https:\/\/www.jh-itc.de\/fr\/wp-json\/wp\/v2\/types\/page"}],"author":[{"embeddable":true,"href":"https:\/\/www.jh-itc.de\/fr\/wp-json\/wp\/v2\/users\/4"}],"replies":[{"embeddable":true,"href":"https:\/\/www.jh-itc.de\/fr\/wp-json\/wp\/v2\/comments?post=47892"}],"version-history":[{"count":5,"href":"https:\/\/www.jh-itc.de\/fr\/wp-json\/wp\/v2\/pages\/47892\/revisions"}],"predecessor-version":[{"id":93120,"href":"https:\/\/www.jh-itc.de\/fr\/wp-json\/wp\/v2\/pages\/47892\/revisions\/93120"}],"wp:featuredmedia":[{"embeddable":true,"href":"https:\/\/www.jh-itc.de\/fr\/wp-json\/wp\/v2\/media\/38211"}],"wp:attachment":[{"href":"https:\/\/www.jh-itc.de\/fr\/wp-json\/wp\/v2\/media?parent=47892"}],"curies":[{"name":"wp","href":"https:\/\/api.w.org\/{rel}","templated":true}]}}