{"id":27516,"date":"2015-06-18T11:04:27","date_gmt":"2021-08-30T17:02:53","guid":{"rendered":"https:\/\/www.jh-itc.de\/shop\/non class\u00e9\/coffrage-circulaire-noe-tts\/"},"modified":"2021-08-30T19:02:53","modified_gmt":"2021-08-30T17:02:53","slug":"coffrage-circulaire-noe-tts","status":"publish","type":"product","link":"https:\/\/www.jh-itc.de\/fr\/shop\/volets\/coffrage-circulaire-noe-tts\/","title":{"rendered":"Coffrage circulaire NOE TTS"},"content":{"rendered":"<p>Nous proposons un coffrage circulaire NOE TTS avec t\u00eate champignon.<\/p>\n<p>Le coffrage a un diam\u00e8tre de 30 cm<\/p>\n<p><strong>4 x \u00e9l\u00e9ment de base Haut 3000mm<br \/>\n4 x \u00e9l\u00e9ment d&#8217;extension Haut 1000mm<br \/>\n4 x \u00e9l\u00e9ment d&#8217;extension Haut 500mm<br \/>\n2 x formation t\u00eate de champignon &#8211; \u00e9l\u00e9ment de forme sp\u00e9ciale<\/strong><\/p>\n<p>&nbsp;<\/p>\n","protected":false},"excerpt":{"rendered":"<p>Nous proposons un coffrage circulaire NOE TTS avec t\u00eate champignon. Le coffrage a un diam\u00e8tre de 30 cm 4 x \u00e9l\u00e9ment de base Haut 3000mm 4 x \u00e9l\u00e9ment d&#8217;extension Haut 1000mm 4 x \u00e9l\u00e9ment d&#8217;extension Haut 500mm 2 x formation t\u00eate de champignon &#8211; \u00e9l\u00e9ment de forme sp\u00e9ciale &nbsp;<\/p>\n","protected":false},"featured_media":0,"template":"","meta":[],"product_brand":[],"product_cat":[389,377],"product_tag":[],"class_list":{"0":"post-27516","1":"product","2":"type-product","3":"status-publish","5":"product_cat-noe-fr","6":"product_cat-volets","8":"first","9":"outofstock","10":"sale","11":"taxable","12":"shipping-taxable","13":"product-type-simple"},"yoast_head":"<!-- This site is optimized with the Yoast SEO plugin v27.3 - https:\/\/yoast.com\/product\/yoast-seo-wordpress\/ -->\n<title>Coffrage circulaire NOE TTS - JH - ITC GmbH<\/title>\n<meta name=\"description\" content=\"Coffrage circulaire NOE TTS. Fabricants renomm\u00e9s \u2714 Coffrages, \u00e9taiements, \u00e9chafaudages &amp; machines de chantier neufs &amp; d&#039;occasion \u2714 Demandez une offre maintenant!\" \/>\n<meta name=\"robots\" content=\"index, follow, max-snippet:-1, max-image-preview:large, max-video-preview:-1\" \/>\n<link rel=\"canonical\" href=\"https:\/\/www.jh-itc.de\/fr\/shop\/volets\/coffrage-circulaire-noe-tts\/\" \/>\n<meta property=\"og:locale\" content=\"fr_FR\" \/>\n<meta property=\"og:type\" content=\"article\" \/>\n<meta property=\"og:title\" content=\"Coffrage circulaire NOE TTS - JH - ITC GmbH\" \/>\n<meta property=\"og:description\" content=\"Coffrage circulaire NOE TTS. Fabricants renomm\u00e9s \u2714 Coffrages, \u00e9taiements, \u00e9chafaudages &amp; machines de chantier neufs &amp; d&#039;occasion \u2714 Demandez une offre maintenant!\" \/>\n<meta property=\"og:url\" content=\"https:\/\/www.jh-itc.de\/fr\/shop\/volets\/coffrage-circulaire-noe-tts\/\" \/>\n<meta property=\"og:site_name\" content=\"JH - ITC GmbH\" \/>\n<meta property=\"article:publisher\" content=\"https:\/\/www.facebook.com\/schalungshandel\" \/>\n<meta property=\"og:image\" content=\"https:\/\/www.jh-itc.de\/wp-content\/uploads\/2015\/06\/Noe-TTS-640x480.jpg\" \/>\n\t<meta property=\"og:image:width\" content=\"640\" \/>\n\t<meta property=\"og:image:height\" content=\"480\" \/>\n\t<meta property=\"og:image:type\" content=\"image\/jpeg\" \/>\n<meta name=\"twitter:card\" content=\"summary_large_image\" \/>\n<meta name=\"twitter:site\" content=\"@JH_ITC\" \/>\n<!-- \/ Yoast SEO plugin. -->","yoast_head_json":{"title":"Coffrage circulaire NOE TTS - JH - ITC GmbH","description":"Coffrage circulaire NOE TTS. Fabricants renomm\u00e9s \u2714 Coffrages, \u00e9taiements, \u00e9chafaudages & machines de chantier neufs & d'occasion \u2714 Demandez une offre maintenant!","robots":{"index":"index","follow":"follow","max-snippet":"max-snippet:-1","max-image-preview":"max-image-preview:large","max-video-preview":"max-video-preview:-1"},"canonical":"https:\/\/www.jh-itc.de\/fr\/shop\/volets\/coffrage-circulaire-noe-tts\/","og_locale":"fr_FR","og_type":"article","og_title":"Coffrage circulaire NOE TTS - JH - ITC GmbH","og_description":"Coffrage circulaire NOE TTS. Fabricants renomm\u00e9s \u2714 Coffrages, \u00e9taiements, \u00e9chafaudages & machines de chantier neufs & d'occasion \u2714 Demandez une offre maintenant!","og_url":"https:\/\/www.jh-itc.de\/fr\/shop\/volets\/coffrage-circulaire-noe-tts\/","og_site_name":"JH - ITC GmbH","article_publisher":"https:\/\/www.facebook.com\/schalungshandel","og_image":[{"width":640,"height":480,"url":"https:\/\/www.jh-itc.de\/wp-content\/uploads\/2015\/06\/Noe-TTS-640x480.jpg","type":"image\/jpeg"}],"twitter_card":"summary_large_image","twitter_site":"@JH_ITC","schema":{"@context":"https:\/\/schema.org","@graph":[{"@type":"WebPage","@id":"https:\/\/www.jh-itc.de\/fr\/shop\/volets\/coffrage-circulaire-noe-tts\/","url":"https:\/\/www.jh-itc.de\/fr\/shop\/volets\/coffrage-circulaire-noe-tts\/","name":"Coffrage circulaire NOE TTS - JH - ITC GmbH","isPartOf":{"@id":"https:\/\/www.jh-itc.de\/fr\/#website"},"datePublished":"2021-08-30T17:02:53+00:00","description":"Coffrage circulaire NOE TTS. Fabricants renomm\u00e9s \u2714 Coffrages, \u00e9taiements, \u00e9chafaudages & machines de chantier neufs & d'occasion \u2714 Demandez une offre maintenant!","breadcrumb":{"@id":"https:\/\/www.jh-itc.de\/fr\/shop\/volets\/coffrage-circulaire-noe-tts\/#breadcrumb"},"inLanguage":"fr-FR","potentialAction":[{"@type":"ReadAction","target":["https:\/\/www.jh-itc.de\/fr\/shop\/volets\/coffrage-circulaire-noe-tts\/"]}]},{"@type":"BreadcrumbList","@id":"https:\/\/www.jh-itc.de\/fr\/shop\/volets\/coffrage-circulaire-noe-tts\/#breadcrumb","itemListElement":[{"@type":"ListItem","position":1,"name":"Home","item":"https:\/\/www.jh-itc.de\/fr\/"},{"@type":"ListItem","position":2,"name":"Boutique","item":"https:\/\/www.jh-itc.de\/fr\/boutique\/"},{"@type":"ListItem","position":3,"name":"Coffrage circulaire NOE TTS"}]},{"@type":"WebSite","@id":"https:\/\/www.jh-itc.de\/fr\/#website","url":"https:\/\/www.jh-itc.de\/fr\/","name":"JH - ITC GmbH","description":"Ihr Experte f\u00fcr gebrauchte St\u00fctzen, Schalungen und Ger\u00fcste","publisher":{"@id":"https:\/\/www.jh-itc.de\/fr\/#organization"},"potentialAction":[{"@type":"SearchAction","target":{"@type":"EntryPoint","urlTemplate":"https:\/\/www.jh-itc.de\/fr\/?s={search_term_string}"},"query-input":{"@type":"PropertyValueSpecification","valueRequired":true,"valueName":"search_term_string"}}],"inLanguage":"fr-FR"},{"@type":"Organization","@id":"https:\/\/www.jh-itc.de\/fr\/#organization","name":"JH-ITC GmbH","url":"https:\/\/www.jh-itc.de\/fr\/","logo":{"@type":"ImageObject","inLanguage":"fr-FR","@id":"https:\/\/www.jh-itc.de\/fr\/#\/schema\/logo\/image\/","url":"https:\/\/www.jh-itc.de\/wp-content\/uploads\/2016\/01\/JH-ITC2-1.png","contentUrl":"https:\/\/www.jh-itc.de\/wp-content\/uploads\/2016\/01\/JH-ITC2-1.png","width":300,"height":102,"caption":"JH-ITC GmbH"},"image":{"@id":"https:\/\/www.jh-itc.de\/fr\/#\/schema\/logo\/image\/"},"sameAs":["https:\/\/www.facebook.com\/schalungshandel","https:\/\/x.com\/JH_ITC","https:\/\/www.linkedin.com\/in\/jhitc","https:\/\/youtu.be\/rMdZ-FLfI-Y"]}]}},"_links":{"self":[{"href":"https:\/\/www.jh-itc.de\/fr\/wp-json\/wp\/v2\/product\/27516","targetHints":{"allow":["GET"]}}],"collection":[{"href":"https:\/\/www.jh-itc.de\/fr\/wp-json\/wp\/v2\/product"}],"about":[{"href":"https:\/\/www.jh-itc.de\/fr\/wp-json\/wp\/v2\/types\/product"}],"wp:attachment":[{"href":"https:\/\/www.jh-itc.de\/fr\/wp-json\/wp\/v2\/media?parent=27516"}],"wp:term":[{"taxonomy":"product_brand","embeddable":true,"href":"https:\/\/www.jh-itc.de\/fr\/wp-json\/wp\/v2\/product_brand?post=27516"},{"taxonomy":"product_cat","embeddable":true,"href":"https:\/\/www.jh-itc.de\/fr\/wp-json\/wp\/v2\/product_cat?post=27516"},{"taxonomy":"product_tag","embeddable":true,"href":"https:\/\/www.jh-itc.de\/fr\/wp-json\/wp\/v2\/product_tag?post=27516"}],"curies":[{"name":"wp","href":"https:\/\/api.w.org\/{rel}","templated":true}]}}