{"id":27971,"date":"2015-09-23T17:36:16","date_gmt":"2021-08-30T17:03:16","guid":{"rendered":"https:\/\/www.jh-itc.de\/shop\/non class\u00e9\/tribune-layher\/"},"modified":"2021-08-30T19:03:16","modified_gmt":"2021-08-30T17:03:16","slug":"layher-tribuene-2","status":"publish","type":"product","link":"https:\/\/www.jh-itc.de\/fr\/shop\/echafaudage\/layher-fr\/layher-tribuene-2\/","title":{"rendered":"Tribune Layher"},"content":{"rendered":"<p>Nous proposons \u00e0 la vente au nom d&#8217;un <strong>mat\u00e9riel Layher Allround &amp; Event + Grandstand<\/strong>.<\/p>\n<p>Si vous \u00eates int\u00e9ress\u00e9, nous nous ferons un plaisir de vous envoyer une liste de mat\u00e9riel.<\/p>\n<p>&nbsp;<\/p>\n<p>&nbsp;<\/p>\n","protected":false},"excerpt":{"rendered":"<p>Nous proposons \u00e0 la vente au nom d&#8217;un mat\u00e9riel Layher Allround &amp; Event + Grandstand. Si vous \u00eates int\u00e9ress\u00e9, nous nous ferons un plaisir de vous envoyer une liste de mat\u00e9riel. &nbsp; &nbsp;<\/p>\n","protected":false},"featured_media":0,"template":"","meta":[],"product_brand":[],"product_cat":[376,394],"product_tag":[],"class_list":{"0":"post-27971","1":"product","2":"type-product","3":"status-publish","5":"product_cat-echafaudage","6":"product_cat-layher-fr","8":"first","9":"instock","10":"taxable","11":"shipping-taxable","12":"product-type-simple"},"yoast_head":"<!-- This site is optimized with the Yoast SEO plugin v27.3 - https:\/\/yoast.com\/product\/yoast-seo-wordpress\/ -->\n<title>Tribune Layher - JH - ITC GmbH<\/title>\n<meta name=\"description\" content=\"Layher Event , Layher Grandstand\" \/>\n<meta name=\"robots\" content=\"index, follow, max-snippet:-1, max-image-preview:large, max-video-preview:-1\" \/>\n<link rel=\"canonical\" href=\"https:\/\/www.jh-itc.de\/fr\/shop\/echafaudage\/layher-fr\/layher-tribuene-2\/\" \/>\n<meta property=\"og:locale\" content=\"fr_FR\" \/>\n<meta property=\"og:type\" content=\"article\" \/>\n<meta property=\"og:title\" content=\"Tribune Layher - JH - ITC GmbH\" \/>\n<meta property=\"og:description\" content=\"Layher Event , Layher Grandstand\" \/>\n<meta property=\"og:url\" content=\"https:\/\/www.jh-itc.de\/fr\/shop\/echafaudage\/layher-fr\/layher-tribuene-2\/\" \/>\n<meta property=\"og:site_name\" content=\"JH - ITC GmbH\" \/>\n<meta property=\"article:publisher\" content=\"https:\/\/www.facebook.com\/schalungshandel\" \/>\n<meta property=\"og:image\" content=\"https:\/\/www.jh-itc.de\/wp-content\/uploads\/2015\/09\/7975a6a193690cbed87069c9ece0aea3.jpg\" \/>\n\t<meta property=\"og:image:width\" content=\"853\" \/>\n\t<meta property=\"og:image:height\" content=\"480\" \/>\n\t<meta property=\"og:image:type\" content=\"image\/jpeg\" \/>\n<meta name=\"twitter:card\" content=\"summary_large_image\" \/>\n<meta name=\"twitter:site\" content=\"@JH_ITC\" \/>\n<!-- \/ Yoast SEO plugin. -->","yoast_head_json":{"title":"Tribune Layher - JH - ITC GmbH","description":"Layher Event , Layher Grandstand","robots":{"index":"index","follow":"follow","max-snippet":"max-snippet:-1","max-image-preview":"max-image-preview:large","max-video-preview":"max-video-preview:-1"},"canonical":"https:\/\/www.jh-itc.de\/fr\/shop\/echafaudage\/layher-fr\/layher-tribuene-2\/","og_locale":"fr_FR","og_type":"article","og_title":"Tribune Layher - JH - ITC GmbH","og_description":"Layher Event , Layher Grandstand","og_url":"https:\/\/www.jh-itc.de\/fr\/shop\/echafaudage\/layher-fr\/layher-tribuene-2\/","og_site_name":"JH - ITC GmbH","article_publisher":"https:\/\/www.facebook.com\/schalungshandel","og_image":[{"width":853,"height":480,"url":"https:\/\/www.jh-itc.de\/wp-content\/uploads\/2015\/09\/7975a6a193690cbed87069c9ece0aea3.jpg","type":"image\/jpeg"}],"twitter_card":"summary_large_image","twitter_site":"@JH_ITC","schema":{"@context":"https:\/\/schema.org","@graph":[{"@type":"WebPage","@id":"https:\/\/www.jh-itc.de\/fr\/shop\/echafaudage\/layher-fr\/layher-tribuene-2\/","url":"https:\/\/www.jh-itc.de\/fr\/shop\/echafaudage\/layher-fr\/layher-tribuene-2\/","name":"Tribune Layher - JH - ITC GmbH","isPartOf":{"@id":"https:\/\/www.jh-itc.de\/fr\/#website"},"datePublished":"2021-08-30T17:03:16+00:00","description":"Layher Event , Layher Grandstand","breadcrumb":{"@id":"https:\/\/www.jh-itc.de\/fr\/shop\/echafaudage\/layher-fr\/layher-tribuene-2\/#breadcrumb"},"inLanguage":"fr-FR","potentialAction":[{"@type":"ReadAction","target":["https:\/\/www.jh-itc.de\/fr\/shop\/echafaudage\/layher-fr\/layher-tribuene-2\/"]}]},{"@type":"BreadcrumbList","@id":"https:\/\/www.jh-itc.de\/fr\/shop\/echafaudage\/layher-fr\/layher-tribuene-2\/#breadcrumb","itemListElement":[{"@type":"ListItem","position":1,"name":"Home","item":"https:\/\/www.jh-itc.de\/fr\/"},{"@type":"ListItem","position":2,"name":"Boutique","item":"https:\/\/www.jh-itc.de\/fr\/boutique\/"},{"@type":"ListItem","position":3,"name":"Tribune Layher"}]},{"@type":"WebSite","@id":"https:\/\/www.jh-itc.de\/fr\/#website","url":"https:\/\/www.jh-itc.de\/fr\/","name":"JH - ITC GmbH","description":"Ihr Experte f\u00fcr gebrauchte St\u00fctzen, Schalungen und Ger\u00fcste","publisher":{"@id":"https:\/\/www.jh-itc.de\/fr\/#organization"},"potentialAction":[{"@type":"SearchAction","target":{"@type":"EntryPoint","urlTemplate":"https:\/\/www.jh-itc.de\/fr\/?s={search_term_string}"},"query-input":{"@type":"PropertyValueSpecification","valueRequired":true,"valueName":"search_term_string"}}],"inLanguage":"fr-FR"},{"@type":"Organization","@id":"https:\/\/www.jh-itc.de\/fr\/#organization","name":"JH-ITC GmbH","url":"https:\/\/www.jh-itc.de\/fr\/","logo":{"@type":"ImageObject","inLanguage":"fr-FR","@id":"https:\/\/www.jh-itc.de\/fr\/#\/schema\/logo\/image\/","url":"https:\/\/www.jh-itc.de\/wp-content\/uploads\/2016\/01\/JH-ITC2-1.png","contentUrl":"https:\/\/www.jh-itc.de\/wp-content\/uploads\/2016\/01\/JH-ITC2-1.png","width":300,"height":102,"caption":"JH-ITC GmbH"},"image":{"@id":"https:\/\/www.jh-itc.de\/fr\/#\/schema\/logo\/image\/"},"sameAs":["https:\/\/www.facebook.com\/schalungshandel","https:\/\/x.com\/JH_ITC","https:\/\/www.linkedin.com\/in\/jhitc","https:\/\/youtu.be\/rMdZ-FLfI-Y"]}]}},"_links":{"self":[{"href":"https:\/\/www.jh-itc.de\/fr\/wp-json\/wp\/v2\/product\/27971","targetHints":{"allow":["GET"]}}],"collection":[{"href":"https:\/\/www.jh-itc.de\/fr\/wp-json\/wp\/v2\/product"}],"about":[{"href":"https:\/\/www.jh-itc.de\/fr\/wp-json\/wp\/v2\/types\/product"}],"wp:attachment":[{"href":"https:\/\/www.jh-itc.de\/fr\/wp-json\/wp\/v2\/media?parent=27971"}],"wp:term":[{"taxonomy":"product_brand","embeddable":true,"href":"https:\/\/www.jh-itc.de\/fr\/wp-json\/wp\/v2\/product_brand?post=27971"},{"taxonomy":"product_cat","embeddable":true,"href":"https:\/\/www.jh-itc.de\/fr\/wp-json\/wp\/v2\/product_cat?post=27971"},{"taxonomy":"product_tag","embeddable":true,"href":"https:\/\/www.jh-itc.de\/fr\/wp-json\/wp\/v2\/product_tag?post=27971"}],"curies":[{"name":"wp","href":"https:\/\/api.w.org\/{rel}","templated":true}]}}