{"id":28263,"date":"2015-06-09T13:06:12","date_gmt":"2021-08-30T17:03:33","guid":{"rendered":"https:\/\/www.jh-itc.de\/shop\/non class\u00e9\/peri-multiprop-480\/"},"modified":"2021-08-30T19:03:33","modified_gmt":"2021-08-30T17:03:33","slug":"peri-multiprop-pour-la-vente","status":"publish","type":"product","link":"https:\/\/www.jh-itc.de\/fr\/shop\/peri-fr\/peri-multiprop-pour-la-vente\/","title":{"rendered":"Peri Multiprop 480"},"content":{"rendered":"","protected":false},"excerpt":{"rendered":"<p>Nous proposons des <strong>Peri Multiprop 480 <\/strong> d&#8217;occasion.<\/p>\n<p>Envoyez-nous votre demande.<\/p>\n<p>&nbsp;<\/p>\n","protected":false},"featured_media":28300,"template":"","meta":[],"product_brand":[],"product_cat":[378,397,385],"product_tag":[],"class_list":{"0":"post-28263","1":"product","2":"type-product","3":"status-publish","4":"has-post-thumbnail","6":"product_cat-peri-fr","7":"product_cat-peri-multiprops-fr","8":"product_cat-supports","10":"first","11":"instock","12":"taxable","13":"shipping-taxable","14":"product-type-simple"},"yoast_head":"<!-- This site is optimized with the Yoast SEO plugin v27.3 - https:\/\/yoast.com\/product\/yoast-seo-wordpress\/ -->\n<title>Peri Multiprop 480 - JH - ITC GmbH<\/title>\n<meta name=\"description\" content=\"Peri Multiprop, Peri MP 250, Peri MP 350, Peri MP 480, Peri MP 625\" \/>\n<meta name=\"robots\" content=\"index, follow, max-snippet:-1, max-image-preview:large, max-video-preview:-1\" \/>\n<link rel=\"canonical\" href=\"https:\/\/www.jh-itc.de\/fr\/shop\/peri-fr\/peri-multiprop-pour-la-vente\/\" \/>\n<meta property=\"og:locale\" content=\"fr_FR\" \/>\n<meta property=\"og:type\" content=\"article\" \/>\n<meta property=\"og:title\" content=\"Peri Multiprop 480 - JH - ITC GmbH\" \/>\n<meta property=\"og:description\" content=\"Peri Multiprop, Peri MP 250, Peri MP 350, Peri MP 480, Peri MP 625\" \/>\n<meta property=\"og:url\" content=\"https:\/\/www.jh-itc.de\/fr\/shop\/peri-fr\/peri-multiprop-pour-la-vente\/\" \/>\n<meta property=\"og:site_name\" content=\"JH - ITC GmbH\" \/>\n<meta property=\"article:publisher\" content=\"https:\/\/www.facebook.com\/schalungshandel\" \/>\n<meta property=\"og:image\" content=\"https:\/\/www.jh-itc.de\/wp-content\/uploads\/2015\/06\/jh-itc_Peri-MP-1.jpg\" \/>\n\t<meta property=\"og:image:width\" content=\"480\" \/>\n\t<meta property=\"og:image:height\" content=\"480\" \/>\n\t<meta property=\"og:image:type\" content=\"image\/jpeg\" \/>\n<meta name=\"twitter:card\" content=\"summary_large_image\" \/>\n<meta name=\"twitter:site\" content=\"@JH_ITC\" \/>\n<!-- \/ Yoast SEO plugin. -->","yoast_head_json":{"title":"Peri Multiprop 480 - JH - ITC GmbH","description":"Peri Multiprop, Peri MP 250, Peri MP 350, Peri MP 480, Peri MP 625","robots":{"index":"index","follow":"follow","max-snippet":"max-snippet:-1","max-image-preview":"max-image-preview:large","max-video-preview":"max-video-preview:-1"},"canonical":"https:\/\/www.jh-itc.de\/fr\/shop\/peri-fr\/peri-multiprop-pour-la-vente\/","og_locale":"fr_FR","og_type":"article","og_title":"Peri Multiprop 480 - JH - ITC GmbH","og_description":"Peri Multiprop, Peri MP 250, Peri MP 350, Peri MP 480, Peri MP 625","og_url":"https:\/\/www.jh-itc.de\/fr\/shop\/peri-fr\/peri-multiprop-pour-la-vente\/","og_site_name":"JH - ITC GmbH","article_publisher":"https:\/\/www.facebook.com\/schalungshandel","og_image":[{"width":480,"height":480,"url":"https:\/\/www.jh-itc.de\/wp-content\/uploads\/2015\/06\/jh-itc_Peri-MP-1.jpg","type":"image\/jpeg"}],"twitter_card":"summary_large_image","twitter_site":"@JH_ITC","schema":{"@context":"https:\/\/schema.org","@graph":[{"@type":"WebPage","@id":"https:\/\/www.jh-itc.de\/fr\/shop\/peri-fr\/peri-multiprop-pour-la-vente\/","url":"https:\/\/www.jh-itc.de\/fr\/shop\/peri-fr\/peri-multiprop-pour-la-vente\/","name":"Peri Multiprop 480 - JH - ITC GmbH","isPartOf":{"@id":"https:\/\/www.jh-itc.de\/fr\/#website"},"primaryImageOfPage":{"@id":"https:\/\/www.jh-itc.de\/fr\/shop\/peri-fr\/peri-multiprop-pour-la-vente\/#primaryimage"},"image":{"@id":"https:\/\/www.jh-itc.de\/fr\/shop\/peri-fr\/peri-multiprop-pour-la-vente\/#primaryimage"},"thumbnailUrl":"https:\/\/www.jh-itc.de\/wp-content\/uploads\/2015\/06\/jh-itc_Peri-MP-1.jpg","datePublished":"2021-08-30T17:03:33+00:00","description":"Peri Multiprop, Peri MP 250, Peri MP 350, Peri MP 480, Peri MP 625","breadcrumb":{"@id":"https:\/\/www.jh-itc.de\/fr\/shop\/peri-fr\/peri-multiprop-pour-la-vente\/#breadcrumb"},"inLanguage":"fr-FR","potentialAction":[{"@type":"ReadAction","target":["https:\/\/www.jh-itc.de\/fr\/shop\/peri-fr\/peri-multiprop-pour-la-vente\/"]}]},{"@type":"ImageObject","inLanguage":"fr-FR","@id":"https:\/\/www.jh-itc.de\/fr\/shop\/peri-fr\/peri-multiprop-pour-la-vente\/#primaryimage","url":"https:\/\/www.jh-itc.de\/wp-content\/uploads\/2015\/06\/jh-itc_Peri-MP-1.jpg","contentUrl":"https:\/\/www.jh-itc.de\/wp-content\/uploads\/2015\/06\/jh-itc_Peri-MP-1.jpg","width":480,"height":480},{"@type":"BreadcrumbList","@id":"https:\/\/www.jh-itc.de\/fr\/shop\/peri-fr\/peri-multiprop-pour-la-vente\/#breadcrumb","itemListElement":[{"@type":"ListItem","position":1,"name":"Home","item":"https:\/\/www.jh-itc.de\/fr\/"},{"@type":"ListItem","position":2,"name":"Boutique","item":"https:\/\/www.jh-itc.de\/fr\/boutique\/"},{"@type":"ListItem","position":3,"name":"Peri Multiprop 480"}]},{"@type":"WebSite","@id":"https:\/\/www.jh-itc.de\/fr\/#website","url":"https:\/\/www.jh-itc.de\/fr\/","name":"JH - ITC GmbH","description":"Ihr Experte f\u00fcr gebrauchte St\u00fctzen, Schalungen und Ger\u00fcste","publisher":{"@id":"https:\/\/www.jh-itc.de\/fr\/#organization"},"potentialAction":[{"@type":"SearchAction","target":{"@type":"EntryPoint","urlTemplate":"https:\/\/www.jh-itc.de\/fr\/?s={search_term_string}"},"query-input":{"@type":"PropertyValueSpecification","valueRequired":true,"valueName":"search_term_string"}}],"inLanguage":"fr-FR"},{"@type":"Organization","@id":"https:\/\/www.jh-itc.de\/fr\/#organization","name":"JH-ITC GmbH","url":"https:\/\/www.jh-itc.de\/fr\/","logo":{"@type":"ImageObject","inLanguage":"fr-FR","@id":"https:\/\/www.jh-itc.de\/fr\/#\/schema\/logo\/image\/","url":"https:\/\/www.jh-itc.de\/wp-content\/uploads\/2016\/01\/JH-ITC2-1.png","contentUrl":"https:\/\/www.jh-itc.de\/wp-content\/uploads\/2016\/01\/JH-ITC2-1.png","width":300,"height":102,"caption":"JH-ITC GmbH"},"image":{"@id":"https:\/\/www.jh-itc.de\/fr\/#\/schema\/logo\/image\/"},"sameAs":["https:\/\/www.facebook.com\/schalungshandel","https:\/\/x.com\/JH_ITC","https:\/\/www.linkedin.com\/in\/jhitc","https:\/\/youtu.be\/rMdZ-FLfI-Y"]}]}},"_links":{"self":[{"href":"https:\/\/www.jh-itc.de\/fr\/wp-json\/wp\/v2\/product\/28263","targetHints":{"allow":["GET"]}}],"collection":[{"href":"https:\/\/www.jh-itc.de\/fr\/wp-json\/wp\/v2\/product"}],"about":[{"href":"https:\/\/www.jh-itc.de\/fr\/wp-json\/wp\/v2\/types\/product"}],"wp:featuredmedia":[{"embeddable":true,"href":"https:\/\/www.jh-itc.de\/fr\/wp-json\/wp\/v2\/media\/28300"}],"wp:attachment":[{"href":"https:\/\/www.jh-itc.de\/fr\/wp-json\/wp\/v2\/media?parent=28263"}],"wp:term":[{"taxonomy":"product_brand","embeddable":true,"href":"https:\/\/www.jh-itc.de\/fr\/wp-json\/wp\/v2\/product_brand?post=28263"},{"taxonomy":"product_cat","embeddable":true,"href":"https:\/\/www.jh-itc.de\/fr\/wp-json\/wp\/v2\/product_cat?post=28263"},{"taxonomy":"product_tag","embeddable":true,"href":"https:\/\/www.jh-itc.de\/fr\/wp-json\/wp\/v2\/product_tag?post=28263"}],"curies":[{"name":"wp","href":"https:\/\/api.w.org\/{rel}","templated":true}]}}