{"id":29116,"date":"2015-08-26T10:23:27","date_gmt":"2021-08-30T17:04:11","guid":{"rendered":"https:\/\/www.jh-itc.de\/shop\/non class\u00e9\/coffrage-de-dalles-alpi\/"},"modified":"2021-08-30T19:04:11","modified_gmt":"2021-08-30T17:04:11","slug":"coffrage-de-plafond-alpi","status":"publish","type":"product","link":"https:\/\/www.jh-itc.de\/fr\/shop\/volets\/coffrage-de-plafond-alpi\/","title":{"rendered":"Coffrage de dalles Alpi"},"content":{"rendered":"<p>Nous vous proposons un coffrage de dalles Alpi d&#8217;occasion, incl. Soutiens.<\/p>\n<p><strong><span style=\"text-decoration: underline;\">Liste des mat\u00e9riaux :<\/span><\/strong><\/p>\n<p>315 x supports jusqu&#8217;\u00e0 3,50m<br \/>\n504 x porteur galv. 2m<br \/>\n84 x porteur galv. 1,40m<br \/>\n15 x porteur galv. Longueur 1m<br \/>\n16 x porteur galv. 0,9m<br \/>\n78 x jambes de force rouges longueur 1,40m<br \/>\n78 x jambes de force rouges longueur 2m<br \/>\n92 x rails galv. Pour les supports<br \/>\n1 x Bo\u00eete d&#8217;accessoires<\/p>\n<p>&nbsp;<\/p>\n","protected":false},"excerpt":{"rendered":"<p>Nous vous proposons un coffrage de dalles Alpi d&#8217;occasion, incl. Soutiens. Liste des mat\u00e9riaux : 315 x supports jusqu&#8217;\u00e0 3,50m 504 x porteur galv. 2m 84 x porteur galv. 1,40m 15 x porteur galv. Longueur 1m 16 x porteur galv. 0,9m 78 x jambes de force rouges longueur 1,40m 78 x jambes de force rouges [&hellip;]<\/p>\n","protected":false},"featured_media":29142,"template":"","meta":[],"product_brand":[],"product_cat":[377],"product_tag":[],"class_list":{"0":"post-29116","1":"product","2":"type-product","3":"status-publish","4":"has-post-thumbnail","6":"product_cat-volets","8":"first","9":"instock","10":"taxable","11":"shipping-taxable","12":"product-type-simple"},"yoast_head":"<!-- This site is optimized with the Yoast SEO plugin v27.3 - https:\/\/yoast.com\/product\/yoast-seo-wordpress\/ -->\n<title>Coffrage de dalles Alpi - JH - ITC GmbH<\/title>\n<meta name=\"description\" content=\"Coffrage Alpi\" \/>\n<meta name=\"robots\" content=\"index, follow, max-snippet:-1, max-image-preview:large, max-video-preview:-1\" \/>\n<link rel=\"canonical\" href=\"https:\/\/www.jh-itc.de\/fr\/shop\/volets\/coffrage-de-plafond-alpi\/\" \/>\n<meta property=\"og:locale\" content=\"fr_FR\" \/>\n<meta property=\"og:type\" content=\"article\" \/>\n<meta property=\"og:title\" content=\"Coffrage de dalles Alpi - JH - ITC GmbH\" \/>\n<meta property=\"og:description\" content=\"Coffrage Alpi\" \/>\n<meta property=\"og:url\" content=\"https:\/\/www.jh-itc.de\/fr\/shop\/volets\/coffrage-de-plafond-alpi\/\" \/>\n<meta property=\"og:site_name\" content=\"JH - ITC GmbH\" \/>\n<meta property=\"article:publisher\" content=\"https:\/\/www.facebook.com\/schalungshandel\" \/>\n<meta property=\"og:image\" content=\"https:\/\/www.jh-itc.de\/wp-content\/uploads\/2015\/08\/Alpi-Deckenschalung-3.jpg\" \/>\n\t<meta property=\"og:image:width\" content=\"800\" \/>\n\t<meta property=\"og:image:height\" content=\"480\" \/>\n\t<meta property=\"og:image:type\" content=\"image\/jpeg\" \/>\n<meta name=\"twitter:card\" content=\"summary_large_image\" \/>\n<meta name=\"twitter:site\" content=\"@JH_ITC\" \/>\n<!-- \/ Yoast SEO plugin. -->","yoast_head_json":{"title":"Coffrage de dalles Alpi - JH - ITC GmbH","description":"Coffrage Alpi","robots":{"index":"index","follow":"follow","max-snippet":"max-snippet:-1","max-image-preview":"max-image-preview:large","max-video-preview":"max-video-preview:-1"},"canonical":"https:\/\/www.jh-itc.de\/fr\/shop\/volets\/coffrage-de-plafond-alpi\/","og_locale":"fr_FR","og_type":"article","og_title":"Coffrage de dalles Alpi - JH - ITC GmbH","og_description":"Coffrage Alpi","og_url":"https:\/\/www.jh-itc.de\/fr\/shop\/volets\/coffrage-de-plafond-alpi\/","og_site_name":"JH - ITC GmbH","article_publisher":"https:\/\/www.facebook.com\/schalungshandel","og_image":[{"width":800,"height":480,"url":"https:\/\/www.jh-itc.de\/wp-content\/uploads\/2015\/08\/Alpi-Deckenschalung-3.jpg","type":"image\/jpeg"}],"twitter_card":"summary_large_image","twitter_site":"@JH_ITC","schema":{"@context":"https:\/\/schema.org","@graph":[{"@type":"WebPage","@id":"https:\/\/www.jh-itc.de\/fr\/shop\/volets\/coffrage-de-plafond-alpi\/","url":"https:\/\/www.jh-itc.de\/fr\/shop\/volets\/coffrage-de-plafond-alpi\/","name":"Coffrage de dalles Alpi - JH - ITC GmbH","isPartOf":{"@id":"https:\/\/www.jh-itc.de\/fr\/#website"},"primaryImageOfPage":{"@id":"https:\/\/www.jh-itc.de\/fr\/shop\/volets\/coffrage-de-plafond-alpi\/#primaryimage"},"image":{"@id":"https:\/\/www.jh-itc.de\/fr\/shop\/volets\/coffrage-de-plafond-alpi\/#primaryimage"},"thumbnailUrl":"https:\/\/www.jh-itc.de\/wp-content\/uploads\/2015\/08\/Alpi-Deckenschalung-3.jpg","datePublished":"2021-08-30T17:04:11+00:00","description":"Coffrage Alpi","breadcrumb":{"@id":"https:\/\/www.jh-itc.de\/fr\/shop\/volets\/coffrage-de-plafond-alpi\/#breadcrumb"},"inLanguage":"fr-FR","potentialAction":[{"@type":"ReadAction","target":["https:\/\/www.jh-itc.de\/fr\/shop\/volets\/coffrage-de-plafond-alpi\/"]}]},{"@type":"ImageObject","inLanguage":"fr-FR","@id":"https:\/\/www.jh-itc.de\/fr\/shop\/volets\/coffrage-de-plafond-alpi\/#primaryimage","url":"https:\/\/www.jh-itc.de\/wp-content\/uploads\/2015\/08\/Alpi-Deckenschalung-3.jpg","contentUrl":"https:\/\/www.jh-itc.de\/wp-content\/uploads\/2015\/08\/Alpi-Deckenschalung-3.jpg","width":800,"height":480},{"@type":"BreadcrumbList","@id":"https:\/\/www.jh-itc.de\/fr\/shop\/volets\/coffrage-de-plafond-alpi\/#breadcrumb","itemListElement":[{"@type":"ListItem","position":1,"name":"Home","item":"https:\/\/www.jh-itc.de\/fr\/"},{"@type":"ListItem","position":2,"name":"Boutique","item":"https:\/\/www.jh-itc.de\/fr\/boutique\/"},{"@type":"ListItem","position":3,"name":"Coffrage de dalles Alpi"}]},{"@type":"WebSite","@id":"https:\/\/www.jh-itc.de\/fr\/#website","url":"https:\/\/www.jh-itc.de\/fr\/","name":"JH - ITC GmbH","description":"Ihr Experte f\u00fcr gebrauchte St\u00fctzen, Schalungen und Ger\u00fcste","publisher":{"@id":"https:\/\/www.jh-itc.de\/fr\/#organization"},"potentialAction":[{"@type":"SearchAction","target":{"@type":"EntryPoint","urlTemplate":"https:\/\/www.jh-itc.de\/fr\/?s={search_term_string}"},"query-input":{"@type":"PropertyValueSpecification","valueRequired":true,"valueName":"search_term_string"}}],"inLanguage":"fr-FR"},{"@type":"Organization","@id":"https:\/\/www.jh-itc.de\/fr\/#organization","name":"JH-ITC GmbH","url":"https:\/\/www.jh-itc.de\/fr\/","logo":{"@type":"ImageObject","inLanguage":"fr-FR","@id":"https:\/\/www.jh-itc.de\/fr\/#\/schema\/logo\/image\/","url":"https:\/\/www.jh-itc.de\/wp-content\/uploads\/2016\/01\/JH-ITC2-1.png","contentUrl":"https:\/\/www.jh-itc.de\/wp-content\/uploads\/2016\/01\/JH-ITC2-1.png","width":300,"height":102,"caption":"JH-ITC GmbH"},"image":{"@id":"https:\/\/www.jh-itc.de\/fr\/#\/schema\/logo\/image\/"},"sameAs":["https:\/\/www.facebook.com\/schalungshandel","https:\/\/x.com\/JH_ITC","https:\/\/www.linkedin.com\/in\/jhitc","https:\/\/youtu.be\/rMdZ-FLfI-Y"]}]}},"_links":{"self":[{"href":"https:\/\/www.jh-itc.de\/fr\/wp-json\/wp\/v2\/product\/29116","targetHints":{"allow":["GET"]}}],"collection":[{"href":"https:\/\/www.jh-itc.de\/fr\/wp-json\/wp\/v2\/product"}],"about":[{"href":"https:\/\/www.jh-itc.de\/fr\/wp-json\/wp\/v2\/types\/product"}],"wp:featuredmedia":[{"embeddable":true,"href":"https:\/\/www.jh-itc.de\/fr\/wp-json\/wp\/v2\/media\/29142"}],"wp:attachment":[{"href":"https:\/\/www.jh-itc.de\/fr\/wp-json\/wp\/v2\/media?parent=29116"}],"wp:term":[{"taxonomy":"product_brand","embeddable":true,"href":"https:\/\/www.jh-itc.de\/fr\/wp-json\/wp\/v2\/product_brand?post=29116"},{"taxonomy":"product_cat","embeddable":true,"href":"https:\/\/www.jh-itc.de\/fr\/wp-json\/wp\/v2\/product_cat?post=29116"},{"taxonomy":"product_tag","embeddable":true,"href":"https:\/\/www.jh-itc.de\/fr\/wp-json\/wp\/v2\/product_tag?post=29116"}],"curies":[{"name":"wp","href":"https:\/\/api.w.org\/{rel}","templated":true}]}}