{"id":29199,"date":"2015-06-08T00:06:08","date_gmt":"2021-08-30T17:04:18","guid":{"rendered":"https:\/\/www.jh-itc.de\/shop\/non class\u00e9\/coffrage-peri-trio-trio-alu\/"},"modified":"2021-08-30T19:04:18","modified_gmt":"2021-08-30T17:04:18","slug":"peri-trio-trio-alu-formwork","status":"publish","type":"product","link":"https:\/\/www.jh-itc.de\/fr\/shop\/peri-fr\/trio-peri\/peri-trio-trio-alu-formwork\/","title":{"rendered":"Coffrage Peri Trio + Trio Alu"},"content":{"rendered":"<hr>\n<p>Nous offrons un lot de <strong>800 m\u00b2<\/strong> &#8211; <strong>Peri Trio 330 + Trio 270 ainsi que des<\/strong> \u00e9l\u00e9ments <strong>Peri Trio Alu<\/strong>.<\/p>\n<hr>\n<p><em>Certains \u00e9l\u00e9ments ont \u00e9t\u00e9 remis \u00e0 neuf et recouverts d&#8217;une nouvelle peau de coffrage.<\/em><\/p>\n<p>Si vous \u00eates int\u00e9ress\u00e9, veuillez nous envoyer votre demande.<\/p>\n<p>&nbsp;<\/p>\n<hr>\n<p>&nbsp;<\/p>\n<table style=\"height: 1656px\" width=\"605\">\n<tbody>\n<tr>\n<td width=\"80\"><strong>Mod\u00e8le<\/strong><\/td>\n<td width=\"80\"><strong>N\u00b0 d&#8217;art.<\/strong><\/td>\n<td width=\"221\"><strong>Description de l&#8217;article<\/strong><\/td>\n<td width=\"80\"><strong>Quantit\u00e9<\/strong><\/td>\n<\/tr>\n<tr>\n<td>TRIO<\/td>\n<td>54304<\/td>\n<td>\u00c9l\u00e9ment TR\/4 330 x 240<\/td>\n<td>30<\/td>\n<\/tr>\n<tr>\n<td>TRIO<\/td>\n<td>54314<\/td>\n<td>\u00c9l\u00e9ment TR\/4 330 x 120<\/td>\n<td>15<\/td>\n<\/tr>\n<tr>\n<td>TRIO<\/td>\n<td>54324<\/td>\n<td>\u00c9l\u00e9ment TR\/4 330 x 90<\/td>\n<td>12<\/td>\n<\/tr>\n<tr>\n<td>TRIO<\/td>\n<td>54334<\/td>\n<td>\u00c9l\u00e9ment TR\/4 330 x 72<\/td>\n<td>16<\/td>\n<\/tr>\n<tr>\n<td>TRIO<\/td>\n<td>54354<\/td>\n<td>\u00c9l\u00e9ment TR\/4 330 x 60<\/td>\n<td>19<\/td>\n<\/tr>\n<tr>\n<td>TRIO<\/td>\n<td>54364<\/td>\n<td>\u00c9l\u00e9ment TR\/4 330 x 30<\/td>\n<td>10<\/td>\n<\/tr>\n<tr>\n<td>TRIO<\/td>\n<td>54374<\/td>\n<td>Corner TE\/4 330<\/td>\n<td>9<\/td>\n<\/tr>\n<tr>\n<td>TRIO<\/td>\n<td>54414<\/td>\n<td>Angle \u00e0 charni\u00e8re TGE\/4 330<\/td>\n<td>4<\/td>\n<\/tr>\n<tr>\n<td>TRIO<\/td>\n<td>54391<\/td>\n<td>Compensation d&#8217;\u00e9paisseur de paroi WDA\/4 330 x 5<\/td>\n<td>6<\/td>\n<\/tr>\n<tr>\n<td>TRIO<\/td>\n<td>54401<\/td>\n<td>Compensation d&#8217;\u00e9paisseur de paroi WDA\/4 330 x 6<\/td>\n<td>15<\/td>\n<\/tr>\n<tr>\n<td>TRIO<\/td>\n<td>105525<\/td>\n<td>\u00c9l\u00e9ment d&#8217;arbre TSE 330<\/td>\n<td>4<\/td>\n<\/tr>\n<tr>\n<td>TRIO<\/td>\n<td>54384<\/td>\n<td>Compensation de longueur LA\/4 330 x 36<\/td>\n<td>6<\/td>\n<\/tr>\n<tr>\n<td>TRIO<\/td>\n<td>22510<\/td>\n<td>\u00c9l\u00e9ment TR 270 x 120<\/td>\n<td>18<\/td>\n<\/tr>\n<tr>\n<td>TRIO<\/td>\n<td>22520<\/td>\n<td>\u00c9l\u00e9ment TR 270 x 90<\/td>\n<td>18<\/td>\n<\/tr>\n<tr>\n<td>TRIO<\/td>\n<td>22550<\/td>\n<td>\u00c9l\u00e9ment TR 270 x 60<\/td>\n<td>25<\/td>\n<\/tr>\n<tr>\n<td>TRIO<\/td>\n<td>22560<\/td>\n<td>\u00c9l\u00e9ment TR 270 x 30<\/td>\n<td>18<\/td>\n<\/tr>\n<tr>\n<td>TRIO<\/td>\n<td>22540<\/td>\n<td>\u00c9l\u00e9ments polyvalents TRM 270 x 72<\/td>\n<td>38<\/td>\n<\/tr>\n<tr>\n<td>TRIO<\/td>\n<td>22580<\/td>\n<td>TE d&#8217;angle 270-2<\/td>\n<td>10<\/td>\n<\/tr>\n<tr>\n<td>TRIO<\/td>\n<td>23200<\/td>\n<td>Angle \u00e0 charni\u00e8re TGE 270<\/td>\n<td>6<\/td>\n<\/tr>\n<tr>\n<td>TRIO<\/td>\n<td>23040<\/td>\n<td>El\u00e9ment d&#8217;obturation TR 270 x 24<\/td>\n<td>4<\/td>\n<\/tr>\n<tr>\n<td>TRIO<\/td>\n<td>23182<\/td>\n<td>Compensation d&#8217;\u00e9paisseur de paroi WDA-2 270 x 5<\/td>\n<td>10<\/td>\n<\/tr>\n<tr>\n<td>TRIO<\/td>\n<td>23192<\/td>\n<td>Compensation d&#8217;\u00e9paisseur de paroi WDA-2 270 x 6<\/td>\n<td>10<\/td>\n<\/tr>\n<tr>\n<td>TRIO<\/td>\n<td>23170<\/td>\n<td>Compensation de longueur LA 270 x 36<\/td>\n<td>14<\/td>\n<\/tr>\n<tr>\n<td>TRIO<\/td>\n<td>22600<\/td>\n<td>\u00c9l\u00e9ment TR 120 x 120<\/td>\n<td>10<\/td>\n<\/tr>\n<tr>\n<td>TRIO<\/td>\n<td>22610<\/td>\n<td>\u00c9l\u00e9ment TR 120 x 90<\/td>\n<td>29<\/td>\n<\/tr>\n<tr>\n<td>TRIO<\/td>\n<td>22640<\/td>\n<td>\u00c9l\u00e9ment TR 120 x 60<\/td>\n<td>6<\/td>\n<\/tr>\n<tr>\n<td>TRIO<\/td>\n<td>22650<\/td>\n<td>\u00c9l\u00e9ment TR 120 x 30<\/td>\n<td>12<\/td>\n<\/tr>\n<tr>\n<td>TRIO<\/td>\n<td>22630<\/td>\n<td>\u00c9l\u00e9ments polyvalents TRM 120 x 72<\/td>\n<td>6<\/td>\n<\/tr>\n<tr>\n<td>TRIO<\/td>\n<td>22660<\/td>\n<td>Coin TE 120-2<\/td>\n<td>11<\/td>\n<\/tr>\n<tr>\n<td>TRIO<\/td>\n<td>23300<\/td>\n<td>Angle \u00e0 charni\u00e8re TGE 120<\/td>\n<td>2<\/td>\n<\/tr>\n<tr>\n<td>TRIO<\/td>\n<td>23282<\/td>\n<td>Compensation d&#8217;\u00e9paisseur de paroi WDA-2 120 x 5<\/td>\n<td>8<\/td>\n<\/tr>\n<tr>\n<td>TRIO<\/td>\n<td>23270<\/td>\n<td>Compensation de longueur LA 120 x 36<\/td>\n<td>12<\/td>\n<\/tr>\n<tr>\n<td>TRIO<\/td>\n<td>22820<\/td>\n<td>\u00c9l\u00e9ment TR 60 x 30<\/td>\n<td>2<\/td>\n<\/tr>\n<tr>\n<td>TRIO<\/td>\n<td>23950<\/td>\n<td>\u00c9l\u00e9ment TRA 90 x 60<\/td>\n<td>15<\/td>\n<\/tr>\n<tr>\n<td>TRIO<\/td>\n<td>23960<\/td>\n<td>\u00c9l\u00e9ment TRA 90 x 30<\/td>\n<td>11<\/td>\n<\/tr>\n<tr>\n<td>TRIO<\/td>\n<td>23980<\/td>\n<td>\u00c9l\u00e9ment polyvalent TAM 90 x 72<\/td>\n<td>21<\/td>\n<\/tr>\n<tr>\n<td>TRIO<\/td>\n<td>23971<\/td>\n<td>Coin TAE 90-2<\/td>\n<td>4<\/td>\n<\/tr>\n<tr>\n<td>TRIO<\/td>\n<td>23670<\/td>\n<td>Support d&#8217;\u00e9chafaudage TRG 80<\/td>\n<td>30<\/td>\n<\/tr>\n<tr>\n<td>TRIO<\/td>\n<td>22950<\/td>\n<td>Plate-forme de b\u00e9tonnage 120 x 270<\/td>\n<td>10<\/td>\n<\/tr>\n<tr>\n<td>TRIO<\/td>\n<td>117467<\/td>\n<td>H\u00e9lice \u00e0 tirette RS 300, galvanis\u00e9e<\/td>\n<td>10<\/td>\n<\/tr>\n<tr>\n<td>TRIO<\/td>\n<td>23500<\/td>\n<td>Verrouillage de l&#8217;alignement BFD, galvanis\u00e9<\/td>\n<td>220<\/td>\n<\/tr>\n<tr>\n<td>Combin\u00e9<\/td>\n<td><\/td>\n<td>Combin\u00e9 90\/120<\/td>\n<td>30<\/td>\n<\/tr>\n<tr>\n<td>Combin\u00e9<\/td>\n<td><\/td>\n<td>Combin\u00e9 60\/120<\/td>\n<td>40<\/td>\n<\/tr>\n<tr>\n<td>Combin\u00e9<\/td>\n<td><\/td>\n<td>Combin\u00e9 45\/120<\/td>\n<td>20<\/td>\n<\/tr>\n<tr>\n<td>Combin\u00e9<\/td>\n<td><\/td>\n<td>Combin\u00e9 30\/120<\/td>\n<td>10<\/td>\n<\/tr>\n<tr>\n<td>Combin\u00e9<\/td>\n<td><\/td>\n<td>Combin\u00e9 15\/120<\/td>\n<td>8<\/td>\n<\/tr>\n<tr>\n<td>Combin\u00e9<\/td>\n<td><\/td>\n<td>Combin\u00e9 5\/120<\/td>\n<td>10<\/td>\n<\/tr>\n<\/tbody>\n<\/table>\n","protected":false},"excerpt":{"rendered":"<p>Nous offrons un lot de <strong>800 m\u00b2<\/strong> &#8211; <strong>Peri Trio 330 + Trio 270 ainsi que des<\/strong> \u00e9l\u00e9ments <strong>Peri Trio Alu<\/strong>.<\/p>\n<hr>\n<p>Le coffrage a \u00e9t\u00e9 partiellement r\u00e9nov\u00e9 avec un nouveau coffrage original Peri et le reste est en bon \u00e9tat et pr\u00eat \u00e0 \u00eatre utilis\u00e9 imm\u00e9diatement.<\/p>\n<p>Si vous \u00eates int\u00e9ress\u00e9, veuillez nous envoyer votre demande.<\/p>\n","protected":false},"featured_media":29252,"template":"","meta":[],"product_brand":[],"product_cat":[378,398,377],"product_tag":[],"class_list":{"0":"post-29199","1":"product","2":"type-product","3":"status-publish","4":"has-post-thumbnail","6":"product_cat-peri-fr","7":"product_cat-trio-peri","8":"product_cat-volets","10":"first","11":"instock","12":"taxable","13":"shipping-taxable","14":"product-type-simple"},"yoast_head":"<!-- This site is optimized with the Yoast SEO plugin v27.3 - https:\/\/yoast.com\/product\/yoast-seo-wordpress\/ -->\n<title>Coffrage Peri Trio \u00e0 vendre, bon et bon march\u00e9<\/title>\n<meta name=\"description\" content=\"Coffrage Peri Trio, Coffrage Peri Trio Alu, BFD\" \/>\n<meta name=\"robots\" content=\"index, follow, max-snippet:-1, max-image-preview:large, max-video-preview:-1\" \/>\n<link rel=\"canonical\" href=\"https:\/\/www.jh-itc.de\/fr\/shop\/peri-fr\/trio-peri\/peri-trio-trio-alu-formwork\/\" \/>\n<meta property=\"og:locale\" content=\"fr_FR\" \/>\n<meta property=\"og:type\" content=\"article\" \/>\n<meta property=\"og:title\" content=\"Coffrage Peri Trio \u00e0 vendre\" \/>\n<meta property=\"og:description\" content=\"Coffrage Peri Trio \u00e0 vendre\" \/>\n<meta property=\"og:url\" content=\"https:\/\/www.jh-itc.de\/fr\/shop\/peri-fr\/trio-peri\/peri-trio-trio-alu-formwork\/\" \/>\n<meta property=\"og:site_name\" content=\"JH - ITC GmbH\" \/>\n<meta property=\"article:publisher\" content=\"https:\/\/www.facebook.com\/schalungshandel\" \/>\n<meta property=\"og:image\" content=\"https:\/\/www.jh-itc.de\/wp-content\/uploads\/2016\/09\/IMG_3408-1.jpg\" \/>\n\t<meta property=\"og:image:width\" content=\"600\" \/>\n\t<meta property=\"og:image:height\" content=\"600\" \/>\n\t<meta property=\"og:image:type\" content=\"image\/jpeg\" \/>\n<meta name=\"twitter:card\" content=\"summary_large_image\" \/>\n<meta name=\"twitter:site\" content=\"@JH_ITC\" \/>\n<meta name=\"twitter:label1\" content=\"Est. reading time\" \/>\n\t<meta name=\"twitter:data1\" content=\"1 minute\" \/>\n<!-- \/ Yoast SEO plugin. -->","yoast_head_json":{"title":"Coffrage Peri Trio \u00e0 vendre, bon et bon march\u00e9","description":"Coffrage Peri Trio, Coffrage Peri Trio Alu, BFD","robots":{"index":"index","follow":"follow","max-snippet":"max-snippet:-1","max-image-preview":"max-image-preview:large","max-video-preview":"max-video-preview:-1"},"canonical":"https:\/\/www.jh-itc.de\/fr\/shop\/peri-fr\/trio-peri\/peri-trio-trio-alu-formwork\/","og_locale":"fr_FR","og_type":"article","og_title":"Coffrage Peri Trio \u00e0 vendre","og_description":"Coffrage Peri Trio \u00e0 vendre","og_url":"https:\/\/www.jh-itc.de\/fr\/shop\/peri-fr\/trio-peri\/peri-trio-trio-alu-formwork\/","og_site_name":"JH - ITC GmbH","article_publisher":"https:\/\/www.facebook.com\/schalungshandel","og_image":[{"width":600,"height":600,"url":"https:\/\/www.jh-itc.de\/wp-content\/uploads\/2016\/09\/IMG_3408-1.jpg","type":"image\/jpeg"}],"twitter_card":"summary_large_image","twitter_site":"@JH_ITC","twitter_misc":{"Est. reading time":"1 minute"},"schema":{"@context":"https:\/\/schema.org","@graph":[{"@type":"WebPage","@id":"https:\/\/www.jh-itc.de\/fr\/shop\/peri-fr\/trio-peri\/peri-trio-trio-alu-formwork\/","url":"https:\/\/www.jh-itc.de\/fr\/shop\/peri-fr\/trio-peri\/peri-trio-trio-alu-formwork\/","name":"Coffrage Peri Trio \u00e0 vendre, bon et bon march\u00e9","isPartOf":{"@id":"https:\/\/www.jh-itc.de\/fr\/#website"},"primaryImageOfPage":{"@id":"https:\/\/www.jh-itc.de\/fr\/shop\/peri-fr\/trio-peri\/peri-trio-trio-alu-formwork\/#primaryimage"},"image":{"@id":"https:\/\/www.jh-itc.de\/fr\/shop\/peri-fr\/trio-peri\/peri-trio-trio-alu-formwork\/#primaryimage"},"thumbnailUrl":"https:\/\/www.jh-itc.de\/wp-content\/uploads\/2016\/09\/IMG_3408-1.jpg","datePublished":"2021-08-30T17:04:18+00:00","description":"Coffrage Peri Trio, Coffrage Peri Trio Alu, BFD","breadcrumb":{"@id":"https:\/\/www.jh-itc.de\/fr\/shop\/peri-fr\/trio-peri\/peri-trio-trio-alu-formwork\/#breadcrumb"},"inLanguage":"fr-FR","potentialAction":[{"@type":"ReadAction","target":["https:\/\/www.jh-itc.de\/fr\/shop\/peri-fr\/trio-peri\/peri-trio-trio-alu-formwork\/"]}]},{"@type":"ImageObject","inLanguage":"fr-FR","@id":"https:\/\/www.jh-itc.de\/fr\/shop\/peri-fr\/trio-peri\/peri-trio-trio-alu-formwork\/#primaryimage","url":"https:\/\/www.jh-itc.de\/wp-content\/uploads\/2016\/09\/IMG_3408-1.jpg","contentUrl":"https:\/\/www.jh-itc.de\/wp-content\/uploads\/2016\/09\/IMG_3408-1.jpg","width":600,"height":600},{"@type":"BreadcrumbList","@id":"https:\/\/www.jh-itc.de\/fr\/shop\/peri-fr\/trio-peri\/peri-trio-trio-alu-formwork\/#breadcrumb","itemListElement":[{"@type":"ListItem","position":1,"name":"Home","item":"https:\/\/www.jh-itc.de\/fr\/"},{"@type":"ListItem","position":2,"name":"Boutique","item":"https:\/\/www.jh-itc.de\/fr\/boutique\/"},{"@type":"ListItem","position":3,"name":"Coffrage Peri Trio + Trio Alu"}]},{"@type":"WebSite","@id":"https:\/\/www.jh-itc.de\/fr\/#website","url":"https:\/\/www.jh-itc.de\/fr\/","name":"JH - ITC GmbH","description":"Ihr Experte f\u00fcr gebrauchte St\u00fctzen, Schalungen und Ger\u00fcste","publisher":{"@id":"https:\/\/www.jh-itc.de\/fr\/#organization"},"potentialAction":[{"@type":"SearchAction","target":{"@type":"EntryPoint","urlTemplate":"https:\/\/www.jh-itc.de\/fr\/?s={search_term_string}"},"query-input":{"@type":"PropertyValueSpecification","valueRequired":true,"valueName":"search_term_string"}}],"inLanguage":"fr-FR"},{"@type":"Organization","@id":"https:\/\/www.jh-itc.de\/fr\/#organization","name":"JH-ITC GmbH","url":"https:\/\/www.jh-itc.de\/fr\/","logo":{"@type":"ImageObject","inLanguage":"fr-FR","@id":"https:\/\/www.jh-itc.de\/fr\/#\/schema\/logo\/image\/","url":"https:\/\/www.jh-itc.de\/wp-content\/uploads\/2016\/01\/JH-ITC2-1.png","contentUrl":"https:\/\/www.jh-itc.de\/wp-content\/uploads\/2016\/01\/JH-ITC2-1.png","width":300,"height":102,"caption":"JH-ITC GmbH"},"image":{"@id":"https:\/\/www.jh-itc.de\/fr\/#\/schema\/logo\/image\/"},"sameAs":["https:\/\/www.facebook.com\/schalungshandel","https:\/\/x.com\/JH_ITC","https:\/\/www.linkedin.com\/in\/jhitc","https:\/\/youtu.be\/rMdZ-FLfI-Y"]}]}},"_links":{"self":[{"href":"https:\/\/www.jh-itc.de\/fr\/wp-json\/wp\/v2\/product\/29199","targetHints":{"allow":["GET"]}}],"collection":[{"href":"https:\/\/www.jh-itc.de\/fr\/wp-json\/wp\/v2\/product"}],"about":[{"href":"https:\/\/www.jh-itc.de\/fr\/wp-json\/wp\/v2\/types\/product"}],"wp:featuredmedia":[{"embeddable":true,"href":"https:\/\/www.jh-itc.de\/fr\/wp-json\/wp\/v2\/media\/29252"}],"wp:attachment":[{"href":"https:\/\/www.jh-itc.de\/fr\/wp-json\/wp\/v2\/media?parent=29199"}],"wp:term":[{"taxonomy":"product_brand","embeddable":true,"href":"https:\/\/www.jh-itc.de\/fr\/wp-json\/wp\/v2\/product_brand?post=29199"},{"taxonomy":"product_cat","embeddable":true,"href":"https:\/\/www.jh-itc.de\/fr\/wp-json\/wp\/v2\/product_cat?post=29199"},{"taxonomy":"product_tag","embeddable":true,"href":"https:\/\/www.jh-itc.de\/fr\/wp-json\/wp\/v2\/product_tag?post=29199"}],"curies":[{"name":"wp","href":"https:\/\/api.w.org\/{rel}","templated":true}]}}