{"id":29865,"date":"2016-08-05T00:47:47","date_gmt":"2021-08-30T17:04:49","guid":{"rendered":"https:\/\/www.jh-itc.de\/shop\/non class\u00e9\/coffrage-meva-mammut\/"},"modified":"2021-08-30T19:04:49","modified_gmt":"2021-08-30T17:04:49","slug":"coffrage-meva-mammoth-2","status":"publish","type":"product","link":"https:\/\/www.jh-itc.de\/fr\/shop\/meva-fr\/meva-mammouth\/coffrage-meva-mammoth-2\/","title":{"rendered":"Coffrage Meva Mammut"},"content":{"rendered":"","protected":false},"excerpt":{"rendered":"<p>Nous vous proposons un lot de 3.370 m\u00b2 de coffrage <strong>Meva Mammut<\/strong> d&#8217;occasion.<\/p>\n<p>Il est en bon \u00e9tat.<\/p>\n<p>Si vous \u00eates int\u00e9ress\u00e9, veuillez nous envoyer votre demande.<\/p>\n","protected":false},"featured_media":30036,"template":"","meta":[],"product_brand":[],"product_cat":[404,377],"product_tag":[],"class_list":{"0":"post-29865","1":"product","2":"type-product","3":"status-publish","4":"has-post-thumbnail","6":"product_cat-meva-mammouth","7":"product_cat-volets","9":"first","10":"instock","11":"taxable","12":"shipping-taxable","13":"product-type-simple"},"yoast_head":"<!-- This site is optimized with the Yoast SEO plugin v27.3 - https:\/\/yoast.com\/product\/yoast-seo-wordpress\/ -->\n<title>Coffrage Meva Mammut - JH - ITC GmbH<\/title>\n<meta name=\"description\" content=\"Coffrage Meva Mammut. Fabricants renomm\u00e9s \u2714 Coffrages, \u00e9taiements, \u00e9chafaudages &amp; machines de chantier neufs &amp; d&#039;occasion \u2714 Demandez une offre maintenant!\" \/>\n<meta name=\"robots\" content=\"index, follow, max-snippet:-1, max-image-preview:large, max-video-preview:-1\" \/>\n<link rel=\"canonical\" href=\"https:\/\/www.jh-itc.de\/fr\/shop\/meva-fr\/meva-mammouth\/coffrage-meva-mammoth-2\/\" \/>\n<meta property=\"og:locale\" content=\"fr_FR\" \/>\n<meta property=\"og:type\" content=\"article\" \/>\n<meta property=\"og:title\" content=\"Coffrage Meva Mammut - JH - ITC GmbH\" \/>\n<meta property=\"og:description\" content=\"Coffrage Meva Mammut. Fabricants renomm\u00e9s \u2714 Coffrages, \u00e9taiements, \u00e9chafaudages &amp; machines de chantier neufs &amp; d&#039;occasion \u2714 Demandez une offre maintenant!\" \/>\n<meta property=\"og:url\" content=\"https:\/\/www.jh-itc.de\/fr\/shop\/meva-fr\/meva-mammouth\/coffrage-meva-mammoth-2\/\" \/>\n<meta property=\"og:site_name\" content=\"JH - ITC GmbH\" \/>\n<meta property=\"article:publisher\" content=\"https:\/\/www.facebook.com\/schalungshandel\" \/>\n<meta property=\"og:image\" content=\"https:\/\/www.jh-itc.de\/wp-content\/uploads\/2016\/08\/Meva-Mammut-2.jpg\" \/>\n\t<meta property=\"og:image:width\" content=\"916\" \/>\n\t<meta property=\"og:image:height\" content=\"1632\" \/>\n\t<meta property=\"og:image:type\" content=\"image\/jpeg\" \/>\n<meta name=\"twitter:card\" content=\"summary_large_image\" \/>\n<meta name=\"twitter:site\" content=\"@JH_ITC\" \/>\n<!-- \/ Yoast SEO plugin. -->","yoast_head_json":{"title":"Coffrage Meva Mammut - JH - ITC GmbH","description":"Coffrage Meva Mammut. Fabricants renomm\u00e9s \u2714 Coffrages, \u00e9taiements, \u00e9chafaudages & machines de chantier neufs & d'occasion \u2714 Demandez une offre maintenant!","robots":{"index":"index","follow":"follow","max-snippet":"max-snippet:-1","max-image-preview":"max-image-preview:large","max-video-preview":"max-video-preview:-1"},"canonical":"https:\/\/www.jh-itc.de\/fr\/shop\/meva-fr\/meva-mammouth\/coffrage-meva-mammoth-2\/","og_locale":"fr_FR","og_type":"article","og_title":"Coffrage Meva Mammut - JH - ITC GmbH","og_description":"Coffrage Meva Mammut. Fabricants renomm\u00e9s \u2714 Coffrages, \u00e9taiements, \u00e9chafaudages & machines de chantier neufs & d'occasion \u2714 Demandez une offre maintenant!","og_url":"https:\/\/www.jh-itc.de\/fr\/shop\/meva-fr\/meva-mammouth\/coffrage-meva-mammoth-2\/","og_site_name":"JH - ITC GmbH","article_publisher":"https:\/\/www.facebook.com\/schalungshandel","og_image":[{"width":916,"height":1632,"url":"https:\/\/www.jh-itc.de\/wp-content\/uploads\/2016\/08\/Meva-Mammut-2.jpg","type":"image\/jpeg"}],"twitter_card":"summary_large_image","twitter_site":"@JH_ITC","schema":{"@context":"https:\/\/schema.org","@graph":[{"@type":"WebPage","@id":"https:\/\/www.jh-itc.de\/fr\/shop\/meva-fr\/meva-mammouth\/coffrage-meva-mammoth-2\/","url":"https:\/\/www.jh-itc.de\/fr\/shop\/meva-fr\/meva-mammouth\/coffrage-meva-mammoth-2\/","name":"Coffrage Meva Mammut - JH - ITC GmbH","isPartOf":{"@id":"https:\/\/www.jh-itc.de\/fr\/#website"},"primaryImageOfPage":{"@id":"https:\/\/www.jh-itc.de\/fr\/shop\/meva-fr\/meva-mammouth\/coffrage-meva-mammoth-2\/#primaryimage"},"image":{"@id":"https:\/\/www.jh-itc.de\/fr\/shop\/meva-fr\/meva-mammouth\/coffrage-meva-mammoth-2\/#primaryimage"},"thumbnailUrl":"https:\/\/www.jh-itc.de\/wp-content\/uploads\/2016\/08\/Meva-Mammut-2.jpg","datePublished":"2021-08-30T17:04:49+00:00","description":"Coffrage Meva Mammut. Fabricants renomm\u00e9s \u2714 Coffrages, \u00e9taiements, \u00e9chafaudages & machines de chantier neufs & d'occasion \u2714 Demandez une offre maintenant!","breadcrumb":{"@id":"https:\/\/www.jh-itc.de\/fr\/shop\/meva-fr\/meva-mammouth\/coffrage-meva-mammoth-2\/#breadcrumb"},"inLanguage":"fr-FR","potentialAction":[{"@type":"ReadAction","target":["https:\/\/www.jh-itc.de\/fr\/shop\/meva-fr\/meva-mammouth\/coffrage-meva-mammoth-2\/"]}]},{"@type":"ImageObject","inLanguage":"fr-FR","@id":"https:\/\/www.jh-itc.de\/fr\/shop\/meva-fr\/meva-mammouth\/coffrage-meva-mammoth-2\/#primaryimage","url":"https:\/\/www.jh-itc.de\/wp-content\/uploads\/2016\/08\/Meva-Mammut-2.jpg","contentUrl":"https:\/\/www.jh-itc.de\/wp-content\/uploads\/2016\/08\/Meva-Mammut-2.jpg","width":916,"height":1632},{"@type":"BreadcrumbList","@id":"https:\/\/www.jh-itc.de\/fr\/shop\/meva-fr\/meva-mammouth\/coffrage-meva-mammoth-2\/#breadcrumb","itemListElement":[{"@type":"ListItem","position":1,"name":"Home","item":"https:\/\/www.jh-itc.de\/fr\/"},{"@type":"ListItem","position":2,"name":"Boutique","item":"https:\/\/www.jh-itc.de\/fr\/boutique\/"},{"@type":"ListItem","position":3,"name":"Coffrage Meva Mammut"}]},{"@type":"WebSite","@id":"https:\/\/www.jh-itc.de\/fr\/#website","url":"https:\/\/www.jh-itc.de\/fr\/","name":"JH - ITC GmbH","description":"Ihr Experte f\u00fcr gebrauchte St\u00fctzen, Schalungen und Ger\u00fcste","publisher":{"@id":"https:\/\/www.jh-itc.de\/fr\/#organization"},"potentialAction":[{"@type":"SearchAction","target":{"@type":"EntryPoint","urlTemplate":"https:\/\/www.jh-itc.de\/fr\/?s={search_term_string}"},"query-input":{"@type":"PropertyValueSpecification","valueRequired":true,"valueName":"search_term_string"}}],"inLanguage":"fr-FR"},{"@type":"Organization","@id":"https:\/\/www.jh-itc.de\/fr\/#organization","name":"JH-ITC GmbH","url":"https:\/\/www.jh-itc.de\/fr\/","logo":{"@type":"ImageObject","inLanguage":"fr-FR","@id":"https:\/\/www.jh-itc.de\/fr\/#\/schema\/logo\/image\/","url":"https:\/\/www.jh-itc.de\/wp-content\/uploads\/2016\/01\/JH-ITC2-1.png","contentUrl":"https:\/\/www.jh-itc.de\/wp-content\/uploads\/2016\/01\/JH-ITC2-1.png","width":300,"height":102,"caption":"JH-ITC GmbH"},"image":{"@id":"https:\/\/www.jh-itc.de\/fr\/#\/schema\/logo\/image\/"},"sameAs":["https:\/\/www.facebook.com\/schalungshandel","https:\/\/x.com\/JH_ITC","https:\/\/www.linkedin.com\/in\/jhitc","https:\/\/youtu.be\/rMdZ-FLfI-Y"]}]}},"_links":{"self":[{"href":"https:\/\/www.jh-itc.de\/fr\/wp-json\/wp\/v2\/product\/29865","targetHints":{"allow":["GET"]}}],"collection":[{"href":"https:\/\/www.jh-itc.de\/fr\/wp-json\/wp\/v2\/product"}],"about":[{"href":"https:\/\/www.jh-itc.de\/fr\/wp-json\/wp\/v2\/types\/product"}],"wp:featuredmedia":[{"embeddable":true,"href":"https:\/\/www.jh-itc.de\/fr\/wp-json\/wp\/v2\/media\/30036"}],"wp:attachment":[{"href":"https:\/\/www.jh-itc.de\/fr\/wp-json\/wp\/v2\/media?parent=29865"}],"wp:term":[{"taxonomy":"product_brand","embeddable":true,"href":"https:\/\/www.jh-itc.de\/fr\/wp-json\/wp\/v2\/product_brand?post=29865"},{"taxonomy":"product_cat","embeddable":true,"href":"https:\/\/www.jh-itc.de\/fr\/wp-json\/wp\/v2\/product_cat?post=29865"},{"taxonomy":"product_tag","embeddable":true,"href":"https:\/\/www.jh-itc.de\/fr\/wp-json\/wp\/v2\/product_tag?post=29865"}],"curies":[{"name":"wp","href":"https:\/\/api.w.org\/{rel}","templated":true}]}}