{"id":30163,"date":"2015-09-30T20:46:28","date_gmt":"2021-08-30T17:05:07","guid":{"rendered":"https:\/\/www.jh-itc.de\/shop\/non class\u00e9\/huennebeck-topec-avec-une-nouvelle-peau-de-coque-en-bois\/"},"modified":"2021-08-30T19:05:07","modified_gmt":"2021-08-30T17:05:07","slug":"huennebeck-topec-2-2","status":"publish","type":"product","link":"https:\/\/www.jh-itc.de\/fr\/shop\/huennebeck-fr\/huennebeck-topec-fr\/huennebeck-topec-2-2\/","title":{"rendered":"H\u00fcnnebeck Topec avec une nouvelle peau de coque en bois"},"content":{"rendered":"","protected":false},"excerpt":{"rendered":"<p>Nous proposons des coffrages de dalles modulaires <strong>H\u00fcnnebeck Topec<\/strong> remis \u00e0 neuf avec un nouveau coffrage en bois.<\/p>\n<p><em>Le coffrage de dalles Topec vous offre des temps de coffrage tr\u00e8s rapides avec un haut niveau de s\u00e9curit\u00e9 gr\u00e2ce au coffrage et au d\u00e9coffrage depuis le sol.<\/em><\/p>\n<ol>\n<li><em>Montage et d\u00e9montage en toute s\u00e9curit\u00e9 depuis le sol avec un maximum de 2 personnes jusqu&#8217;\u00e0 une hauteur de 3,50 m.<\/em><\/li>\n<li><em>Formage rapide gr\u00e2ce au grand panneau 180 x 180 avec une surface de formage de 3,24 m\u00b2.<\/em><\/li>\n<li><em>Construction l\u00e9g\u00e8re en aluminium avec profil\u00e9 de cadre de 14 cm de haut  <\/em><\/li>\n<li><em>Tr\u00e8s bonne adaptabilit\u00e9 gr\u00e2ce aux nombreuses tailles de panneaux et aux panneaux de compensation.<\/em><\/li>\n<li><em>Coffrage de dalles modulaire sans poutre avec panneau Topec, palier Topec et \u00e9tais en option 20KN ou 30KN<\/em><\/li>\n<\/ol>\n<hr>\n<p>&nbsp;<\/p>\n<p><iframe src=\"\/\/www.youtube.com\/embed\/vwMq_G5EE0g\" width=\"425\" height=\"350\" allowfullscreen=\"allowfullscreen\"><\/iframe><\/p>\n<hr>\n<p>Si vous \u00eates int\u00e9ress\u00e9, veuillez nous envoyer votre demande.<\/p>\n","protected":false},"featured_media":30277,"template":"","meta":[],"product_brand":[],"product_cat":[380,393,377],"product_tag":[],"class_list":{"0":"post-30163","1":"product","2":"type-product","3":"status-publish","4":"has-post-thumbnail","6":"product_cat-huennebeck-fr","7":"product_cat-huennebeck-topec-fr","8":"product_cat-volets","10":"first","11":"instock","12":"taxable","13":"shipping-taxable","14":"product-type-simple"},"yoast_head":"<!-- This site is optimized with the Yoast SEO plugin v27.3 - https:\/\/yoast.com\/product\/yoast-seo-wordpress\/ -->\n<title>H\u00fcnnebeck Topec avec une nouvelle peau de coque en bois - JH - ITC GmbH<\/title>\n<meta name=\"description\" content=\"H\u00fcnnebeck Topec\" \/>\n<meta name=\"robots\" content=\"index, follow, max-snippet:-1, max-image-preview:large, max-video-preview:-1\" \/>\n<link rel=\"canonical\" href=\"https:\/\/www.jh-itc.de\/fr\/shop\/huennebeck-fr\/huennebeck-topec-fr\/huennebeck-topec-2-2\/\" \/>\n<meta property=\"og:locale\" content=\"fr_FR\" \/>\n<meta property=\"og:type\" content=\"article\" \/>\n<meta property=\"og:title\" content=\"H\u00fcnnebeck Topec avec une nouvelle peau de coque en bois - JH - ITC GmbH\" \/>\n<meta property=\"og:description\" content=\"H\u00fcnnebeck Topec\" \/>\n<meta property=\"og:url\" content=\"https:\/\/www.jh-itc.de\/fr\/shop\/huennebeck-fr\/huennebeck-topec-fr\/huennebeck-topec-2-2\/\" \/>\n<meta property=\"og:site_name\" content=\"JH - ITC GmbH\" \/>\n<meta property=\"article:publisher\" content=\"https:\/\/www.facebook.com\/schalungshandel\" \/>\n<meta property=\"og:image\" content=\"https:\/\/www.jh-itc.de\/wp-content\/uploads\/2015\/09\/Topec-mit-neuer-Holzschalhaut-3.jpg\" \/>\n\t<meta property=\"og:image:width\" content=\"640\" \/>\n\t<meta property=\"og:image:height\" content=\"480\" \/>\n\t<meta property=\"og:image:type\" content=\"image\/jpeg\" \/>\n<meta name=\"twitter:card\" content=\"summary_large_image\" \/>\n<meta name=\"twitter:site\" content=\"@JH_ITC\" \/>\n<!-- \/ Yoast SEO plugin. -->","yoast_head_json":{"title":"H\u00fcnnebeck Topec avec une nouvelle peau de coque en bois - JH - ITC GmbH","description":"H\u00fcnnebeck Topec","robots":{"index":"index","follow":"follow","max-snippet":"max-snippet:-1","max-image-preview":"max-image-preview:large","max-video-preview":"max-video-preview:-1"},"canonical":"https:\/\/www.jh-itc.de\/fr\/shop\/huennebeck-fr\/huennebeck-topec-fr\/huennebeck-topec-2-2\/","og_locale":"fr_FR","og_type":"article","og_title":"H\u00fcnnebeck Topec avec une nouvelle peau de coque en bois - JH - ITC GmbH","og_description":"H\u00fcnnebeck Topec","og_url":"https:\/\/www.jh-itc.de\/fr\/shop\/huennebeck-fr\/huennebeck-topec-fr\/huennebeck-topec-2-2\/","og_site_name":"JH - ITC GmbH","article_publisher":"https:\/\/www.facebook.com\/schalungshandel","og_image":[{"width":640,"height":480,"url":"https:\/\/www.jh-itc.de\/wp-content\/uploads\/2015\/09\/Topec-mit-neuer-Holzschalhaut-3.jpg","type":"image\/jpeg"}],"twitter_card":"summary_large_image","twitter_site":"@JH_ITC","schema":{"@context":"https:\/\/schema.org","@graph":[{"@type":"WebPage","@id":"https:\/\/www.jh-itc.de\/fr\/shop\/huennebeck-fr\/huennebeck-topec-fr\/huennebeck-topec-2-2\/","url":"https:\/\/www.jh-itc.de\/fr\/shop\/huennebeck-fr\/huennebeck-topec-fr\/huennebeck-topec-2-2\/","name":"H\u00fcnnebeck Topec avec une nouvelle peau de coque en bois - JH - ITC GmbH","isPartOf":{"@id":"https:\/\/www.jh-itc.de\/fr\/#website"},"primaryImageOfPage":{"@id":"https:\/\/www.jh-itc.de\/fr\/shop\/huennebeck-fr\/huennebeck-topec-fr\/huennebeck-topec-2-2\/#primaryimage"},"image":{"@id":"https:\/\/www.jh-itc.de\/fr\/shop\/huennebeck-fr\/huennebeck-topec-fr\/huennebeck-topec-2-2\/#primaryimage"},"thumbnailUrl":"https:\/\/www.jh-itc.de\/wp-content\/uploads\/2015\/09\/Topec-mit-neuer-Holzschalhaut-3.jpg","datePublished":"2021-08-30T17:05:07+00:00","description":"H\u00fcnnebeck Topec","breadcrumb":{"@id":"https:\/\/www.jh-itc.de\/fr\/shop\/huennebeck-fr\/huennebeck-topec-fr\/huennebeck-topec-2-2\/#breadcrumb"},"inLanguage":"fr-FR","potentialAction":[{"@type":"ReadAction","target":["https:\/\/www.jh-itc.de\/fr\/shop\/huennebeck-fr\/huennebeck-topec-fr\/huennebeck-topec-2-2\/"]}]},{"@type":"ImageObject","inLanguage":"fr-FR","@id":"https:\/\/www.jh-itc.de\/fr\/shop\/huennebeck-fr\/huennebeck-topec-fr\/huennebeck-topec-2-2\/#primaryimage","url":"https:\/\/www.jh-itc.de\/wp-content\/uploads\/2015\/09\/Topec-mit-neuer-Holzschalhaut-3.jpg","contentUrl":"https:\/\/www.jh-itc.de\/wp-content\/uploads\/2015\/09\/Topec-mit-neuer-Holzschalhaut-3.jpg","width":640,"height":480},{"@type":"BreadcrumbList","@id":"https:\/\/www.jh-itc.de\/fr\/shop\/huennebeck-fr\/huennebeck-topec-fr\/huennebeck-topec-2-2\/#breadcrumb","itemListElement":[{"@type":"ListItem","position":1,"name":"Home","item":"https:\/\/www.jh-itc.de\/fr\/"},{"@type":"ListItem","position":2,"name":"Boutique","item":"https:\/\/www.jh-itc.de\/fr\/boutique\/"},{"@type":"ListItem","position":3,"name":"H\u00fcnnebeck Topec avec une nouvelle peau de coque en bois"}]},{"@type":"WebSite","@id":"https:\/\/www.jh-itc.de\/fr\/#website","url":"https:\/\/www.jh-itc.de\/fr\/","name":"JH - ITC GmbH","description":"Ihr Experte f\u00fcr gebrauchte St\u00fctzen, Schalungen und Ger\u00fcste","publisher":{"@id":"https:\/\/www.jh-itc.de\/fr\/#organization"},"potentialAction":[{"@type":"SearchAction","target":{"@type":"EntryPoint","urlTemplate":"https:\/\/www.jh-itc.de\/fr\/?s={search_term_string}"},"query-input":{"@type":"PropertyValueSpecification","valueRequired":true,"valueName":"search_term_string"}}],"inLanguage":"fr-FR"},{"@type":"Organization","@id":"https:\/\/www.jh-itc.de\/fr\/#organization","name":"JH-ITC GmbH","url":"https:\/\/www.jh-itc.de\/fr\/","logo":{"@type":"ImageObject","inLanguage":"fr-FR","@id":"https:\/\/www.jh-itc.de\/fr\/#\/schema\/logo\/image\/","url":"https:\/\/www.jh-itc.de\/wp-content\/uploads\/2016\/01\/JH-ITC2-1.png","contentUrl":"https:\/\/www.jh-itc.de\/wp-content\/uploads\/2016\/01\/JH-ITC2-1.png","width":300,"height":102,"caption":"JH-ITC GmbH"},"image":{"@id":"https:\/\/www.jh-itc.de\/fr\/#\/schema\/logo\/image\/"},"sameAs":["https:\/\/www.facebook.com\/schalungshandel","https:\/\/x.com\/JH_ITC","https:\/\/www.linkedin.com\/in\/jhitc","https:\/\/youtu.be\/rMdZ-FLfI-Y"]}]}},"_links":{"self":[{"href":"https:\/\/www.jh-itc.de\/fr\/wp-json\/wp\/v2\/product\/30163","targetHints":{"allow":["GET"]}}],"collection":[{"href":"https:\/\/www.jh-itc.de\/fr\/wp-json\/wp\/v2\/product"}],"about":[{"href":"https:\/\/www.jh-itc.de\/fr\/wp-json\/wp\/v2\/types\/product"}],"wp:featuredmedia":[{"embeddable":true,"href":"https:\/\/www.jh-itc.de\/fr\/wp-json\/wp\/v2\/media\/30277"}],"wp:attachment":[{"href":"https:\/\/www.jh-itc.de\/fr\/wp-json\/wp\/v2\/media?parent=30163"}],"wp:term":[{"taxonomy":"product_brand","embeddable":true,"href":"https:\/\/www.jh-itc.de\/fr\/wp-json\/wp\/v2\/product_brand?post=30163"},{"taxonomy":"product_cat","embeddable":true,"href":"https:\/\/www.jh-itc.de\/fr\/wp-json\/wp\/v2\/product_cat?post=30163"},{"taxonomy":"product_tag","embeddable":true,"href":"https:\/\/www.jh-itc.de\/fr\/wp-json\/wp\/v2\/product_tag?post=30163"}],"curies":[{"name":"wp","href":"https:\/\/api.w.org\/{rel}","templated":true}]}}