{"id":30326,"date":"2015-11-24T13:40:46","date_gmt":"2021-08-30T17:05:15","guid":{"rendered":"https:\/\/www.jh-itc.de\/shop\/non%20class\u00e9\/doka-eurex-20-eco-props\/"},"modified":"2021-08-30T19:05:22","modified_gmt":"2021-08-30T17:05:22","slug":"doka-eurex-20-eco-support","status":"publish","type":"product","link":"https:\/\/www.jh-itc.de\/fr\/shop\/doka-fr\/accessoires-doka\/doka-eurex-20-eco-support\/","title":{"rendered":"Doka Eurex 20 eco props"},"content":{"rendered":"","protected":false},"excerpt":{"rendered":"<p>Nous pouvons vous fournir le nouvel <strong>\u00e9tai de sol \u00e9cologique Doka Eurex 20 en<\/strong> diff\u00e9rentes longueurs de 2,50m, 3,00m, 3,50m ou 4,00m.<\/p>\n<p>Si vous \u00eates int\u00e9ress\u00e9, veuillez nous envoyer votre demande.<\/p>\n<hr>\n<div class=\"text-normal uk-margin-large-bottom\">\n<p>En tant que nouvel accessoire de qualit\u00e9 test\u00e9, l&#8217;<strong>accessoire de sol Eurex 20 eco<\/strong> se caract\u00e9rise par une capacit\u00e9 de charge \u00e9lev\u00e9e ainsi que par une manipulation simple et s\u00fbre, selon le fabricant.<\/p>\n<p>Les nouveaux <strong>\u00e9tais de sol Eurex 20 eco<\/strong> sont test\u00e9s conform\u00e9ment \u00e0 la norme EN 1065, classe B\/D. En tant que support de construction libre, ils supportent 20 kN (2 t) \u00e0 chaque longueur d&#8217;extension.<\/p>\n<p>Selon l&#8217;approbation g\u00e9n\u00e9rale des autorit\u00e9s de construction, il en r\u00e9sulte une capacit\u00e9 de charge allant jusqu&#8217;\u00e0 36,7 kN (3,6 t), en fonction de la longueur d&#8217;extension. Ils d\u00e9passent donc nettement les charges requises selon la norme EN 1065.<\/p>\n<p>Lorsqu&#8217;il est serr\u00e9, le support offre une capacit\u00e9 de charge de min. 30 kN \u00e0 toute longueur d&#8217;extension. Dans le m\u00eame temps, il ne p\u00e8se que 11,5 kg pour une longueur d&#8217;\u00e9tai de 2,50 m\u00e8tres.<\/p>\n<p>Comme son &#8220;grand fr\u00e8re&#8221;, l&#8217;\u00e9tai de l&#8217;\u00e9tage sup\u00e9rieur d&#8217;Eurex, le fil a une g\u00e9om\u00e9trie particuli\u00e8re. L&#8217;\u00e9crou est \u00e9galement forg\u00e9 au lieu d&#8217;\u00eatre moul\u00e9.<\/p>\n<p>D&#8217;une part, les deux assurent une prise fiable. D&#8217;autre part, l&#8217;h\u00e9lice peut \u00eatre abaiss\u00e9e rapidement et facilement, m\u00eame en cas de forte charge. Le nouveau Eurex 20 eco pr\u00e9sente \u00e9galement la num\u00e9rotation famili\u00e8re des trous sur le tube d&#8217;extension. Elle est emboss\u00e9e de fa\u00e7on permanente sur les deux faces. Cela permet de d\u00e9terminer plus rapidement et plus facilement la position exacte du piquet. Il n&#8217;est plus n\u00e9cessaire de compter ou de mesurer.<\/p>\n<p>La protection contre la chute du tube d&#8217;extraction garantit une utilisation s\u00fbre. Il en va de m\u00eame pour la protection anti-\u00e9crasement des mains, selon le fabricant. Le plateau Doka \u00e0 pieds de support pivotants est utilis\u00e9 pour faciliter la mise en place. Les t\u00eates \u00e0 quatre voies et les t\u00eates de chute ainsi que les t\u00eates de retenue pour les \u00e9tais interm\u00e9diaires peuvent \u00eatre connect\u00e9es aux \u00e9tais de la dalle rapidement et sans tension gr\u00e2ce au connecteur rapide.<\/p>\n<p>Pour une longue dur\u00e9e de vie, le nouvel \u00e9tai de sol Eurex 20 eco est galvanis\u00e9 \u00e0 chaud \u00e0 l&#8217;int\u00e9rieur et \u00e0 l&#8217;ext\u00e9rieur et est donc parfaitement prot\u00e9g\u00e9 contre la corrosion.<\/p>\n<p>Il est disponible chez nous en longueurs de 2,50m, 3,00m, 3,50m et 4,00m.<\/p>\n<\/div>\n","protected":false},"featured_media":30453,"template":"","meta":[],"product_brand":[],"product_cat":[388,387,385],"product_tag":[],"class_list":{"0":"post-30326","1":"product","2":"type-product","3":"status-publish","4":"has-post-thumbnail","6":"product_cat-accessoires-doka","7":"product_cat-doka-fr","8":"product_cat-supports","10":"first","11":"instock","12":"taxable","13":"shipping-taxable","14":"product-type-simple"},"yoast_head":"<!-- This site is optimized with the Yoast SEO plugin v27.3 - https:\/\/yoast.com\/product\/yoast-seo-wordpress\/ -->\n<title>Doka Eurex 20 eco props - JH - ITC GmbH<\/title>\n<meta name=\"description\" content=\"Les nouveaux \u00e9tais de sol Eurex 20 eco sont test\u00e9s conform\u00e9ment \u00e0 la norme EN 1065, classe B\/D. En tant que support de construction libre, ils supportent 20 kN (2 t) \u00e0 chaque longueur d&#039;extension. Lorsqu&#039;il est serr\u00e9, le support offre une capacit\u00e9 de charge de min. 30 kN \u00e0 toute longueur d&#039;extension. Dans le m\u00eame temps, il ne p\u00e8se que 11,5 kg pour une longueur d&#039;\u00e9tai de 2,50 m\u00e8tres.\" \/>\n<meta name=\"robots\" content=\"index, follow, max-snippet:-1, max-image-preview:large, max-video-preview:-1\" \/>\n<link rel=\"canonical\" href=\"https:\/\/www.jh-itc.de\/fr\/shop\/doka-fr\/accessoires-doka\/doka-eurex-20-eco-support\/\" \/>\n<meta property=\"og:locale\" content=\"fr_FR\" \/>\n<meta property=\"og:type\" content=\"article\" \/>\n<meta property=\"og:title\" content=\"Doka Eurex 20 eco props - JH - ITC GmbH\" \/>\n<meta property=\"og:description\" content=\"Les nouveaux \u00e9tais de sol Eurex 20 eco sont test\u00e9s conform\u00e9ment \u00e0 la norme EN 1065, classe B\/D. En tant que support de construction libre, ils supportent 20 kN (2 t) \u00e0 chaque longueur d&#039;extension. Lorsqu&#039;il est serr\u00e9, le support offre une capacit\u00e9 de charge de min. 30 kN \u00e0 toute longueur d&#039;extension. Dans le m\u00eame temps, il ne p\u00e8se que 11,5 kg pour une longueur d&#039;\u00e9tai de 2,50 m\u00e8tres.\" \/>\n<meta property=\"og:url\" content=\"https:\/\/www.jh-itc.de\/fr\/shop\/doka-fr\/accessoires-doka\/doka-eurex-20-eco-support\/\" \/>\n<meta property=\"og:site_name\" content=\"JH - ITC GmbH\" \/>\n<meta property=\"article:publisher\" content=\"https:\/\/www.facebook.com\/schalungshandel\" \/>\n<meta property=\"article:modified_time\" content=\"2021-08-30T17:05:22+00:00\" \/>\n<meta property=\"og:image\" content=\"https:\/\/www.jh-itc.de\/wp-content\/uploads\/2015\/11\/Verladung-Faoro-Affentranger-15.09-15-SMALL1.jpg\" \/>\n\t<meta property=\"og:image:width\" content=\"640\" \/>\n\t<meta property=\"og:image:height\" content=\"480\" \/>\n\t<meta property=\"og:image:type\" content=\"image\/jpeg\" \/>\n<meta name=\"twitter:card\" content=\"summary_large_image\" \/>\n<meta name=\"twitter:site\" content=\"@JH_ITC\" \/>\n<!-- \/ Yoast SEO plugin. -->","yoast_head_json":{"title":"Doka Eurex 20 eco props - JH - ITC GmbH","description":"Les nouveaux \u00e9tais de sol Eurex 20 eco sont test\u00e9s conform\u00e9ment \u00e0 la norme EN 1065, classe B\/D. En tant que support de construction libre, ils supportent 20 kN (2 t) \u00e0 chaque longueur d'extension. Lorsqu'il est serr\u00e9, le support offre une capacit\u00e9 de charge de min. 30 kN \u00e0 toute longueur d'extension. Dans le m\u00eame temps, il ne p\u00e8se que 11,5 kg pour une longueur d'\u00e9tai de 2,50 m\u00e8tres.","robots":{"index":"index","follow":"follow","max-snippet":"max-snippet:-1","max-image-preview":"max-image-preview:large","max-video-preview":"max-video-preview:-1"},"canonical":"https:\/\/www.jh-itc.de\/fr\/shop\/doka-fr\/accessoires-doka\/doka-eurex-20-eco-support\/","og_locale":"fr_FR","og_type":"article","og_title":"Doka Eurex 20 eco props - JH - ITC GmbH","og_description":"Les nouveaux \u00e9tais de sol Eurex 20 eco sont test\u00e9s conform\u00e9ment \u00e0 la norme EN 1065, classe B\/D. En tant que support de construction libre, ils supportent 20 kN (2 t) \u00e0 chaque longueur d'extension. Lorsqu'il est serr\u00e9, le support offre une capacit\u00e9 de charge de min. 30 kN \u00e0 toute longueur d'extension. Dans le m\u00eame temps, il ne p\u00e8se que 11,5 kg pour une longueur d'\u00e9tai de 2,50 m\u00e8tres.","og_url":"https:\/\/www.jh-itc.de\/fr\/shop\/doka-fr\/accessoires-doka\/doka-eurex-20-eco-support\/","og_site_name":"JH - ITC GmbH","article_publisher":"https:\/\/www.facebook.com\/schalungshandel","article_modified_time":"2021-08-30T17:05:22+00:00","og_image":[{"width":640,"height":480,"url":"https:\/\/www.jh-itc.de\/wp-content\/uploads\/2015\/11\/Verladung-Faoro-Affentranger-15.09-15-SMALL1.jpg","type":"image\/jpeg"}],"twitter_card":"summary_large_image","twitter_site":"@JH_ITC","schema":{"@context":"https:\/\/schema.org","@graph":[{"@type":"WebPage","@id":"https:\/\/www.jh-itc.de\/fr\/shop\/doka-fr\/accessoires-doka\/doka-eurex-20-eco-support\/","url":"https:\/\/www.jh-itc.de\/fr\/shop\/doka-fr\/accessoires-doka\/doka-eurex-20-eco-support\/","name":"Doka Eurex 20 eco props - JH - ITC GmbH","isPartOf":{"@id":"https:\/\/www.jh-itc.de\/fr\/#website"},"primaryImageOfPage":{"@id":"https:\/\/www.jh-itc.de\/fr\/shop\/doka-fr\/accessoires-doka\/doka-eurex-20-eco-support\/#primaryimage"},"image":{"@id":"https:\/\/www.jh-itc.de\/fr\/shop\/doka-fr\/accessoires-doka\/doka-eurex-20-eco-support\/#primaryimage"},"thumbnailUrl":"https:\/\/www.jh-itc.de\/wp-content\/uploads\/2015\/11\/Verladung-Faoro-Affentranger-15.09-15-SMALL1.jpg","datePublished":"2021-08-30T17:05:15+00:00","dateModified":"2021-08-30T17:05:22+00:00","description":"Les nouveaux \u00e9tais de sol Eurex 20 eco sont test\u00e9s conform\u00e9ment \u00e0 la norme EN 1065, classe B\/D. En tant que support de construction libre, ils supportent 20 kN (2 t) \u00e0 chaque longueur d'extension. Lorsqu'il est serr\u00e9, le support offre une capacit\u00e9 de charge de min. 30 kN \u00e0 toute longueur d'extension. Dans le m\u00eame temps, il ne p\u00e8se que 11,5 kg pour une longueur d'\u00e9tai de 2,50 m\u00e8tres.","breadcrumb":{"@id":"https:\/\/www.jh-itc.de\/fr\/shop\/doka-fr\/accessoires-doka\/doka-eurex-20-eco-support\/#breadcrumb"},"inLanguage":"fr-FR","potentialAction":[{"@type":"ReadAction","target":["https:\/\/www.jh-itc.de\/fr\/shop\/doka-fr\/accessoires-doka\/doka-eurex-20-eco-support\/"]}]},{"@type":"ImageObject","inLanguage":"fr-FR","@id":"https:\/\/www.jh-itc.de\/fr\/shop\/doka-fr\/accessoires-doka\/doka-eurex-20-eco-support\/#primaryimage","url":"https:\/\/www.jh-itc.de\/wp-content\/uploads\/2015\/11\/Verladung-Faoro-Affentranger-15.09-15-SMALL1.jpg","contentUrl":"https:\/\/www.jh-itc.de\/wp-content\/uploads\/2015\/11\/Verladung-Faoro-Affentranger-15.09-15-SMALL1.jpg","width":640,"height":480},{"@type":"BreadcrumbList","@id":"https:\/\/www.jh-itc.de\/fr\/shop\/doka-fr\/accessoires-doka\/doka-eurex-20-eco-support\/#breadcrumb","itemListElement":[{"@type":"ListItem","position":1,"name":"Home","item":"https:\/\/www.jh-itc.de\/fr\/"},{"@type":"ListItem","position":2,"name":"Boutique","item":"https:\/\/www.jh-itc.de\/fr\/boutique\/"},{"@type":"ListItem","position":3,"name":"Doka Eurex 20 eco props"}]},{"@type":"WebSite","@id":"https:\/\/www.jh-itc.de\/fr\/#website","url":"https:\/\/www.jh-itc.de\/fr\/","name":"JH - ITC GmbH","description":"Ihr Experte f\u00fcr gebrauchte St\u00fctzen, Schalungen und Ger\u00fcste","publisher":{"@id":"https:\/\/www.jh-itc.de\/fr\/#organization"},"potentialAction":[{"@type":"SearchAction","target":{"@type":"EntryPoint","urlTemplate":"https:\/\/www.jh-itc.de\/fr\/?s={search_term_string}"},"query-input":{"@type":"PropertyValueSpecification","valueRequired":true,"valueName":"search_term_string"}}],"inLanguage":"fr-FR"},{"@type":"Organization","@id":"https:\/\/www.jh-itc.de\/fr\/#organization","name":"JH-ITC GmbH","url":"https:\/\/www.jh-itc.de\/fr\/","logo":{"@type":"ImageObject","inLanguage":"fr-FR","@id":"https:\/\/www.jh-itc.de\/fr\/#\/schema\/logo\/image\/","url":"https:\/\/www.jh-itc.de\/wp-content\/uploads\/2016\/01\/JH-ITC2-1.png","contentUrl":"https:\/\/www.jh-itc.de\/wp-content\/uploads\/2016\/01\/JH-ITC2-1.png","width":300,"height":102,"caption":"JH-ITC GmbH"},"image":{"@id":"https:\/\/www.jh-itc.de\/fr\/#\/schema\/logo\/image\/"},"sameAs":["https:\/\/www.facebook.com\/schalungshandel","https:\/\/x.com\/JH_ITC","https:\/\/www.linkedin.com\/in\/jhitc","https:\/\/youtu.be\/rMdZ-FLfI-Y"]}]}},"_links":{"self":[{"href":"https:\/\/www.jh-itc.de\/fr\/wp-json\/wp\/v2\/product\/30326","targetHints":{"allow":["GET"]}}],"collection":[{"href":"https:\/\/www.jh-itc.de\/fr\/wp-json\/wp\/v2\/product"}],"about":[{"href":"https:\/\/www.jh-itc.de\/fr\/wp-json\/wp\/v2\/types\/product"}],"wp:featuredmedia":[{"embeddable":true,"href":"https:\/\/www.jh-itc.de\/fr\/wp-json\/wp\/v2\/media\/30453"}],"wp:attachment":[{"href":"https:\/\/www.jh-itc.de\/fr\/wp-json\/wp\/v2\/media?parent=30326"}],"wp:term":[{"taxonomy":"product_brand","embeddable":true,"href":"https:\/\/www.jh-itc.de\/fr\/wp-json\/wp\/v2\/product_brand?post=30326"},{"taxonomy":"product_cat","embeddable":true,"href":"https:\/\/www.jh-itc.de\/fr\/wp-json\/wp\/v2\/product_cat?post=30326"},{"taxonomy":"product_tag","embeddable":true,"href":"https:\/\/www.jh-itc.de\/fr\/wp-json\/wp\/v2\/product_tag?post=30326"}],"curies":[{"name":"wp","href":"https:\/\/api.w.org\/{rel}","templated":true}]}}