{"id":30938,"date":"2020-05-07T23:23:21","date_gmt":"2021-08-30T17:05:51","guid":{"rendered":"https:\/\/www.jh-itc.de\/shop\/non class\u00e9\/trepieds-doka\/"},"modified":"2021-08-30T19:05:51","modified_gmt":"2021-08-30T17:05:51","slug":"trepieds-doka","status":"publish","type":"product","link":"https:\/\/www.jh-itc.de\/fr\/shop\/volets\/trepieds-doka\/","title":{"rendered":"Tr\u00e9pieds Doka"},"content":{"rendered":"<p>Pour fixer les \u00e9tais du plafond. Utilis\u00e9 pour fixer les \u00e9tais de coffrage en position verticale.<br \/>\nLe cadre de base \u00e0 trois pieds cr\u00e9e un support stable.<br \/>\nLes pieds sont r\u00e9glables et peuvent \u00eatre repli\u00e9s.<\/p>\n","protected":false},"excerpt":{"rendered":"<p>Nous proposons des <strong>tr\u00e9pieds Doka<\/strong> d&#8217;occasion.<\/p>\n<p>Ils sont en bon \u00e9tat d&#8217;usage et disponibles en stock.<\/p>\n<p>Si vous \u00eates int\u00e9ress\u00e9, veuillez nous envoyer votre demande.<\/p>\n<p>&nbsp;<\/p>\n","protected":false},"featured_media":31017,"template":"","meta":[],"product_brand":[],"product_cat":[387,385,377],"product_tag":[],"class_list":{"0":"post-30938","1":"product","2":"type-product","3":"status-publish","4":"has-post-thumbnail","6":"product_cat-doka-fr","7":"product_cat-supports","8":"product_cat-volets","10":"first","11":"instock","12":"taxable","13":"shipping-taxable","14":"product-type-simple"},"yoast_head":"<!-- This site is optimized with the Yoast SEO plugin v27.3 - https:\/\/yoast.com\/product\/yoast-seo-wordpress\/ -->\n<title>Tr\u00e9pieds Doka - JH - ITC GmbH<\/title>\n<meta name=\"description\" content=\"Pour fixer les \u00e9tais du plafond. S&#039;utilise pour fixer les \u00e9tais de coffrage en position verticale.Le cadre de base \u00e0 trois pieds cr\u00e9e une aide \u00e0 la station debout stable.Les pieds de la station debout sont r\u00e9glables et peuvent \u00eatre repli\u00e9s.\" \/>\n<meta name=\"robots\" content=\"index, follow, max-snippet:-1, max-image-preview:large, max-video-preview:-1\" \/>\n<link rel=\"canonical\" href=\"https:\/\/www.jh-itc.de\/fr\/shop\/volets\/trepieds-doka\/\" \/>\n<meta property=\"og:locale\" content=\"fr_FR\" \/>\n<meta property=\"og:type\" content=\"article\" \/>\n<meta property=\"og:title\" content=\"Tr\u00e9pieds Doka - JH - ITC GmbH\" \/>\n<meta property=\"og:description\" content=\"Pour fixer les \u00e9tais du plafond. S&#039;utilise pour fixer les \u00e9tais de coffrage en position verticale.Le cadre de base \u00e0 trois pieds cr\u00e9e une aide \u00e0 la station debout stable.Les pieds de la station debout sont r\u00e9glables et peuvent \u00eatre repli\u00e9s.\" \/>\n<meta property=\"og:url\" content=\"https:\/\/www.jh-itc.de\/fr\/shop\/volets\/trepieds-doka\/\" \/>\n<meta property=\"og:site_name\" content=\"JH - ITC GmbH\" \/>\n<meta property=\"article:publisher\" content=\"https:\/\/www.facebook.com\/schalungshandel\" \/>\n<meta property=\"og:image\" content=\"https:\/\/www.jh-itc.de\/wp-content\/uploads\/2020\/05\/Doka-Dreibeine-3.jpg\" \/>\n\t<meta property=\"og:image:width\" content=\"1600\" \/>\n\t<meta property=\"og:image:height\" content=\"1200\" \/>\n\t<meta property=\"og:image:type\" content=\"image\/jpeg\" \/>\n<meta name=\"twitter:card\" content=\"summary_large_image\" \/>\n<meta name=\"twitter:site\" content=\"@JH_ITC\" \/>\n<!-- \/ Yoast SEO plugin. -->","yoast_head_json":{"title":"Tr\u00e9pieds Doka - JH - ITC GmbH","description":"Pour fixer les \u00e9tais du plafond. S'utilise pour fixer les \u00e9tais de coffrage en position verticale.Le cadre de base \u00e0 trois pieds cr\u00e9e une aide \u00e0 la station debout stable.Les pieds de la station debout sont r\u00e9glables et peuvent \u00eatre repli\u00e9s.","robots":{"index":"index","follow":"follow","max-snippet":"max-snippet:-1","max-image-preview":"max-image-preview:large","max-video-preview":"max-video-preview:-1"},"canonical":"https:\/\/www.jh-itc.de\/fr\/shop\/volets\/trepieds-doka\/","og_locale":"fr_FR","og_type":"article","og_title":"Tr\u00e9pieds Doka - JH - ITC GmbH","og_description":"Pour fixer les \u00e9tais du plafond. S'utilise pour fixer les \u00e9tais de coffrage en position verticale.Le cadre de base \u00e0 trois pieds cr\u00e9e une aide \u00e0 la station debout stable.Les pieds de la station debout sont r\u00e9glables et peuvent \u00eatre repli\u00e9s.","og_url":"https:\/\/www.jh-itc.de\/fr\/shop\/volets\/trepieds-doka\/","og_site_name":"JH - ITC GmbH","article_publisher":"https:\/\/www.facebook.com\/schalungshandel","og_image":[{"width":1600,"height":1200,"url":"https:\/\/www.jh-itc.de\/wp-content\/uploads\/2020\/05\/Doka-Dreibeine-3.jpg","type":"image\/jpeg"}],"twitter_card":"summary_large_image","twitter_site":"@JH_ITC","schema":{"@context":"https:\/\/schema.org","@graph":[{"@type":"WebPage","@id":"https:\/\/www.jh-itc.de\/fr\/shop\/volets\/trepieds-doka\/","url":"https:\/\/www.jh-itc.de\/fr\/shop\/volets\/trepieds-doka\/","name":"Tr\u00e9pieds Doka - JH - ITC GmbH","isPartOf":{"@id":"https:\/\/www.jh-itc.de\/fr\/#website"},"primaryImageOfPage":{"@id":"https:\/\/www.jh-itc.de\/fr\/shop\/volets\/trepieds-doka\/#primaryimage"},"image":{"@id":"https:\/\/www.jh-itc.de\/fr\/shop\/volets\/trepieds-doka\/#primaryimage"},"thumbnailUrl":"https:\/\/www.jh-itc.de\/wp-content\/uploads\/2020\/05\/Doka-Dreibeine-3.jpg","datePublished":"2021-08-30T17:05:51+00:00","description":"Pour fixer les \u00e9tais du plafond. S'utilise pour fixer les \u00e9tais de coffrage en position verticale.Le cadre de base \u00e0 trois pieds cr\u00e9e une aide \u00e0 la station debout stable.Les pieds de la station debout sont r\u00e9glables et peuvent \u00eatre repli\u00e9s.","breadcrumb":{"@id":"https:\/\/www.jh-itc.de\/fr\/shop\/volets\/trepieds-doka\/#breadcrumb"},"inLanguage":"fr-FR","potentialAction":[{"@type":"ReadAction","target":["https:\/\/www.jh-itc.de\/fr\/shop\/volets\/trepieds-doka\/"]}]},{"@type":"ImageObject","inLanguage":"fr-FR","@id":"https:\/\/www.jh-itc.de\/fr\/shop\/volets\/trepieds-doka\/#primaryimage","url":"https:\/\/www.jh-itc.de\/wp-content\/uploads\/2020\/05\/Doka-Dreibeine-3.jpg","contentUrl":"https:\/\/www.jh-itc.de\/wp-content\/uploads\/2020\/05\/Doka-Dreibeine-3.jpg","width":1600,"height":1200},{"@type":"BreadcrumbList","@id":"https:\/\/www.jh-itc.de\/fr\/shop\/volets\/trepieds-doka\/#breadcrumb","itemListElement":[{"@type":"ListItem","position":1,"name":"Home","item":"https:\/\/www.jh-itc.de\/fr\/"},{"@type":"ListItem","position":2,"name":"Boutique","item":"https:\/\/www.jh-itc.de\/fr\/boutique\/"},{"@type":"ListItem","position":3,"name":"Tr\u00e9pieds Doka"}]},{"@type":"WebSite","@id":"https:\/\/www.jh-itc.de\/fr\/#website","url":"https:\/\/www.jh-itc.de\/fr\/","name":"JH - ITC GmbH","description":"Ihr Experte f\u00fcr gebrauchte St\u00fctzen, Schalungen und Ger\u00fcste","publisher":{"@id":"https:\/\/www.jh-itc.de\/fr\/#organization"},"potentialAction":[{"@type":"SearchAction","target":{"@type":"EntryPoint","urlTemplate":"https:\/\/www.jh-itc.de\/fr\/?s={search_term_string}"},"query-input":{"@type":"PropertyValueSpecification","valueRequired":true,"valueName":"search_term_string"}}],"inLanguage":"fr-FR"},{"@type":"Organization","@id":"https:\/\/www.jh-itc.de\/fr\/#organization","name":"JH-ITC GmbH","url":"https:\/\/www.jh-itc.de\/fr\/","logo":{"@type":"ImageObject","inLanguage":"fr-FR","@id":"https:\/\/www.jh-itc.de\/fr\/#\/schema\/logo\/image\/","url":"https:\/\/www.jh-itc.de\/wp-content\/uploads\/2016\/01\/JH-ITC2-1.png","contentUrl":"https:\/\/www.jh-itc.de\/wp-content\/uploads\/2016\/01\/JH-ITC2-1.png","width":300,"height":102,"caption":"JH-ITC GmbH"},"image":{"@id":"https:\/\/www.jh-itc.de\/fr\/#\/schema\/logo\/image\/"},"sameAs":["https:\/\/www.facebook.com\/schalungshandel","https:\/\/x.com\/JH_ITC","https:\/\/www.linkedin.com\/in\/jhitc","https:\/\/youtu.be\/rMdZ-FLfI-Y"]}]}},"_links":{"self":[{"href":"https:\/\/www.jh-itc.de\/fr\/wp-json\/wp\/v2\/product\/30938","targetHints":{"allow":["GET"]}}],"collection":[{"href":"https:\/\/www.jh-itc.de\/fr\/wp-json\/wp\/v2\/product"}],"about":[{"href":"https:\/\/www.jh-itc.de\/fr\/wp-json\/wp\/v2\/types\/product"}],"wp:featuredmedia":[{"embeddable":true,"href":"https:\/\/www.jh-itc.de\/fr\/wp-json\/wp\/v2\/media\/31017"}],"wp:attachment":[{"href":"https:\/\/www.jh-itc.de\/fr\/wp-json\/wp\/v2\/media?parent=30938"}],"wp:term":[{"taxonomy":"product_brand","embeddable":true,"href":"https:\/\/www.jh-itc.de\/fr\/wp-json\/wp\/v2\/product_brand?post=30938"},{"taxonomy":"product_cat","embeddable":true,"href":"https:\/\/www.jh-itc.de\/fr\/wp-json\/wp\/v2\/product_cat?post=30938"},{"taxonomy":"product_tag","embeddable":true,"href":"https:\/\/www.jh-itc.de\/fr\/wp-json\/wp\/v2\/product_tag?post=30938"}],"curies":[{"name":"wp","href":"https:\/\/api.w.org\/{rel}","templated":true}]}}