{"id":31419,"date":"2020-04-27T22:40:07","date_gmt":"2021-08-30T17:06:19","guid":{"rendered":"https:\/\/www.jh-itc.de\/shop\/non class\u00e9\/rails-de-serrage-doka-framax\/"},"modified":"2021-08-30T19:06:19","modified_gmt":"2021-08-30T17:06:19","slug":"rails-de-serrage-doka-framax","status":"publish","type":"product","link":"https:\/\/www.jh-itc.de\/fr\/shop\/doka-fr\/doka-framax-fr\/rails-de-serrage-doka-framax\/","title":{"rendered":"Rails de serrage Doka Framax"},"content":{"rendered":"<p>Pour le raidissement des assemblages de panneaux, le nivellement et les angles, ainsi que pour la formation de but\u00e9es.<\/p>\n","protected":false},"excerpt":{"rendered":"<p>Nous proposons des <strong>rails de serrage Doka Framax<\/strong> d&#8217;occasion <strong>en 1,50m et 0,90m<\/strong>.<\/p>\n<p>Ils sont en bon \u00e9tat et disponibles en stock.<\/p>\n<p>Si vous \u00eates int\u00e9ress\u00e9, veuillez nous envoyer votre demande.<\/p>\n<p>&nbsp;<\/p>\n","protected":false},"featured_media":31472,"template":"","meta":[],"product_brand":[],"product_cat":[387,405,391,406,377],"product_tag":[],"class_list":{"0":"post-31419","1":"product","2":"type-product","3":"status-publish","4":"has-post-thumbnail","6":"product_cat-doka-fr","7":"product_cat-doka-alu-framax-fr","8":"product_cat-doka-framax-fr","9":"product_cat-doka-frameco-fr","10":"product_cat-volets","12":"first","13":"instock","14":"taxable","15":"shipping-taxable","16":"product-type-simple"},"yoast_head":"<!-- This site is optimized with the Yoast SEO plugin v27.3 - https:\/\/yoast.com\/product\/yoast-seo-wordpress\/ -->\n<title>Rails de serrage Doka Framax - JH - ITC GmbH<\/title>\n<meta name=\"description\" content=\"Nous proposons des rails de serrage Doka Framax d&#039;occasion en 150cm et 90cm.pour l&#039;entretoisement de panneaux, le nivellement et les angles ainsi que le formage de but\u00e9es.ils sont en bon \u00e9tat et disponibles en stock.si vous \u00eates int\u00e9ress\u00e9, envoyez-nous votre demande.\" \/>\n<meta name=\"robots\" content=\"index, follow, max-snippet:-1, max-image-preview:large, max-video-preview:-1\" \/>\n<link rel=\"canonical\" href=\"https:\/\/www.jh-itc.de\/fr\/shop\/doka-fr\/doka-framax-fr\/rails-de-serrage-doka-framax\/\" \/>\n<meta property=\"og:locale\" content=\"fr_FR\" \/>\n<meta property=\"og:type\" content=\"article\" \/>\n<meta property=\"og:title\" content=\"Rails de serrage Doka Framax - JH - ITC GmbH\" \/>\n<meta property=\"og:description\" content=\"Nous proposons des rails de serrage Doka Framax d&#039;occasion en 150cm et 90cm.pour l&#039;entretoisement de panneaux, le nivellement et les angles ainsi que le formage de but\u00e9es.ils sont en bon \u00e9tat et disponibles en stock.si vous \u00eates int\u00e9ress\u00e9, envoyez-nous votre demande.\" \/>\n<meta property=\"og:url\" content=\"https:\/\/www.jh-itc.de\/fr\/shop\/doka-fr\/doka-framax-fr\/rails-de-serrage-doka-framax\/\" \/>\n<meta property=\"og:site_name\" content=\"JH - ITC GmbH\" \/>\n<meta property=\"article:publisher\" content=\"https:\/\/www.facebook.com\/schalungshandel\" \/>\n<meta property=\"og:image\" content=\"https:\/\/www.jh-itc.de\/wp-content\/uploads\/2020\/04\/jh-itc_Doka-Framax-Klemmschienen-5.jpg\" \/>\n\t<meta property=\"og:image:width\" content=\"640\" \/>\n\t<meta property=\"og:image:height\" content=\"480\" \/>\n\t<meta property=\"og:image:type\" content=\"image\/jpeg\" \/>\n<meta name=\"twitter:card\" content=\"summary_large_image\" \/>\n<meta name=\"twitter:site\" content=\"@JH_ITC\" \/>\n<!-- \/ Yoast SEO plugin. -->","yoast_head_json":{"title":"Rails de serrage Doka Framax - JH - ITC GmbH","description":"Nous proposons des rails de serrage Doka Framax d'occasion en 150cm et 90cm.pour l'entretoisement de panneaux, le nivellement et les angles ainsi que le formage de but\u00e9es.ils sont en bon \u00e9tat et disponibles en stock.si vous \u00eates int\u00e9ress\u00e9, envoyez-nous votre demande.","robots":{"index":"index","follow":"follow","max-snippet":"max-snippet:-1","max-image-preview":"max-image-preview:large","max-video-preview":"max-video-preview:-1"},"canonical":"https:\/\/www.jh-itc.de\/fr\/shop\/doka-fr\/doka-framax-fr\/rails-de-serrage-doka-framax\/","og_locale":"fr_FR","og_type":"article","og_title":"Rails de serrage Doka Framax - JH - ITC GmbH","og_description":"Nous proposons des rails de serrage Doka Framax d'occasion en 150cm et 90cm.pour l'entretoisement de panneaux, le nivellement et les angles ainsi que le formage de but\u00e9es.ils sont en bon \u00e9tat et disponibles en stock.si vous \u00eates int\u00e9ress\u00e9, envoyez-nous votre demande.","og_url":"https:\/\/www.jh-itc.de\/fr\/shop\/doka-fr\/doka-framax-fr\/rails-de-serrage-doka-framax\/","og_site_name":"JH - ITC GmbH","article_publisher":"https:\/\/www.facebook.com\/schalungshandel","og_image":[{"width":640,"height":480,"url":"https:\/\/www.jh-itc.de\/wp-content\/uploads\/2020\/04\/jh-itc_Doka-Framax-Klemmschienen-5.jpg","type":"image\/jpeg"}],"twitter_card":"summary_large_image","twitter_site":"@JH_ITC","schema":{"@context":"https:\/\/schema.org","@graph":[{"@type":"WebPage","@id":"https:\/\/www.jh-itc.de\/fr\/shop\/doka-fr\/doka-framax-fr\/rails-de-serrage-doka-framax\/","url":"https:\/\/www.jh-itc.de\/fr\/shop\/doka-fr\/doka-framax-fr\/rails-de-serrage-doka-framax\/","name":"Rails de serrage Doka Framax - JH - ITC GmbH","isPartOf":{"@id":"https:\/\/www.jh-itc.de\/fr\/#website"},"primaryImageOfPage":{"@id":"https:\/\/www.jh-itc.de\/fr\/shop\/doka-fr\/doka-framax-fr\/rails-de-serrage-doka-framax\/#primaryimage"},"image":{"@id":"https:\/\/www.jh-itc.de\/fr\/shop\/doka-fr\/doka-framax-fr\/rails-de-serrage-doka-framax\/#primaryimage"},"thumbnailUrl":"https:\/\/www.jh-itc.de\/wp-content\/uploads\/2020\/04\/jh-itc_Doka-Framax-Klemmschienen-5.jpg","datePublished":"2021-08-30T17:06:19+00:00","description":"Nous proposons des rails de serrage Doka Framax d'occasion en 150cm et 90cm.pour l'entretoisement de panneaux, le nivellement et les angles ainsi que le formage de but\u00e9es.ils sont en bon \u00e9tat et disponibles en stock.si vous \u00eates int\u00e9ress\u00e9, envoyez-nous votre demande.","breadcrumb":{"@id":"https:\/\/www.jh-itc.de\/fr\/shop\/doka-fr\/doka-framax-fr\/rails-de-serrage-doka-framax\/#breadcrumb"},"inLanguage":"fr-FR","potentialAction":[{"@type":"ReadAction","target":["https:\/\/www.jh-itc.de\/fr\/shop\/doka-fr\/doka-framax-fr\/rails-de-serrage-doka-framax\/"]}]},{"@type":"ImageObject","inLanguage":"fr-FR","@id":"https:\/\/www.jh-itc.de\/fr\/shop\/doka-fr\/doka-framax-fr\/rails-de-serrage-doka-framax\/#primaryimage","url":"https:\/\/www.jh-itc.de\/wp-content\/uploads\/2020\/04\/jh-itc_Doka-Framax-Klemmschienen-5.jpg","contentUrl":"https:\/\/www.jh-itc.de\/wp-content\/uploads\/2020\/04\/jh-itc_Doka-Framax-Klemmschienen-5.jpg","width":640,"height":480},{"@type":"BreadcrumbList","@id":"https:\/\/www.jh-itc.de\/fr\/shop\/doka-fr\/doka-framax-fr\/rails-de-serrage-doka-framax\/#breadcrumb","itemListElement":[{"@type":"ListItem","position":1,"name":"Home","item":"https:\/\/www.jh-itc.de\/fr\/"},{"@type":"ListItem","position":2,"name":"Boutique","item":"https:\/\/www.jh-itc.de\/fr\/boutique\/"},{"@type":"ListItem","position":3,"name":"Rails de serrage Doka Framax"}]},{"@type":"WebSite","@id":"https:\/\/www.jh-itc.de\/fr\/#website","url":"https:\/\/www.jh-itc.de\/fr\/","name":"JH - ITC GmbH","description":"Ihr Experte f\u00fcr gebrauchte St\u00fctzen, Schalungen und Ger\u00fcste","publisher":{"@id":"https:\/\/www.jh-itc.de\/fr\/#organization"},"potentialAction":[{"@type":"SearchAction","target":{"@type":"EntryPoint","urlTemplate":"https:\/\/www.jh-itc.de\/fr\/?s={search_term_string}"},"query-input":{"@type":"PropertyValueSpecification","valueRequired":true,"valueName":"search_term_string"}}],"inLanguage":"fr-FR"},{"@type":"Organization","@id":"https:\/\/www.jh-itc.de\/fr\/#organization","name":"JH-ITC GmbH","url":"https:\/\/www.jh-itc.de\/fr\/","logo":{"@type":"ImageObject","inLanguage":"fr-FR","@id":"https:\/\/www.jh-itc.de\/fr\/#\/schema\/logo\/image\/","url":"https:\/\/www.jh-itc.de\/wp-content\/uploads\/2016\/01\/JH-ITC2-1.png","contentUrl":"https:\/\/www.jh-itc.de\/wp-content\/uploads\/2016\/01\/JH-ITC2-1.png","width":300,"height":102,"caption":"JH-ITC GmbH"},"image":{"@id":"https:\/\/www.jh-itc.de\/fr\/#\/schema\/logo\/image\/"},"sameAs":["https:\/\/www.facebook.com\/schalungshandel","https:\/\/x.com\/JH_ITC","https:\/\/www.linkedin.com\/in\/jhitc","https:\/\/youtu.be\/rMdZ-FLfI-Y"]}]}},"_links":{"self":[{"href":"https:\/\/www.jh-itc.de\/fr\/wp-json\/wp\/v2\/product\/31419","targetHints":{"allow":["GET"]}}],"collection":[{"href":"https:\/\/www.jh-itc.de\/fr\/wp-json\/wp\/v2\/product"}],"about":[{"href":"https:\/\/www.jh-itc.de\/fr\/wp-json\/wp\/v2\/types\/product"}],"wp:featuredmedia":[{"embeddable":true,"href":"https:\/\/www.jh-itc.de\/fr\/wp-json\/wp\/v2\/media\/31472"}],"wp:attachment":[{"href":"https:\/\/www.jh-itc.de\/fr\/wp-json\/wp\/v2\/media?parent=31419"}],"wp:term":[{"taxonomy":"product_brand","embeddable":true,"href":"https:\/\/www.jh-itc.de\/fr\/wp-json\/wp\/v2\/product_brand?post=31419"},{"taxonomy":"product_cat","embeddable":true,"href":"https:\/\/www.jh-itc.de\/fr\/wp-json\/wp\/v2\/product_cat?post=31419"},{"taxonomy":"product_tag","embeddable":true,"href":"https:\/\/www.jh-itc.de\/fr\/wp-json\/wp\/v2\/product_tag?post=31419"}],"curies":[{"name":"wp","href":"https:\/\/api.w.org\/{rel}","templated":true}]}}