{"id":31780,"date":"2018-11-15T01:06:16","date_gmt":"2021-08-30T17:06:41","guid":{"rendered":"https:\/\/www.jh-itc.de\/shop\/non class\u00e9\/pompe-a-beton-putzmeister-bsa-1409-d\/"},"modified":"2021-08-30T19:06:41","modified_gmt":"2021-08-30T17:06:41","slug":"putzmeister-pompes-a-beton-bsa-1409-f","status":"publish","type":"product","link":"https:\/\/www.jh-itc.de\/fr\/shop\/machines-de-construction\/putzmeister-pompes-a-beton-bsa-1409-f\/","title":{"rendered":"Pompe \u00e0 b\u00e9ton Putzmeister BSA 1409 D"},"content":{"rendered":"","protected":false},"excerpt":{"rendered":"<p>Nous proposons une <strong>pompe \u00e0 b\u00e9ton Putzmeister BSA 1409 D<\/strong>.<\/p>\n<hr>\n<p>Ann\u00e9e de fabrication \/ Ann\u00e9e = 2014<\/p>\n<p>Heures de fonctionnement \/ Hrs = 657 hrs<\/p>\n<p>Max. D\u00e9bit volumique = 94\/63 m\u00b3\/h<\/p>\n<p>Puissance du moteur = 140 kw<\/p>\n<hr>\n<p>Si vous \u00eates int\u00e9ress\u00e9, veuillez nous envoyer votre demande.<\/p>\n<p>&nbsp;<\/p>\n","protected":false},"featured_media":31816,"template":"","meta":[],"product_brand":[],"product_cat":[383],"product_tag":[],"class_list":{"0":"post-31780","1":"product","2":"type-product","3":"status-publish","4":"has-post-thumbnail","6":"product_cat-machines-de-construction","8":"first","9":"outofstock","10":"taxable","11":"shipping-taxable","12":"product-type-simple"},"yoast_head":"<!-- This site is optimized with the Yoast SEO plugin v27.3 - https:\/\/yoast.com\/product\/yoast-seo-wordpress\/ -->\n<title>Pompe \u00e0 b\u00e9ton Putzmeister BSA 1409 D - JH - ITC GmbH<\/title>\n<meta name=\"description\" content=\"Pompe \u00e0 b\u00e9ton + tuyaux et distributeur en tr\u00e8s bon \u00e9tat \u00e0 vendre\" \/>\n<meta name=\"robots\" content=\"index, follow, max-snippet:-1, max-image-preview:large, max-video-preview:-1\" \/>\n<link rel=\"canonical\" href=\"https:\/\/www.jh-itc.de\/fr\/shop\/machines-de-construction\/putzmeister-pompes-a-beton-bsa-1409-f\/\" \/>\n<meta property=\"og:locale\" content=\"fr_FR\" \/>\n<meta property=\"og:type\" content=\"article\" \/>\n<meta property=\"og:title\" content=\"Pompe \u00e0 b\u00e9ton Putzmeister BSA 1409 D - JH - ITC GmbH\" \/>\n<meta property=\"og:description\" content=\"Pompe \u00e0 b\u00e9ton + tuyaux et distributeur en tr\u00e8s bon \u00e9tat \u00e0 vendre\" \/>\n<meta property=\"og:url\" content=\"https:\/\/www.jh-itc.de\/fr\/shop\/machines-de-construction\/putzmeister-pompes-a-beton-bsa-1409-f\/\" \/>\n<meta property=\"og:site_name\" content=\"JH - ITC GmbH\" \/>\n<meta property=\"article:publisher\" content=\"https:\/\/www.facebook.com\/schalungshandel\" \/>\n<meta property=\"og:image\" content=\"https:\/\/www.jh-itc.de\/wp-content\/uploads\/2018\/11\/Putzmeister-BSA-1409-3-Klein.jpeg\" \/>\n\t<meta property=\"og:image:width\" content=\"800\" \/>\n\t<meta property=\"og:image:height\" content=\"480\" \/>\n\t<meta property=\"og:image:type\" content=\"image\/jpeg\" \/>\n<meta name=\"twitter:card\" content=\"summary_large_image\" \/>\n<meta name=\"twitter:site\" content=\"@JH_ITC\" \/>\n<!-- \/ Yoast SEO plugin. -->","yoast_head_json":{"title":"Pompe \u00e0 b\u00e9ton Putzmeister BSA 1409 D - JH - ITC GmbH","description":"Pompe \u00e0 b\u00e9ton + tuyaux et distributeur en tr\u00e8s bon \u00e9tat \u00e0 vendre","robots":{"index":"index","follow":"follow","max-snippet":"max-snippet:-1","max-image-preview":"max-image-preview:large","max-video-preview":"max-video-preview:-1"},"canonical":"https:\/\/www.jh-itc.de\/fr\/shop\/machines-de-construction\/putzmeister-pompes-a-beton-bsa-1409-f\/","og_locale":"fr_FR","og_type":"article","og_title":"Pompe \u00e0 b\u00e9ton Putzmeister BSA 1409 D - JH - ITC GmbH","og_description":"Pompe \u00e0 b\u00e9ton + tuyaux et distributeur en tr\u00e8s bon \u00e9tat \u00e0 vendre","og_url":"https:\/\/www.jh-itc.de\/fr\/shop\/machines-de-construction\/putzmeister-pompes-a-beton-bsa-1409-f\/","og_site_name":"JH - ITC GmbH","article_publisher":"https:\/\/www.facebook.com\/schalungshandel","og_image":[{"width":800,"height":480,"url":"https:\/\/www.jh-itc.de\/wp-content\/uploads\/2018\/11\/Putzmeister-BSA-1409-3-Klein.jpeg","type":"image\/jpeg"}],"twitter_card":"summary_large_image","twitter_site":"@JH_ITC","schema":{"@context":"https:\/\/schema.org","@graph":[{"@type":"WebPage","@id":"https:\/\/www.jh-itc.de\/fr\/shop\/machines-de-construction\/putzmeister-pompes-a-beton-bsa-1409-f\/","url":"https:\/\/www.jh-itc.de\/fr\/shop\/machines-de-construction\/putzmeister-pompes-a-beton-bsa-1409-f\/","name":"Pompe \u00e0 b\u00e9ton Putzmeister BSA 1409 D - JH - ITC GmbH","isPartOf":{"@id":"https:\/\/www.jh-itc.de\/fr\/#website"},"primaryImageOfPage":{"@id":"https:\/\/www.jh-itc.de\/fr\/shop\/machines-de-construction\/putzmeister-pompes-a-beton-bsa-1409-f\/#primaryimage"},"image":{"@id":"https:\/\/www.jh-itc.de\/fr\/shop\/machines-de-construction\/putzmeister-pompes-a-beton-bsa-1409-f\/#primaryimage"},"thumbnailUrl":"https:\/\/www.jh-itc.de\/wp-content\/uploads\/2018\/11\/Putzmeister-BSA-1409-3-Klein.jpeg","datePublished":"2021-08-30T17:06:41+00:00","description":"Pompe \u00e0 b\u00e9ton + tuyaux et distributeur en tr\u00e8s bon \u00e9tat \u00e0 vendre","breadcrumb":{"@id":"https:\/\/www.jh-itc.de\/fr\/shop\/machines-de-construction\/putzmeister-pompes-a-beton-bsa-1409-f\/#breadcrumb"},"inLanguage":"fr-FR","potentialAction":[{"@type":"ReadAction","target":["https:\/\/www.jh-itc.de\/fr\/shop\/machines-de-construction\/putzmeister-pompes-a-beton-bsa-1409-f\/"]}]},{"@type":"ImageObject","inLanguage":"fr-FR","@id":"https:\/\/www.jh-itc.de\/fr\/shop\/machines-de-construction\/putzmeister-pompes-a-beton-bsa-1409-f\/#primaryimage","url":"https:\/\/www.jh-itc.de\/wp-content\/uploads\/2018\/11\/Putzmeister-BSA-1409-3-Klein.jpeg","contentUrl":"https:\/\/www.jh-itc.de\/wp-content\/uploads\/2018\/11\/Putzmeister-BSA-1409-3-Klein.jpeg","width":800,"height":480},{"@type":"BreadcrumbList","@id":"https:\/\/www.jh-itc.de\/fr\/shop\/machines-de-construction\/putzmeister-pompes-a-beton-bsa-1409-f\/#breadcrumb","itemListElement":[{"@type":"ListItem","position":1,"name":"Home","item":"https:\/\/www.jh-itc.de\/fr\/"},{"@type":"ListItem","position":2,"name":"Boutique","item":"https:\/\/www.jh-itc.de\/fr\/boutique\/"},{"@type":"ListItem","position":3,"name":"Pompe \u00e0 b\u00e9ton Putzmeister BSA 1409 D"}]},{"@type":"WebSite","@id":"https:\/\/www.jh-itc.de\/fr\/#website","url":"https:\/\/www.jh-itc.de\/fr\/","name":"JH - ITC GmbH","description":"Ihr Experte f\u00fcr gebrauchte St\u00fctzen, Schalungen und Ger\u00fcste","publisher":{"@id":"https:\/\/www.jh-itc.de\/fr\/#organization"},"potentialAction":[{"@type":"SearchAction","target":{"@type":"EntryPoint","urlTemplate":"https:\/\/www.jh-itc.de\/fr\/?s={search_term_string}"},"query-input":{"@type":"PropertyValueSpecification","valueRequired":true,"valueName":"search_term_string"}}],"inLanguage":"fr-FR"},{"@type":"Organization","@id":"https:\/\/www.jh-itc.de\/fr\/#organization","name":"JH-ITC GmbH","url":"https:\/\/www.jh-itc.de\/fr\/","logo":{"@type":"ImageObject","inLanguage":"fr-FR","@id":"https:\/\/www.jh-itc.de\/fr\/#\/schema\/logo\/image\/","url":"https:\/\/www.jh-itc.de\/wp-content\/uploads\/2016\/01\/JH-ITC2-1.png","contentUrl":"https:\/\/www.jh-itc.de\/wp-content\/uploads\/2016\/01\/JH-ITC2-1.png","width":300,"height":102,"caption":"JH-ITC GmbH"},"image":{"@id":"https:\/\/www.jh-itc.de\/fr\/#\/schema\/logo\/image\/"},"sameAs":["https:\/\/www.facebook.com\/schalungshandel","https:\/\/x.com\/JH_ITC","https:\/\/www.linkedin.com\/in\/jhitc","https:\/\/youtu.be\/rMdZ-FLfI-Y"]}]}},"_links":{"self":[{"href":"https:\/\/www.jh-itc.de\/fr\/wp-json\/wp\/v2\/product\/31780","targetHints":{"allow":["GET"]}}],"collection":[{"href":"https:\/\/www.jh-itc.de\/fr\/wp-json\/wp\/v2\/product"}],"about":[{"href":"https:\/\/www.jh-itc.de\/fr\/wp-json\/wp\/v2\/types\/product"}],"wp:featuredmedia":[{"embeddable":true,"href":"https:\/\/www.jh-itc.de\/fr\/wp-json\/wp\/v2\/media\/31816"}],"wp:attachment":[{"href":"https:\/\/www.jh-itc.de\/fr\/wp-json\/wp\/v2\/media?parent=31780"}],"wp:term":[{"taxonomy":"product_brand","embeddable":true,"href":"https:\/\/www.jh-itc.de\/fr\/wp-json\/wp\/v2\/product_brand?post=31780"},{"taxonomy":"product_cat","embeddable":true,"href":"https:\/\/www.jh-itc.de\/fr\/wp-json\/wp\/v2\/product_cat?post=31780"},{"taxonomy":"product_tag","embeddable":true,"href":"https:\/\/www.jh-itc.de\/fr\/wp-json\/wp\/v2\/product_tag?post=31780"}],"curies":[{"name":"wp","href":"https:\/\/api.w.org\/{rel}","templated":true}]}}