{"id":31804,"date":"2017-06-26T22:30:29","date_gmt":"2021-08-30T17:06:42","guid":{"rendered":"https:\/\/www.jh-itc.de\/shop\/non class\u00e9\/les-supports-de-huennebeck\/"},"modified":"2021-08-30T19:06:42","modified_gmt":"2021-08-30T17:06:42","slug":"huenebeck-stuetzen","status":"publish","type":"product","link":"https:\/\/www.jh-itc.de\/fr\/shop\/huennebeck-fr\/huenebeck-stuetzen\/","title":{"rendered":"Les supports de H\u00fcnnebeck"},"content":{"rendered":"","protected":false},"excerpt":{"rendered":"<p>Nous proposons les supports H\u00fcnnebeck construits suivants.<\/p>\n<p><strong>652 x H\u00fcnnebeck A300<\/strong><br \/>\n<strong>14 x bo\u00eetes d&#8217;empilage<\/strong><br \/>\n<strong>1562 x H\u00fcnnebeck A 410 + AS 410<\/strong><br \/>\n<strong>32 x bo\u00eetes d&#8217;empilage<\/strong><\/p>\n<p>&nbsp;<\/p>\n<p>&nbsp;<\/p>\n","protected":false},"featured_media":31920,"template":"","meta":[],"product_brand":[],"product_cat":[380,385],"product_tag":[],"class_list":{"0":"post-31804","1":"product","2":"type-product","3":"status-publish","4":"has-post-thumbnail","6":"product_cat-huennebeck-fr","7":"product_cat-supports","9":"first","10":"onbackorder","11":"taxable","12":"shipping-taxable","13":"product-type-simple"},"yoast_head":"<!-- This site is optimized with the Yoast SEO plugin v27.3 - https:\/\/yoast.com\/product\/yoast-seo-wordpress\/ -->\n<title>Les supports de H\u00fcnnebeck - JH - ITC GmbH<\/title>\n<meta name=\"description\" content=\"Les supports de H\u00fcnnebeck\" \/>\n<meta name=\"robots\" content=\"index, follow, max-snippet:-1, max-image-preview:large, max-video-preview:-1\" \/>\n<link rel=\"canonical\" href=\"https:\/\/www.jh-itc.de\/fr\/shop\/huennebeck-fr\/huenebeck-stuetzen\/\" \/>\n<meta property=\"og:locale\" content=\"fr_FR\" \/>\n<meta property=\"og:type\" content=\"article\" \/>\n<meta property=\"og:title\" content=\"Les supports de H\u00fcnnebeck - JH - ITC GmbH\" \/>\n<meta property=\"og:description\" content=\"Les supports de H\u00fcnnebeck\" \/>\n<meta property=\"og:url\" content=\"https:\/\/www.jh-itc.de\/fr\/shop\/huennebeck-fr\/huenebeck-stuetzen\/\" \/>\n<meta property=\"og:site_name\" content=\"JH - ITC GmbH\" \/>\n<meta property=\"article:publisher\" content=\"https:\/\/www.facebook.com\/schalungshandel\" \/>\n<meta property=\"og:image\" content=\"https:\/\/www.jh-itc.de\/wp-content\/uploads\/2017\/06\/76a0571ca7e5f56beb1ba1f9d1ee05df.jpg\" \/>\n\t<meta property=\"og:image:width\" content=\"640\" \/>\n\t<meta property=\"og:image:height\" content=\"480\" \/>\n\t<meta property=\"og:image:type\" content=\"image\/jpeg\" \/>\n<meta name=\"twitter:card\" content=\"summary_large_image\" \/>\n<meta name=\"twitter:site\" content=\"@JH_ITC\" \/>\n<!-- \/ Yoast SEO plugin. -->","yoast_head_json":{"title":"Les supports de H\u00fcnnebeck - JH - ITC GmbH","description":"Les supports de H\u00fcnnebeck","robots":{"index":"index","follow":"follow","max-snippet":"max-snippet:-1","max-image-preview":"max-image-preview:large","max-video-preview":"max-video-preview:-1"},"canonical":"https:\/\/www.jh-itc.de\/fr\/shop\/huennebeck-fr\/huenebeck-stuetzen\/","og_locale":"fr_FR","og_type":"article","og_title":"Les supports de H\u00fcnnebeck - JH - ITC GmbH","og_description":"Les supports de H\u00fcnnebeck","og_url":"https:\/\/www.jh-itc.de\/fr\/shop\/huennebeck-fr\/huenebeck-stuetzen\/","og_site_name":"JH - ITC GmbH","article_publisher":"https:\/\/www.facebook.com\/schalungshandel","og_image":[{"width":640,"height":480,"url":"https:\/\/www.jh-itc.de\/wp-content\/uploads\/2017\/06\/76a0571ca7e5f56beb1ba1f9d1ee05df.jpg","type":"image\/jpeg"}],"twitter_card":"summary_large_image","twitter_site":"@JH_ITC","schema":{"@context":"https:\/\/schema.org","@graph":[{"@type":"WebPage","@id":"https:\/\/www.jh-itc.de\/fr\/shop\/huennebeck-fr\/huenebeck-stuetzen\/","url":"https:\/\/www.jh-itc.de\/fr\/shop\/huennebeck-fr\/huenebeck-stuetzen\/","name":"Les supports de H\u00fcnnebeck - JH - ITC GmbH","isPartOf":{"@id":"https:\/\/www.jh-itc.de\/fr\/#website"},"primaryImageOfPage":{"@id":"https:\/\/www.jh-itc.de\/fr\/shop\/huennebeck-fr\/huenebeck-stuetzen\/#primaryimage"},"image":{"@id":"https:\/\/www.jh-itc.de\/fr\/shop\/huennebeck-fr\/huenebeck-stuetzen\/#primaryimage"},"thumbnailUrl":"https:\/\/www.jh-itc.de\/wp-content\/uploads\/2017\/06\/76a0571ca7e5f56beb1ba1f9d1ee05df.jpg","datePublished":"2021-08-30T17:06:42+00:00","description":"Les supports de H\u00fcnnebeck","breadcrumb":{"@id":"https:\/\/www.jh-itc.de\/fr\/shop\/huennebeck-fr\/huenebeck-stuetzen\/#breadcrumb"},"inLanguage":"fr-FR","potentialAction":[{"@type":"ReadAction","target":["https:\/\/www.jh-itc.de\/fr\/shop\/huennebeck-fr\/huenebeck-stuetzen\/"]}]},{"@type":"ImageObject","inLanguage":"fr-FR","@id":"https:\/\/www.jh-itc.de\/fr\/shop\/huennebeck-fr\/huenebeck-stuetzen\/#primaryimage","url":"https:\/\/www.jh-itc.de\/wp-content\/uploads\/2017\/06\/76a0571ca7e5f56beb1ba1f9d1ee05df.jpg","contentUrl":"https:\/\/www.jh-itc.de\/wp-content\/uploads\/2017\/06\/76a0571ca7e5f56beb1ba1f9d1ee05df.jpg","width":640,"height":480},{"@type":"BreadcrumbList","@id":"https:\/\/www.jh-itc.de\/fr\/shop\/huennebeck-fr\/huenebeck-stuetzen\/#breadcrumb","itemListElement":[{"@type":"ListItem","position":1,"name":"Home","item":"https:\/\/www.jh-itc.de\/fr\/"},{"@type":"ListItem","position":2,"name":"Boutique","item":"https:\/\/www.jh-itc.de\/fr\/boutique\/"},{"@type":"ListItem","position":3,"name":"Les supports de H\u00fcnnebeck"}]},{"@type":"WebSite","@id":"https:\/\/www.jh-itc.de\/fr\/#website","url":"https:\/\/www.jh-itc.de\/fr\/","name":"JH - ITC GmbH","description":"Ihr Experte f\u00fcr gebrauchte St\u00fctzen, Schalungen und Ger\u00fcste","publisher":{"@id":"https:\/\/www.jh-itc.de\/fr\/#organization"},"potentialAction":[{"@type":"SearchAction","target":{"@type":"EntryPoint","urlTemplate":"https:\/\/www.jh-itc.de\/fr\/?s={search_term_string}"},"query-input":{"@type":"PropertyValueSpecification","valueRequired":true,"valueName":"search_term_string"}}],"inLanguage":"fr-FR"},{"@type":"Organization","@id":"https:\/\/www.jh-itc.de\/fr\/#organization","name":"JH-ITC GmbH","url":"https:\/\/www.jh-itc.de\/fr\/","logo":{"@type":"ImageObject","inLanguage":"fr-FR","@id":"https:\/\/www.jh-itc.de\/fr\/#\/schema\/logo\/image\/","url":"https:\/\/www.jh-itc.de\/wp-content\/uploads\/2016\/01\/JH-ITC2-1.png","contentUrl":"https:\/\/www.jh-itc.de\/wp-content\/uploads\/2016\/01\/JH-ITC2-1.png","width":300,"height":102,"caption":"JH-ITC GmbH"},"image":{"@id":"https:\/\/www.jh-itc.de\/fr\/#\/schema\/logo\/image\/"},"sameAs":["https:\/\/www.facebook.com\/schalungshandel","https:\/\/x.com\/JH_ITC","https:\/\/www.linkedin.com\/in\/jhitc","https:\/\/youtu.be\/rMdZ-FLfI-Y"]}]}},"_links":{"self":[{"href":"https:\/\/www.jh-itc.de\/fr\/wp-json\/wp\/v2\/product\/31804","targetHints":{"allow":["GET"]}}],"collection":[{"href":"https:\/\/www.jh-itc.de\/fr\/wp-json\/wp\/v2\/product"}],"about":[{"href":"https:\/\/www.jh-itc.de\/fr\/wp-json\/wp\/v2\/types\/product"}],"wp:featuredmedia":[{"embeddable":true,"href":"https:\/\/www.jh-itc.de\/fr\/wp-json\/wp\/v2\/media\/31920"}],"wp:attachment":[{"href":"https:\/\/www.jh-itc.de\/fr\/wp-json\/wp\/v2\/media?parent=31804"}],"wp:term":[{"taxonomy":"product_brand","embeddable":true,"href":"https:\/\/www.jh-itc.de\/fr\/wp-json\/wp\/v2\/product_brand?post=31804"},{"taxonomy":"product_cat","embeddable":true,"href":"https:\/\/www.jh-itc.de\/fr\/wp-json\/wp\/v2\/product_cat?post=31804"},{"taxonomy":"product_tag","embeddable":true,"href":"https:\/\/www.jh-itc.de\/fr\/wp-json\/wp\/v2\/product_tag?post=31804"}],"curies":[{"name":"wp","href":"https:\/\/api.w.org\/{rel}","templated":true}]}}