{"id":32708,"date":"2019-12-13T00:48:32","date_gmt":"2021-08-30T17:07:17","guid":{"rendered":"https:\/\/www.jh-itc.de\/shop\/non class\u00e9\/doka-ff100-tec\/"},"modified":"2021-08-30T19:07:17","modified_gmt":"2021-08-30T17:07:17","slug":"doka-ff100-tec-2","status":"publish","type":"product","link":"https:\/\/www.jh-itc.de\/fr\/shop\/volets\/doka-ff100-tec-2\/","title":{"rendered":"Doka FF100 tec"},"content":{"rendered":"<p>Le <strong>coffrage de<\/strong> grande surface <strong>Doka FF100 tec<\/strong> est un coffrage de grande surface pr\u00eat \u00e0 l&#8217;emploi, tr\u00e8s r\u00e9sistant, avec une grille syst\u00e8me.<\/p>\n<p><strong>Vitesse de b\u00e9tonnage<\/strong><strong>illimit\u00e9e <\/strong><strong>jusqu&#8217;\u00e0 3,60 m de hauteur de b\u00e9tonnage<br \/>\n<\/strong>\u25aa jusqu&#8217;\u00e0 3,60 m de hauteur de b\u00e9tonnage seulement 2 trous de fixation 20.0<br \/>\n\u25aa charge hydrostatique m\u00eame en utilisant les nouveaux b\u00e9tons.<\/p>\n<p>Jusqu&#8217;\u00e0 3,60 m de hauteur de b\u00e9tonnage charge hydrostatique : 90 kN\/m2<\/p>\n<hr>\n<div class=\"page \">\n<div class=\"productdetail productdetail--tabview \">\n<div>\n<div class=\"productteaser\">\n<div class=\"productteaser__description\">\n<div class=\"uk-container uk-container-center\">\n<p class=\"text-bold\">\n<\/div>\n<\/div>\n<\/div>\n<\/div>\n<\/div>\n<\/div>\n","protected":false},"excerpt":{"rendered":"<p>Nous proposons des <strong>coffrages de grande surface Doka FF 100 tec<\/strong> d&#8217;occasion.<\/p>\n<p>Il est en tr\u00e8s bon \u00e9tat.<\/p>\n<p>Si vous \u00eates int\u00e9ress\u00e9, veuillez nous envoyer votre demande.<\/p>\n<p>&nbsp;<\/p>\n","protected":false},"featured_media":32800,"template":"","meta":[],"product_brand":[],"product_cat":[387,377],"product_tag":[],"class_list":{"0":"post-32708","1":"product","2":"type-product","3":"status-publish","4":"has-post-thumbnail","6":"product_cat-doka-fr","7":"product_cat-volets","9":"first","10":"instock","11":"taxable","12":"shipping-taxable","13":"product-type-simple"},"yoast_head":"<!-- This site is optimized with the Yoast SEO plugin v27.3 - https:\/\/yoast.com\/product\/yoast-seo-wordpress\/ -->\n<title>Doka FF100 tec - JH - ITC GmbH<\/title>\n<meta name=\"description\" content=\"Le coffrage grande surface Doka FF100 tec\" \/>\n<meta name=\"robots\" content=\"index, follow, max-snippet:-1, max-image-preview:large, max-video-preview:-1\" \/>\n<link rel=\"canonical\" href=\"https:\/\/www.jh-itc.de\/fr\/shop\/volets\/doka-ff100-tec-2\/\" \/>\n<meta property=\"og:locale\" content=\"fr_FR\" \/>\n<meta property=\"og:type\" content=\"article\" \/>\n<meta property=\"og:title\" content=\"Doka FF100 tec - JH - ITC GmbH\" \/>\n<meta property=\"og:description\" content=\"Le coffrage grande surface Doka FF100 tec\" \/>\n<meta property=\"og:url\" content=\"https:\/\/www.jh-itc.de\/fr\/shop\/volets\/doka-ff100-tec-2\/\" \/>\n<meta property=\"og:site_name\" content=\"JH - ITC GmbH\" \/>\n<meta property=\"article:publisher\" content=\"https:\/\/www.facebook.com\/schalungshandel\" \/>\n<meta property=\"og:image\" content=\"https:\/\/www.jh-itc.de\/wp-content\/uploads\/2019\/12\/Doka-FF100-tec-1.jpeg\" \/>\n\t<meta property=\"og:image:width\" content=\"640\" \/>\n\t<meta property=\"og:image:height\" content=\"480\" \/>\n\t<meta property=\"og:image:type\" content=\"image\/jpeg\" \/>\n<meta name=\"twitter:card\" content=\"summary_large_image\" \/>\n<meta name=\"twitter:site\" content=\"@JH_ITC\" \/>\n<!-- \/ Yoast SEO plugin. -->","yoast_head_json":{"title":"Doka FF100 tec - JH - ITC GmbH","description":"Le coffrage grande surface Doka FF100 tec","robots":{"index":"index","follow":"follow","max-snippet":"max-snippet:-1","max-image-preview":"max-image-preview:large","max-video-preview":"max-video-preview:-1"},"canonical":"https:\/\/www.jh-itc.de\/fr\/shop\/volets\/doka-ff100-tec-2\/","og_locale":"fr_FR","og_type":"article","og_title":"Doka FF100 tec - JH - ITC GmbH","og_description":"Le coffrage grande surface Doka FF100 tec","og_url":"https:\/\/www.jh-itc.de\/fr\/shop\/volets\/doka-ff100-tec-2\/","og_site_name":"JH - ITC GmbH","article_publisher":"https:\/\/www.facebook.com\/schalungshandel","og_image":[{"width":640,"height":480,"url":"https:\/\/www.jh-itc.de\/wp-content\/uploads\/2019\/12\/Doka-FF100-tec-1.jpeg","type":"image\/jpeg"}],"twitter_card":"summary_large_image","twitter_site":"@JH_ITC","schema":{"@context":"https:\/\/schema.org","@graph":[{"@type":"WebPage","@id":"https:\/\/www.jh-itc.de\/fr\/shop\/volets\/doka-ff100-tec-2\/","url":"https:\/\/www.jh-itc.de\/fr\/shop\/volets\/doka-ff100-tec-2\/","name":"Doka FF100 tec - JH - ITC GmbH","isPartOf":{"@id":"https:\/\/www.jh-itc.de\/fr\/#website"},"primaryImageOfPage":{"@id":"https:\/\/www.jh-itc.de\/fr\/shop\/volets\/doka-ff100-tec-2\/#primaryimage"},"image":{"@id":"https:\/\/www.jh-itc.de\/fr\/shop\/volets\/doka-ff100-tec-2\/#primaryimage"},"thumbnailUrl":"https:\/\/www.jh-itc.de\/wp-content\/uploads\/2019\/12\/Doka-FF100-tec-1.jpeg","datePublished":"2021-08-30T17:07:17+00:00","description":"Le coffrage grande surface Doka FF100 tec","breadcrumb":{"@id":"https:\/\/www.jh-itc.de\/fr\/shop\/volets\/doka-ff100-tec-2\/#breadcrumb"},"inLanguage":"fr-FR","potentialAction":[{"@type":"ReadAction","target":["https:\/\/www.jh-itc.de\/fr\/shop\/volets\/doka-ff100-tec-2\/"]}]},{"@type":"ImageObject","inLanguage":"fr-FR","@id":"https:\/\/www.jh-itc.de\/fr\/shop\/volets\/doka-ff100-tec-2\/#primaryimage","url":"https:\/\/www.jh-itc.de\/wp-content\/uploads\/2019\/12\/Doka-FF100-tec-1.jpeg","contentUrl":"https:\/\/www.jh-itc.de\/wp-content\/uploads\/2019\/12\/Doka-FF100-tec-1.jpeg","width":640,"height":480},{"@type":"BreadcrumbList","@id":"https:\/\/www.jh-itc.de\/fr\/shop\/volets\/doka-ff100-tec-2\/#breadcrumb","itemListElement":[{"@type":"ListItem","position":1,"name":"Home","item":"https:\/\/www.jh-itc.de\/fr\/"},{"@type":"ListItem","position":2,"name":"Boutique","item":"https:\/\/www.jh-itc.de\/fr\/boutique\/"},{"@type":"ListItem","position":3,"name":"Doka FF100 tec"}]},{"@type":"WebSite","@id":"https:\/\/www.jh-itc.de\/fr\/#website","url":"https:\/\/www.jh-itc.de\/fr\/","name":"JH - ITC GmbH","description":"Ihr Experte f\u00fcr gebrauchte St\u00fctzen, Schalungen und Ger\u00fcste","publisher":{"@id":"https:\/\/www.jh-itc.de\/fr\/#organization"},"potentialAction":[{"@type":"SearchAction","target":{"@type":"EntryPoint","urlTemplate":"https:\/\/www.jh-itc.de\/fr\/?s={search_term_string}"},"query-input":{"@type":"PropertyValueSpecification","valueRequired":true,"valueName":"search_term_string"}}],"inLanguage":"fr-FR"},{"@type":"Organization","@id":"https:\/\/www.jh-itc.de\/fr\/#organization","name":"JH-ITC GmbH","url":"https:\/\/www.jh-itc.de\/fr\/","logo":{"@type":"ImageObject","inLanguage":"fr-FR","@id":"https:\/\/www.jh-itc.de\/fr\/#\/schema\/logo\/image\/","url":"https:\/\/www.jh-itc.de\/wp-content\/uploads\/2016\/01\/JH-ITC2-1.png","contentUrl":"https:\/\/www.jh-itc.de\/wp-content\/uploads\/2016\/01\/JH-ITC2-1.png","width":300,"height":102,"caption":"JH-ITC GmbH"},"image":{"@id":"https:\/\/www.jh-itc.de\/fr\/#\/schema\/logo\/image\/"},"sameAs":["https:\/\/www.facebook.com\/schalungshandel","https:\/\/x.com\/JH_ITC","https:\/\/www.linkedin.com\/in\/jhitc","https:\/\/youtu.be\/rMdZ-FLfI-Y"]}]}},"_links":{"self":[{"href":"https:\/\/www.jh-itc.de\/fr\/wp-json\/wp\/v2\/product\/32708","targetHints":{"allow":["GET"]}}],"collection":[{"href":"https:\/\/www.jh-itc.de\/fr\/wp-json\/wp\/v2\/product"}],"about":[{"href":"https:\/\/www.jh-itc.de\/fr\/wp-json\/wp\/v2\/types\/product"}],"wp:featuredmedia":[{"embeddable":true,"href":"https:\/\/www.jh-itc.de\/fr\/wp-json\/wp\/v2\/media\/32800"}],"wp:attachment":[{"href":"https:\/\/www.jh-itc.de\/fr\/wp-json\/wp\/v2\/media?parent=32708"}],"wp:term":[{"taxonomy":"product_brand","embeddable":true,"href":"https:\/\/www.jh-itc.de\/fr\/wp-json\/wp\/v2\/product_brand?post=32708"},{"taxonomy":"product_cat","embeddable":true,"href":"https:\/\/www.jh-itc.de\/fr\/wp-json\/wp\/v2\/product_cat?post=32708"},{"taxonomy":"product_tag","embeddable":true,"href":"https:\/\/www.jh-itc.de\/fr\/wp-json\/wp\/v2\/product_tag?post=32708"}],"curies":[{"name":"wp","href":"https:\/\/api.w.org\/{rel}","templated":true}]}}