{"id":33171,"date":"2020-03-18T23:44:05","date_gmt":"2021-08-30T17:07:38","guid":{"rendered":"https:\/\/www.jh-itc.de\/shop\/non class\u00e9\/echafaudage-mobile-en-aluminium-nouveau\/"},"modified":"2021-08-30T19:07:38","modified_gmt":"2021-08-30T17:07:38","slug":"alu-fahrgeruest-neu-3","status":"publish","type":"product","link":"https:\/\/www.jh-itc.de\/fr\/shop\/echafaudage\/alu-fahrgeruest-neu-3\/","title":{"rendered":"\u00c9chafaudage mobile en aluminium &#8211; NOUVEAU"},"content":{"rendered":"","protected":false},"excerpt":{"rendered":"<p>Nous proposons plusieurs nouveaux \u00e9chafaudages mobiles en aluminium.<\/p>\n<p>Hauteur du stand : 10,35 m<br \/>\nHauteur de travail : 12,40 m<br \/>\nLargeur : 1922cm<\/p>\n<p>L&#8217;\u00e9chafaudage est neuf et disponible imm\u00e9diatement.<\/p>\n<p>Veuillez demander le stock actuel si vous \u00eates int\u00e9ress\u00e9.<\/p>\n","protected":false},"featured_media":33273,"template":"","meta":[],"product_brand":[],"product_cat":[376],"product_tag":[],"class_list":{"0":"post-33171","1":"product","2":"type-product","3":"status-publish","4":"has-post-thumbnail","6":"product_cat-echafaudage","8":"first","9":"instock","10":"taxable","11":"shipping-taxable","12":"product-type-simple"},"yoast_head":"<!-- This site is optimized with the Yoast SEO plugin v27.3 - https:\/\/yoast.com\/product\/yoast-seo-wordpress\/ -->\n<title>\u00c9chafaudage mobile en aluminium - NOUVEAU - JH - ITC GmbH<\/title>\n<meta name=\"description\" content=\"\u00c9chafaudage mobile en aluminium - NOUVEAU. Fabricants renomm\u00e9s \u2714 Coffrages, \u00e9taiements, \u00e9chafaudages &amp; machines de chantier neufs &amp; d&#039;occasion \u2714 Demandez une offre maintenant!\" \/>\n<meta name=\"robots\" content=\"index, follow, max-snippet:-1, max-image-preview:large, max-video-preview:-1\" \/>\n<link rel=\"canonical\" href=\"https:\/\/www.jh-itc.de\/fr\/shop\/echafaudage\/alu-fahrgeruest-neu-3\/\" \/>\n<meta property=\"og:locale\" content=\"fr_FR\" \/>\n<meta property=\"og:type\" content=\"article\" \/>\n<meta property=\"og:title\" content=\"\u00c9chafaudage mobile en aluminium - NOUVEAU - JH - ITC GmbH\" \/>\n<meta property=\"og:description\" content=\"\u00c9chafaudage mobile en aluminium - NOUVEAU. Fabricants renomm\u00e9s \u2714 Coffrages, \u00e9taiements, \u00e9chafaudages &amp; machines de chantier neufs &amp; d&#039;occasion \u2714 Demandez une offre maintenant!\" \/>\n<meta property=\"og:url\" content=\"https:\/\/www.jh-itc.de\/fr\/shop\/echafaudage\/alu-fahrgeruest-neu-3\/\" \/>\n<meta property=\"og:site_name\" content=\"JH - ITC GmbH\" \/>\n<meta property=\"article:publisher\" content=\"https:\/\/www.facebook.com\/schalungshandel\" \/>\n<meta property=\"og:image\" content=\"https:\/\/www.jh-itc.de\/wp-content\/uploads\/2020\/03\/ed26ed8e-1d1f-4914-9a3c-f00828bec5fd-Klein-1.jpg\" \/>\n\t<meta property=\"og:image:width\" content=\"480\" \/>\n\t<meta property=\"og:image:height\" content=\"640\" \/>\n\t<meta property=\"og:image:type\" content=\"image\/jpeg\" \/>\n<meta name=\"twitter:card\" content=\"summary_large_image\" \/>\n<meta name=\"twitter:site\" content=\"@JH_ITC\" \/>\n<!-- \/ Yoast SEO plugin. -->","yoast_head_json":{"title":"\u00c9chafaudage mobile en aluminium - NOUVEAU - JH - ITC GmbH","description":"\u00c9chafaudage mobile en aluminium - NOUVEAU. Fabricants renomm\u00e9s \u2714 Coffrages, \u00e9taiements, \u00e9chafaudages & machines de chantier neufs & d'occasion \u2714 Demandez une offre maintenant!","robots":{"index":"index","follow":"follow","max-snippet":"max-snippet:-1","max-image-preview":"max-image-preview:large","max-video-preview":"max-video-preview:-1"},"canonical":"https:\/\/www.jh-itc.de\/fr\/shop\/echafaudage\/alu-fahrgeruest-neu-3\/","og_locale":"fr_FR","og_type":"article","og_title":"\u00c9chafaudage mobile en aluminium - NOUVEAU - JH - ITC GmbH","og_description":"\u00c9chafaudage mobile en aluminium - NOUVEAU. Fabricants renomm\u00e9s \u2714 Coffrages, \u00e9taiements, \u00e9chafaudages & machines de chantier neufs & d'occasion \u2714 Demandez une offre maintenant!","og_url":"https:\/\/www.jh-itc.de\/fr\/shop\/echafaudage\/alu-fahrgeruest-neu-3\/","og_site_name":"JH - ITC GmbH","article_publisher":"https:\/\/www.facebook.com\/schalungshandel","og_image":[{"width":480,"height":640,"url":"https:\/\/www.jh-itc.de\/wp-content\/uploads\/2020\/03\/ed26ed8e-1d1f-4914-9a3c-f00828bec5fd-Klein-1.jpg","type":"image\/jpeg"}],"twitter_card":"summary_large_image","twitter_site":"@JH_ITC","schema":{"@context":"https:\/\/schema.org","@graph":[{"@type":"WebPage","@id":"https:\/\/www.jh-itc.de\/fr\/shop\/echafaudage\/alu-fahrgeruest-neu-3\/","url":"https:\/\/www.jh-itc.de\/fr\/shop\/echafaudage\/alu-fahrgeruest-neu-3\/","name":"\u00c9chafaudage mobile en aluminium - NOUVEAU - JH - ITC GmbH","isPartOf":{"@id":"https:\/\/www.jh-itc.de\/fr\/#website"},"primaryImageOfPage":{"@id":"https:\/\/www.jh-itc.de\/fr\/shop\/echafaudage\/alu-fahrgeruest-neu-3\/#primaryimage"},"image":{"@id":"https:\/\/www.jh-itc.de\/fr\/shop\/echafaudage\/alu-fahrgeruest-neu-3\/#primaryimage"},"thumbnailUrl":"https:\/\/www.jh-itc.de\/wp-content\/uploads\/2020\/03\/ed26ed8e-1d1f-4914-9a3c-f00828bec5fd-Klein-1.jpg","datePublished":"2021-08-30T17:07:38+00:00","description":"\u00c9chafaudage mobile en aluminium - NOUVEAU. Fabricants renomm\u00e9s \u2714 Coffrages, \u00e9taiements, \u00e9chafaudages & machines de chantier neufs & d'occasion \u2714 Demandez une offre maintenant!","breadcrumb":{"@id":"https:\/\/www.jh-itc.de\/fr\/shop\/echafaudage\/alu-fahrgeruest-neu-3\/#breadcrumb"},"inLanguage":"fr-FR","potentialAction":[{"@type":"ReadAction","target":["https:\/\/www.jh-itc.de\/fr\/shop\/echafaudage\/alu-fahrgeruest-neu-3\/"]}]},{"@type":"ImageObject","inLanguage":"fr-FR","@id":"https:\/\/www.jh-itc.de\/fr\/shop\/echafaudage\/alu-fahrgeruest-neu-3\/#primaryimage","url":"https:\/\/www.jh-itc.de\/wp-content\/uploads\/2020\/03\/ed26ed8e-1d1f-4914-9a3c-f00828bec5fd-Klein-1.jpg","contentUrl":"https:\/\/www.jh-itc.de\/wp-content\/uploads\/2020\/03\/ed26ed8e-1d1f-4914-9a3c-f00828bec5fd-Klein-1.jpg","width":480,"height":640},{"@type":"BreadcrumbList","@id":"https:\/\/www.jh-itc.de\/fr\/shop\/echafaudage\/alu-fahrgeruest-neu-3\/#breadcrumb","itemListElement":[{"@type":"ListItem","position":1,"name":"Home","item":"https:\/\/www.jh-itc.de\/fr\/"},{"@type":"ListItem","position":2,"name":"Boutique","item":"https:\/\/www.jh-itc.de\/fr\/boutique\/"},{"@type":"ListItem","position":3,"name":"\u00c9chafaudage mobile en aluminium &#8211; NOUVEAU"}]},{"@type":"WebSite","@id":"https:\/\/www.jh-itc.de\/fr\/#website","url":"https:\/\/www.jh-itc.de\/fr\/","name":"JH - ITC GmbH","description":"Ihr Experte f\u00fcr gebrauchte St\u00fctzen, Schalungen und Ger\u00fcste","publisher":{"@id":"https:\/\/www.jh-itc.de\/fr\/#organization"},"potentialAction":[{"@type":"SearchAction","target":{"@type":"EntryPoint","urlTemplate":"https:\/\/www.jh-itc.de\/fr\/?s={search_term_string}"},"query-input":{"@type":"PropertyValueSpecification","valueRequired":true,"valueName":"search_term_string"}}],"inLanguage":"fr-FR"},{"@type":"Organization","@id":"https:\/\/www.jh-itc.de\/fr\/#organization","name":"JH-ITC GmbH","url":"https:\/\/www.jh-itc.de\/fr\/","logo":{"@type":"ImageObject","inLanguage":"fr-FR","@id":"https:\/\/www.jh-itc.de\/fr\/#\/schema\/logo\/image\/","url":"https:\/\/www.jh-itc.de\/wp-content\/uploads\/2016\/01\/JH-ITC2-1.png","contentUrl":"https:\/\/www.jh-itc.de\/wp-content\/uploads\/2016\/01\/JH-ITC2-1.png","width":300,"height":102,"caption":"JH-ITC GmbH"},"image":{"@id":"https:\/\/www.jh-itc.de\/fr\/#\/schema\/logo\/image\/"},"sameAs":["https:\/\/www.facebook.com\/schalungshandel","https:\/\/x.com\/JH_ITC","https:\/\/www.linkedin.com\/in\/jhitc","https:\/\/youtu.be\/rMdZ-FLfI-Y"]}]}},"_links":{"self":[{"href":"https:\/\/www.jh-itc.de\/fr\/wp-json\/wp\/v2\/product\/33171","targetHints":{"allow":["GET"]}}],"collection":[{"href":"https:\/\/www.jh-itc.de\/fr\/wp-json\/wp\/v2\/product"}],"about":[{"href":"https:\/\/www.jh-itc.de\/fr\/wp-json\/wp\/v2\/types\/product"}],"wp:featuredmedia":[{"embeddable":true,"href":"https:\/\/www.jh-itc.de\/fr\/wp-json\/wp\/v2\/media\/33273"}],"wp:attachment":[{"href":"https:\/\/www.jh-itc.de\/fr\/wp-json\/wp\/v2\/media?parent=33171"}],"wp:term":[{"taxonomy":"product_brand","embeddable":true,"href":"https:\/\/www.jh-itc.de\/fr\/wp-json\/wp\/v2\/product_brand?post=33171"},{"taxonomy":"product_cat","embeddable":true,"href":"https:\/\/www.jh-itc.de\/fr\/wp-json\/wp\/v2\/product_cat?post=33171"},{"taxonomy":"product_tag","embeddable":true,"href":"https:\/\/www.jh-itc.de\/fr\/wp-json\/wp\/v2\/product_tag?post=33171"}],"curies":[{"name":"wp","href":"https:\/\/api.w.org\/{rel}","templated":true}]}}