{"id":33346,"date":"2017-12-15T20:58:28","date_gmt":"2021-08-30T17:07:49","guid":{"rendered":"https:\/\/www.jh-itc.de\/shop\/non class\u00e9\/meva-dec\/"},"modified":"2021-08-30T19:07:49","modified_gmt":"2021-08-30T17:07:49","slug":"meva-dec-2","status":"publish","type":"product","link":"https:\/\/www.jh-itc.de\/fr\/shop\/meva-fr\/meva-dec-fr\/meva-dec-2\/","title":{"rendered":"Meva Dec"},"content":{"rendered":"","protected":false},"excerpt":{"rendered":"<p>Nous proposons un grand lot de <strong>coffrages Meva Dec<\/strong> d&#8217;occasion.<\/p>\n<p>Le coffrage est en bon \u00e9tat.<\/p>\n<p>Si vous \u00eates int\u00e9ress\u00e9, veuillez nous envoyer votre demande.<\/p>\n<p>&nbsp;<\/p>\n","protected":false},"featured_media":33415,"template":"","meta":[],"product_brand":[],"product_cat":[408,410,377],"product_tag":[],"class_list":{"0":"post-33346","1":"product","2":"type-product","3":"status-publish","4":"has-post-thumbnail","6":"product_cat-meva-fr","7":"product_cat-meva-dec-fr","8":"product_cat-volets","10":"first","11":"instock","12":"taxable","13":"shipping-taxable","14":"product-type-simple"},"yoast_head":"<!-- This site is optimized with the Yoast SEO plugin v27.3 - https:\/\/yoast.com\/product\/yoast-seo-wordpress\/ -->\n<title>Meva Dec - JH - ITC GmbH<\/title>\n<meta name=\"description\" content=\"Coffrage Meva Dec\" \/>\n<meta name=\"robots\" content=\"index, follow, max-snippet:-1, max-image-preview:large, max-video-preview:-1\" \/>\n<link rel=\"canonical\" href=\"https:\/\/www.jh-itc.de\/fr\/shop\/meva-fr\/meva-dec-fr\/meva-dec-2\/\" \/>\n<meta property=\"og:locale\" content=\"fr_FR\" \/>\n<meta property=\"og:type\" content=\"article\" \/>\n<meta property=\"og:title\" content=\"Meva Dec - JH - ITC GmbH\" \/>\n<meta property=\"og:description\" content=\"Coffrage Meva Dec\" \/>\n<meta property=\"og:url\" content=\"https:\/\/www.jh-itc.de\/fr\/shop\/meva-fr\/meva-dec-fr\/meva-dec-2\/\" \/>\n<meta property=\"og:site_name\" content=\"JH - ITC GmbH\" \/>\n<meta property=\"article:publisher\" content=\"https:\/\/www.facebook.com\/schalungshandel\" \/>\n<meta property=\"og:image\" content=\"https:\/\/www.jh-itc.de\/wp-content\/uploads\/2017\/12\/jh-itc_Meva-Dec-11.jpg\" \/>\n\t<meta property=\"og:image:width\" content=\"1024\" \/>\n\t<meta property=\"og:image:height\" content=\"683\" \/>\n\t<meta property=\"og:image:type\" content=\"image\/jpeg\" \/>\n<meta name=\"twitter:card\" content=\"summary_large_image\" \/>\n<meta name=\"twitter:site\" content=\"@JH_ITC\" \/>\n<!-- \/ Yoast SEO plugin. -->","yoast_head_json":{"title":"Meva Dec - JH - ITC GmbH","description":"Coffrage Meva Dec","robots":{"index":"index","follow":"follow","max-snippet":"max-snippet:-1","max-image-preview":"max-image-preview:large","max-video-preview":"max-video-preview:-1"},"canonical":"https:\/\/www.jh-itc.de\/fr\/shop\/meva-fr\/meva-dec-fr\/meva-dec-2\/","og_locale":"fr_FR","og_type":"article","og_title":"Meva Dec - JH - ITC GmbH","og_description":"Coffrage Meva Dec","og_url":"https:\/\/www.jh-itc.de\/fr\/shop\/meva-fr\/meva-dec-fr\/meva-dec-2\/","og_site_name":"JH - ITC GmbH","article_publisher":"https:\/\/www.facebook.com\/schalungshandel","og_image":[{"width":1024,"height":683,"url":"https:\/\/www.jh-itc.de\/wp-content\/uploads\/2017\/12\/jh-itc_Meva-Dec-11.jpg","type":"image\/jpeg"}],"twitter_card":"summary_large_image","twitter_site":"@JH_ITC","schema":{"@context":"https:\/\/schema.org","@graph":[{"@type":"WebPage","@id":"https:\/\/www.jh-itc.de\/fr\/shop\/meva-fr\/meva-dec-fr\/meva-dec-2\/","url":"https:\/\/www.jh-itc.de\/fr\/shop\/meva-fr\/meva-dec-fr\/meva-dec-2\/","name":"Meva Dec - JH - ITC GmbH","isPartOf":{"@id":"https:\/\/www.jh-itc.de\/fr\/#website"},"primaryImageOfPage":{"@id":"https:\/\/www.jh-itc.de\/fr\/shop\/meva-fr\/meva-dec-fr\/meva-dec-2\/#primaryimage"},"image":{"@id":"https:\/\/www.jh-itc.de\/fr\/shop\/meva-fr\/meva-dec-fr\/meva-dec-2\/#primaryimage"},"thumbnailUrl":"https:\/\/www.jh-itc.de\/wp-content\/uploads\/2017\/12\/jh-itc_Meva-Dec-11.jpg","datePublished":"2021-08-30T17:07:49+00:00","description":"Coffrage Meva Dec","breadcrumb":{"@id":"https:\/\/www.jh-itc.de\/fr\/shop\/meva-fr\/meva-dec-fr\/meva-dec-2\/#breadcrumb"},"inLanguage":"fr-FR","potentialAction":[{"@type":"ReadAction","target":["https:\/\/www.jh-itc.de\/fr\/shop\/meva-fr\/meva-dec-fr\/meva-dec-2\/"]}]},{"@type":"ImageObject","inLanguage":"fr-FR","@id":"https:\/\/www.jh-itc.de\/fr\/shop\/meva-fr\/meva-dec-fr\/meva-dec-2\/#primaryimage","url":"https:\/\/www.jh-itc.de\/wp-content\/uploads\/2017\/12\/jh-itc_Meva-Dec-11.jpg","contentUrl":"https:\/\/www.jh-itc.de\/wp-content\/uploads\/2017\/12\/jh-itc_Meva-Dec-11.jpg","width":1024,"height":683},{"@type":"BreadcrumbList","@id":"https:\/\/www.jh-itc.de\/fr\/shop\/meva-fr\/meva-dec-fr\/meva-dec-2\/#breadcrumb","itemListElement":[{"@type":"ListItem","position":1,"name":"Home","item":"https:\/\/www.jh-itc.de\/fr\/"},{"@type":"ListItem","position":2,"name":"Boutique","item":"https:\/\/www.jh-itc.de\/fr\/boutique\/"},{"@type":"ListItem","position":3,"name":"Meva Dec"}]},{"@type":"WebSite","@id":"https:\/\/www.jh-itc.de\/fr\/#website","url":"https:\/\/www.jh-itc.de\/fr\/","name":"JH - ITC GmbH","description":"Ihr Experte f\u00fcr gebrauchte St\u00fctzen, Schalungen und Ger\u00fcste","publisher":{"@id":"https:\/\/www.jh-itc.de\/fr\/#organization"},"potentialAction":[{"@type":"SearchAction","target":{"@type":"EntryPoint","urlTemplate":"https:\/\/www.jh-itc.de\/fr\/?s={search_term_string}"},"query-input":{"@type":"PropertyValueSpecification","valueRequired":true,"valueName":"search_term_string"}}],"inLanguage":"fr-FR"},{"@type":"Organization","@id":"https:\/\/www.jh-itc.de\/fr\/#organization","name":"JH-ITC GmbH","url":"https:\/\/www.jh-itc.de\/fr\/","logo":{"@type":"ImageObject","inLanguage":"fr-FR","@id":"https:\/\/www.jh-itc.de\/fr\/#\/schema\/logo\/image\/","url":"https:\/\/www.jh-itc.de\/wp-content\/uploads\/2016\/01\/JH-ITC2-1.png","contentUrl":"https:\/\/www.jh-itc.de\/wp-content\/uploads\/2016\/01\/JH-ITC2-1.png","width":300,"height":102,"caption":"JH-ITC GmbH"},"image":{"@id":"https:\/\/www.jh-itc.de\/fr\/#\/schema\/logo\/image\/"},"sameAs":["https:\/\/www.facebook.com\/schalungshandel","https:\/\/x.com\/JH_ITC","https:\/\/www.linkedin.com\/in\/jhitc","https:\/\/youtu.be\/rMdZ-FLfI-Y"]}]}},"_links":{"self":[{"href":"https:\/\/www.jh-itc.de\/fr\/wp-json\/wp\/v2\/product\/33346","targetHints":{"allow":["GET"]}}],"collection":[{"href":"https:\/\/www.jh-itc.de\/fr\/wp-json\/wp\/v2\/product"}],"about":[{"href":"https:\/\/www.jh-itc.de\/fr\/wp-json\/wp\/v2\/types\/product"}],"wp:featuredmedia":[{"embeddable":true,"href":"https:\/\/www.jh-itc.de\/fr\/wp-json\/wp\/v2\/media\/33415"}],"wp:attachment":[{"href":"https:\/\/www.jh-itc.de\/fr\/wp-json\/wp\/v2\/media?parent=33346"}],"wp:term":[{"taxonomy":"product_brand","embeddable":true,"href":"https:\/\/www.jh-itc.de\/fr\/wp-json\/wp\/v2\/product_brand?post=33346"},{"taxonomy":"product_cat","embeddable":true,"href":"https:\/\/www.jh-itc.de\/fr\/wp-json\/wp\/v2\/product_cat?post=33346"},{"taxonomy":"product_tag","embeddable":true,"href":"https:\/\/www.jh-itc.de\/fr\/wp-json\/wp\/v2\/product_tag?post=33346"}],"curies":[{"name":"wp","href":"https:\/\/api.w.org\/{rel}","templated":true}]}}