{"id":42640,"date":"2023-02-03T16:09:03","date_gmt":"2023-04-24T13:51:38","guid":{"rendered":"https:\/\/www.jh-itc.de\/shop\/non class\u00e9\/coffrage-de-colonne-peri-rapid\/"},"modified":"2023-04-24T15:51:38","modified_gmt":"2023-04-24T13:51:38","slug":"peri-rapid-coffrage-de-colonnes-2","status":"publish","type":"product","link":"https:\/\/www.jh-itc.de\/fr\/shop\/volets\/peri-rapid-coffrage-de-colonnes-2\/","title":{"rendered":"Coffrage de colonne Peri Rapid"},"content":{"rendered":"<p>Le coffrage de poteaux QUATTRO en une partie convient pour le coffrage de poteaux carr\u00e9s ou rectangulaires jusqu&#8217;\u00e0 4,50 m de hauteur.<\/p>\n<p>La colonne compl\u00e8te, y compris les \u00e9tais d&#8217;alignement et la plate-forme de b\u00e9tonnage, peut \u00eatre d\u00e9plac\u00e9e avec un seul levage de grue.<\/p>\n<p>Si n\u00e9cessaire, le d\u00e9placement peut \u00e9galement \u00eatre effectu\u00e9 manuellement \u00e0 l&#8217;aide de 4 roues de d\u00e9placement. La peau coffrante en plastique de haute qualit\u00e9, viss\u00e9e par l&#8217;arri\u00e8re, permet en principe d&#8217;obtenir un b\u00e9ton apparent de haute qualit\u00e9.<\/p>\n","protected":false},"excerpt":{"rendered":"<p>Nous proposons un lot de coffrages de poteaux Peri Rapid d&#8217;occasion.<\/p>\n<p><strong><em>14 pi\u00e8ces PERI Rapid Cadre \u00e0 colonnes 300&#215;79,5 Alu<\/em><\/strong><\/p>\n<p><strong><em>44 pi\u00e8ces PERI Rapid Cadre \u00e0 colonnes 210&#215;79,5 Alu<\/em><\/strong><\/p>\n<p><strong><em>28 pi\u00e8ces PERI Rapid Cadre \u00e0 colonnes 60&#215;79,5 Alu<\/em><\/strong><\/p>\n<p><strong><em>61 pi\u00e8ces PERI Raccord pour \u00e9tais tirant-poussant 3-Rapid<\/em><\/strong><\/p>\n<p><strong><em>77 pi\u00e8ces PERI Suspension de grue-2 RAPID<\/em><\/strong><\/p>\n<p><strong><em>36 pi\u00e8ces PERI QUATTRO Plate-forme Garde-corps 134 galv.<\/em><\/strong><\/p>\n<p><strong><em>13 pi\u00e8ces PERI Plateforme de b\u00e9tonnage compl\u00e8te<\/em><\/strong><\/p>\n<p><strong><em>6 pi\u00e8ces PERI TRIO Raccordement d&#8217;\u00e9chelle<\/em><\/strong><\/p>\n<p><strong><em>28 pi\u00e8ces PERI QUATTRO Plate-forme Garde-corps 52 galv.<\/em><\/strong><\/p>\n<p><strong><em>17 pi\u00e8ces PERI QUATTRO Raccord d&#8217;\u00e9tai directionnel QR<\/em><\/strong><\/p>\n<p><strong><em>522 pi\u00e8ces PERI RAPID Boulon \u00e0 embo\u00eeter \u00f820&#215;205<\/em><\/strong><\/p>\n<p>&nbsp;<\/p>\n<p>Si vous \u00eates int\u00e9ress\u00e9, veuillez nous envoyer votre demande.<\/p>\n","protected":false},"featured_media":41005,"template":"","meta":[],"product_brand":[],"product_cat":[378,377],"product_tag":[],"class_list":{"0":"post-42640","1":"product","2":"type-product","3":"status-publish","4":"has-post-thumbnail","6":"product_cat-peri-fr","7":"product_cat-volets","9":"first","10":"instock","11":"taxable","12":"shipping-taxable","13":"product-type-simple"},"yoast_head":"<!-- This site is optimized with the Yoast SEO plugin v27.3 - https:\/\/yoast.com\/product\/yoast-seo-wordpress\/ -->\n<title>Coffrage de colonne Peri Rapid - JH - ITC GmbH<\/title>\n<meta name=\"description\" content=\"Coffrage de colonne Peri Rapid. Fabricants renomm\u00e9s \u2714 Coffrages, \u00e9taiements, \u00e9chafaudages &amp; machines de chantier neufs &amp; d&#039;occasion \u2714 Demandez une offre maintenant!\" \/>\n<meta name=\"robots\" content=\"index, follow, max-snippet:-1, max-image-preview:large, max-video-preview:-1\" \/>\n<link rel=\"canonical\" href=\"https:\/\/www.jh-itc.de\/fr\/shop\/volets\/peri-rapid-coffrage-de-colonnes-2\/\" \/>\n<meta property=\"og:locale\" content=\"fr_FR\" \/>\n<meta property=\"og:type\" content=\"article\" \/>\n<meta property=\"og:title\" content=\"Coffrage de colonne Peri Rapid - JH - ITC GmbH\" \/>\n<meta property=\"og:description\" content=\"Coffrage de colonne Peri Rapid. Fabricants renomm\u00e9s \u2714 Coffrages, \u00e9taiements, \u00e9chafaudages &amp; machines de chantier neufs &amp; d&#039;occasion \u2714 Demandez une offre maintenant!\" \/>\n<meta property=\"og:url\" content=\"https:\/\/www.jh-itc.de\/fr\/shop\/volets\/peri-rapid-coffrage-de-colonnes-2\/\" \/>\n<meta property=\"og:site_name\" content=\"JH - ITC GmbH\" \/>\n<meta property=\"article:publisher\" content=\"https:\/\/www.facebook.com\/schalungshandel\" \/>\n<meta property=\"og:image\" content=\"https:\/\/www.jh-itc.de\/wp-content\/uploads\/2023\/02\/Peri-Rapid-1.jpg\" \/>\n\t<meta property=\"og:image:width\" content=\"1600\" \/>\n\t<meta property=\"og:image:height\" content=\"1200\" \/>\n\t<meta property=\"og:image:type\" content=\"image\/jpeg\" \/>\n<meta name=\"twitter:card\" content=\"summary_large_image\" \/>\n<meta name=\"twitter:site\" content=\"@JH_ITC\" \/>\n<!-- \/ Yoast SEO plugin. -->","yoast_head_json":{"title":"Coffrage de colonne Peri Rapid - JH - ITC GmbH","description":"Coffrage de colonne Peri Rapid. Fabricants renomm\u00e9s \u2714 Coffrages, \u00e9taiements, \u00e9chafaudages & machines de chantier neufs & d'occasion \u2714 Demandez une offre maintenant!","robots":{"index":"index","follow":"follow","max-snippet":"max-snippet:-1","max-image-preview":"max-image-preview:large","max-video-preview":"max-video-preview:-1"},"canonical":"https:\/\/www.jh-itc.de\/fr\/shop\/volets\/peri-rapid-coffrage-de-colonnes-2\/","og_locale":"fr_FR","og_type":"article","og_title":"Coffrage de colonne Peri Rapid - JH - ITC GmbH","og_description":"Coffrage de colonne Peri Rapid. Fabricants renomm\u00e9s \u2714 Coffrages, \u00e9taiements, \u00e9chafaudages & machines de chantier neufs & d'occasion \u2714 Demandez une offre maintenant!","og_url":"https:\/\/www.jh-itc.de\/fr\/shop\/volets\/peri-rapid-coffrage-de-colonnes-2\/","og_site_name":"JH - ITC GmbH","article_publisher":"https:\/\/www.facebook.com\/schalungshandel","og_image":[{"width":1600,"height":1200,"url":"https:\/\/www.jh-itc.de\/wp-content\/uploads\/2023\/02\/Peri-Rapid-1.jpg","type":"image\/jpeg"}],"twitter_card":"summary_large_image","twitter_site":"@JH_ITC","schema":{"@context":"https:\/\/schema.org","@graph":[{"@type":"WebPage","@id":"https:\/\/www.jh-itc.de\/fr\/shop\/volets\/peri-rapid-coffrage-de-colonnes-2\/","url":"https:\/\/www.jh-itc.de\/fr\/shop\/volets\/peri-rapid-coffrage-de-colonnes-2\/","name":"Coffrage de colonne Peri Rapid - JH - ITC GmbH","isPartOf":{"@id":"https:\/\/www.jh-itc.de\/fr\/#website"},"primaryImageOfPage":{"@id":"https:\/\/www.jh-itc.de\/fr\/shop\/volets\/peri-rapid-coffrage-de-colonnes-2\/#primaryimage"},"image":{"@id":"https:\/\/www.jh-itc.de\/fr\/shop\/volets\/peri-rapid-coffrage-de-colonnes-2\/#primaryimage"},"thumbnailUrl":"https:\/\/www.jh-itc.de\/wp-content\/uploads\/2023\/02\/Peri-Rapid-1.jpg","datePublished":"2023-04-24T13:51:38+00:00","description":"Coffrage de colonne Peri Rapid. Fabricants renomm\u00e9s \u2714 Coffrages, \u00e9taiements, \u00e9chafaudages & machines de chantier neufs & d'occasion \u2714 Demandez une offre maintenant!","breadcrumb":{"@id":"https:\/\/www.jh-itc.de\/fr\/shop\/volets\/peri-rapid-coffrage-de-colonnes-2\/#breadcrumb"},"inLanguage":"fr-FR","potentialAction":[{"@type":"ReadAction","target":["https:\/\/www.jh-itc.de\/fr\/shop\/volets\/peri-rapid-coffrage-de-colonnes-2\/"]}]},{"@type":"ImageObject","inLanguage":"fr-FR","@id":"https:\/\/www.jh-itc.de\/fr\/shop\/volets\/peri-rapid-coffrage-de-colonnes-2\/#primaryimage","url":"https:\/\/www.jh-itc.de\/wp-content\/uploads\/2023\/02\/Peri-Rapid-1.jpg","contentUrl":"https:\/\/www.jh-itc.de\/wp-content\/uploads\/2023\/02\/Peri-Rapid-1.jpg","width":1600,"height":1200},{"@type":"BreadcrumbList","@id":"https:\/\/www.jh-itc.de\/fr\/shop\/volets\/peri-rapid-coffrage-de-colonnes-2\/#breadcrumb","itemListElement":[{"@type":"ListItem","position":1,"name":"Home","item":"https:\/\/www.jh-itc.de\/fr\/"},{"@type":"ListItem","position":2,"name":"Boutique","item":"https:\/\/www.jh-itc.de\/fr\/boutique\/"},{"@type":"ListItem","position":3,"name":"Coffrage de colonne Peri Rapid"}]},{"@type":"WebSite","@id":"https:\/\/www.jh-itc.de\/fr\/#website","url":"https:\/\/www.jh-itc.de\/fr\/","name":"JH - ITC GmbH","description":"Ihr Experte f\u00fcr gebrauchte St\u00fctzen, Schalungen und Ger\u00fcste","publisher":{"@id":"https:\/\/www.jh-itc.de\/fr\/#organization"},"potentialAction":[{"@type":"SearchAction","target":{"@type":"EntryPoint","urlTemplate":"https:\/\/www.jh-itc.de\/fr\/?s={search_term_string}"},"query-input":{"@type":"PropertyValueSpecification","valueRequired":true,"valueName":"search_term_string"}}],"inLanguage":"fr-FR"},{"@type":"Organization","@id":"https:\/\/www.jh-itc.de\/fr\/#organization","name":"JH-ITC GmbH","url":"https:\/\/www.jh-itc.de\/fr\/","logo":{"@type":"ImageObject","inLanguage":"fr-FR","@id":"https:\/\/www.jh-itc.de\/fr\/#\/schema\/logo\/image\/","url":"https:\/\/www.jh-itc.de\/wp-content\/uploads\/2016\/01\/JH-ITC2-1.png","contentUrl":"https:\/\/www.jh-itc.de\/wp-content\/uploads\/2016\/01\/JH-ITC2-1.png","width":300,"height":102,"caption":"JH-ITC GmbH"},"image":{"@id":"https:\/\/www.jh-itc.de\/fr\/#\/schema\/logo\/image\/"},"sameAs":["https:\/\/www.facebook.com\/schalungshandel","https:\/\/x.com\/JH_ITC","https:\/\/www.linkedin.com\/in\/jhitc","https:\/\/youtu.be\/rMdZ-FLfI-Y"]}]}},"_links":{"self":[{"href":"https:\/\/www.jh-itc.de\/fr\/wp-json\/wp\/v2\/product\/42640","targetHints":{"allow":["GET"]}}],"collection":[{"href":"https:\/\/www.jh-itc.de\/fr\/wp-json\/wp\/v2\/product"}],"about":[{"href":"https:\/\/www.jh-itc.de\/fr\/wp-json\/wp\/v2\/types\/product"}],"wp:featuredmedia":[{"embeddable":true,"href":"https:\/\/www.jh-itc.de\/fr\/wp-json\/wp\/v2\/media\/41005"}],"wp:attachment":[{"href":"https:\/\/www.jh-itc.de\/fr\/wp-json\/wp\/v2\/media?parent=42640"}],"wp:term":[{"taxonomy":"product_brand","embeddable":true,"href":"https:\/\/www.jh-itc.de\/fr\/wp-json\/wp\/v2\/product_brand?post=42640"},{"taxonomy":"product_cat","embeddable":true,"href":"https:\/\/www.jh-itc.de\/fr\/wp-json\/wp\/v2\/product_cat?post=42640"},{"taxonomy":"product_tag","embeddable":true,"href":"https:\/\/www.jh-itc.de\/fr\/wp-json\/wp\/v2\/product_tag?post=42640"}],"curies":[{"name":"wp","href":"https:\/\/api.w.org\/{rel}","templated":true}]}}