{"id":42724,"date":"2022-09-30T19:18:40","date_gmt":"2023-04-24T13:52:37","guid":{"rendered":"https:\/\/www.jh-itc.de\/shop\/non class\u00e9\/etai-directionnel-huennebeck-plx-335\/"},"modified":"2023-04-24T15:52:37","modified_gmt":"2023-04-24T13:52:37","slug":"huennebeck-barre-de-redressement-plx-335","status":"publish","type":"product","link":"https:\/\/www.jh-itc.de\/fr\/shop\/huennebeck-fr\/huennebeck-barre-de-redressement-plx-335\/","title":{"rendered":"Etai directionnel H\u00fcnnebeck PLX 335"},"content":{"rendered":"","protected":false},"excerpt":{"rendered":"<p>Nous proposons de nouveaux \u00e9tais de r\u00e9glage H\u00fcnnebeck PLX 335.<\/p>\n<p>Ceux-ci sont extensibles de 2,17 \u00e0 3,35m.<\/p>\n<p>Si vous \u00eates int\u00e9ress\u00e9, veuillez nous envoyer votre demande.<\/p>\n","protected":false},"featured_media":39835,"template":"","meta":[],"product_brand":[],"product_cat":[380,385],"product_tag":[],"class_list":{"0":"post-42724","1":"product","2":"type-product","3":"status-publish","4":"has-post-thumbnail","6":"product_cat-huennebeck-fr","7":"product_cat-supports","9":"first","10":"instock","11":"taxable","12":"shipping-taxable","13":"product-type-simple"},"yoast_head":"<!-- This site is optimized with the Yoast SEO plugin v27.4 - https:\/\/yoast.com\/product\/yoast-seo-wordpress\/ -->\n<title>Etai directionnel H\u00fcnnebeck PLX 335 - JH - ITC GmbH<\/title>\n<meta name=\"description\" content=\"Etai directionnel H\u00fcnnebeck PLX 335. Fabricants renomm\u00e9s \u2714 Coffrages, \u00e9taiements, \u00e9chafaudages &amp; machines de chantier neufs &amp; d&#039;occasion \u2714 Demandez une offre maintenant!\" \/>\n<meta name=\"robots\" content=\"index, follow, max-snippet:-1, max-image-preview:large, max-video-preview:-1\" \/>\n<link rel=\"canonical\" href=\"https:\/\/www.jh-itc.de\/fr\/shop\/huennebeck-fr\/huennebeck-barre-de-redressement-plx-335\/\" \/>\n<meta property=\"og:locale\" content=\"fr_FR\" \/>\n<meta property=\"og:type\" content=\"article\" \/>\n<meta property=\"og:title\" content=\"Etai directionnel H\u00fcnnebeck PLX 335 - JH - ITC GmbH\" \/>\n<meta property=\"og:description\" content=\"Etai directionnel H\u00fcnnebeck PLX 335. Fabricants renomm\u00e9s \u2714 Coffrages, \u00e9taiements, \u00e9chafaudages &amp; machines de chantier neufs &amp; d&#039;occasion \u2714 Demandez une offre maintenant!\" \/>\n<meta property=\"og:url\" content=\"https:\/\/www.jh-itc.de\/fr\/shop\/huennebeck-fr\/huennebeck-barre-de-redressement-plx-335\/\" \/>\n<meta property=\"og:site_name\" content=\"JH - ITC GmbH\" \/>\n<meta property=\"article:publisher\" content=\"https:\/\/www.facebook.com\/schalungshandel\" \/>\n<meta property=\"og:image\" content=\"https:\/\/www.jh-itc.de\/wp-content\/uploads\/2022\/09\/Huennebeck-Richtstrebe-_www.jh-itc.de-2.jpg\" \/>\n\t<meta property=\"og:image:width\" content=\"1512\" \/>\n\t<meta property=\"og:image:height\" content=\"2016\" \/>\n\t<meta property=\"og:image:type\" content=\"image\/jpeg\" \/>\n<meta name=\"twitter:card\" content=\"summary_large_image\" \/>\n<meta name=\"twitter:site\" content=\"@JH_ITC\" \/>\n<!-- \/ Yoast SEO plugin. -->","yoast_head_json":{"title":"Etai directionnel H\u00fcnnebeck PLX 335 - JH - ITC GmbH","description":"Etai directionnel H\u00fcnnebeck PLX 335. Fabricants renomm\u00e9s \u2714 Coffrages, \u00e9taiements, \u00e9chafaudages & machines de chantier neufs & d'occasion \u2714 Demandez une offre maintenant!","robots":{"index":"index","follow":"follow","max-snippet":"max-snippet:-1","max-image-preview":"max-image-preview:large","max-video-preview":"max-video-preview:-1"},"canonical":"https:\/\/www.jh-itc.de\/fr\/shop\/huennebeck-fr\/huennebeck-barre-de-redressement-plx-335\/","og_locale":"fr_FR","og_type":"article","og_title":"Etai directionnel H\u00fcnnebeck PLX 335 - JH - ITC GmbH","og_description":"Etai directionnel H\u00fcnnebeck PLX 335. Fabricants renomm\u00e9s \u2714 Coffrages, \u00e9taiements, \u00e9chafaudages & machines de chantier neufs & d'occasion \u2714 Demandez une offre maintenant!","og_url":"https:\/\/www.jh-itc.de\/fr\/shop\/huennebeck-fr\/huennebeck-barre-de-redressement-plx-335\/","og_site_name":"JH - ITC GmbH","article_publisher":"https:\/\/www.facebook.com\/schalungshandel","og_image":[{"width":1512,"height":2016,"url":"https:\/\/www.jh-itc.de\/wp-content\/uploads\/2022\/09\/Huennebeck-Richtstrebe-_www.jh-itc.de-2.jpg","type":"image\/jpeg"}],"twitter_card":"summary_large_image","twitter_site":"@JH_ITC","schema":{"@context":"https:\/\/schema.org","@graph":[{"@type":"WebPage","@id":"https:\/\/www.jh-itc.de\/fr\/shop\/huennebeck-fr\/huennebeck-barre-de-redressement-plx-335\/","url":"https:\/\/www.jh-itc.de\/fr\/shop\/huennebeck-fr\/huennebeck-barre-de-redressement-plx-335\/","name":"Etai directionnel H\u00fcnnebeck PLX 335 - JH - ITC GmbH","isPartOf":{"@id":"https:\/\/www.jh-itc.de\/fr\/#website"},"primaryImageOfPage":{"@id":"https:\/\/www.jh-itc.de\/fr\/shop\/huennebeck-fr\/huennebeck-barre-de-redressement-plx-335\/#primaryimage"},"image":{"@id":"https:\/\/www.jh-itc.de\/fr\/shop\/huennebeck-fr\/huennebeck-barre-de-redressement-plx-335\/#primaryimage"},"thumbnailUrl":"https:\/\/www.jh-itc.de\/wp-content\/uploads\/2022\/09\/Huennebeck-Richtstrebe-_www.jh-itc.de-2.jpg","datePublished":"2023-04-24T13:52:37+00:00","description":"Etai directionnel H\u00fcnnebeck PLX 335. Fabricants renomm\u00e9s \u2714 Coffrages, \u00e9taiements, \u00e9chafaudages & machines de chantier neufs & d'occasion \u2714 Demandez une offre maintenant!","breadcrumb":{"@id":"https:\/\/www.jh-itc.de\/fr\/shop\/huennebeck-fr\/huennebeck-barre-de-redressement-plx-335\/#breadcrumb"},"inLanguage":"fr-FR","potentialAction":[{"@type":"ReadAction","target":["https:\/\/www.jh-itc.de\/fr\/shop\/huennebeck-fr\/huennebeck-barre-de-redressement-plx-335\/"]}]},{"@type":"ImageObject","inLanguage":"fr-FR","@id":"https:\/\/www.jh-itc.de\/fr\/shop\/huennebeck-fr\/huennebeck-barre-de-redressement-plx-335\/#primaryimage","url":"https:\/\/www.jh-itc.de\/wp-content\/uploads\/2022\/09\/Huennebeck-Richtstrebe-_www.jh-itc.de-2.jpg","contentUrl":"https:\/\/www.jh-itc.de\/wp-content\/uploads\/2022\/09\/Huennebeck-Richtstrebe-_www.jh-itc.de-2.jpg","width":1512,"height":2016},{"@type":"BreadcrumbList","@id":"https:\/\/www.jh-itc.de\/fr\/shop\/huennebeck-fr\/huennebeck-barre-de-redressement-plx-335\/#breadcrumb","itemListElement":[{"@type":"ListItem","position":1,"name":"Home","item":"https:\/\/www.jh-itc.de\/fr\/"},{"@type":"ListItem","position":2,"name":"Boutique","item":"https:\/\/www.jh-itc.de\/fr\/boutique\/"},{"@type":"ListItem","position":3,"name":"Etai directionnel H\u00fcnnebeck PLX 335"}]},{"@type":"WebSite","@id":"https:\/\/www.jh-itc.de\/fr\/#website","url":"https:\/\/www.jh-itc.de\/fr\/","name":"JH - ITC GmbH","description":"Ihr Experte f\u00fcr gebrauchte St\u00fctzen, Schalungen und Ger\u00fcste","publisher":{"@id":"https:\/\/www.jh-itc.de\/fr\/#organization"},"potentialAction":[{"@type":"SearchAction","target":{"@type":"EntryPoint","urlTemplate":"https:\/\/www.jh-itc.de\/fr\/?s={search_term_string}"},"query-input":{"@type":"PropertyValueSpecification","valueRequired":true,"valueName":"search_term_string"}}],"inLanguage":"fr-FR"},{"@type":"Organization","@id":"https:\/\/www.jh-itc.de\/fr\/#organization","name":"JH-ITC GmbH","url":"https:\/\/www.jh-itc.de\/fr\/","logo":{"@type":"ImageObject","inLanguage":"fr-FR","@id":"https:\/\/www.jh-itc.de\/fr\/#\/schema\/logo\/image\/","url":"https:\/\/www.jh-itc.de\/wp-content\/uploads\/2016\/01\/JH-ITC2-1.png","contentUrl":"https:\/\/www.jh-itc.de\/wp-content\/uploads\/2016\/01\/JH-ITC2-1.png","width":300,"height":102,"caption":"JH-ITC GmbH"},"image":{"@id":"https:\/\/www.jh-itc.de\/fr\/#\/schema\/logo\/image\/"},"sameAs":["https:\/\/www.facebook.com\/schalungshandel","https:\/\/x.com\/JH_ITC","https:\/\/www.linkedin.com\/in\/jhitc","https:\/\/youtu.be\/rMdZ-FLfI-Y"]}]}},"_links":{"self":[{"href":"https:\/\/www.jh-itc.de\/fr\/wp-json\/wp\/v2\/product\/42724","targetHints":{"allow":["GET"]}}],"collection":[{"href":"https:\/\/www.jh-itc.de\/fr\/wp-json\/wp\/v2\/product"}],"about":[{"href":"https:\/\/www.jh-itc.de\/fr\/wp-json\/wp\/v2\/types\/product"}],"wp:featuredmedia":[{"embeddable":true,"href":"https:\/\/www.jh-itc.de\/fr\/wp-json\/wp\/v2\/media\/39835"}],"wp:attachment":[{"href":"https:\/\/www.jh-itc.de\/fr\/wp-json\/wp\/v2\/media?parent=42724"}],"wp:term":[{"taxonomy":"product_brand","embeddable":true,"href":"https:\/\/www.jh-itc.de\/fr\/wp-json\/wp\/v2\/product_brand?post=42724"},{"taxonomy":"product_cat","embeddable":true,"href":"https:\/\/www.jh-itc.de\/fr\/wp-json\/wp\/v2\/product_cat?post=42724"},{"taxonomy":"product_tag","embeddable":true,"href":"https:\/\/www.jh-itc.de\/fr\/wp-json\/wp\/v2\/product_tag?post=42724"}],"curies":[{"name":"wp","href":"https:\/\/api.w.org\/{rel}","templated":true}]}}