{"id":42751,"date":"2022-11-29T13:38:02","date_gmt":"2023-04-24T13:52:43","guid":{"rendered":"https:\/\/www.jh-itc.de\/shop\/non class\u00e9\/coffrage-de-poteaux-peri-quattro\/"},"modified":"2023-04-24T15:52:43","modified_gmt":"2023-04-24T13:52:43","slug":"peri-quattro-coffrage-de-colonnes","status":"publish","type":"product","link":"https:\/\/www.jh-itc.de\/fr\/shop\/volets\/peri-quattro-coffrage-de-colonnes\/","title":{"rendered":"Coffrage de poteaux Peri Quattro"},"content":{"rendered":"<p>Le coffrage de poteaux QUATTRO en une partie convient pour le coffrage de poteaux carr\u00e9s ou rectangulaires jusqu&#8217;\u00e0 4,50 m de hauteur. La colonne compl\u00e8te, y compris les \u00e9tais tirant-poussant et la plate-forme de b\u00e9tonnage, peut \u00eatre d\u00e9plac\u00e9e avec un seul levage de grue. Si n\u00e9cessaire, le d\u00e9placement peut \u00e9galement \u00eatre effectu\u00e9 manuellement \u00e0 l&#8217;aide de 4 roues de d\u00e9placement. La peau coffrante en plastique de haute qualit\u00e9, viss\u00e9e par l&#8217;arri\u00e8re, permet en principe d&#8217;obtenir un b\u00e9ton apparent de haute qualit\u00e9.<\/p>\n<p>Voici un lien de t\u00e9l\u00e9chargement pour vous :<\/p>\n<p><a href=\"https:\/\/www.jh-itc.de\/wp-content\/uploads\/2022\/12\/Peri_QUATTRO.pdf\">https:\/\/www.jh-itc.de\/wp-content\/uploads\/2022\/12\/Peri_QUATTRO.pdf<\/a><\/p>\n","protected":false},"excerpt":{"rendered":"<p>Nous vous proposons le coffrage de poteau Peri Quattro d&#8217;occasion suivant.<\/p>\n<p>&nbsp;<\/p>\n<table width=\"417\">\n<tbody>\n<tr>\n<td width=\"80\"><span style=\"color: #ffffff;\">N\u00b0 d&#8217;art.<\/span><\/td>\n<td width=\"264\"><span style=\"color: #ffffff;\">Description de l&#8217;article<\/span><\/td>\n<td width=\"73\"><span style=\"color: #ffffff;\">Quantit\u00e9<\/span><\/td>\n<\/tr>\n<tr>\n<td><span style=\"color: #ffffff;\">109925<\/span><\/td>\n<td><span style=\"color: #ffffff;\">El\u00e9ment de colonne QUATTRO QES 275<\/span><\/td>\n<td><span style=\"color: #ffffff;\">40<\/span><\/td>\n<\/tr>\n<tr>\n<td><span style=\"color: #ffffff;\">109924<\/span><\/td>\n<td><span style=\"color: #ffffff;\">El\u00e9ment de colonne QUATTRO QES 125<\/span><\/td>\n<td><span style=\"color: #ffffff;\">32<\/span><\/td>\n<\/tr>\n<tr>\n<td><span style=\"color: #ffffff;\">109923<\/span><\/td>\n<td><span style=\"color: #ffffff;\">El\u00e9ment de colonne QUATTRO QES 50<\/span><\/td>\n<td><span style=\"color: #ffffff;\">40<\/span><\/td>\n<\/tr>\n<tr>\n<td><span style=\"color: #ffffff;\">037610<\/span><\/td>\n<td><span style=\"color: #ffffff;\">Baguette triangulaire QDL 275<\/span><\/td>\n<td><span style=\"color: #ffffff;\">1<\/span><\/td>\n<\/tr>\n<tr>\n<td><span style=\"color: #ffffff;\">037600<\/span><\/td>\n<td><span style=\"color: #ffffff;\">Baguette triangulaire QDL 125<\/span><\/td>\n<td><span style=\"color: #ffffff;\">1<\/span><\/td>\n<\/tr>\n<tr>\n<td><span style=\"color: #ffffff;\">037590<\/span><\/td>\n<td><span style=\"color: #ffffff;\">Baguette triangulaire QDL 50<\/span><\/td>\n<td><span style=\"color: #ffffff;\">1<\/span><\/td>\n<\/tr>\n<tr>\n<td><span style=\"color: #ffffff;\">037540<\/span><\/td>\n<td><span style=\"color: #ffffff;\">Garniture de serrage QUATTRO QA<\/span><\/td>\n<td><span style=\"color: #ffffff;\">86<\/span><\/td>\n<\/tr>\n<tr>\n<td><span style=\"color: #ffffff;\">037530<\/span><\/td>\n<td><span style=\"color: #ffffff;\">Raccord d&#8217;\u00e9tais tirant-poussant QUATTRO QR<\/span><\/td>\n<td><span style=\"color: #ffffff;\">90<\/span><\/td>\n<\/tr>\n<tr>\n<td><span style=\"color: #ffffff;\">037400<\/span><\/td>\n<td><span style=\"color: #ffffff;\">Plate-forme de b\u00e9tonnage compl\u00e8te<\/span><\/td>\n<td><span style=\"color: #ffffff;\">7<\/span><\/td>\n<\/tr>\n<tr>\n<td><span style=\"color: #ffffff;\">051410<\/span><\/td>\n<td><span style=\"color: #ffffff;\">\u00c9chelle 180\/6, galv.<\/span><\/td>\n<td><span style=\"color: #ffffff;\">4<\/span><\/td>\n<\/tr>\n<tr>\n<td><span style=\"color: #ffffff;\">103724<\/span><\/td>\n<td><span style=\"color: #ffffff;\">Echelle d&#8217;acc\u00e8s 180\/2, galv.<\/span><\/td>\n<td><span style=\"color: #ffffff;\">2<\/span><\/td>\n<\/tr>\n<tr>\n<td><span style=\"color: #ffffff;\">051460<\/span><\/td>\n<td><span style=\"color: #ffffff;\">Pied d&#8217;\u00e9chelle, galv.<\/span><\/td>\n<td><span style=\"color: #ffffff;\">2<\/span><\/td>\n<\/tr>\n<tr>\n<td><span style=\"color: #ffffff;\">103718<\/span><\/td>\n<td><span style=\"color: #ffffff;\">Crochet d&#8217;\u00e9chelle, galv.<\/span><\/td>\n<td><span style=\"color: #ffffff;\">4<\/span><\/td>\n<\/tr>\n<tr>\n<td><span style=\"color: #ffffff;\">103391<\/span><\/td>\n<td><span style=\"color: #ffffff;\">Raccordement d&#8217;\u00e9chelle QUATTRO<\/span><\/td>\n<td><span style=\"color: #ffffff;\">4<\/span><\/td>\n<\/tr>\n<tr>\n<td><span style=\"color: #ffffff;\">051450<\/span><\/td>\n<td><span style=\"color: #ffffff;\">Protection dorsale 150, galv.<\/span><\/td>\n<td><span style=\"color: #ffffff;\">2<\/span><\/td>\n<\/tr>\n<tr>\n<td><span style=\"color: #ffffff;\">028010<\/span><\/td>\n<td><span style=\"color: #ffffff;\">Etais tirant-poussant RSS I (2,05 &#8211; 2,94m)<\/span><\/td>\n<td><span style=\"color: #ffffff;\">41<\/span><\/td>\n<\/tr>\n<tr>\n<td><span style=\"color: #ffffff;\">028020<\/span><\/td>\n<td><span style=\"color: #ffffff;\">Etais tirant-poussant RSS II (2,91 &#8211; 3,80m)<\/span><\/td>\n<td><span style=\"color: #ffffff;\">17<\/span><\/td>\n<\/tr>\n<tr>\n<td><span style=\"color: #ffffff;\">106000<\/span><\/td>\n<td><span style=\"color: #ffffff;\">Plaque de base-2 pour RSS, galv.<\/span><\/td>\n<td><span style=\"color: #ffffff;\">53<\/span><\/td>\n<\/tr>\n<tr>\n<td><span style=\"color: #ffffff;\">028270<\/span><\/td>\n<td><span style=\"color: #ffffff;\">Cantilever AV 190<\/span><\/td>\n<td><span style=\"color: #ffffff;\">28<\/span><\/td>\n<\/tr>\n<tr>\n<td><span style=\"color: #ffffff;\">108135<\/span><\/td>\n<td><span style=\"color: #ffffff;\">Fl\u00e8che AV 210<\/span><\/td>\n<td><span style=\"color: #ffffff;\">7<\/span><\/td>\n<\/tr>\n<\/tbody>\n<\/table>\n<p>Si vous \u00eates int\u00e9ress\u00e9, veuillez nous envoyer votre demande.<\/p>\n","protected":false},"featured_media":40489,"template":"","meta":[],"product_brand":[],"product_cat":[378,377],"product_tag":[],"class_list":{"0":"post-42751","1":"product","2":"type-product","3":"status-publish","4":"has-post-thumbnail","6":"product_cat-peri-fr","7":"product_cat-volets","9":"first","10":"instock","11":"taxable","12":"shipping-taxable","13":"product-type-simple"},"yoast_head":"<!-- This site is optimized with the Yoast SEO plugin v27.3 - https:\/\/yoast.com\/product\/yoast-seo-wordpress\/ -->\n<title>Coffrage de poteaux Peri Quattro - JH - ITC GmbH<\/title>\n<meta name=\"description\" content=\"Coffrage de poteaux Peri Quattro. Fabricants renomm\u00e9s \u2714 Coffrages, \u00e9taiements, \u00e9chafaudages &amp; machines de chantier neufs &amp; d&#039;occasion \u2714 Demandez une offre maintenant!\" \/>\n<meta name=\"robots\" content=\"index, follow, max-snippet:-1, max-image-preview:large, max-video-preview:-1\" \/>\n<link rel=\"canonical\" href=\"https:\/\/www.jh-itc.de\/fr\/shop\/volets\/peri-quattro-coffrage-de-colonnes\/\" \/>\n<meta property=\"og:locale\" content=\"fr_FR\" \/>\n<meta property=\"og:type\" content=\"article\" \/>\n<meta property=\"og:title\" content=\"Coffrage de poteaux Peri Quattro - JH - ITC GmbH\" \/>\n<meta property=\"og:description\" content=\"Coffrage de poteaux Peri Quattro. Fabricants renomm\u00e9s \u2714 Coffrages, \u00e9taiements, \u00e9chafaudages &amp; machines de chantier neufs &amp; d&#039;occasion \u2714 Demandez une offre maintenant!\" \/>\n<meta property=\"og:url\" content=\"https:\/\/www.jh-itc.de\/fr\/shop\/volets\/peri-quattro-coffrage-de-colonnes\/\" \/>\n<meta property=\"og:site_name\" content=\"JH - ITC GmbH\" \/>\n<meta property=\"article:publisher\" content=\"https:\/\/www.facebook.com\/schalungshandel\" \/>\n<meta property=\"og:image\" content=\"https:\/\/www.jh-itc.de\/wp-content\/uploads\/2022\/11\/quattro-saeulenschalung.jpg\" \/>\n\t<meta property=\"og:image:width\" content=\"1272\" \/>\n\t<meta property=\"og:image:height\" content=\"900\" \/>\n\t<meta property=\"og:image:type\" content=\"image\/jpeg\" \/>\n<meta name=\"twitter:card\" content=\"summary_large_image\" \/>\n<meta name=\"twitter:site\" content=\"@JH_ITC\" \/>\n<meta name=\"twitter:label1\" content=\"Est. reading time\" \/>\n\t<meta name=\"twitter:data1\" content=\"1 minute\" \/>\n<!-- \/ Yoast SEO plugin. -->","yoast_head_json":{"title":"Coffrage de poteaux Peri Quattro - JH - ITC GmbH","description":"Coffrage de poteaux Peri Quattro. Fabricants renomm\u00e9s \u2714 Coffrages, \u00e9taiements, \u00e9chafaudages & machines de chantier neufs & d'occasion \u2714 Demandez une offre maintenant!","robots":{"index":"index","follow":"follow","max-snippet":"max-snippet:-1","max-image-preview":"max-image-preview:large","max-video-preview":"max-video-preview:-1"},"canonical":"https:\/\/www.jh-itc.de\/fr\/shop\/volets\/peri-quattro-coffrage-de-colonnes\/","og_locale":"fr_FR","og_type":"article","og_title":"Coffrage de poteaux Peri Quattro - JH - ITC GmbH","og_description":"Coffrage de poteaux Peri Quattro. Fabricants renomm\u00e9s \u2714 Coffrages, \u00e9taiements, \u00e9chafaudages & machines de chantier neufs & d'occasion \u2714 Demandez une offre maintenant!","og_url":"https:\/\/www.jh-itc.de\/fr\/shop\/volets\/peri-quattro-coffrage-de-colonnes\/","og_site_name":"JH - ITC GmbH","article_publisher":"https:\/\/www.facebook.com\/schalungshandel","og_image":[{"width":1272,"height":900,"url":"https:\/\/www.jh-itc.de\/wp-content\/uploads\/2022\/11\/quattro-saeulenschalung.jpg","type":"image\/jpeg"}],"twitter_card":"summary_large_image","twitter_site":"@JH_ITC","twitter_misc":{"Est. reading time":"1 minute"},"schema":{"@context":"https:\/\/schema.org","@graph":[{"@type":"WebPage","@id":"https:\/\/www.jh-itc.de\/fr\/shop\/volets\/peri-quattro-coffrage-de-colonnes\/","url":"https:\/\/www.jh-itc.de\/fr\/shop\/volets\/peri-quattro-coffrage-de-colonnes\/","name":"Coffrage de poteaux Peri Quattro - JH - ITC GmbH","isPartOf":{"@id":"https:\/\/www.jh-itc.de\/fr\/#website"},"primaryImageOfPage":{"@id":"https:\/\/www.jh-itc.de\/fr\/shop\/volets\/peri-quattro-coffrage-de-colonnes\/#primaryimage"},"image":{"@id":"https:\/\/www.jh-itc.de\/fr\/shop\/volets\/peri-quattro-coffrage-de-colonnes\/#primaryimage"},"thumbnailUrl":"https:\/\/www.jh-itc.de\/wp-content\/uploads\/2022\/11\/quattro-saeulenschalung.jpg","datePublished":"2023-04-24T13:52:43+00:00","description":"Coffrage de poteaux Peri Quattro. Fabricants renomm\u00e9s \u2714 Coffrages, \u00e9taiements, \u00e9chafaudages & machines de chantier neufs & d'occasion \u2714 Demandez une offre maintenant!","breadcrumb":{"@id":"https:\/\/www.jh-itc.de\/fr\/shop\/volets\/peri-quattro-coffrage-de-colonnes\/#breadcrumb"},"inLanguage":"fr-FR","potentialAction":[{"@type":"ReadAction","target":["https:\/\/www.jh-itc.de\/fr\/shop\/volets\/peri-quattro-coffrage-de-colonnes\/"]}]},{"@type":"ImageObject","inLanguage":"fr-FR","@id":"https:\/\/www.jh-itc.de\/fr\/shop\/volets\/peri-quattro-coffrage-de-colonnes\/#primaryimage","url":"https:\/\/www.jh-itc.de\/wp-content\/uploads\/2022\/11\/quattro-saeulenschalung.jpg","contentUrl":"https:\/\/www.jh-itc.de\/wp-content\/uploads\/2022\/11\/quattro-saeulenschalung.jpg","width":1272,"height":900},{"@type":"BreadcrumbList","@id":"https:\/\/www.jh-itc.de\/fr\/shop\/volets\/peri-quattro-coffrage-de-colonnes\/#breadcrumb","itemListElement":[{"@type":"ListItem","position":1,"name":"Home","item":"https:\/\/www.jh-itc.de\/fr\/"},{"@type":"ListItem","position":2,"name":"Boutique","item":"https:\/\/www.jh-itc.de\/fr\/boutique\/"},{"@type":"ListItem","position":3,"name":"Coffrage de poteaux Peri Quattro"}]},{"@type":"WebSite","@id":"https:\/\/www.jh-itc.de\/fr\/#website","url":"https:\/\/www.jh-itc.de\/fr\/","name":"JH - ITC GmbH","description":"Ihr Experte f\u00fcr gebrauchte St\u00fctzen, Schalungen und Ger\u00fcste","publisher":{"@id":"https:\/\/www.jh-itc.de\/fr\/#organization"},"potentialAction":[{"@type":"SearchAction","target":{"@type":"EntryPoint","urlTemplate":"https:\/\/www.jh-itc.de\/fr\/?s={search_term_string}"},"query-input":{"@type":"PropertyValueSpecification","valueRequired":true,"valueName":"search_term_string"}}],"inLanguage":"fr-FR"},{"@type":"Organization","@id":"https:\/\/www.jh-itc.de\/fr\/#organization","name":"JH-ITC GmbH","url":"https:\/\/www.jh-itc.de\/fr\/","logo":{"@type":"ImageObject","inLanguage":"fr-FR","@id":"https:\/\/www.jh-itc.de\/fr\/#\/schema\/logo\/image\/","url":"https:\/\/www.jh-itc.de\/wp-content\/uploads\/2016\/01\/JH-ITC2-1.png","contentUrl":"https:\/\/www.jh-itc.de\/wp-content\/uploads\/2016\/01\/JH-ITC2-1.png","width":300,"height":102,"caption":"JH-ITC GmbH"},"image":{"@id":"https:\/\/www.jh-itc.de\/fr\/#\/schema\/logo\/image\/"},"sameAs":["https:\/\/www.facebook.com\/schalungshandel","https:\/\/x.com\/JH_ITC","https:\/\/www.linkedin.com\/in\/jhitc","https:\/\/youtu.be\/rMdZ-FLfI-Y"]}]}},"_links":{"self":[{"href":"https:\/\/www.jh-itc.de\/fr\/wp-json\/wp\/v2\/product\/42751","targetHints":{"allow":["GET"]}}],"collection":[{"href":"https:\/\/www.jh-itc.de\/fr\/wp-json\/wp\/v2\/product"}],"about":[{"href":"https:\/\/www.jh-itc.de\/fr\/wp-json\/wp\/v2\/types\/product"}],"wp:featuredmedia":[{"embeddable":true,"href":"https:\/\/www.jh-itc.de\/fr\/wp-json\/wp\/v2\/media\/40489"}],"wp:attachment":[{"href":"https:\/\/www.jh-itc.de\/fr\/wp-json\/wp\/v2\/media?parent=42751"}],"wp:term":[{"taxonomy":"product_brand","embeddable":true,"href":"https:\/\/www.jh-itc.de\/fr\/wp-json\/wp\/v2\/product_brand?post=42751"},{"taxonomy":"product_cat","embeddable":true,"href":"https:\/\/www.jh-itc.de\/fr\/wp-json\/wp\/v2\/product_cat?post=42751"},{"taxonomy":"product_tag","embeddable":true,"href":"https:\/\/www.jh-itc.de\/fr\/wp-json\/wp\/v2\/product_tag?post=42751"}],"curies":[{"name":"wp","href":"https:\/\/api.w.org\/{rel}","templated":true}]}}