{"id":42923,"date":"2022-01-12T18:27:38","date_gmt":"2023-04-24T13:54:03","guid":{"rendered":"https:\/\/www.jh-itc.de\/shop\/non class\u00e9\/etaiement-doka-staxo-100\/"},"modified":"2023-04-24T15:54:03","modified_gmt":"2023-04-24T13:54:03","slug":"doka-staxo-100-portgeruest","status":"publish","type":"product","link":"https:\/\/www.jh-itc.de\/fr\/shop\/doka-fr\/doka-staxo-fr\/doka-staxo-100-portgeruest\/","title":{"rendered":"Etaiement Doka Staxo 100"},"content":{"rendered":"","protected":false},"excerpt":{"rendered":"<p>Nous proposons un lot d&#8217;\u00e9chafaudages porteurs Doka Staxo 100 d&#8217;occasion.<\/p>\n<table width=\"677\">\n<tbody>\n<tr>\n<td width=\"81\">Num\u00e9ro d&#8217;article<\/td>\n<td width=\"260\">Description de l&#8217;article<\/td>\n<td width=\"279\">Description<\/td>\n<td width=\"57\">Quantit\u00e9<\/td>\n<\/tr>\n<tr>\n<td>582300000<\/td>\n<td>Cadre Staxo 100 1,80m<\/td>\n<td>Basic frame Staxo 1,80m<\/td>\n<td>1049<\/td>\n<\/tr>\n<tr>\n<td>582301000<\/td>\n<td>Cadre Staxo 100 1,20m<\/td>\n<td>Basic frame Staxo 1,20m<\/td>\n<td>452<\/td>\n<\/tr>\n<tr>\n<td>582302000<\/td>\n<td>Cadre Staxo 100 0,90m<\/td>\n<td>Basic frame Staxo 0,90m<\/td>\n<td>124<\/td>\n<\/tr>\n<tr>\n<td>582772000<\/td>\n<td>Croix diagonale 9.100<\/td>\n<td>Croix diagonale 9.100<\/td>\n<td>180<\/td>\n<\/tr>\n<tr>\n<td>582610000<\/td>\n<td>Croix diagonale 12.100<\/td>\n<td>Croix diagonale 12.100<\/td>\n<td>900<\/td>\n<\/tr>\n<tr>\n<td>582620000<\/td>\n<td>Croix diagonale 18.100<\/td>\n<td>Croix diagonale 18.100<\/td>\n<td>950<\/td>\n<\/tr>\n<tr>\n<td>582638000<\/td>\n<td>Broche de t\u00eate \u00e0 quatre voies<\/td>\n<td>t\u00eate de vis-jack \u00e0 4 voies<\/td>\n<td>585<\/td>\n<\/tr>\n<tr>\n<td>582637000<\/td>\n<td>Broche \u00e0 pied<\/td>\n<td>Pied \u00e0 vis<\/td>\n<td>500<\/td>\n<\/tr>\n<tr>\n<td>582783000<\/td>\n<td>Palette d&#8217;\u00e9chafaudage porteuse Doka<\/td>\n<td>Pallet pour Staxo\/Aluxo<\/td>\n<td>15<\/td>\n<\/tr>\n<tr>\n<td>583011000<\/td>\n<td>Conteneur r\u00e9utilisable Doka 1,20&#215;0,80m<\/td>\n<td>Doka multi-trip box de transport 1,20&#215;0,80m<\/td>\n<td>35<\/td>\n<\/tr>\n<\/tbody>\n<\/table>\n<p>Si vous \u00eates int\u00e9ress\u00e9, veuillez nous envoyer votre demande.<\/p>\n","protected":false},"featured_media":37779,"template":"","meta":[],"product_brand":[],"product_cat":[387,400,376],"product_tag":[],"class_list":{"0":"post-42923","1":"product","2":"type-product","3":"status-publish","4":"has-post-thumbnail","6":"product_cat-doka-fr","7":"product_cat-doka-staxo-fr","8":"product_cat-echafaudage","10":"first","11":"instock","12":"taxable","13":"shipping-taxable","14":"product-type-simple"},"yoast_head":"<!-- This site is optimized with the Yoast SEO plugin v27.3 - https:\/\/yoast.com\/product\/yoast-seo-wordpress\/ -->\n<title>Etaiement Doka Staxo 100 - JH - ITC GmbH<\/title>\n<meta name=\"description\" content=\"Etaiement Doka Staxo 100. Fabricants renomm\u00e9s \u2714 Coffrages, \u00e9taiements, \u00e9chafaudages &amp; machines de chantier neufs &amp; d&#039;occasion \u2714 Demandez une offre maintenant!\" \/>\n<meta name=\"robots\" content=\"index, follow, max-snippet:-1, max-image-preview:large, max-video-preview:-1\" \/>\n<link rel=\"canonical\" href=\"https:\/\/www.jh-itc.de\/fr\/shop\/doka-fr\/doka-staxo-fr\/doka-staxo-100-portgeruest\/\" \/>\n<meta property=\"og:locale\" content=\"fr_FR\" \/>\n<meta property=\"og:type\" content=\"article\" \/>\n<meta property=\"og:title\" content=\"Etaiement Doka Staxo 100 - JH - ITC GmbH\" \/>\n<meta property=\"og:description\" content=\"Etaiement Doka Staxo 100. Fabricants renomm\u00e9s \u2714 Coffrages, \u00e9taiements, \u00e9chafaudages &amp; machines de chantier neufs &amp; d&#039;occasion \u2714 Demandez une offre maintenant!\" \/>\n<meta property=\"og:url\" content=\"https:\/\/www.jh-itc.de\/fr\/shop\/doka-fr\/doka-staxo-fr\/doka-staxo-100-portgeruest\/\" \/>\n<meta property=\"og:site_name\" content=\"JH - ITC GmbH\" \/>\n<meta property=\"article:publisher\" content=\"https:\/\/www.facebook.com\/schalungshandel\" \/>\n<meta property=\"og:image\" content=\"https:\/\/www.jh-itc.de\/wp-content\/uploads\/2022\/01\/Doka-Staxo-100-7.jpg\" \/>\n\t<meta property=\"og:image:width\" content=\"1024\" \/>\n\t<meta property=\"og:image:height\" content=\"768\" \/>\n\t<meta property=\"og:image:type\" content=\"image\/jpeg\" \/>\n<meta name=\"twitter:card\" content=\"summary_large_image\" \/>\n<meta name=\"twitter:site\" content=\"@JH_ITC\" \/>\n<!-- \/ Yoast SEO plugin. -->","yoast_head_json":{"title":"Etaiement Doka Staxo 100 - JH - ITC GmbH","description":"Etaiement Doka Staxo 100. Fabricants renomm\u00e9s \u2714 Coffrages, \u00e9taiements, \u00e9chafaudages & machines de chantier neufs & d'occasion \u2714 Demandez une offre maintenant!","robots":{"index":"index","follow":"follow","max-snippet":"max-snippet:-1","max-image-preview":"max-image-preview:large","max-video-preview":"max-video-preview:-1"},"canonical":"https:\/\/www.jh-itc.de\/fr\/shop\/doka-fr\/doka-staxo-fr\/doka-staxo-100-portgeruest\/","og_locale":"fr_FR","og_type":"article","og_title":"Etaiement Doka Staxo 100 - JH - ITC GmbH","og_description":"Etaiement Doka Staxo 100. Fabricants renomm\u00e9s \u2714 Coffrages, \u00e9taiements, \u00e9chafaudages & machines de chantier neufs & d'occasion \u2714 Demandez une offre maintenant!","og_url":"https:\/\/www.jh-itc.de\/fr\/shop\/doka-fr\/doka-staxo-fr\/doka-staxo-100-portgeruest\/","og_site_name":"JH - ITC GmbH","article_publisher":"https:\/\/www.facebook.com\/schalungshandel","og_image":[{"width":1024,"height":768,"url":"https:\/\/www.jh-itc.de\/wp-content\/uploads\/2022\/01\/Doka-Staxo-100-7.jpg","type":"image\/jpeg"}],"twitter_card":"summary_large_image","twitter_site":"@JH_ITC","schema":{"@context":"https:\/\/schema.org","@graph":[{"@type":"WebPage","@id":"https:\/\/www.jh-itc.de\/fr\/shop\/doka-fr\/doka-staxo-fr\/doka-staxo-100-portgeruest\/","url":"https:\/\/www.jh-itc.de\/fr\/shop\/doka-fr\/doka-staxo-fr\/doka-staxo-100-portgeruest\/","name":"Etaiement Doka Staxo 100 - JH - ITC GmbH","isPartOf":{"@id":"https:\/\/www.jh-itc.de\/fr\/#website"},"primaryImageOfPage":{"@id":"https:\/\/www.jh-itc.de\/fr\/shop\/doka-fr\/doka-staxo-fr\/doka-staxo-100-portgeruest\/#primaryimage"},"image":{"@id":"https:\/\/www.jh-itc.de\/fr\/shop\/doka-fr\/doka-staxo-fr\/doka-staxo-100-portgeruest\/#primaryimage"},"thumbnailUrl":"https:\/\/www.jh-itc.de\/wp-content\/uploads\/2022\/01\/Doka-Staxo-100-7.jpg","datePublished":"2023-04-24T13:54:03+00:00","description":"Etaiement Doka Staxo 100. Fabricants renomm\u00e9s \u2714 Coffrages, \u00e9taiements, \u00e9chafaudages & machines de chantier neufs & d'occasion \u2714 Demandez une offre maintenant!","breadcrumb":{"@id":"https:\/\/www.jh-itc.de\/fr\/shop\/doka-fr\/doka-staxo-fr\/doka-staxo-100-portgeruest\/#breadcrumb"},"inLanguage":"fr-FR","potentialAction":[{"@type":"ReadAction","target":["https:\/\/www.jh-itc.de\/fr\/shop\/doka-fr\/doka-staxo-fr\/doka-staxo-100-portgeruest\/"]}]},{"@type":"ImageObject","inLanguage":"fr-FR","@id":"https:\/\/www.jh-itc.de\/fr\/shop\/doka-fr\/doka-staxo-fr\/doka-staxo-100-portgeruest\/#primaryimage","url":"https:\/\/www.jh-itc.de\/wp-content\/uploads\/2022\/01\/Doka-Staxo-100-7.jpg","contentUrl":"https:\/\/www.jh-itc.de\/wp-content\/uploads\/2022\/01\/Doka-Staxo-100-7.jpg","width":1024,"height":768},{"@type":"BreadcrumbList","@id":"https:\/\/www.jh-itc.de\/fr\/shop\/doka-fr\/doka-staxo-fr\/doka-staxo-100-portgeruest\/#breadcrumb","itemListElement":[{"@type":"ListItem","position":1,"name":"Home","item":"https:\/\/www.jh-itc.de\/fr\/"},{"@type":"ListItem","position":2,"name":"Boutique","item":"https:\/\/www.jh-itc.de\/fr\/boutique\/"},{"@type":"ListItem","position":3,"name":"Etaiement Doka Staxo 100"}]},{"@type":"WebSite","@id":"https:\/\/www.jh-itc.de\/fr\/#website","url":"https:\/\/www.jh-itc.de\/fr\/","name":"JH - ITC GmbH","description":"Ihr Experte f\u00fcr gebrauchte St\u00fctzen, Schalungen und Ger\u00fcste","publisher":{"@id":"https:\/\/www.jh-itc.de\/fr\/#organization"},"potentialAction":[{"@type":"SearchAction","target":{"@type":"EntryPoint","urlTemplate":"https:\/\/www.jh-itc.de\/fr\/?s={search_term_string}"},"query-input":{"@type":"PropertyValueSpecification","valueRequired":true,"valueName":"search_term_string"}}],"inLanguage":"fr-FR"},{"@type":"Organization","@id":"https:\/\/www.jh-itc.de\/fr\/#organization","name":"JH-ITC GmbH","url":"https:\/\/www.jh-itc.de\/fr\/","logo":{"@type":"ImageObject","inLanguage":"fr-FR","@id":"https:\/\/www.jh-itc.de\/fr\/#\/schema\/logo\/image\/","url":"https:\/\/www.jh-itc.de\/wp-content\/uploads\/2016\/01\/JH-ITC2-1.png","contentUrl":"https:\/\/www.jh-itc.de\/wp-content\/uploads\/2016\/01\/JH-ITC2-1.png","width":300,"height":102,"caption":"JH-ITC GmbH"},"image":{"@id":"https:\/\/www.jh-itc.de\/fr\/#\/schema\/logo\/image\/"},"sameAs":["https:\/\/www.facebook.com\/schalungshandel","https:\/\/x.com\/JH_ITC","https:\/\/www.linkedin.com\/in\/jhitc","https:\/\/youtu.be\/rMdZ-FLfI-Y"]}]}},"_links":{"self":[{"href":"https:\/\/www.jh-itc.de\/fr\/wp-json\/wp\/v2\/product\/42923","targetHints":{"allow":["GET"]}}],"collection":[{"href":"https:\/\/www.jh-itc.de\/fr\/wp-json\/wp\/v2\/product"}],"about":[{"href":"https:\/\/www.jh-itc.de\/fr\/wp-json\/wp\/v2\/types\/product"}],"wp:featuredmedia":[{"embeddable":true,"href":"https:\/\/www.jh-itc.de\/fr\/wp-json\/wp\/v2\/media\/37779"}],"wp:attachment":[{"href":"https:\/\/www.jh-itc.de\/fr\/wp-json\/wp\/v2\/media?parent=42923"}],"wp:term":[{"taxonomy":"product_brand","embeddable":true,"href":"https:\/\/www.jh-itc.de\/fr\/wp-json\/wp\/v2\/product_brand?post=42923"},{"taxonomy":"product_cat","embeddable":true,"href":"https:\/\/www.jh-itc.de\/fr\/wp-json\/wp\/v2\/product_cat?post=42923"},{"taxonomy":"product_tag","embeddable":true,"href":"https:\/\/www.jh-itc.de\/fr\/wp-json\/wp\/v2\/product_tag?post=42923"}],"curies":[{"name":"wp","href":"https:\/\/api.w.org\/{rel}","templated":true}]}}