{"id":92052,"date":"2023-10-27T13:34:56","date_gmt":"2024-10-08T11:51:13","guid":{"rendered":"https:\/\/www.jh-itc.de\/shop\/uncategorized\/huennebeck-barre-dalignement-k600\/"},"modified":"2024-10-08T13:51:13","modified_gmt":"2024-10-08T11:51:13","slug":"huennebeck-barre-dalignement-k600","status":"publish","type":"product","link":"https:\/\/www.jh-itc.de\/fr\/shop\/volets\/huennebeck-barre-dalignement-k600\/","title":{"rendered":"H\u00fcnnebeck Barre d&#8217;alignement K600"},"content":{"rendered":"<p>Voici un lien pour plus d&#8217;informations.<\/p>\n<p><a href=\"https:\/\/www.huennebeck.com\/uploads\/files\/richtstreben_d.pdf\" target=\"_blank\" rel=\"noopener\">https:\/\/www.huennebeck.com\/uploads\/files\/richtstreben_d.pdf<\/a><\/p>\n","protected":false},"excerpt":{"rendered":"<p>Nous vous proposons 20 x \u00e9tan\u00e7ons H\u00fcnnebeck K600 d&#8217;occasion.<\/p>\n<p>Si vous \u00eates int\u00e9ress\u00e9, veuillez nous envoyer votre demande.<\/p>\n<p>&nbsp;<\/p>\n<p>&nbsp;<\/p>\n","protected":false},"featured_media":44835,"template":"","meta":[],"product_brand":[],"product_cat":[380,385,377],"product_tag":[],"class_list":{"0":"post-92052","1":"product","2":"type-product","3":"status-publish","4":"has-post-thumbnail","6":"product_cat-huennebeck-fr","7":"product_cat-supports","8":"product_cat-volets","10":"first","11":"instock","12":"taxable","13":"shipping-taxable","14":"product-type-simple"},"yoast_head":"<!-- This site is optimized with the Yoast SEO plugin v27.3 - https:\/\/yoast.com\/product\/yoast-seo-wordpress\/ -->\n<title>H\u00fcnnebeck Barre d&#039;alignement K600 - JH - ITC GmbH<\/title>\n<meta name=\"description\" content=\"H\u00fcnnebeck Barre d&#039;alignement K600. Fabricants renomm\u00e9s \u2714 Coffrages, \u00e9taiements, \u00e9chafaudages &amp; machines de chantier neufs &amp; d&#039;occasion \u2714 Demandez une offre maintenant!\" \/>\n<meta name=\"robots\" content=\"index, follow, max-snippet:-1, max-image-preview:large, max-video-preview:-1\" \/>\n<link rel=\"canonical\" href=\"https:\/\/www.jh-itc.de\/fr\/shop\/volets\/huennebeck-barre-dalignement-k600\/\" \/>\n<meta property=\"og:locale\" content=\"fr_FR\" \/>\n<meta property=\"og:type\" content=\"article\" \/>\n<meta property=\"og:title\" content=\"H\u00fcnnebeck Barre d&#039;alignement K600 - JH - ITC GmbH\" \/>\n<meta property=\"og:description\" content=\"H\u00fcnnebeck Barre d&#039;alignement K600. Fabricants renomm\u00e9s \u2714 Coffrages, \u00e9taiements, \u00e9chafaudages &amp; machines de chantier neufs &amp; d&#039;occasion \u2714 Demandez une offre maintenant!\" \/>\n<meta property=\"og:url\" content=\"https:\/\/www.jh-itc.de\/fr\/shop\/volets\/huennebeck-barre-dalignement-k600\/\" \/>\n<meta property=\"og:site_name\" content=\"JH - ITC GmbH\" \/>\n<meta property=\"article:publisher\" content=\"https:\/\/www.facebook.com\/schalungshandel\" \/>\n<meta property=\"og:image\" content=\"https:\/\/www.jh-itc.de\/wp-content\/uploads\/2023\/10\/Huennebeck-Richtstrebe-K660_www.jh-itc.de-1.jpg\" \/>\n\t<meta property=\"og:image:width\" content=\"1024\" \/>\n\t<meta property=\"og:image:height\" content=\"768\" \/>\n\t<meta property=\"og:image:type\" content=\"image\/jpeg\" \/>\n<meta name=\"twitter:card\" content=\"summary_large_image\" \/>\n<meta name=\"twitter:site\" content=\"@JH_ITC\" \/>\n<!-- \/ Yoast SEO plugin. -->","yoast_head_json":{"title":"H\u00fcnnebeck Barre d'alignement K600 - JH - ITC GmbH","description":"H\u00fcnnebeck Barre d'alignement K600. Fabricants renomm\u00e9s \u2714 Coffrages, \u00e9taiements, \u00e9chafaudages & machines de chantier neufs & d'occasion \u2714 Demandez une offre maintenant!","robots":{"index":"index","follow":"follow","max-snippet":"max-snippet:-1","max-image-preview":"max-image-preview:large","max-video-preview":"max-video-preview:-1"},"canonical":"https:\/\/www.jh-itc.de\/fr\/shop\/volets\/huennebeck-barre-dalignement-k600\/","og_locale":"fr_FR","og_type":"article","og_title":"H\u00fcnnebeck Barre d'alignement K600 - JH - ITC GmbH","og_description":"H\u00fcnnebeck Barre d'alignement K600. Fabricants renomm\u00e9s \u2714 Coffrages, \u00e9taiements, \u00e9chafaudages & machines de chantier neufs & d'occasion \u2714 Demandez une offre maintenant!","og_url":"https:\/\/www.jh-itc.de\/fr\/shop\/volets\/huennebeck-barre-dalignement-k600\/","og_site_name":"JH - ITC GmbH","article_publisher":"https:\/\/www.facebook.com\/schalungshandel","og_image":[{"width":1024,"height":768,"url":"https:\/\/www.jh-itc.de\/wp-content\/uploads\/2023\/10\/Huennebeck-Richtstrebe-K660_www.jh-itc.de-1.jpg","type":"image\/jpeg"}],"twitter_card":"summary_large_image","twitter_site":"@JH_ITC","schema":{"@context":"https:\/\/schema.org","@graph":[{"@type":"WebPage","@id":"https:\/\/www.jh-itc.de\/fr\/shop\/volets\/huennebeck-barre-dalignement-k600\/","url":"https:\/\/www.jh-itc.de\/fr\/shop\/volets\/huennebeck-barre-dalignement-k600\/","name":"H\u00fcnnebeck Barre d'alignement K600 - JH - ITC GmbH","isPartOf":{"@id":"https:\/\/www.jh-itc.de\/fr\/#website"},"primaryImageOfPage":{"@id":"https:\/\/www.jh-itc.de\/fr\/shop\/volets\/huennebeck-barre-dalignement-k600\/#primaryimage"},"image":{"@id":"https:\/\/www.jh-itc.de\/fr\/shop\/volets\/huennebeck-barre-dalignement-k600\/#primaryimage"},"thumbnailUrl":"https:\/\/www.jh-itc.de\/wp-content\/uploads\/2023\/10\/Huennebeck-Richtstrebe-K660_www.jh-itc.de-1.jpg","datePublished":"2024-10-08T11:51:13+00:00","description":"H\u00fcnnebeck Barre d'alignement K600. Fabricants renomm\u00e9s \u2714 Coffrages, \u00e9taiements, \u00e9chafaudages & machines de chantier neufs & d'occasion \u2714 Demandez une offre maintenant!","breadcrumb":{"@id":"https:\/\/www.jh-itc.de\/fr\/shop\/volets\/huennebeck-barre-dalignement-k600\/#breadcrumb"},"inLanguage":"fr-FR","potentialAction":[{"@type":"ReadAction","target":["https:\/\/www.jh-itc.de\/fr\/shop\/volets\/huennebeck-barre-dalignement-k600\/"]}]},{"@type":"ImageObject","inLanguage":"fr-FR","@id":"https:\/\/www.jh-itc.de\/fr\/shop\/volets\/huennebeck-barre-dalignement-k600\/#primaryimage","url":"https:\/\/www.jh-itc.de\/wp-content\/uploads\/2023\/10\/Huennebeck-Richtstrebe-K660_www.jh-itc.de-1.jpg","contentUrl":"https:\/\/www.jh-itc.de\/wp-content\/uploads\/2023\/10\/Huennebeck-Richtstrebe-K660_www.jh-itc.de-1.jpg","width":1024,"height":768},{"@type":"BreadcrumbList","@id":"https:\/\/www.jh-itc.de\/fr\/shop\/volets\/huennebeck-barre-dalignement-k600\/#breadcrumb","itemListElement":[{"@type":"ListItem","position":1,"name":"Home","item":"https:\/\/www.jh-itc.de\/fr\/"},{"@type":"ListItem","position":2,"name":"Boutique","item":"https:\/\/www.jh-itc.de\/fr\/boutique\/"},{"@type":"ListItem","position":3,"name":"H\u00fcnnebeck Barre d&#8217;alignement K600"}]},{"@type":"WebSite","@id":"https:\/\/www.jh-itc.de\/fr\/#website","url":"https:\/\/www.jh-itc.de\/fr\/","name":"JH - ITC GmbH","description":"Ihr Experte f\u00fcr gebrauchte St\u00fctzen, Schalungen und Ger\u00fcste","publisher":{"@id":"https:\/\/www.jh-itc.de\/fr\/#organization"},"potentialAction":[{"@type":"SearchAction","target":{"@type":"EntryPoint","urlTemplate":"https:\/\/www.jh-itc.de\/fr\/?s={search_term_string}"},"query-input":{"@type":"PropertyValueSpecification","valueRequired":true,"valueName":"search_term_string"}}],"inLanguage":"fr-FR"},{"@type":"Organization","@id":"https:\/\/www.jh-itc.de\/fr\/#organization","name":"JH-ITC GmbH","url":"https:\/\/www.jh-itc.de\/fr\/","logo":{"@type":"ImageObject","inLanguage":"fr-FR","@id":"https:\/\/www.jh-itc.de\/fr\/#\/schema\/logo\/image\/","url":"https:\/\/www.jh-itc.de\/wp-content\/uploads\/2016\/01\/JH-ITC2-1.png","contentUrl":"https:\/\/www.jh-itc.de\/wp-content\/uploads\/2016\/01\/JH-ITC2-1.png","width":300,"height":102,"caption":"JH-ITC GmbH"},"image":{"@id":"https:\/\/www.jh-itc.de\/fr\/#\/schema\/logo\/image\/"},"sameAs":["https:\/\/www.facebook.com\/schalungshandel","https:\/\/x.com\/JH_ITC","https:\/\/www.linkedin.com\/in\/jhitc","https:\/\/youtu.be\/rMdZ-FLfI-Y"]}]}},"_links":{"self":[{"href":"https:\/\/www.jh-itc.de\/fr\/wp-json\/wp\/v2\/product\/92052","targetHints":{"allow":["GET"]}}],"collection":[{"href":"https:\/\/www.jh-itc.de\/fr\/wp-json\/wp\/v2\/product"}],"about":[{"href":"https:\/\/www.jh-itc.de\/fr\/wp-json\/wp\/v2\/types\/product"}],"wp:featuredmedia":[{"embeddable":true,"href":"https:\/\/www.jh-itc.de\/fr\/wp-json\/wp\/v2\/media\/44835"}],"wp:attachment":[{"href":"https:\/\/www.jh-itc.de\/fr\/wp-json\/wp\/v2\/media?parent=92052"}],"wp:term":[{"taxonomy":"product_brand","embeddable":true,"href":"https:\/\/www.jh-itc.de\/fr\/wp-json\/wp\/v2\/product_brand?post=92052"},{"taxonomy":"product_cat","embeddable":true,"href":"https:\/\/www.jh-itc.de\/fr\/wp-json\/wp\/v2\/product_cat?post=92052"},{"taxonomy":"product_tag","embeddable":true,"href":"https:\/\/www.jh-itc.de\/fr\/wp-json\/wp\/v2\/product_tag?post=92052"}],"curies":[{"name":"wp","href":"https:\/\/api.w.org\/{rel}","templated":true}]}}