{"id":92062,"date":"2023-08-01T16:36:05","date_gmt":"2024-10-08T11:51:29","guid":{"rendered":"https:\/\/www.jh-itc.de\/shop\/uncategorized\/441m%c2%b2-coffrage-peri-trio-270m\/"},"modified":"2024-10-08T13:51:29","modified_gmt":"2024-10-08T11:51:29","slug":"441m%c2%b2-coffrage-peri-trio-270m","status":"publish","type":"product","link":"https:\/\/www.jh-itc.de\/fr\/shop\/peri-fr\/trio-peri\/441m%c2%b2-coffrage-peri-trio-270m\/","title":{"rendered":"441m\u00b2 &#8211; Coffrage Peri Trio 2,70m"},"content":{"rendered":"","protected":false},"excerpt":{"rendered":"<p>Nous vous proposons un lot de 441 m\u00b2 &#8211; coffrage Peri Trio d&#8217;occasion 2,70m.<\/p>\n<table width=\"676\">\n<tbody>\n<tr>\n<td width=\"80\"><span style=\"color: #ffffff;\">N\u00b0 d&#8217;art.<\/span><\/td>\n<td width=\"264\"><span style=\"color: #ffffff;\">Description de l&#8217;article<\/span><\/td>\n<td width=\"257\"><span style=\"color: #ffffff;\">Description<\/span><\/td>\n<td width=\"75\"><span style=\"color: #ffffff;\">Quantit\u00e9<\/span><\/td>\n<\/tr>\n<tr>\n<td><span style=\"color: #ffffff;\">023040<\/span><\/td>\n<td><span style=\"color: #ffffff;\">El\u00e9ment d&#8217;obturation TR 270 x 24<\/span><\/td>\n<td><span style=\"color: #ffffff;\">Panneau Stopend TR 270 x 24<\/span><\/td>\n<td><span style=\"color: #ffffff;\">6<\/span><\/td>\n<\/tr>\n<tr>\n<td><span style=\"color: #ffffff;\">023630<\/span><\/td>\n<td><span style=\"color: #ffffff;\">Support d&#8217;ancrage-2 AH, galvanis\u00e9<\/span><\/td>\n<td><span style=\"color: #ffffff;\">Top Tie Bracket-2 AH, galv.<\/span><\/td>\n<td><span style=\"color: #ffffff;\">18<\/span><\/td>\n<\/tr>\n<tr>\n<td><span style=\"color: #ffffff;\">023550<\/span><\/td>\n<td><span style=\"color: #ffffff;\">Barre de compensation TAR 85<\/span><\/td>\n<td><span style=\"color: #ffffff;\">Compensation Waler TAR 85<\/span><\/td>\n<td><span style=\"color: #ffffff;\">16<\/span><\/td>\n<\/tr>\n<tr>\n<td><span style=\"color: #ffffff;\">022580<\/span><\/td>\n<td><span style=\"color: #ffffff;\">TE d&#8217;angle 270-2<\/span><\/td>\n<td><span style=\"color: #ffffff;\">Angle int\u00e9rieur TE 270-2<\/span><\/td>\n<td><span style=\"color: #ffffff;\">10<\/span><\/td>\n<\/tr>\n<tr>\n<td><span style=\"color: #ffffff;\">022510<\/span><\/td>\n<td><span style=\"color: #ffffff;\">\u00c9l\u00e9ment TR 270 x 120<\/span><\/td>\n<td><span style=\"color: #ffffff;\">Panneau TR 270 x 120<\/span><\/td>\n<td><span style=\"color: #ffffff;\">46<\/span><\/td>\n<\/tr>\n<tr>\n<td><span style=\"color: #ffffff;\">022570<\/span><\/td>\n<td><span style=\"color: #ffffff;\">\u00c9l\u00e9ment TR 270 x 240<\/span><\/td>\n<td><span style=\"color: #ffffff;\">Panneau TR 270 x 240<\/span><\/td>\n<td><span style=\"color: #ffffff;\">26<\/span><\/td>\n<\/tr>\n<tr>\n<td><span style=\"color: #ffffff;\">022560<\/span><\/td>\n<td><span style=\"color: #ffffff;\">\u00c9l\u00e9ment TR 270 x 30<\/span><\/td>\n<td><span style=\"color: #ffffff;\">Panneau TR 270 x 30<\/span><\/td>\n<td><span style=\"color: #ffffff;\">8<\/span><\/td>\n<\/tr>\n<tr>\n<td><span style=\"color: #ffffff;\">022550<\/span><\/td>\n<td><span style=\"color: #ffffff;\">\u00c9l\u00e9ment TR 270 x 60<\/span><\/td>\n<td><span style=\"color: #ffffff;\">Panneau TR 270 x 60<\/span><\/td>\n<td><span style=\"color: #ffffff;\">12<\/span><\/td>\n<\/tr>\n<tr>\n<td><span style=\"color: #ffffff;\">022530<\/span><\/td>\n<td><span style=\"color: #ffffff;\">\u00c9l\u00e9ment TR 270 x 72<\/span><\/td>\n<td><span style=\"color: #ffffff;\">Panneau TR 270 x 72<\/span><\/td>\n<td><span style=\"color: #ffffff;\">10<\/span><\/td>\n<\/tr>\n<tr>\n<td><span style=\"color: #ffffff;\">022520<\/span><\/td>\n<td><span style=\"color: #ffffff;\">\u00c9l\u00e9ment TR 270 x 90<\/span><\/td>\n<td><span style=\"color: #ffffff;\">Panneau TR 270 x 90<\/span><\/td>\n<td><span style=\"color: #ffffff;\">8<\/span><\/td>\n<\/tr>\n<tr>\n<td><span style=\"color: #ffffff;\">023200<\/span><\/td>\n<td><span style=\"color: #ffffff;\">Angle \u00e0 charni\u00e8re TGE 270<\/span><\/td>\n<td><span style=\"color: #ffffff;\">Angle articul\u00e9 TGE 270<\/span><\/td>\n<td><span style=\"color: #ffffff;\">8<\/span><\/td>\n<\/tr>\n<tr>\n<td><span style=\"color: #ffffff;\">023670<\/span><\/td>\n<td><span style=\"color: #ffffff;\">Support d&#8217;\u00e9chafaudage TRG 80<\/span><\/td>\n<td><span style=\"color: #ffffff;\">Support de fixation pour \u00e9chafaudage TRG 80<\/span><\/td>\n<td><span style=\"color: #ffffff;\">30<\/span><\/td>\n<\/tr>\n<tr>\n<td><span style=\"color: #ffffff;\">023170<\/span><\/td>\n<td><span style=\"color: #ffffff;\">Compensation de longueur LA 270 x 36<\/span><\/td>\n<td><span style=\"color: #ffffff;\">Plaque de remplissage LA 270 x 36<\/span><\/td>\n<td><span style=\"color: #ffffff;\">8<\/span><\/td>\n<\/tr>\n<tr>\n<td><span style=\"color: #ffffff;\">022540<\/span><\/td>\n<td><span style=\"color: #ffffff;\">\u00c9l\u00e9ments polyvalents TRM 270 x 72<\/span><\/td>\n<td><span style=\"color: #ffffff;\">Panneau multiple TRM 270 x 72<\/span><\/td>\n<td><span style=\"color: #ffffff;\">8<\/span><\/td>\n<\/tr>\n<tr>\n<td><span style=\"color: #ffffff;\">030370<\/span><\/td>\n<td><span style=\"color: #ffffff;\">Plaque de joint d&#8217;\u00e9crou DW 15, galv.<\/span><\/td>\n<td><span style=\"color: #ffffff;\">Plaque de pivotement de l&#8217;\u00e9crou \u00e0 ailettes DW 15, galv.<\/span><\/td>\n<td><span style=\"color: #ffffff;\">250<\/span><\/td>\n<\/tr>\n<tr>\n<td><span style=\"color: #ffffff;\">023500<\/span><\/td>\n<td><span style=\"color: #ffffff;\">Verrouillage de l&#8217;alignement BFD, galvanis\u00e9<\/span><\/td>\n<td><span style=\"color: #ffffff;\">Coupleur d&#8217;alignement BFD, galv.<\/span><\/td>\n<td><span style=\"color: #ffffff;\">280<\/span><\/td>\n<\/tr>\n<tr>\n<td><span style=\"color: #ffffff;\">023930<\/span><\/td>\n<td><span style=\"color: #ffffff;\">But\u00e9e de verrou<\/span><\/td>\n<td><span style=\"color: #ffffff;\">Arr\u00eat de Waler<\/span><\/td>\n<td><span style=\"color: #ffffff;\">23<\/span><\/td>\n<\/tr>\n<tr>\n<td><span style=\"color: #ffffff;\">023820<\/span><\/td>\n<td><span style=\"color: #ffffff;\">T\u00eate de crochet de serrage DW 15, galvanis\u00e9<\/span><\/td>\n<td><span style=\"color: #ffffff;\">Crochet Tie Head DW 15, galv.<\/span><\/td>\n<td><span style=\"color: #ffffff;\">20<\/span><\/td>\n<\/tr>\n<tr>\n<td><span style=\"color: #ffffff;\">030030<\/span><\/td>\n<td width=\"264\"><span style=\"color: #ffffff;\">Acier de pr\u00e9contrainte DW 15 Longueur sp\u00e9ciale<\/span><\/td>\n<td width=\"257\"><span style=\"color: #ffffff;\">Tie Rod DW 15 Spec. Longueur<\/span><\/td>\n<td><span style=\"color: #ffffff;\">105<\/span><\/td>\n<\/tr>\n<tr>\n<td><span style=\"color: #ffffff;\">027510<\/span><\/td>\n<td><span style=\"color: #ffffff;\">Chevalet de soutien SB-2<\/span><\/td>\n<td><span style=\"color: #ffffff;\">Cadre de soutien SB 2<\/span><\/td>\n<td><span style=\"color: #ffffff;\">11<\/span><\/td>\n<\/tr>\n<tr>\n<td><span style=\"color: #ffffff;\">117322<\/span><\/td>\n<td><span style=\"color: #ffffff;\">\u00c9lingue de transport MX<\/span><\/td>\n<td><\/td>\n<td><span style=\"color: #ffffff;\">2<\/span><\/td>\n<\/tr>\n<tr>\n<td><span style=\"color: #ffffff;\">115168<\/span><\/td>\n<td><span style=\"color: #ffffff;\">Crochets de transfert MAXIMO 1,5 t<\/span><\/td>\n<td><span style=\"color: #ffffff;\">Crochet de levage MAXIMO 1,5 t<\/span><\/td>\n<td><span style=\"color: #ffffff;\">6<\/span><\/td>\n<\/tr>\n<tr>\n<td><span style=\"color: #ffffff;\">023181<\/span><\/td>\n<td><span style=\"color: #ffffff;\">Compensation de l&#8217;\u00e9paisseur de paroi WDAS 270 x 5, alu<\/span><\/td>\n<td><span style=\"color: #ffffff;\">Epaisseur des murs comp. WDAS\/4 270 x 5, aluminium<\/span><\/td>\n<td><span style=\"color: #ffffff;\">4<\/span><\/td>\n<\/tr>\n<tr>\n<td><span style=\"color: #ffffff;\">023191<\/span><\/td>\n<td><span style=\"color: #ffffff;\">Compensation de l&#8217;\u00e9paisseur de paroi WDAS 270 x 6, alu<\/span><\/td>\n<td><span style=\"color: #ffffff;\">Epaisseur des murs comp. WDAS\/4 270 x 6, aluminium<\/span><\/td>\n<td><span style=\"color: #ffffff;\">12<\/span><\/td>\n<\/tr>\n<\/tbody>\n<\/table>\n<p>Ce coffrage est dans un \u00e9tat correct, y compris Accessoires disponibles.<\/p>\n<p>Si vous \u00eates int\u00e9ress\u00e9, n&#8217;h\u00e9sitez pas \u00e0 nous envoyer une demande.<\/p>\n<p>&nbsp;<\/p>\n","protected":false},"featured_media":44469,"template":"","meta":[],"product_brand":[],"product_cat":[378,398,377],"product_tag":[],"class_list":{"0":"post-92062","1":"product","2":"type-product","3":"status-publish","4":"has-post-thumbnail","6":"product_cat-peri-fr","7":"product_cat-trio-peri","8":"product_cat-volets","10":"first","11":"instock","12":"taxable","13":"shipping-taxable","14":"product-type-simple"},"yoast_head":"<!-- This site is optimized with the Yoast SEO plugin v27.5 - https:\/\/yoast.com\/product\/yoast-seo-wordpress\/ -->\n<title>441m\u00b2 - Coffrage Peri Trio 2,70m - JH - ITC GmbH<\/title>\n<meta name=\"description\" content=\"441m\u00b2 - Coffrage Peri Trio 2,70m. Fabricants renomm\u00e9s \u2714 Coffrages, \u00e9taiements, \u00e9chafaudages &amp; machines de chantier neufs &amp; d&#039;occasion \u2714 Demandez une offre maintenant!\" \/>\n<meta name=\"robots\" content=\"index, follow, max-snippet:-1, max-image-preview:large, max-video-preview:-1\" \/>\n<link rel=\"canonical\" href=\"https:\/\/www.jh-itc.de\/fr\/shop\/peri-fr\/trio-peri\/441m%c2%b2-coffrage-peri-trio-270m\/\" \/>\n<meta property=\"og:locale\" content=\"fr_FR\" \/>\n<meta property=\"og:type\" content=\"article\" \/>\n<meta property=\"og:title\" content=\"441m\u00b2 - Coffrage Peri Trio 2,70m - JH - ITC GmbH\" \/>\n<meta property=\"og:description\" content=\"441m\u00b2 - Coffrage Peri Trio 2,70m. Fabricants renomm\u00e9s \u2714 Coffrages, \u00e9taiements, \u00e9chafaudages &amp; machines de chantier neufs &amp; d&#039;occasion \u2714 Demandez une offre maintenant!\" \/>\n<meta property=\"og:url\" content=\"https:\/\/www.jh-itc.de\/fr\/shop\/peri-fr\/trio-peri\/441m%c2%b2-coffrage-peri-trio-270m\/\" \/>\n<meta property=\"og:site_name\" content=\"JH - ITC GmbH\" \/>\n<meta property=\"article:publisher\" content=\"https:\/\/www.facebook.com\/schalungshandel\" \/>\n<meta property=\"og:image\" content=\"https:\/\/www.jh-itc.de\/wp-content\/uploads\/2023\/08\/Peri-Trio-270m-_441m\u00b2-jpg-8.jpg\" \/>\n\t<meta property=\"og:image:width\" content=\"2048\" \/>\n\t<meta property=\"og:image:height\" content=\"1536\" \/>\n\t<meta property=\"og:image:type\" content=\"image\/jpeg\" \/>\n<meta name=\"twitter:card\" content=\"summary_large_image\" \/>\n<meta name=\"twitter:site\" content=\"@JH_ITC\" \/>\n<!-- \/ Yoast SEO plugin. -->","yoast_head_json":{"title":"441m\u00b2 - Coffrage Peri Trio 2,70m - JH - ITC GmbH","description":"441m\u00b2 - Coffrage Peri Trio 2,70m. Fabricants renomm\u00e9s \u2714 Coffrages, \u00e9taiements, \u00e9chafaudages & machines de chantier neufs & d'occasion \u2714 Demandez une offre maintenant!","robots":{"index":"index","follow":"follow","max-snippet":"max-snippet:-1","max-image-preview":"max-image-preview:large","max-video-preview":"max-video-preview:-1"},"canonical":"https:\/\/www.jh-itc.de\/fr\/shop\/peri-fr\/trio-peri\/441m%c2%b2-coffrage-peri-trio-270m\/","og_locale":"fr_FR","og_type":"article","og_title":"441m\u00b2 - Coffrage Peri Trio 2,70m - JH - ITC GmbH","og_description":"441m\u00b2 - Coffrage Peri Trio 2,70m. Fabricants renomm\u00e9s \u2714 Coffrages, \u00e9taiements, \u00e9chafaudages & machines de chantier neufs & d'occasion \u2714 Demandez une offre maintenant!","og_url":"https:\/\/www.jh-itc.de\/fr\/shop\/peri-fr\/trio-peri\/441m%c2%b2-coffrage-peri-trio-270m\/","og_site_name":"JH - ITC GmbH","article_publisher":"https:\/\/www.facebook.com\/schalungshandel","og_image":[{"width":2048,"height":1536,"url":"https:\/\/www.jh-itc.de\/wp-content\/uploads\/2023\/08\/Peri-Trio-270m-_441m\u00b2-jpg-8.jpg","type":"image\/jpeg"}],"twitter_card":"summary_large_image","twitter_site":"@JH_ITC","schema":{"@context":"https:\/\/schema.org","@graph":[{"@type":"WebPage","@id":"https:\/\/www.jh-itc.de\/fr\/shop\/peri-fr\/trio-peri\/441m%c2%b2-coffrage-peri-trio-270m\/","url":"https:\/\/www.jh-itc.de\/fr\/shop\/peri-fr\/trio-peri\/441m%c2%b2-coffrage-peri-trio-270m\/","name":"441m\u00b2 - Coffrage Peri Trio 2,70m - JH - ITC GmbH","isPartOf":{"@id":"https:\/\/www.jh-itc.de\/fr\/#website"},"primaryImageOfPage":{"@id":"https:\/\/www.jh-itc.de\/fr\/shop\/peri-fr\/trio-peri\/441m%c2%b2-coffrage-peri-trio-270m\/#primaryimage"},"image":{"@id":"https:\/\/www.jh-itc.de\/fr\/shop\/peri-fr\/trio-peri\/441m%c2%b2-coffrage-peri-trio-270m\/#primaryimage"},"thumbnailUrl":"https:\/\/www.jh-itc.de\/wp-content\/uploads\/2023\/08\/Peri-Trio-270m-_441m\u00b2-jpg-8.jpg","datePublished":"2024-10-08T11:51:29+00:00","description":"441m\u00b2 - Coffrage Peri Trio 2,70m. Fabricants renomm\u00e9s \u2714 Coffrages, \u00e9taiements, \u00e9chafaudages & machines de chantier neufs & d'occasion \u2714 Demandez une offre maintenant!","breadcrumb":{"@id":"https:\/\/www.jh-itc.de\/fr\/shop\/peri-fr\/trio-peri\/441m%c2%b2-coffrage-peri-trio-270m\/#breadcrumb"},"inLanguage":"fr-FR","potentialAction":[{"@type":"ReadAction","target":["https:\/\/www.jh-itc.de\/fr\/shop\/peri-fr\/trio-peri\/441m%c2%b2-coffrage-peri-trio-270m\/"]}]},{"@type":"ImageObject","inLanguage":"fr-FR","@id":"https:\/\/www.jh-itc.de\/fr\/shop\/peri-fr\/trio-peri\/441m%c2%b2-coffrage-peri-trio-270m\/#primaryimage","url":"https:\/\/www.jh-itc.de\/wp-content\/uploads\/2023\/08\/Peri-Trio-270m-_441m\u00b2-jpg-8.jpg","contentUrl":"https:\/\/www.jh-itc.de\/wp-content\/uploads\/2023\/08\/Peri-Trio-270m-_441m\u00b2-jpg-8.jpg","width":2048,"height":1536},{"@type":"BreadcrumbList","@id":"https:\/\/www.jh-itc.de\/fr\/shop\/peri-fr\/trio-peri\/441m%c2%b2-coffrage-peri-trio-270m\/#breadcrumb","itemListElement":[{"@type":"ListItem","position":1,"name":"Home","item":"https:\/\/www.jh-itc.de\/fr\/"},{"@type":"ListItem","position":2,"name":"Boutique","item":"https:\/\/www.jh-itc.de\/fr\/boutique\/"},{"@type":"ListItem","position":3,"name":"441m\u00b2 &#8211; Coffrage Peri Trio 2,70m"}]},{"@type":"WebSite","@id":"https:\/\/www.jh-itc.de\/fr\/#website","url":"https:\/\/www.jh-itc.de\/fr\/","name":"JH - ITC GmbH","description":"Ihr Experte f\u00fcr gebrauchte St\u00fctzen, Schalungen und Ger\u00fcste","publisher":{"@id":"https:\/\/www.jh-itc.de\/fr\/#organization"},"potentialAction":[{"@type":"SearchAction","target":{"@type":"EntryPoint","urlTemplate":"https:\/\/www.jh-itc.de\/fr\/?s={search_term_string}"},"query-input":{"@type":"PropertyValueSpecification","valueRequired":true,"valueName":"search_term_string"}}],"inLanguage":"fr-FR"},{"@type":"Organization","@id":"https:\/\/www.jh-itc.de\/fr\/#organization","name":"JH-ITC GmbH","url":"https:\/\/www.jh-itc.de\/fr\/","logo":{"@type":"ImageObject","inLanguage":"fr-FR","@id":"https:\/\/www.jh-itc.de\/fr\/#\/schema\/logo\/image\/","url":"https:\/\/www.jh-itc.de\/wp-content\/uploads\/2016\/01\/JH-ITC2-1.png","contentUrl":"https:\/\/www.jh-itc.de\/wp-content\/uploads\/2016\/01\/JH-ITC2-1.png","width":300,"height":102,"caption":"JH-ITC GmbH"},"image":{"@id":"https:\/\/www.jh-itc.de\/fr\/#\/schema\/logo\/image\/"},"sameAs":["https:\/\/www.facebook.com\/schalungshandel","https:\/\/x.com\/JH_ITC","https:\/\/www.linkedin.com\/in\/jhitc","https:\/\/youtu.be\/rMdZ-FLfI-Y"]}]}},"_links":{"self":[{"href":"https:\/\/www.jh-itc.de\/fr\/wp-json\/wp\/v2\/product\/92062","targetHints":{"allow":["GET"]}}],"collection":[{"href":"https:\/\/www.jh-itc.de\/fr\/wp-json\/wp\/v2\/product"}],"about":[{"href":"https:\/\/www.jh-itc.de\/fr\/wp-json\/wp\/v2\/types\/product"}],"wp:featuredmedia":[{"embeddable":true,"href":"https:\/\/www.jh-itc.de\/fr\/wp-json\/wp\/v2\/media\/44469"}],"wp:attachment":[{"href":"https:\/\/www.jh-itc.de\/fr\/wp-json\/wp\/v2\/media?parent=92062"}],"wp:term":[{"taxonomy":"product_brand","embeddable":true,"href":"https:\/\/www.jh-itc.de\/fr\/wp-json\/wp\/v2\/product_brand?post=92062"},{"taxonomy":"product_cat","embeddable":true,"href":"https:\/\/www.jh-itc.de\/fr\/wp-json\/wp\/v2\/product_cat?post=92062"},{"taxonomy":"product_tag","embeddable":true,"href":"https:\/\/www.jh-itc.de\/fr\/wp-json\/wp\/v2\/product_tag?post=92062"}],"curies":[{"name":"wp","href":"https:\/\/api.w.org\/{rel}","templated":true}]}}