{"id":92110,"date":"2023-07-28T15:38:52","date_gmt":"2024-10-08T11:52:38","guid":{"rendered":"https:\/\/www.jh-itc.de\/shop\/uncategorized\/doka-eco-20-300-supports-de-plafond\/"},"modified":"2024-10-08T13:52:38","modified_gmt":"2024-10-08T11:52:38","slug":"doka-eco-20-300-supports-de-plafond","status":"publish","type":"product","link":"https:\/\/www.jh-itc.de\/fr\/shop\/supports\/doka-eco-20-300-supports-de-plafond\/","title":{"rendered":"Doka Eco 20-300 Supports de plafond"},"content":{"rendered":"<p>Les \u00e9tais de dalles Doka Eurex 20 eco sont des \u00e9tais de construction en acier avec dispositif d&#8217;extension, conform\u00e9ment \u00e0 la norme EN 1065.<\/p>\n<p>Ils servent de supports verticaux pour des constructions temporaires.<\/p>\n<p>Fiche technique :<\/p>\n<p><a href=\"https:\/\/www.doka.com\/web\/download\/AI_Deckenstuetzen_Eurex_20_eco_DE.pdf\">https:\/\/www.doka.com\/web\/download\/AI_Deckenstuetzen_Eurex_20_eco_DE.pdf<\/a><\/p>\n<p>&nbsp;<\/p>\n","protected":false},"excerpt":{"rendered":"<p>Nous proposons des \u00e9tais d&#8217;occasion 1000 x Doka Eco 20-300.<\/p>\n<p>Ceux-ci sont test\u00e9s et enti\u00e8rement fonctionnels et disponibles \u00e0 partir de l&#8217;entrep\u00f4t d&#8217;Ulm.<\/p>\n<p>Si vous \u00eates int\u00e9ress\u00e9, veuillez nous envoyer votre demande.<\/p>\n","protected":false},"featured_media":44380,"template":"","meta":[],"product_brand":[],"product_cat":[387,385],"product_tag":[],"class_list":{"0":"post-92110","1":"product","2":"type-product","3":"status-publish","4":"has-post-thumbnail","6":"product_cat-doka-fr","7":"product_cat-supports","9":"first","10":"instock","11":"taxable","12":"shipping-taxable","13":"product-type-simple"},"yoast_head":"<!-- This site is optimized with the Yoast SEO plugin v27.2 - https:\/\/yoast.com\/product\/yoast-seo-wordpress\/ -->\n<title>Doka Eco 20-300 Supports de plafond - JH - ITC GmbH<\/title>\n<meta name=\"description\" content=\"Doka Eco 20-300 Supports de plafond. Fabricants renomm\u00e9s \u2714 Coffrages, \u00e9taiements, \u00e9chafaudages &amp; machines de chantier neufs &amp; d&#039;occasion \u2714 Demandez une offre maintenant!\" \/>\n<meta name=\"robots\" content=\"index, follow, max-snippet:-1, max-image-preview:large, max-video-preview:-1\" \/>\n<link rel=\"canonical\" href=\"https:\/\/www.jh-itc.de\/fr\/shop\/supports\/doka-eco-20-300-supports-de-plafond\/\" \/>\n<meta property=\"og:locale\" content=\"fr_FR\" \/>\n<meta property=\"og:type\" content=\"article\" \/>\n<meta property=\"og:title\" content=\"Doka Eco 20-300 Supports de plafond - JH - ITC GmbH\" \/>\n<meta property=\"og:description\" content=\"Doka Eco 20-300 Supports de plafond. Fabricants renomm\u00e9s \u2714 Coffrages, \u00e9taiements, \u00e9chafaudages &amp; machines de chantier neufs &amp; d&#039;occasion \u2714 Demandez une offre maintenant!\" \/>\n<meta property=\"og:url\" content=\"https:\/\/www.jh-itc.de\/fr\/shop\/supports\/doka-eco-20-300-supports-de-plafond\/\" \/>\n<meta property=\"og:site_name\" content=\"JH - ITC GmbH\" \/>\n<meta property=\"article:publisher\" content=\"https:\/\/www.facebook.com\/schalungshandel\" \/>\n<meta property=\"og:image\" content=\"https:\/\/www.jh-itc.de\/wp-content\/uploads\/2023\/07\/Doka-Eco-20-300-3.jpg\" \/>\n\t<meta property=\"og:image:width\" content=\"1536\" \/>\n\t<meta property=\"og:image:height\" content=\"2048\" \/>\n\t<meta property=\"og:image:type\" content=\"image\/jpeg\" \/>\n<meta name=\"twitter:card\" content=\"summary_large_image\" \/>\n<meta name=\"twitter:site\" content=\"@JH_ITC\" \/>\n<!-- \/ Yoast SEO plugin. -->","yoast_head_json":{"title":"Doka Eco 20-300 Supports de plafond - JH - ITC GmbH","description":"Doka Eco 20-300 Supports de plafond. Fabricants renomm\u00e9s \u2714 Coffrages, \u00e9taiements, \u00e9chafaudages & machines de chantier neufs & d'occasion \u2714 Demandez une offre maintenant!","robots":{"index":"index","follow":"follow","max-snippet":"max-snippet:-1","max-image-preview":"max-image-preview:large","max-video-preview":"max-video-preview:-1"},"canonical":"https:\/\/www.jh-itc.de\/fr\/shop\/supports\/doka-eco-20-300-supports-de-plafond\/","og_locale":"fr_FR","og_type":"article","og_title":"Doka Eco 20-300 Supports de plafond - JH - ITC GmbH","og_description":"Doka Eco 20-300 Supports de plafond. Fabricants renomm\u00e9s \u2714 Coffrages, \u00e9taiements, \u00e9chafaudages & machines de chantier neufs & d'occasion \u2714 Demandez une offre maintenant!","og_url":"https:\/\/www.jh-itc.de\/fr\/shop\/supports\/doka-eco-20-300-supports-de-plafond\/","og_site_name":"JH - ITC GmbH","article_publisher":"https:\/\/www.facebook.com\/schalungshandel","og_image":[{"width":1536,"height":2048,"url":"https:\/\/www.jh-itc.de\/wp-content\/uploads\/2023\/07\/Doka-Eco-20-300-3.jpg","type":"image\/jpeg"}],"twitter_card":"summary_large_image","twitter_site":"@JH_ITC","schema":{"@context":"https:\/\/schema.org","@graph":[{"@type":"WebPage","@id":"https:\/\/www.jh-itc.de\/fr\/shop\/supports\/doka-eco-20-300-supports-de-plafond\/","url":"https:\/\/www.jh-itc.de\/fr\/shop\/supports\/doka-eco-20-300-supports-de-plafond\/","name":"Doka Eco 20-300 Supports de plafond - JH - ITC GmbH","isPartOf":{"@id":"https:\/\/www.jh-itc.de\/fr\/#website"},"primaryImageOfPage":{"@id":"https:\/\/www.jh-itc.de\/fr\/shop\/supports\/doka-eco-20-300-supports-de-plafond\/#primaryimage"},"image":{"@id":"https:\/\/www.jh-itc.de\/fr\/shop\/supports\/doka-eco-20-300-supports-de-plafond\/#primaryimage"},"thumbnailUrl":"https:\/\/www.jh-itc.de\/wp-content\/uploads\/2023\/07\/Doka-Eco-20-300-3.jpg","datePublished":"2024-10-08T11:52:38+00:00","description":"Doka Eco 20-300 Supports de plafond. Fabricants renomm\u00e9s \u2714 Coffrages, \u00e9taiements, \u00e9chafaudages & machines de chantier neufs & d'occasion \u2714 Demandez une offre maintenant!","breadcrumb":{"@id":"https:\/\/www.jh-itc.de\/fr\/shop\/supports\/doka-eco-20-300-supports-de-plafond\/#breadcrumb"},"inLanguage":"fr-FR","potentialAction":[{"@type":"ReadAction","target":["https:\/\/www.jh-itc.de\/fr\/shop\/supports\/doka-eco-20-300-supports-de-plafond\/"]}]},{"@type":"ImageObject","inLanguage":"fr-FR","@id":"https:\/\/www.jh-itc.de\/fr\/shop\/supports\/doka-eco-20-300-supports-de-plafond\/#primaryimage","url":"https:\/\/www.jh-itc.de\/wp-content\/uploads\/2023\/07\/Doka-Eco-20-300-3.jpg","contentUrl":"https:\/\/www.jh-itc.de\/wp-content\/uploads\/2023\/07\/Doka-Eco-20-300-3.jpg","width":1536,"height":2048},{"@type":"BreadcrumbList","@id":"https:\/\/www.jh-itc.de\/fr\/shop\/supports\/doka-eco-20-300-supports-de-plafond\/#breadcrumb","itemListElement":[{"@type":"ListItem","position":1,"name":"Home","item":"https:\/\/www.jh-itc.de\/fr\/"},{"@type":"ListItem","position":2,"name":"Boutique","item":"https:\/\/www.jh-itc.de\/fr\/boutique\/"},{"@type":"ListItem","position":3,"name":"Doka Eco 20-300 Supports de plafond"}]},{"@type":"WebSite","@id":"https:\/\/www.jh-itc.de\/fr\/#website","url":"https:\/\/www.jh-itc.de\/fr\/","name":"JH - ITC GmbH","description":"Ihr Experte f\u00fcr gebrauchte St\u00fctzen, Schalungen und Ger\u00fcste","publisher":{"@id":"https:\/\/www.jh-itc.de\/fr\/#organization"},"potentialAction":[{"@type":"SearchAction","target":{"@type":"EntryPoint","urlTemplate":"https:\/\/www.jh-itc.de\/fr\/?s={search_term_string}"},"query-input":{"@type":"PropertyValueSpecification","valueRequired":true,"valueName":"search_term_string"}}],"inLanguage":"fr-FR"},{"@type":"Organization","@id":"https:\/\/www.jh-itc.de\/fr\/#organization","name":"JH-ITC GmbH","url":"https:\/\/www.jh-itc.de\/fr\/","logo":{"@type":"ImageObject","inLanguage":"fr-FR","@id":"https:\/\/www.jh-itc.de\/fr\/#\/schema\/logo\/image\/","url":"https:\/\/www.jh-itc.de\/wp-content\/uploads\/2016\/01\/JH-ITC2-1.png","contentUrl":"https:\/\/www.jh-itc.de\/wp-content\/uploads\/2016\/01\/JH-ITC2-1.png","width":300,"height":102,"caption":"JH-ITC GmbH"},"image":{"@id":"https:\/\/www.jh-itc.de\/fr\/#\/schema\/logo\/image\/"},"sameAs":["https:\/\/www.facebook.com\/schalungshandel","https:\/\/x.com\/JH_ITC","https:\/\/www.linkedin.com\/in\/jhitc","https:\/\/youtu.be\/rMdZ-FLfI-Y"]}]}},"_links":{"self":[{"href":"https:\/\/www.jh-itc.de\/fr\/wp-json\/wp\/v2\/product\/92110","targetHints":{"allow":["GET"]}}],"collection":[{"href":"https:\/\/www.jh-itc.de\/fr\/wp-json\/wp\/v2\/product"}],"about":[{"href":"https:\/\/www.jh-itc.de\/fr\/wp-json\/wp\/v2\/types\/product"}],"wp:featuredmedia":[{"embeddable":true,"href":"https:\/\/www.jh-itc.de\/fr\/wp-json\/wp\/v2\/media\/44380"}],"wp:attachment":[{"href":"https:\/\/www.jh-itc.de\/fr\/wp-json\/wp\/v2\/media?parent=92110"}],"wp:term":[{"taxonomy":"product_brand","embeddable":true,"href":"https:\/\/www.jh-itc.de\/fr\/wp-json\/wp\/v2\/product_brand?post=92110"},{"taxonomy":"product_cat","embeddable":true,"href":"https:\/\/www.jh-itc.de\/fr\/wp-json\/wp\/v2\/product_cat?post=92110"},{"taxonomy":"product_tag","embeddable":true,"href":"https:\/\/www.jh-itc.de\/fr\/wp-json\/wp\/v2\/product_tag?post=92110"}],"curies":[{"name":"wp","href":"https:\/\/api.w.org\/{rel}","templated":true}]}}