{"id":93474,"date":"2025-01-24T14:24:20","date_gmt":"2025-01-24T13:24:31","guid":{"rendered":"https:\/\/www.jh-itc.de\/shop\/uncategorized\/huennebeck-modex-supports-pour-charges-lourdes\/"},"modified":"2025-02-20T14:28:15","modified_gmt":"2025-02-20T13:28:15","slug":"huennebeck-modex-supports-pour-charges-lourdes","status":"publish","type":"product","link":"https:\/\/www.jh-itc.de\/fr\/shop\/volets\/huennebeck-modex-supports-pour-charges-lourdes\/","title":{"rendered":"H\u00fcnnebeck Modex Supports pour charges lourdes"},"content":{"rendered":"<p>L&#8217;<strong>\u00e9tai de charge Modex<\/strong> de Harsco est un \u00e9tai l\u00e9ger et ind\u00e9pendant de la grue, avec des dimensions de syst\u00e8me de 25 x 25 cm.<\/p>\n<p>La charge admissible d&#8217;un poteau individuel d\u00e9pend de la hauteur du poteau et peut atteindre <strong>215KN<\/strong> maximum.<\/p>\n","protected":false},"excerpt":{"rendered":"<p>Nous vous proposons un lot de mat\u00e9riel d&#8217;occasion H\u00fcnnebeck Modex Supports pour charges lourdes.<\/p>\n<p><strong>53 x manche vertical 100<\/strong><\/p>\n<p><strong>20 x manche vertical 150<\/strong><\/p>\n<p><strong>67 x manche vertical 200<\/strong><\/p>\n<p><strong>21 x manche vertical 300<\/strong><\/p>\n<p><strong>24 x manche vertical 400<\/strong><\/p>\n<p><strong>48 x broche de charge M<\/strong><\/p>\n<p>&nbsp;<\/p>\n<p>Manuel d&#8217;utilisation: : <a href=\"https:\/\/www.jh-itc.de\/wp-content\/uploads\/2025\/01\/Modex_Schwerlaststuetze.pdf\">Modex_Support de charge lourde<\/a><\/p>\n<p>Si vous \u00eates int\u00e9ress\u00e9, veuillez nous envoyer votre demande.<\/p>\n","protected":false},"featured_media":0,"template":"","meta":[],"product_brand":[],"product_cat":[380,385,377],"product_tag":[],"class_list":{"0":"post-93474","1":"product","2":"type-product","3":"status-publish","5":"product_cat-huennebeck-fr","6":"product_cat-supports","7":"product_cat-volets","9":"first","10":"instock","11":"taxable","12":"shipping-taxable","13":"product-type-simple"},"yoast_head":"<!-- This site is optimized with the Yoast SEO plugin v27.4 - https:\/\/yoast.com\/product\/yoast-seo-wordpress\/ -->\n<title>H\u00fcnnebeck Modex Supports pour charges lourdes - JH - ITC GmbH<\/title>\n<meta name=\"description\" content=\"H\u00fcnnebeck Modex Supports pour charges lourdes. Fabricants renomm\u00e9s \u2714 Coffrages, \u00e9taiements, \u00e9chafaudages &amp; machines de chantier neufs &amp; d&#039;occasion \u2714 Demandez une offre maintenant!\" \/>\n<meta name=\"robots\" content=\"index, follow, max-snippet:-1, max-image-preview:large, max-video-preview:-1\" \/>\n<link rel=\"canonical\" href=\"https:\/\/www.jh-itc.de\/fr\/shop\/volets\/huennebeck-modex-supports-pour-charges-lourdes\/\" \/>\n<meta property=\"og:locale\" content=\"fr_FR\" \/>\n<meta property=\"og:type\" content=\"article\" \/>\n<meta property=\"og:title\" content=\"H\u00fcnnebeck Modex Supports pour charges lourdes - JH - ITC GmbH\" \/>\n<meta property=\"og:description\" content=\"H\u00fcnnebeck Modex Supports pour charges lourdes. Fabricants renomm\u00e9s \u2714 Coffrages, \u00e9taiements, \u00e9chafaudages &amp; machines de chantier neufs &amp; d&#039;occasion \u2714 Demandez une offre maintenant!\" \/>\n<meta property=\"og:url\" content=\"https:\/\/www.jh-itc.de\/fr\/shop\/volets\/huennebeck-modex-supports-pour-charges-lourdes\/\" \/>\n<meta property=\"og:site_name\" content=\"JH - ITC GmbH\" \/>\n<meta property=\"article:publisher\" content=\"https:\/\/www.facebook.com\/schalungshandel\" \/>\n<meta property=\"article:modified_time\" content=\"2025-02-20T13:28:15+00:00\" \/>\n<meta property=\"og:image\" content=\"https:\/\/www.jh-itc.de\/wp-content\/uploads\/2025\/01\/Modex-Alu-Top-1-rotated.jpg\" \/>\n\t<meta property=\"og:image:width\" content=\"768\" \/>\n\t<meta property=\"og:image:height\" content=\"1024\" \/>\n\t<meta property=\"og:image:type\" content=\"image\/jpeg\" \/>\n<meta name=\"twitter:card\" content=\"summary_large_image\" \/>\n<meta name=\"twitter:site\" content=\"@JH_ITC\" \/>\n<!-- \/ Yoast SEO plugin. -->","yoast_head_json":{"title":"H\u00fcnnebeck Modex Supports pour charges lourdes - JH - ITC GmbH","description":"H\u00fcnnebeck Modex Supports pour charges lourdes. Fabricants renomm\u00e9s \u2714 Coffrages, \u00e9taiements, \u00e9chafaudages & machines de chantier neufs & d'occasion \u2714 Demandez une offre maintenant!","robots":{"index":"index","follow":"follow","max-snippet":"max-snippet:-1","max-image-preview":"max-image-preview:large","max-video-preview":"max-video-preview:-1"},"canonical":"https:\/\/www.jh-itc.de\/fr\/shop\/volets\/huennebeck-modex-supports-pour-charges-lourdes\/","og_locale":"fr_FR","og_type":"article","og_title":"H\u00fcnnebeck Modex Supports pour charges lourdes - JH - ITC GmbH","og_description":"H\u00fcnnebeck Modex Supports pour charges lourdes. Fabricants renomm\u00e9s \u2714 Coffrages, \u00e9taiements, \u00e9chafaudages & machines de chantier neufs & d'occasion \u2714 Demandez une offre maintenant!","og_url":"https:\/\/www.jh-itc.de\/fr\/shop\/volets\/huennebeck-modex-supports-pour-charges-lourdes\/","og_site_name":"JH - ITC GmbH","article_publisher":"https:\/\/www.facebook.com\/schalungshandel","article_modified_time":"2025-02-20T13:28:15+00:00","og_image":[{"width":768,"height":1024,"url":"https:\/\/www.jh-itc.de\/wp-content\/uploads\/2025\/01\/Modex-Alu-Top-1-rotated.jpg","type":"image\/jpeg"}],"twitter_card":"summary_large_image","twitter_site":"@JH_ITC","schema":{"@context":"https:\/\/schema.org","@graph":[{"@type":"WebPage","@id":"https:\/\/www.jh-itc.de\/fr\/shop\/volets\/huennebeck-modex-supports-pour-charges-lourdes\/","url":"https:\/\/www.jh-itc.de\/fr\/shop\/volets\/huennebeck-modex-supports-pour-charges-lourdes\/","name":"H\u00fcnnebeck Modex Supports pour charges lourdes - JH - ITC GmbH","isPartOf":{"@id":"https:\/\/www.jh-itc.de\/fr\/#website"},"datePublished":"2025-01-24T13:24:31+00:00","dateModified":"2025-02-20T13:28:15+00:00","description":"H\u00fcnnebeck Modex Supports pour charges lourdes. Fabricants renomm\u00e9s \u2714 Coffrages, \u00e9taiements, \u00e9chafaudages & machines de chantier neufs & d'occasion \u2714 Demandez une offre maintenant!","breadcrumb":{"@id":"https:\/\/www.jh-itc.de\/fr\/shop\/volets\/huennebeck-modex-supports-pour-charges-lourdes\/#breadcrumb"},"inLanguage":"fr-FR","potentialAction":[{"@type":"ReadAction","target":["https:\/\/www.jh-itc.de\/fr\/shop\/volets\/huennebeck-modex-supports-pour-charges-lourdes\/"]}]},{"@type":"BreadcrumbList","@id":"https:\/\/www.jh-itc.de\/fr\/shop\/volets\/huennebeck-modex-supports-pour-charges-lourdes\/#breadcrumb","itemListElement":[{"@type":"ListItem","position":1,"name":"Home","item":"https:\/\/www.jh-itc.de\/fr\/"},{"@type":"ListItem","position":2,"name":"Boutique","item":"https:\/\/www.jh-itc.de\/fr\/boutique\/"},{"@type":"ListItem","position":3,"name":"H\u00fcnnebeck Modex Supports pour charges lourdes"}]},{"@type":"WebSite","@id":"https:\/\/www.jh-itc.de\/fr\/#website","url":"https:\/\/www.jh-itc.de\/fr\/","name":"JH - ITC GmbH","description":"Ihr Experte f\u00fcr gebrauchte St\u00fctzen, Schalungen und Ger\u00fcste","publisher":{"@id":"https:\/\/www.jh-itc.de\/fr\/#organization"},"potentialAction":[{"@type":"SearchAction","target":{"@type":"EntryPoint","urlTemplate":"https:\/\/www.jh-itc.de\/fr\/?s={search_term_string}"},"query-input":{"@type":"PropertyValueSpecification","valueRequired":true,"valueName":"search_term_string"}}],"inLanguage":"fr-FR"},{"@type":"Organization","@id":"https:\/\/www.jh-itc.de\/fr\/#organization","name":"JH-ITC GmbH","url":"https:\/\/www.jh-itc.de\/fr\/","logo":{"@type":"ImageObject","inLanguage":"fr-FR","@id":"https:\/\/www.jh-itc.de\/fr\/#\/schema\/logo\/image\/","url":"https:\/\/www.jh-itc.de\/wp-content\/uploads\/2016\/01\/JH-ITC2-1.png","contentUrl":"https:\/\/www.jh-itc.de\/wp-content\/uploads\/2016\/01\/JH-ITC2-1.png","width":300,"height":102,"caption":"JH-ITC GmbH"},"image":{"@id":"https:\/\/www.jh-itc.de\/fr\/#\/schema\/logo\/image\/"},"sameAs":["https:\/\/www.facebook.com\/schalungshandel","https:\/\/x.com\/JH_ITC","https:\/\/www.linkedin.com\/in\/jhitc","https:\/\/youtu.be\/rMdZ-FLfI-Y"]}]}},"_links":{"self":[{"href":"https:\/\/www.jh-itc.de\/fr\/wp-json\/wp\/v2\/product\/93474","targetHints":{"allow":["GET"]}}],"collection":[{"href":"https:\/\/www.jh-itc.de\/fr\/wp-json\/wp\/v2\/product"}],"about":[{"href":"https:\/\/www.jh-itc.de\/fr\/wp-json\/wp\/v2\/types\/product"}],"wp:attachment":[{"href":"https:\/\/www.jh-itc.de\/fr\/wp-json\/wp\/v2\/media?parent=93474"}],"wp:term":[{"taxonomy":"product_brand","embeddable":true,"href":"https:\/\/www.jh-itc.de\/fr\/wp-json\/wp\/v2\/product_brand?post=93474"},{"taxonomy":"product_cat","embeddable":true,"href":"https:\/\/www.jh-itc.de\/fr\/wp-json\/wp\/v2\/product_cat?post=93474"},{"taxonomy":"product_tag","embeddable":true,"href":"https:\/\/www.jh-itc.de\/fr\/wp-json\/wp\/v2\/product_tag?post=93474"}],"curies":[{"name":"wp","href":"https:\/\/api.w.org\/{rel}","templated":true}]}}