{"id":94146,"date":"2025-03-10T17:32:11","date_gmt":"2025-03-10T16:32:18","guid":{"rendered":"https:\/\/www.jh-itc.de\/shop\/uncategorized\/galerie-de-coffrage-gsk\/"},"modified":"2025-03-10T17:32:18","modified_gmt":"2025-03-10T16:32:18","slug":"galerie-de-coffrage-gsk","status":"publish","type":"product","link":"https:\/\/www.jh-itc.de\/fr\/shop\/volets\/galerie-de-coffrage-gsk\/","title":{"rendered":"Gal\u00e9rie de coffrage GSK"},"content":{"rendered":"","protected":false},"excerpt":{"rendered":"<p>Nous proposons \u00e0 la vente 2 x poutres de coffrage GSK d&#8217;occasion.<\/p>\n<p>La poutrelle de coffrage de type GSK r\u00e9pond \u00e0 un besoin du secteur de la construction de disposer d&#8217;une protection antichute pratique avec un grand rayon de travail lors de la phase de gros \u0153uvre ou de montage d&#8217;\u00e9l\u00e9ments pr\u00e9fabriqu\u00e9s pour la mise en place de coffrages de dalles.<\/p>\n<p>La potence de coffrage de type GSK est un dispositif mobile de s\u00e9curit\u00e9 des personnes permettant d&#8217;assurer la s\u00e9curit\u00e9 de deux personnes au maximum. Une seule personne doit \u00eatre assur\u00e9e sur l&#8217;antichute \u00e0 rappel automatique par fl\u00e8che de coffrage.<\/p>\n<p>&nbsp;<\/p>\n<p>Si vous \u00eates int\u00e9ress\u00e9, veuillez nous envoyer votre demande.<\/p>\n","protected":false},"featured_media":94140,"template":"","meta":[],"product_brand":[],"product_cat":[377],"product_tag":[],"class_list":{"0":"post-94146","1":"product","2":"type-product","3":"status-publish","4":"has-post-thumbnail","6":"product_cat-volets","8":"first","9":"instock","10":"taxable","11":"shipping-taxable","12":"product-type-simple"},"yoast_head":"<!-- This site is optimized with the Yoast SEO plugin v27.4 - https:\/\/yoast.com\/product\/yoast-seo-wordpress\/ -->\n<title>Gal\u00e9rie de coffrage GSK - JH - ITC GmbH<\/title>\n<meta name=\"description\" content=\"Gal\u00e9rie de coffrage GSK. Fabricants renomm\u00e9s \u2714 Coffrages, \u00e9taiements, \u00e9chafaudages &amp; machines de chantier neufs &amp; d&#039;occasion \u2714 Demandez une offre maintenant!\" \/>\n<meta name=\"robots\" content=\"index, follow, max-snippet:-1, max-image-preview:large, max-video-preview:-1\" \/>\n<link rel=\"canonical\" href=\"https:\/\/www.jh-itc.de\/fr\/shop\/volets\/galerie-de-coffrage-gsk\/\" \/>\n<meta property=\"og:locale\" content=\"fr_FR\" \/>\n<meta property=\"og:type\" content=\"article\" \/>\n<meta property=\"og:title\" content=\"Gal\u00e9rie de coffrage GSK - JH - ITC GmbH\" \/>\n<meta property=\"og:description\" content=\"Gal\u00e9rie de coffrage GSK. Fabricants renomm\u00e9s \u2714 Coffrages, \u00e9taiements, \u00e9chafaudages &amp; machines de chantier neufs &amp; d&#039;occasion \u2714 Demandez une offre maintenant!\" \/>\n<meta property=\"og:url\" content=\"https:\/\/www.jh-itc.de\/fr\/shop\/volets\/galerie-de-coffrage-gsk\/\" \/>\n<meta property=\"og:site_name\" content=\"JH - ITC GmbH\" \/>\n<meta property=\"article:publisher\" content=\"https:\/\/www.facebook.com\/schalungshandel\" \/>\n<meta property=\"og:image\" content=\"https:\/\/www.jh-itc.de\/wp-content\/uploads\/2025\/03\/Schalungsgalhgen-GSK-Im-Einsatz.jpg\" \/>\n\t<meta property=\"og:image:width\" content=\"1273\" \/>\n\t<meta property=\"og:image:height\" content=\"847\" \/>\n\t<meta property=\"og:image:type\" content=\"image\/jpeg\" \/>\n<meta name=\"twitter:card\" content=\"summary_large_image\" \/>\n<meta name=\"twitter:site\" content=\"@JH_ITC\" \/>\n<!-- \/ Yoast SEO plugin. -->","yoast_head_json":{"title":"Gal\u00e9rie de coffrage GSK - JH - ITC GmbH","description":"Gal\u00e9rie de coffrage GSK. Fabricants renomm\u00e9s \u2714 Coffrages, \u00e9taiements, \u00e9chafaudages & machines de chantier neufs & d'occasion \u2714 Demandez une offre maintenant!","robots":{"index":"index","follow":"follow","max-snippet":"max-snippet:-1","max-image-preview":"max-image-preview:large","max-video-preview":"max-video-preview:-1"},"canonical":"https:\/\/www.jh-itc.de\/fr\/shop\/volets\/galerie-de-coffrage-gsk\/","og_locale":"fr_FR","og_type":"article","og_title":"Gal\u00e9rie de coffrage GSK - JH - ITC GmbH","og_description":"Gal\u00e9rie de coffrage GSK. Fabricants renomm\u00e9s \u2714 Coffrages, \u00e9taiements, \u00e9chafaudages & machines de chantier neufs & d'occasion \u2714 Demandez une offre maintenant!","og_url":"https:\/\/www.jh-itc.de\/fr\/shop\/volets\/galerie-de-coffrage-gsk\/","og_site_name":"JH - ITC GmbH","article_publisher":"https:\/\/www.facebook.com\/schalungshandel","og_image":[{"width":1273,"height":847,"url":"https:\/\/www.jh-itc.de\/wp-content\/uploads\/2025\/03\/Schalungsgalhgen-GSK-Im-Einsatz.jpg","type":"image\/jpeg"}],"twitter_card":"summary_large_image","twitter_site":"@JH_ITC","schema":{"@context":"https:\/\/schema.org","@graph":[{"@type":"WebPage","@id":"https:\/\/www.jh-itc.de\/fr\/shop\/volets\/galerie-de-coffrage-gsk\/","url":"https:\/\/www.jh-itc.de\/fr\/shop\/volets\/galerie-de-coffrage-gsk\/","name":"Gal\u00e9rie de coffrage GSK - JH - ITC GmbH","isPartOf":{"@id":"https:\/\/www.jh-itc.de\/fr\/#website"},"primaryImageOfPage":{"@id":"https:\/\/www.jh-itc.de\/fr\/shop\/volets\/galerie-de-coffrage-gsk\/#primaryimage"},"image":{"@id":"https:\/\/www.jh-itc.de\/fr\/shop\/volets\/galerie-de-coffrage-gsk\/#primaryimage"},"thumbnailUrl":"https:\/\/www.jh-itc.de\/wp-content\/uploads\/2025\/03\/Schalungsgalhgen-GSK-Im-Einsatz.jpg","datePublished":"2025-03-10T16:32:18+00:00","description":"Gal\u00e9rie de coffrage GSK. Fabricants renomm\u00e9s \u2714 Coffrages, \u00e9taiements, \u00e9chafaudages & machines de chantier neufs & d'occasion \u2714 Demandez une offre maintenant!","breadcrumb":{"@id":"https:\/\/www.jh-itc.de\/fr\/shop\/volets\/galerie-de-coffrage-gsk\/#breadcrumb"},"inLanguage":"fr-FR","potentialAction":[{"@type":"ReadAction","target":["https:\/\/www.jh-itc.de\/fr\/shop\/volets\/galerie-de-coffrage-gsk\/"]}]},{"@type":"ImageObject","inLanguage":"fr-FR","@id":"https:\/\/www.jh-itc.de\/fr\/shop\/volets\/galerie-de-coffrage-gsk\/#primaryimage","url":"https:\/\/www.jh-itc.de\/wp-content\/uploads\/2025\/03\/Schalungsgalhgen-GSK-Im-Einsatz.jpg","contentUrl":"https:\/\/www.jh-itc.de\/wp-content\/uploads\/2025\/03\/Schalungsgalhgen-GSK-Im-Einsatz.jpg","width":1273,"height":847},{"@type":"BreadcrumbList","@id":"https:\/\/www.jh-itc.de\/fr\/shop\/volets\/galerie-de-coffrage-gsk\/#breadcrumb","itemListElement":[{"@type":"ListItem","position":1,"name":"Home","item":"https:\/\/www.jh-itc.de\/fr\/"},{"@type":"ListItem","position":2,"name":"Boutique","item":"https:\/\/www.jh-itc.de\/fr\/boutique\/"},{"@type":"ListItem","position":3,"name":"Gal\u00e9rie de coffrage GSK"}]},{"@type":"WebSite","@id":"https:\/\/www.jh-itc.de\/fr\/#website","url":"https:\/\/www.jh-itc.de\/fr\/","name":"JH - ITC GmbH","description":"Ihr Experte f\u00fcr gebrauchte St\u00fctzen, Schalungen und Ger\u00fcste","publisher":{"@id":"https:\/\/www.jh-itc.de\/fr\/#organization"},"potentialAction":[{"@type":"SearchAction","target":{"@type":"EntryPoint","urlTemplate":"https:\/\/www.jh-itc.de\/fr\/?s={search_term_string}"},"query-input":{"@type":"PropertyValueSpecification","valueRequired":true,"valueName":"search_term_string"}}],"inLanguage":"fr-FR"},{"@type":"Organization","@id":"https:\/\/www.jh-itc.de\/fr\/#organization","name":"JH-ITC GmbH","url":"https:\/\/www.jh-itc.de\/fr\/","logo":{"@type":"ImageObject","inLanguage":"fr-FR","@id":"https:\/\/www.jh-itc.de\/fr\/#\/schema\/logo\/image\/","url":"https:\/\/www.jh-itc.de\/wp-content\/uploads\/2016\/01\/JH-ITC2-1.png","contentUrl":"https:\/\/www.jh-itc.de\/wp-content\/uploads\/2016\/01\/JH-ITC2-1.png","width":300,"height":102,"caption":"JH-ITC GmbH"},"image":{"@id":"https:\/\/www.jh-itc.de\/fr\/#\/schema\/logo\/image\/"},"sameAs":["https:\/\/www.facebook.com\/schalungshandel","https:\/\/x.com\/JH_ITC","https:\/\/www.linkedin.com\/in\/jhitc","https:\/\/youtu.be\/rMdZ-FLfI-Y"]}]}},"_links":{"self":[{"href":"https:\/\/www.jh-itc.de\/fr\/wp-json\/wp\/v2\/product\/94146","targetHints":{"allow":["GET"]}}],"collection":[{"href":"https:\/\/www.jh-itc.de\/fr\/wp-json\/wp\/v2\/product"}],"about":[{"href":"https:\/\/www.jh-itc.de\/fr\/wp-json\/wp\/v2\/types\/product"}],"wp:featuredmedia":[{"embeddable":true,"href":"https:\/\/www.jh-itc.de\/fr\/wp-json\/wp\/v2\/media\/94140"}],"wp:attachment":[{"href":"https:\/\/www.jh-itc.de\/fr\/wp-json\/wp\/v2\/media?parent=94146"}],"wp:term":[{"taxonomy":"product_brand","embeddable":true,"href":"https:\/\/www.jh-itc.de\/fr\/wp-json\/wp\/v2\/product_brand?post=94146"},{"taxonomy":"product_cat","embeddable":true,"href":"https:\/\/www.jh-itc.de\/fr\/wp-json\/wp\/v2\/product_cat?post=94146"},{"taxonomy":"product_tag","embeddable":true,"href":"https:\/\/www.jh-itc.de\/fr\/wp-json\/wp\/v2\/product_tag?post=94146"}],"curies":[{"name":"wp","href":"https:\/\/api.w.org\/{rel}","templated":true}]}}