{"id":19860,"date":"2017-03-13T21:44:28","date_gmt":"2021-07-16T16:29:50","guid":{"rendered":"https:\/\/www.jh-itc.de\/shop\/uncategorized\/%d0%bf%d0%bb%d0%b0%d0%bd%d0%ba%d0%b8-sgb-cuplock-%d0%b4%d0%bb%d1%8f-%d0%bf%d1%80%d0%be%d0%b4%d0%b0%d0%b6%d0%b8\/"},"modified":"2021-07-16T18:29:50","modified_gmt":"2021-07-16T16:29:50","slug":"sgb-cuplock-planks-for-sale-2","status":"publish","type":"product","link":"https:\/\/www.jh-itc.de\/ru\/shop\/gerueste-ru\/sgb-cuplock-planks-for-sale-2\/","title":{"rendered":"\u041f\u043b\u0430\u043d\u043a\u0438 SGB Cuplock \u0434\u043b\u044f \u043f\u0440\u043e\u0434\u0430\u0436\u0438"},"content":{"rendered":"","protected":false},"excerpt":{"rendered":"<p>\u041c\u044b \u043c\u043e\u0436\u0435\u043c \u043f\u0440\u0435\u0434\u043b\u043e\u0436\u0438\u0442\u044c \u0441\u043e\u0432\u0435\u0440\u0448\u0435\u043d\u043d\u043e \u043d\u043e\u0432\u044b\u0435 \u0434\u043e\u0441\u043a\u0438 SGB Cuplock \u0441\u043b\u0435\u0434\u0443\u044e\u0449\u0438\u0445 \u0440\u0430\u0437\u043c\u0435\u0440\u043e\u0432.<\/p>\n<p><strong>340 x \u041f\u043b\u0430\u043d\u043a\u0430 Cuplok 2,50 \u043c x 0,24 \u043c<\/strong><\/p>\n<p><strong>400 x \u041f\u043b\u0430\u043d\u043a\u0430 \u041a\u0443\u043f\u043b\u043e\u043a 2,50 \u043c x 0,305 \u043c<\/strong><\/p>\n<p><strong>  24 x \u041f\u043b\u0430\u043d\u043a\u0430 Cuplok 1,80 \u043c x 0,24 \u043c<\/strong><\/p>\n<p><strong>102 x \u041f\u043b\u0430\u043d\u043a\u0430 Cuplok 1,20 \u043c x 0,305 \u043c<\/strong><\/p>\n","protected":false},"featured_media":19905,"template":"","meta":[],"product_brand":[],"product_cat":[329,335],"product_tag":[],"class_list":{"0":"post-19860","1":"product","2":"type-product","3":"status-publish","4":"has-post-thumbnail","6":"product_cat-gerueste-ru","7":"product_cat-huennebeck-ru","9":"first","10":"instock","11":"taxable","12":"shipping-taxable","13":"product-type-simple"},"yoast_head":"<!-- This site is optimized with the Yoast SEO plugin v27.3 - https:\/\/yoast.com\/product\/yoast-seo-wordpress\/ -->\n<title>\u041f\u043b\u0430\u043d\u043a\u0438 SGB Cuplock \u0434\u043b\u044f \u043f\u0440\u043e\u0434\u0430\u0436\u0438 - JH - ITC GmbH<\/title>\n<meta name=\"description\" content=\"\u0421\u0442\u0430\u043b\u044c\u043d\u044b\u0435 \u0448\u043a\u0430\u0444\u044b SGB Cuplock\" \/>\n<meta name=\"robots\" content=\"index, follow, max-snippet:-1, max-image-preview:large, max-video-preview:-1\" \/>\n<link rel=\"canonical\" href=\"https:\/\/www.jh-itc.de\/ru\/shop\/gerueste-ru\/sgb-cuplock-planks-for-sale-2\/\" \/>\n<meta property=\"og:locale\" content=\"ru_RU\" \/>\n<meta property=\"og:type\" content=\"article\" \/>\n<meta property=\"og:title\" content=\"\u041f\u043b\u0430\u043d\u043a\u0438 SGB Cuplock \u0434\u043b\u044f \u043f\u0440\u043e\u0434\u0430\u0436\u0438 - JH - ITC GmbH\" \/>\n<meta property=\"og:description\" content=\"\u0421\u0442\u0430\u043b\u044c\u043d\u044b\u0435 \u0448\u043a\u0430\u0444\u044b SGB Cuplock\" \/>\n<meta property=\"og:url\" content=\"https:\/\/www.jh-itc.de\/ru\/shop\/gerueste-ru\/sgb-cuplock-planks-for-sale-2\/\" \/>\n<meta property=\"og:site_name\" content=\"JH - ITC GmbH\" \/>\n<meta property=\"article:publisher\" content=\"https:\/\/www.facebook.com\/schalungshandel\" \/>\n<meta property=\"og:image\" content=\"https:\/\/www.jh-itc.de\/wp-content\/uploads\/2017\/03\/New-Cuplock-Planks-3-Small.jpg\" \/>\n\t<meta property=\"og:image:width\" content=\"851\" \/>\n\t<meta property=\"og:image:height\" content=\"480\" \/>\n\t<meta property=\"og:image:type\" content=\"image\/jpeg\" \/>\n<meta name=\"twitter:card\" content=\"summary_large_image\" \/>\n<meta name=\"twitter:site\" content=\"@JH_ITC\" \/>\n<!-- \/ Yoast SEO plugin. -->","yoast_head_json":{"title":"\u041f\u043b\u0430\u043d\u043a\u0438 SGB Cuplock \u0434\u043b\u044f \u043f\u0440\u043e\u0434\u0430\u0436\u0438 - JH - ITC GmbH","description":"\u0421\u0442\u0430\u043b\u044c\u043d\u044b\u0435 \u0448\u043a\u0430\u0444\u044b SGB Cuplock","robots":{"index":"index","follow":"follow","max-snippet":"max-snippet:-1","max-image-preview":"max-image-preview:large","max-video-preview":"max-video-preview:-1"},"canonical":"https:\/\/www.jh-itc.de\/ru\/shop\/gerueste-ru\/sgb-cuplock-planks-for-sale-2\/","og_locale":"ru_RU","og_type":"article","og_title":"\u041f\u043b\u0430\u043d\u043a\u0438 SGB Cuplock \u0434\u043b\u044f \u043f\u0440\u043e\u0434\u0430\u0436\u0438 - JH - ITC GmbH","og_description":"\u0421\u0442\u0430\u043b\u044c\u043d\u044b\u0435 \u0448\u043a\u0430\u0444\u044b SGB Cuplock","og_url":"https:\/\/www.jh-itc.de\/ru\/shop\/gerueste-ru\/sgb-cuplock-planks-for-sale-2\/","og_site_name":"JH - ITC GmbH","article_publisher":"https:\/\/www.facebook.com\/schalungshandel","og_image":[{"width":851,"height":480,"url":"https:\/\/www.jh-itc.de\/wp-content\/uploads\/2017\/03\/New-Cuplock-Planks-3-Small.jpg","type":"image\/jpeg"}],"twitter_card":"summary_large_image","twitter_site":"@JH_ITC","schema":{"@context":"https:\/\/schema.org","@graph":[{"@type":"WebPage","@id":"https:\/\/www.jh-itc.de\/ru\/shop\/gerueste-ru\/sgb-cuplock-planks-for-sale-2\/","url":"https:\/\/www.jh-itc.de\/ru\/shop\/gerueste-ru\/sgb-cuplock-planks-for-sale-2\/","name":"\u041f\u043b\u0430\u043d\u043a\u0438 SGB Cuplock \u0434\u043b\u044f \u043f\u0440\u043e\u0434\u0430\u0436\u0438 - JH - ITC GmbH","isPartOf":{"@id":"https:\/\/www.jh-itc.de\/ru\/#website"},"primaryImageOfPage":{"@id":"https:\/\/www.jh-itc.de\/ru\/shop\/gerueste-ru\/sgb-cuplock-planks-for-sale-2\/#primaryimage"},"image":{"@id":"https:\/\/www.jh-itc.de\/ru\/shop\/gerueste-ru\/sgb-cuplock-planks-for-sale-2\/#primaryimage"},"thumbnailUrl":"https:\/\/www.jh-itc.de\/wp-content\/uploads\/2017\/03\/New-Cuplock-Planks-3-Small.jpg","datePublished":"2021-07-16T16:29:50+00:00","description":"\u0421\u0442\u0430\u043b\u044c\u043d\u044b\u0435 \u0448\u043a\u0430\u0444\u044b SGB Cuplock","breadcrumb":{"@id":"https:\/\/www.jh-itc.de\/ru\/shop\/gerueste-ru\/sgb-cuplock-planks-for-sale-2\/#breadcrumb"},"inLanguage":"ru-RU","potentialAction":[{"@type":"ReadAction","target":["https:\/\/www.jh-itc.de\/ru\/shop\/gerueste-ru\/sgb-cuplock-planks-for-sale-2\/"]}]},{"@type":"ImageObject","inLanguage":"ru-RU","@id":"https:\/\/www.jh-itc.de\/ru\/shop\/gerueste-ru\/sgb-cuplock-planks-for-sale-2\/#primaryimage","url":"https:\/\/www.jh-itc.de\/wp-content\/uploads\/2017\/03\/New-Cuplock-Planks-3-Small.jpg","contentUrl":"https:\/\/www.jh-itc.de\/wp-content\/uploads\/2017\/03\/New-Cuplock-Planks-3-Small.jpg","width":851,"height":480},{"@type":"BreadcrumbList","@id":"https:\/\/www.jh-itc.de\/ru\/shop\/gerueste-ru\/sgb-cuplock-planks-for-sale-2\/#breadcrumb","itemListElement":[{"@type":"ListItem","position":1,"name":"Home","item":"https:\/\/www.jh-itc.de\/ru\/"},{"@type":"ListItem","position":2,"name":"\u041c\u0430\u0433\u0430\u0437\u0438\u043d","item":"https:\/\/www.jh-itc.de\/ru\/%d0%bc%d0%b0%d0%b3%d0%b0%d0%b7%d0%b8%d0%bd\/"},{"@type":"ListItem","position":3,"name":"\u041f\u043b\u0430\u043d\u043a\u0438 SGB Cuplock \u0434\u043b\u044f \u043f\u0440\u043e\u0434\u0430\u0436\u0438"}]},{"@type":"WebSite","@id":"https:\/\/www.jh-itc.de\/ru\/#website","url":"https:\/\/www.jh-itc.de\/ru\/","name":"JH - ITC GmbH","description":"Ihr Experte f\u00fcr gebrauchte St\u00fctzen, Schalungen und Ger\u00fcste","publisher":{"@id":"https:\/\/www.jh-itc.de\/ru\/#organization"},"potentialAction":[{"@type":"SearchAction","target":{"@type":"EntryPoint","urlTemplate":"https:\/\/www.jh-itc.de\/ru\/?s={search_term_string}"},"query-input":{"@type":"PropertyValueSpecification","valueRequired":true,"valueName":"search_term_string"}}],"inLanguage":"ru-RU"},{"@type":"Organization","@id":"https:\/\/www.jh-itc.de\/ru\/#organization","name":"JH-ITC GmbH","url":"https:\/\/www.jh-itc.de\/ru\/","logo":{"@type":"ImageObject","inLanguage":"ru-RU","@id":"https:\/\/www.jh-itc.de\/ru\/#\/schema\/logo\/image\/","url":"https:\/\/www.jh-itc.de\/wp-content\/uploads\/2016\/01\/JH-ITC2-1.png","contentUrl":"https:\/\/www.jh-itc.de\/wp-content\/uploads\/2016\/01\/JH-ITC2-1.png","width":300,"height":102,"caption":"JH-ITC GmbH"},"image":{"@id":"https:\/\/www.jh-itc.de\/ru\/#\/schema\/logo\/image\/"},"sameAs":["https:\/\/www.facebook.com\/schalungshandel","https:\/\/x.com\/JH_ITC","https:\/\/www.linkedin.com\/in\/jhitc","https:\/\/youtu.be\/rMdZ-FLfI-Y"]}]}},"_links":{"self":[{"href":"https:\/\/www.jh-itc.de\/ru\/wp-json\/wp\/v2\/product\/19860","targetHints":{"allow":["GET"]}}],"collection":[{"href":"https:\/\/www.jh-itc.de\/ru\/wp-json\/wp\/v2\/product"}],"about":[{"href":"https:\/\/www.jh-itc.de\/ru\/wp-json\/wp\/v2\/types\/product"}],"wp:featuredmedia":[{"embeddable":true,"href":"https:\/\/www.jh-itc.de\/ru\/wp-json\/wp\/v2\/media\/19905"}],"wp:attachment":[{"href":"https:\/\/www.jh-itc.de\/ru\/wp-json\/wp\/v2\/media?parent=19860"}],"wp:term":[{"taxonomy":"product_brand","embeddable":true,"href":"https:\/\/www.jh-itc.de\/ru\/wp-json\/wp\/v2\/product_brand?post=19860"},{"taxonomy":"product_cat","embeddable":true,"href":"https:\/\/www.jh-itc.de\/ru\/wp-json\/wp\/v2\/product_cat?post=19860"},{"taxonomy":"product_tag","embeddable":true,"href":"https:\/\/www.jh-itc.de\/ru\/wp-json\/wp\/v2\/product_tag?post=19860"}],"curies":[{"name":"wp","href":"https:\/\/api.w.org\/{rel}","templated":true}]}}