{"id":19969,"date":"2015-10-06T20:50:32","date_gmt":"2021-07-16T16:29:58","guid":{"rendered":"https:\/\/www.jh-itc.de\/shop\/uncategorized\/%d0%bd%d0%b0%d1%81%d0%b0%d0%b4%d0%ba%d0%b0-huennebeck-topec\/"},"modified":"2021-07-16T18:29:58","modified_gmt":"2021-07-16T16:29:58","slug":"huennebeck-topec-drophead","status":"publish","type":"product","link":"https:\/\/www.jh-itc.de\/ru\/shop\/huennebeck-ru\/huennebeck-topec-ru\/huennebeck-topec-drophead\/","title":{"rendered":"\u041d\u0430\u0441\u0430\u0434\u043a\u0430 H\u00fcnnebeck Topec"},"content":{"rendered":"","protected":false},"excerpt":{"rendered":"<p>\u041c\u044b \u043f\u0440\u0435\u0434\u043b\u0430\u0433\u0430\u0435\u043c 180 x <strong>H\u00fcnnebeck Topec drop head<\/strong>.<\/p>\n<p>\u041e\u043d\u0438 \u043d\u0430\u0445\u043e\u0434\u044f\u0442\u0441\u044f \u0432 \u0445\u043e\u0440\u043e\u0448\u0435\u043c \u0441\u043e\u0441\u0442\u043e\u044f\u043d\u0438\u0438 \u0438 \u0438\u043c\u0435\u044e\u0442\u0441\u044f \u0432 \u043d\u0430\u043b\u0438\u0447\u0438\u0438 \u043d\u0430 \u0441\u043a\u043b\u0430\u0434\u0435.<\/p>\n<p>&nbsp;<\/p>\n","protected":false},"featured_media":19977,"template":"","meta":[],"product_brand":[],"product_cat":[361,335,339],"product_tag":[],"class_list":{"0":"post-19969","1":"product","2":"type-product","3":"status-publish","4":"has-post-thumbnail","6":"product_cat-schalungen-ru","7":"product_cat-huennebeck-ru","8":"product_cat-huennebeck-topec-ru","10":"first","11":"instock","12":"sale","13":"taxable","14":"shipping-taxable","15":"product-type-simple"},"yoast_head":"<!-- This site is optimized with the Yoast SEO plugin v27.3 - https:\/\/yoast.com\/product\/yoast-seo-wordpress\/ -->\n<title>\u041d\u0430\u0441\u0430\u0434\u043a\u0430 H\u00fcnnebeck Topec - JH - ITC GmbH<\/title>\n<meta name=\"description\" content=\"H\u00fcnnebeck Topec Drophead, H\u00fcnnebeck Topec Drophead\" \/>\n<meta name=\"robots\" content=\"index, follow, max-snippet:-1, max-image-preview:large, max-video-preview:-1\" \/>\n<link rel=\"canonical\" href=\"https:\/\/www.jh-itc.de\/ru\/shop\/huennebeck-ru\/huennebeck-topec-ru\/huennebeck-topec-drophead\/\" \/>\n<meta property=\"og:locale\" content=\"ru_RU\" \/>\n<meta property=\"og:type\" content=\"article\" \/>\n<meta property=\"og:title\" content=\"\u041d\u0430\u0441\u0430\u0434\u043a\u0430 H\u00fcnnebeck Topec - JH - ITC GmbH\" \/>\n<meta property=\"og:description\" content=\"H\u00fcnnebeck Topec Drophead, H\u00fcnnebeck Topec Drophead\" \/>\n<meta property=\"og:url\" content=\"https:\/\/www.jh-itc.de\/ru\/shop\/huennebeck-ru\/huennebeck-topec-ru\/huennebeck-topec-drophead\/\" \/>\n<meta property=\"og:site_name\" content=\"JH - ITC GmbH\" \/>\n<meta property=\"article:publisher\" content=\"https:\/\/www.facebook.com\/schalungshandel\" \/>\n<meta property=\"og:image\" content=\"https:\/\/www.jh-itc.de\/wp-content\/uploads\/2015\/10\/Topec-Fallkopf-1.jpg\" \/>\n\t<meta property=\"og:image:width\" content=\"640\" \/>\n\t<meta property=\"og:image:height\" content=\"480\" \/>\n\t<meta property=\"og:image:type\" content=\"image\/jpeg\" \/>\n<meta name=\"twitter:card\" content=\"summary_large_image\" \/>\n<meta name=\"twitter:site\" content=\"@JH_ITC\" \/>\n<!-- \/ Yoast SEO plugin. -->","yoast_head_json":{"title":"\u041d\u0430\u0441\u0430\u0434\u043a\u0430 H\u00fcnnebeck Topec - JH - ITC GmbH","description":"H\u00fcnnebeck Topec Drophead, H\u00fcnnebeck Topec Drophead","robots":{"index":"index","follow":"follow","max-snippet":"max-snippet:-1","max-image-preview":"max-image-preview:large","max-video-preview":"max-video-preview:-1"},"canonical":"https:\/\/www.jh-itc.de\/ru\/shop\/huennebeck-ru\/huennebeck-topec-ru\/huennebeck-topec-drophead\/","og_locale":"ru_RU","og_type":"article","og_title":"\u041d\u0430\u0441\u0430\u0434\u043a\u0430 H\u00fcnnebeck Topec - JH - ITC GmbH","og_description":"H\u00fcnnebeck Topec Drophead, H\u00fcnnebeck Topec Drophead","og_url":"https:\/\/www.jh-itc.de\/ru\/shop\/huennebeck-ru\/huennebeck-topec-ru\/huennebeck-topec-drophead\/","og_site_name":"JH - ITC GmbH","article_publisher":"https:\/\/www.facebook.com\/schalungshandel","og_image":[{"width":640,"height":480,"url":"https:\/\/www.jh-itc.de\/wp-content\/uploads\/2015\/10\/Topec-Fallkopf-1.jpg","type":"image\/jpeg"}],"twitter_card":"summary_large_image","twitter_site":"@JH_ITC","schema":{"@context":"https:\/\/schema.org","@graph":[{"@type":"WebPage","@id":"https:\/\/www.jh-itc.de\/ru\/shop\/huennebeck-ru\/huennebeck-topec-ru\/huennebeck-topec-drophead\/","url":"https:\/\/www.jh-itc.de\/ru\/shop\/huennebeck-ru\/huennebeck-topec-ru\/huennebeck-topec-drophead\/","name":"\u041d\u0430\u0441\u0430\u0434\u043a\u0430 H\u00fcnnebeck Topec - JH - ITC GmbH","isPartOf":{"@id":"https:\/\/www.jh-itc.de\/ru\/#website"},"primaryImageOfPage":{"@id":"https:\/\/www.jh-itc.de\/ru\/shop\/huennebeck-ru\/huennebeck-topec-ru\/huennebeck-topec-drophead\/#primaryimage"},"image":{"@id":"https:\/\/www.jh-itc.de\/ru\/shop\/huennebeck-ru\/huennebeck-topec-ru\/huennebeck-topec-drophead\/#primaryimage"},"thumbnailUrl":"https:\/\/www.jh-itc.de\/wp-content\/uploads\/2015\/10\/Topec-Fallkopf-1.jpg","datePublished":"2021-07-16T16:29:58+00:00","description":"H\u00fcnnebeck Topec Drophead, H\u00fcnnebeck Topec Drophead","breadcrumb":{"@id":"https:\/\/www.jh-itc.de\/ru\/shop\/huennebeck-ru\/huennebeck-topec-ru\/huennebeck-topec-drophead\/#breadcrumb"},"inLanguage":"ru-RU","potentialAction":[{"@type":"ReadAction","target":["https:\/\/www.jh-itc.de\/ru\/shop\/huennebeck-ru\/huennebeck-topec-ru\/huennebeck-topec-drophead\/"]}]},{"@type":"ImageObject","inLanguage":"ru-RU","@id":"https:\/\/www.jh-itc.de\/ru\/shop\/huennebeck-ru\/huennebeck-topec-ru\/huennebeck-topec-drophead\/#primaryimage","url":"https:\/\/www.jh-itc.de\/wp-content\/uploads\/2015\/10\/Topec-Fallkopf-1.jpg","contentUrl":"https:\/\/www.jh-itc.de\/wp-content\/uploads\/2015\/10\/Topec-Fallkopf-1.jpg","width":640,"height":480},{"@type":"BreadcrumbList","@id":"https:\/\/www.jh-itc.de\/ru\/shop\/huennebeck-ru\/huennebeck-topec-ru\/huennebeck-topec-drophead\/#breadcrumb","itemListElement":[{"@type":"ListItem","position":1,"name":"Home","item":"https:\/\/www.jh-itc.de\/ru\/"},{"@type":"ListItem","position":2,"name":"\u041c\u0430\u0433\u0430\u0437\u0438\u043d","item":"https:\/\/www.jh-itc.de\/ru\/%d0%bc%d0%b0%d0%b3%d0%b0%d0%b7%d0%b8%d0%bd\/"},{"@type":"ListItem","position":3,"name":"\u041d\u0430\u0441\u0430\u0434\u043a\u0430 H\u00fcnnebeck Topec"}]},{"@type":"WebSite","@id":"https:\/\/www.jh-itc.de\/ru\/#website","url":"https:\/\/www.jh-itc.de\/ru\/","name":"JH - ITC GmbH","description":"Ihr Experte f\u00fcr gebrauchte St\u00fctzen, Schalungen und Ger\u00fcste","publisher":{"@id":"https:\/\/www.jh-itc.de\/ru\/#organization"},"potentialAction":[{"@type":"SearchAction","target":{"@type":"EntryPoint","urlTemplate":"https:\/\/www.jh-itc.de\/ru\/?s={search_term_string}"},"query-input":{"@type":"PropertyValueSpecification","valueRequired":true,"valueName":"search_term_string"}}],"inLanguage":"ru-RU"},{"@type":"Organization","@id":"https:\/\/www.jh-itc.de\/ru\/#organization","name":"JH-ITC GmbH","url":"https:\/\/www.jh-itc.de\/ru\/","logo":{"@type":"ImageObject","inLanguage":"ru-RU","@id":"https:\/\/www.jh-itc.de\/ru\/#\/schema\/logo\/image\/","url":"https:\/\/www.jh-itc.de\/wp-content\/uploads\/2016\/01\/JH-ITC2-1.png","contentUrl":"https:\/\/www.jh-itc.de\/wp-content\/uploads\/2016\/01\/JH-ITC2-1.png","width":300,"height":102,"caption":"JH-ITC GmbH"},"image":{"@id":"https:\/\/www.jh-itc.de\/ru\/#\/schema\/logo\/image\/"},"sameAs":["https:\/\/www.facebook.com\/schalungshandel","https:\/\/x.com\/JH_ITC","https:\/\/www.linkedin.com\/in\/jhitc","https:\/\/youtu.be\/rMdZ-FLfI-Y"]}]}},"_links":{"self":[{"href":"https:\/\/www.jh-itc.de\/ru\/wp-json\/wp\/v2\/product\/19969","targetHints":{"allow":["GET"]}}],"collection":[{"href":"https:\/\/www.jh-itc.de\/ru\/wp-json\/wp\/v2\/product"}],"about":[{"href":"https:\/\/www.jh-itc.de\/ru\/wp-json\/wp\/v2\/types\/product"}],"wp:featuredmedia":[{"embeddable":true,"href":"https:\/\/www.jh-itc.de\/ru\/wp-json\/wp\/v2\/media\/19977"}],"wp:attachment":[{"href":"https:\/\/www.jh-itc.de\/ru\/wp-json\/wp\/v2\/media?parent=19969"}],"wp:term":[{"taxonomy":"product_brand","embeddable":true,"href":"https:\/\/www.jh-itc.de\/ru\/wp-json\/wp\/v2\/product_brand?post=19969"},{"taxonomy":"product_cat","embeddable":true,"href":"https:\/\/www.jh-itc.de\/ru\/wp-json\/wp\/v2\/product_cat?post=19969"},{"taxonomy":"product_tag","embeddable":true,"href":"https:\/\/www.jh-itc.de\/ru\/wp-json\/wp\/v2\/product_tag?post=19969"}],"curies":[{"name":"wp","href":"https:\/\/api.w.org\/{rel}","templated":true}]}}