{"id":19973,"date":"2015-07-13T10:57:36","date_gmt":"2021-07-16T16:30:00","guid":{"rendered":"https:\/\/www.jh-itc.de\/shop\/uncategorized\/huennebeck-topec-%d0%b6%d0%b5%d0%bb%d1%82%d1%8b%d0%b9-%d1%81-%d0%b4%d0%b5%d1%80%d0%b5%d0%b2%d1%8f%d0%bd%d0%bd%d0%be%d0%b9-%d0%ba%d0%be%d0%b6%d0%b5%d0%b9-%d1%80%d0%b0%d0%ba%d0%be%d0%b2%d0%b8%d0%bd\/"},"modified":"2021-07-16T18:30:00","modified_gmt":"2021-07-16T16:30:00","slug":"huennebeck-topec-yellow-with-wood-shell-skin","status":"publish","type":"product","link":"https:\/\/www.jh-itc.de\/ru\/shop\/huennebeck-ru\/huennebeck-topec-ru\/huennebeck-topec-yellow-with-wood-shell-skin\/","title":{"rendered":"H\u00fcnnebeck Topec \u0436\u0435\u043b\u0442\u044b\u0439 \u0441 \u0434\u0435\u0440\u0435\u0432\u044f\u043d\u043d\u043e\u0439 \u043a\u043e\u0436\u0435\u0439 \u0440\u0430\u043a\u043e\u0432\u0438\u043d\u044b"},"content":{"rendered":"","protected":false},"excerpt":{"rendered":"<p>\u041c\u044b \u043f\u0440\u0435\u0434\u043b\u0430\u0433\u0430\u0435\u043c \u043e\u0442\u0440\u0435\u043c\u043e\u043d\u0442\u0438\u0440\u043e\u0432\u0430\u043d\u043d\u0443\u044e \u043c\u043e\u0434\u0443\u043b\u044c\u043d\u0443\u044e \u043e\u043f\u0430\u043b\u0443\u0431\u043a\u0443 \u043f\u0435\u0440\u0435\u043a\u0440\u044b\u0442\u0438\u0439 <strong>H\u00fcnnebeck Topec<\/strong> \u0441 \u043d\u043e\u0432\u043e\u0439 \u0434\u0435\u0440\u0435\u0432\u044f\u043d\u043d\u043e\u0439 \u043e\u043f\u0430\u043b\u0443\u0431\u043a\u043e\u0439.<\/p>\n<p>\u041c\u044b \u043c\u043e\u0436\u0435\u043c \u043f\u043e\u0441\u0442\u0430\u0432\u043b\u044f\u0442\u044c \u043e\u043f\u0430\u043b\u0443\u0431\u043a\u0443 \u0432 \u0432\u0430\u0448\u0438\u0445 \u0446\u0432\u0435\u0442\u0430\u0445, \u0430 \u0442\u0430\u043a\u0436\u0435 \u0432\u044b \u043c\u043e\u0436\u0435\u0442\u0435 \u0432\u044b\u0431\u0440\u0430\u0442\u044c \u043e\u0431\u043b\u0438\u0446\u043e\u0432\u043a\u0443 \u043e\u043f\u0430\u043b\u0443\u0431\u043a\u0438,<\/p>\n<p>\u043c\u0435\u0436\u0434\u0443 <strong>\u0434\u0435\u0440\u0435\u0432\u044f\u043d\u043d\u043e\u0439 \u043e\u043f\u0430\u043b\u0443\u0431\u043e\u0447\u043d\u043e\u0439 \u043a\u043e\u0436\u0435\u0439 10 \u043c\u043c WB 240g\/240gr<\/strong> \u0438\u043b\u0438 \u0441\u043f\u043b\u043e\u0448\u043d\u043e\u0439 \u043f\u043b\u0430\u0441\u0442\u0438\u043a\u043e\u0432\u043e\u0439 \u043f\u0430\u043d\u0435\u043b\u044c\u044e <strong>ALKUS<\/strong>.<\/p>\n<p><em>\u041e\u043f\u0430\u043b\u0443\u0431\u043a\u0430 \u043f\u0435\u0440\u0435\u043a\u0440\u044b\u0442\u0438\u0439 Topec \u043e\u0431\u0435\u0441\u043f\u0435\u0447\u0438\u0432\u0430\u0435\u0442 \u043e\u0447\u0435\u043d\u044c \u0431\u044b\u0441\u0442\u0440\u043e\u0435 \u0432\u0440\u0435\u043c\u044f \u043e\u043f\u0430\u043b\u0443\u0431\u043a\u0438 \u043f\u0440\u0438 \u0432\u044b\u0441\u043e\u043a\u043e\u043c \u0443\u0440\u043e\u0432\u043d\u0435 \u0431\u0435\u0437\u043e\u043f\u0430\u0441\u043d\u043e\u0441\u0442\u0438 \u0431\u043b\u0430\u0433\u043e\u0434\u0430\u0440\u044f \u043e\u043f\u0430\u043b\u0443\u0431\u043a\u0435 \u0438 \u0443\u0434\u0430\u0440\u0430\u043c \u0441 \u0437\u0435\u043c\u043b\u0438.<\/em><\/p>\n<ol>\n<li><em>\u0411\u0435\u0437\u043e\u043f\u0430\u0441\u043d\u044b\u0439 \u043c\u043e\u043d\u0442\u0430\u0436 + \u0434\u0435\u043c\u043e\u043d\u0442\u0430\u0436 \u0441 \u0437\u0435\u043c\u043b\u0438 \u043c\u0430\u043a\u0441\u0438\u043c\u0443\u043c 2 \u0447\u0435\u043b\u043e\u0432\u0435\u043a\u0430 \u043d\u0430 \u0432\u044b\u0441\u043e\u0442\u0435 \u0434\u043e 3,50 \u043c<\/em><\/li>\n<li><em>\u0411\u044b\u0441\u0442\u0440\u043e\u0435 \u0444\u043e\u0440\u043c\u0438\u0440\u043e\u0432\u0430\u043d\u0438\u0435 \u0431\u043b\u0430\u0433\u043e\u0434\u0430\u0440\u044f \u0431\u043e\u043b\u044c\u0448\u043e\u0439 \u043f\u0430\u043d\u0435\u043b\u0438 180 x 180 \u0441 \u043f\u043b\u043e\u0449\u0430\u0434\u044c\u044e \u0444\u043e\u0440\u043c\u0438\u0440\u043e\u0432\u0430\u043d\u0438\u044f 3,24 \u043c\u00b2<\/em><\/li>\n<li><em>\u041b\u0435\u0433\u043a\u0430\u044f \u0430\u043b\u044e\u043c\u0438\u043d\u0438\u0435\u0432\u0430\u044f \u0440\u0430\u043c\u043d\u0430\u044f \u043a\u043e\u043d\u0441\u0442\u0440\u0443\u043a\u0446\u0438\u044f \u0441 \u043f\u0440\u043e\u0444\u0438\u043b\u0435\u043c \u0440\u0430\u043c\u044b \u0432\u044b\u0441\u043e\u0442\u043e\u0439 14 \u0441\u043c  <\/em><\/li>\n<li><em>\u041e\u0447\u0435\u043d\u044c \u0445\u043e\u0440\u043e\u0448\u0430\u044f \u0430\u0434\u0430\u043f\u0442\u0438\u0432\u043d\u043e\u0441\u0442\u044c \u0431\u043b\u0430\u0433\u043e\u0434\u0430\u0440\u044f \u0448\u0438\u0440\u043e\u043a\u0438\u043c \u0440\u0430\u0437\u043c\u0435\u0440\u0430\u043c \u043f\u0430\u043d\u0435\u043b\u0435\u0439, \u0430 \u0442\u0430\u043a\u0436\u0435 \u043a\u043e\u043c\u043f\u0435\u043d\u0441\u0430\u0446\u0438\u043e\u043d\u043d\u044b\u043c \u043f\u0430\u043d\u0435\u043b\u044f\u043c<\/em><\/li>\n<li><em>\u0411\u0435\u0437\u0431\u0430\u043b\u043e\u0447\u043d\u0430\u044f \u043c\u043e\u0434\u0443\u043b\u044c\u043d\u0430\u044f \u043e\u043f\u0430\u043b\u0443\u0431\u043a\u0430 \u043f\u0435\u0440\u0435\u043a\u0440\u044b\u0442\u0438\u0439 \u0441 \u043f\u0430\u043d\u0435\u043b\u044f\u043c\u0438 Topec, \u043e\u043f\u043e\u0440\u0430\u043c\u0438 Topec \u0438 \u0441\u0442\u043e\u0439\u043a\u0430\u043c\u0438 \u043f\u0435\u0440\u0435\u043a\u0440\u044b\u0442\u0438\u0439.<\/em><em>\u043f\u043e \u0432\u044b\u0431\u043e\u0440\u0443 20KN \u0438\u043b\u0438 30KN<\/em><\/li>\n<\/ol>\n<hr>\n<p>&nbsp;<\/p>\n<p><iframe src=\"\/\/www.youtube.com\/embed\/vwMq_G5EE0g\" width=\"425\" height=\"350\" allowfullscreen=\"allowfullscreen\"><\/iframe><\/p>\n<p><span style=\"text-decoration: underline;\">\u0421\u043a\u0430\u0447\u0430\u0442\u044c PDF: \u0417\u0434\u0435\u0441\u044c<\/span><\/p>\n<p><a href=\"http:\/\/www.jh-itc.de\/wp-content\/uploads\/2015\/10\/Huennebeck-Topec-Info.pdf\">H<\/a><a href=\"http:\/\/www.jh-itc.de\/wp-content\/uploads\/2015\/10\/Huennebeck-Topec-Info.pdf\">uennebeck Topec Info<\/a><\/p>\n<hr>\n<p>&nbsp;<\/p>\n<p><iframe src=\"\/\/www.youtube.com\/embed\/WrtmelSuYCk\" width=\"425\" height=\"350\" allowfullscreen=\"allowfullscreen\"><\/iframe><\/p>\n<hr>\n<p>\u0415\u0441\u043b\u0438 \u0432\u044b \u0437\u0430\u0438\u043d\u0442\u0435\u0440\u0435\u0441\u043e\u0432\u0430\u043d\u044b, \u043f\u043e\u0436\u0430\u043b\u0443\u0439\u0441\u0442\u0430, \u043e\u0442\u043f\u0440\u0430\u0432\u044c\u0442\u0435 \u043d\u0430\u043c \u0432\u0430\u0448 \u0437\u0430\u043f\u0440\u043e\u0441<\/p>\n","protected":false},"featured_media":20006,"template":"","meta":[],"product_brand":[],"product_cat":[361,335,339],"product_tag":[],"class_list":{"0":"post-19973","1":"product","2":"type-product","3":"status-publish","4":"has-post-thumbnail","6":"product_cat-schalungen-ru","7":"product_cat-huennebeck-ru","8":"product_cat-huennebeck-topec-ru","10":"first","11":"instock","12":"taxable","13":"shipping-taxable","14":"product-type-simple"},"yoast_head":"<!-- This site is optimized with the Yoast SEO plugin v27.3 - https:\/\/yoast.com\/product\/yoast-seo-wordpress\/ -->\n<title>H\u00fcnnebeck Topec \u0436\u0435\u043b\u0442\u044b\u0439 \u0441 \u0434\u0435\u0440\u0435\u0432\u044f\u043d\u043d\u043e\u0439 \u043a\u043e\u0436\u0435\u0439 \u0440\u0430\u043a\u043e\u0432\u0438\u043d\u044b - JH - ITC GmbH<\/title>\n<meta name=\"description\" content=\"\u041e\u043f\u0430\u043b\u0443\u0431\u043a\u0430 \u0434\u043b\u044f \u043f\u0435\u0440\u0435\u043a\u0440\u044b\u0442\u0438\u0439 Topec\" \/>\n<meta name=\"robots\" content=\"index, follow, max-snippet:-1, max-image-preview:large, max-video-preview:-1\" \/>\n<link rel=\"canonical\" href=\"https:\/\/www.jh-itc.de\/ru\/shop\/huennebeck-ru\/huennebeck-topec-ru\/huennebeck-topec-yellow-with-wood-shell-skin\/\" \/>\n<meta property=\"og:locale\" content=\"ru_RU\" \/>\n<meta property=\"og:type\" content=\"article\" \/>\n<meta property=\"og:title\" content=\"H\u00fcnnebeck Topec \u0436\u0435\u043b\u0442\u044b\u0439 \u0441 \u0434\u0435\u0440\u0435\u0432\u044f\u043d\u043d\u043e\u0439 \u043a\u043e\u0436\u0435\u0439 \u0440\u0430\u043a\u043e\u0432\u0438\u043d\u044b - JH - ITC GmbH\" \/>\n<meta property=\"og:description\" content=\"\u041e\u043f\u0430\u043b\u0443\u0431\u043a\u0430 \u0434\u043b\u044f \u043f\u0435\u0440\u0435\u043a\u0440\u044b\u0442\u0438\u0439 Topec\" \/>\n<meta property=\"og:url\" content=\"https:\/\/www.jh-itc.de\/ru\/shop\/huennebeck-ru\/huennebeck-topec-ru\/huennebeck-topec-yellow-with-wood-shell-skin\/\" \/>\n<meta property=\"og:site_name\" content=\"JH - ITC GmbH\" \/>\n<meta property=\"article:publisher\" content=\"https:\/\/www.facebook.com\/schalungshandel\" \/>\n<meta property=\"og:image\" content=\"https:\/\/www.jh-itc.de\/wp-content\/uploads\/2015\/07\/Topec-Gelb-4.jpg\" \/>\n\t<meta property=\"og:image:width\" content=\"1280\" \/>\n\t<meta property=\"og:image:height\" content=\"960\" \/>\n\t<meta property=\"og:image:type\" content=\"image\/jpeg\" \/>\n<meta name=\"twitter:card\" content=\"summary_large_image\" \/>\n<meta name=\"twitter:site\" content=\"@JH_ITC\" \/>\n<!-- \/ Yoast SEO plugin. -->","yoast_head_json":{"title":"H\u00fcnnebeck Topec \u0436\u0435\u043b\u0442\u044b\u0439 \u0441 \u0434\u0435\u0440\u0435\u0432\u044f\u043d\u043d\u043e\u0439 \u043a\u043e\u0436\u0435\u0439 \u0440\u0430\u043a\u043e\u0432\u0438\u043d\u044b - JH - ITC GmbH","description":"\u041e\u043f\u0430\u043b\u0443\u0431\u043a\u0430 \u0434\u043b\u044f \u043f\u0435\u0440\u0435\u043a\u0440\u044b\u0442\u0438\u0439 Topec","robots":{"index":"index","follow":"follow","max-snippet":"max-snippet:-1","max-image-preview":"max-image-preview:large","max-video-preview":"max-video-preview:-1"},"canonical":"https:\/\/www.jh-itc.de\/ru\/shop\/huennebeck-ru\/huennebeck-topec-ru\/huennebeck-topec-yellow-with-wood-shell-skin\/","og_locale":"ru_RU","og_type":"article","og_title":"H\u00fcnnebeck Topec \u0436\u0435\u043b\u0442\u044b\u0439 \u0441 \u0434\u0435\u0440\u0435\u0432\u044f\u043d\u043d\u043e\u0439 \u043a\u043e\u0436\u0435\u0439 \u0440\u0430\u043a\u043e\u0432\u0438\u043d\u044b - JH - ITC GmbH","og_description":"\u041e\u043f\u0430\u043b\u0443\u0431\u043a\u0430 \u0434\u043b\u044f \u043f\u0435\u0440\u0435\u043a\u0440\u044b\u0442\u0438\u0439 Topec","og_url":"https:\/\/www.jh-itc.de\/ru\/shop\/huennebeck-ru\/huennebeck-topec-ru\/huennebeck-topec-yellow-with-wood-shell-skin\/","og_site_name":"JH - ITC GmbH","article_publisher":"https:\/\/www.facebook.com\/schalungshandel","og_image":[{"width":1280,"height":960,"url":"https:\/\/www.jh-itc.de\/wp-content\/uploads\/2015\/07\/Topec-Gelb-4.jpg","type":"image\/jpeg"}],"twitter_card":"summary_large_image","twitter_site":"@JH_ITC","schema":{"@context":"https:\/\/schema.org","@graph":[{"@type":"WebPage","@id":"https:\/\/www.jh-itc.de\/ru\/shop\/huennebeck-ru\/huennebeck-topec-ru\/huennebeck-topec-yellow-with-wood-shell-skin\/","url":"https:\/\/www.jh-itc.de\/ru\/shop\/huennebeck-ru\/huennebeck-topec-ru\/huennebeck-topec-yellow-with-wood-shell-skin\/","name":"H\u00fcnnebeck Topec \u0436\u0435\u043b\u0442\u044b\u0439 \u0441 \u0434\u0435\u0440\u0435\u0432\u044f\u043d\u043d\u043e\u0439 \u043a\u043e\u0436\u0435\u0439 \u0440\u0430\u043a\u043e\u0432\u0438\u043d\u044b - JH - ITC GmbH","isPartOf":{"@id":"https:\/\/www.jh-itc.de\/ru\/#website"},"primaryImageOfPage":{"@id":"https:\/\/www.jh-itc.de\/ru\/shop\/huennebeck-ru\/huennebeck-topec-ru\/huennebeck-topec-yellow-with-wood-shell-skin\/#primaryimage"},"image":{"@id":"https:\/\/www.jh-itc.de\/ru\/shop\/huennebeck-ru\/huennebeck-topec-ru\/huennebeck-topec-yellow-with-wood-shell-skin\/#primaryimage"},"thumbnailUrl":"https:\/\/www.jh-itc.de\/wp-content\/uploads\/2015\/07\/Topec-Gelb-4.jpg","datePublished":"2021-07-16T16:30:00+00:00","description":"\u041e\u043f\u0430\u043b\u0443\u0431\u043a\u0430 \u0434\u043b\u044f \u043f\u0435\u0440\u0435\u043a\u0440\u044b\u0442\u0438\u0439 Topec","breadcrumb":{"@id":"https:\/\/www.jh-itc.de\/ru\/shop\/huennebeck-ru\/huennebeck-topec-ru\/huennebeck-topec-yellow-with-wood-shell-skin\/#breadcrumb"},"inLanguage":"ru-RU","potentialAction":[{"@type":"ReadAction","target":["https:\/\/www.jh-itc.de\/ru\/shop\/huennebeck-ru\/huennebeck-topec-ru\/huennebeck-topec-yellow-with-wood-shell-skin\/"]}]},{"@type":"ImageObject","inLanguage":"ru-RU","@id":"https:\/\/www.jh-itc.de\/ru\/shop\/huennebeck-ru\/huennebeck-topec-ru\/huennebeck-topec-yellow-with-wood-shell-skin\/#primaryimage","url":"https:\/\/www.jh-itc.de\/wp-content\/uploads\/2015\/07\/Topec-Gelb-4.jpg","contentUrl":"https:\/\/www.jh-itc.de\/wp-content\/uploads\/2015\/07\/Topec-Gelb-4.jpg","width":1280,"height":960},{"@type":"BreadcrumbList","@id":"https:\/\/www.jh-itc.de\/ru\/shop\/huennebeck-ru\/huennebeck-topec-ru\/huennebeck-topec-yellow-with-wood-shell-skin\/#breadcrumb","itemListElement":[{"@type":"ListItem","position":1,"name":"Home","item":"https:\/\/www.jh-itc.de\/ru\/"},{"@type":"ListItem","position":2,"name":"\u041c\u0430\u0433\u0430\u0437\u0438\u043d","item":"https:\/\/www.jh-itc.de\/ru\/%d0%bc%d0%b0%d0%b3%d0%b0%d0%b7%d0%b8%d0%bd\/"},{"@type":"ListItem","position":3,"name":"H\u00fcnnebeck Topec \u0436\u0435\u043b\u0442\u044b\u0439 \u0441 \u0434\u0435\u0440\u0435\u0432\u044f\u043d\u043d\u043e\u0439 \u043a\u043e\u0436\u0435\u0439 \u0440\u0430\u043a\u043e\u0432\u0438\u043d\u044b"}]},{"@type":"WebSite","@id":"https:\/\/www.jh-itc.de\/ru\/#website","url":"https:\/\/www.jh-itc.de\/ru\/","name":"JH - ITC GmbH","description":"Ihr Experte f\u00fcr gebrauchte St\u00fctzen, Schalungen und Ger\u00fcste","publisher":{"@id":"https:\/\/www.jh-itc.de\/ru\/#organization"},"potentialAction":[{"@type":"SearchAction","target":{"@type":"EntryPoint","urlTemplate":"https:\/\/www.jh-itc.de\/ru\/?s={search_term_string}"},"query-input":{"@type":"PropertyValueSpecification","valueRequired":true,"valueName":"search_term_string"}}],"inLanguage":"ru-RU"},{"@type":"Organization","@id":"https:\/\/www.jh-itc.de\/ru\/#organization","name":"JH-ITC GmbH","url":"https:\/\/www.jh-itc.de\/ru\/","logo":{"@type":"ImageObject","inLanguage":"ru-RU","@id":"https:\/\/www.jh-itc.de\/ru\/#\/schema\/logo\/image\/","url":"https:\/\/www.jh-itc.de\/wp-content\/uploads\/2016\/01\/JH-ITC2-1.png","contentUrl":"https:\/\/www.jh-itc.de\/wp-content\/uploads\/2016\/01\/JH-ITC2-1.png","width":300,"height":102,"caption":"JH-ITC GmbH"},"image":{"@id":"https:\/\/www.jh-itc.de\/ru\/#\/schema\/logo\/image\/"},"sameAs":["https:\/\/www.facebook.com\/schalungshandel","https:\/\/x.com\/JH_ITC","https:\/\/www.linkedin.com\/in\/jhitc","https:\/\/youtu.be\/rMdZ-FLfI-Y"]}]}},"_links":{"self":[{"href":"https:\/\/www.jh-itc.de\/ru\/wp-json\/wp\/v2\/product\/19973","targetHints":{"allow":["GET"]}}],"collection":[{"href":"https:\/\/www.jh-itc.de\/ru\/wp-json\/wp\/v2\/product"}],"about":[{"href":"https:\/\/www.jh-itc.de\/ru\/wp-json\/wp\/v2\/types\/product"}],"wp:featuredmedia":[{"embeddable":true,"href":"https:\/\/www.jh-itc.de\/ru\/wp-json\/wp\/v2\/media\/20006"}],"wp:attachment":[{"href":"https:\/\/www.jh-itc.de\/ru\/wp-json\/wp\/v2\/media?parent=19973"}],"wp:term":[{"taxonomy":"product_brand","embeddable":true,"href":"https:\/\/www.jh-itc.de\/ru\/wp-json\/wp\/v2\/product_brand?post=19973"},{"taxonomy":"product_cat","embeddable":true,"href":"https:\/\/www.jh-itc.de\/ru\/wp-json\/wp\/v2\/product_cat?post=19973"},{"taxonomy":"product_tag","embeddable":true,"href":"https:\/\/www.jh-itc.de\/ru\/wp-json\/wp\/v2\/product_tag?post=19973"}],"curies":[{"name":"wp","href":"https:\/\/api.w.org\/{rel}","templated":true}]}}