{"id":20146,"date":"2017-06-26T22:30:29","date_gmt":"2021-07-16T16:30:07","guid":{"rendered":"https:\/\/www.jh-itc.de\/shop\/uncategorized\/%d0%be%d0%bf%d0%be%d1%80%d1%8b-%d1%85%d1%8e%d0%bd%d0%bd%d0%b5%d0%b1%d0%b5%d0%ba%d0%b0\/"},"modified":"2021-07-16T18:30:07","modified_gmt":"2021-07-16T16:30:07","slug":"huenebeck-stuetzen","status":"publish","type":"product","link":"https:\/\/www.jh-itc.de\/ru\/shop\/huennebeck-ru\/huenebeck-stuetzen\/","title":{"rendered":"\u041e\u043f\u043e\u0440\u044b \u0425\u044e\u043d\u043d\u0435\u0431\u0435\u043a\u0430"},"content":{"rendered":"","protected":false},"excerpt":{"rendered":"<p>\u041c\u044b \u043f\u0440\u0435\u0434\u043b\u0430\u0433\u0430\u0435\u043c \u0441\u043b\u0435\u0434\u0443\u044e\u0449\u0438\u0435 \u043a\u043e\u043d\u0441\u0442\u0440\u0443\u043a\u0446\u0438\u0438 \u043e\u043f\u043e\u0440 H\u00fcnnebeck.<\/p>\n<p><strong>652 x H\u00fcnnebeck A300<\/strong><br \/>\n<strong>14 x \u0443\u043a\u043b\u0430\u0434\u043e\u0447\u043d\u044b\u0435 \u043a\u043e\u0440\u043e\u0431\u043a\u0438<\/strong><br \/>\n<strong>1562 x H\u00fcnnebeck A 410 + AS 410<\/strong><br \/>\n<strong>32 x \u0443\u043a\u043b\u0430\u0434\u043e\u0447\u043d\u044b\u0435 \u043a\u043e\u0440\u043e\u0431\u043a\u0438<\/strong><\/p>\n<p>&nbsp;<\/p>\n<p>&nbsp;<\/p>\n","protected":false},"featured_media":20209,"template":"","meta":[],"product_brand":[],"product_cat":[363,335],"product_tag":[],"class_list":{"0":"post-20146","1":"product","2":"type-product","3":"status-publish","4":"has-post-thumbnail","6":"product_cat-stuetzen-ru","7":"product_cat-huennebeck-ru","9":"first","10":"onbackorder","11":"taxable","12":"shipping-taxable","13":"product-type-simple"},"yoast_head":"<!-- This site is optimized with the Yoast SEO plugin v27.3 - https:\/\/yoast.com\/product\/yoast-seo-wordpress\/ -->\n<title>\u041e\u043f\u043e\u0440\u044b \u0425\u044e\u043d\u043d\u0435\u0431\u0435\u043a\u0430 - JH - ITC GmbH<\/title>\n<meta name=\"description\" content=\"\u041e\u043f\u043e\u0440\u044b \u0425\u044e\u043d\u043d\u0435\u0431\u0435\u043a\u0430\" \/>\n<meta name=\"robots\" content=\"index, follow, max-snippet:-1, max-image-preview:large, max-video-preview:-1\" \/>\n<link rel=\"canonical\" href=\"https:\/\/www.jh-itc.de\/ru\/shop\/huennebeck-ru\/huenebeck-stuetzen\/\" \/>\n<meta property=\"og:locale\" content=\"ru_RU\" \/>\n<meta property=\"og:type\" content=\"article\" \/>\n<meta property=\"og:title\" content=\"\u041e\u043f\u043e\u0440\u044b \u0425\u044e\u043d\u043d\u0435\u0431\u0435\u043a\u0430 - JH - ITC GmbH\" \/>\n<meta property=\"og:description\" content=\"\u041e\u043f\u043e\u0440\u044b \u0425\u044e\u043d\u043d\u0435\u0431\u0435\u043a\u0430\" \/>\n<meta property=\"og:url\" content=\"https:\/\/www.jh-itc.de\/ru\/shop\/huennebeck-ru\/huenebeck-stuetzen\/\" \/>\n<meta property=\"og:site_name\" content=\"JH - ITC GmbH\" \/>\n<meta property=\"article:publisher\" content=\"https:\/\/www.facebook.com\/schalungshandel\" \/>\n<meta property=\"og:image\" content=\"https:\/\/www.jh-itc.de\/wp-content\/uploads\/2017\/06\/76a0571ca7e5f56beb1ba1f9d1ee05df.jpg\" \/>\n\t<meta property=\"og:image:width\" content=\"640\" \/>\n\t<meta property=\"og:image:height\" content=\"480\" \/>\n\t<meta property=\"og:image:type\" content=\"image\/jpeg\" \/>\n<meta name=\"twitter:card\" content=\"summary_large_image\" \/>\n<meta name=\"twitter:site\" content=\"@JH_ITC\" \/>\n<!-- \/ Yoast SEO plugin. -->","yoast_head_json":{"title":"\u041e\u043f\u043e\u0440\u044b \u0425\u044e\u043d\u043d\u0435\u0431\u0435\u043a\u0430 - JH - ITC GmbH","description":"\u041e\u043f\u043e\u0440\u044b \u0425\u044e\u043d\u043d\u0435\u0431\u0435\u043a\u0430","robots":{"index":"index","follow":"follow","max-snippet":"max-snippet:-1","max-image-preview":"max-image-preview:large","max-video-preview":"max-video-preview:-1"},"canonical":"https:\/\/www.jh-itc.de\/ru\/shop\/huennebeck-ru\/huenebeck-stuetzen\/","og_locale":"ru_RU","og_type":"article","og_title":"\u041e\u043f\u043e\u0440\u044b \u0425\u044e\u043d\u043d\u0435\u0431\u0435\u043a\u0430 - JH - ITC GmbH","og_description":"\u041e\u043f\u043e\u0440\u044b \u0425\u044e\u043d\u043d\u0435\u0431\u0435\u043a\u0430","og_url":"https:\/\/www.jh-itc.de\/ru\/shop\/huennebeck-ru\/huenebeck-stuetzen\/","og_site_name":"JH - ITC GmbH","article_publisher":"https:\/\/www.facebook.com\/schalungshandel","og_image":[{"width":640,"height":480,"url":"https:\/\/www.jh-itc.de\/wp-content\/uploads\/2017\/06\/76a0571ca7e5f56beb1ba1f9d1ee05df.jpg","type":"image\/jpeg"}],"twitter_card":"summary_large_image","twitter_site":"@JH_ITC","schema":{"@context":"https:\/\/schema.org","@graph":[{"@type":"WebPage","@id":"https:\/\/www.jh-itc.de\/ru\/shop\/huennebeck-ru\/huenebeck-stuetzen\/","url":"https:\/\/www.jh-itc.de\/ru\/shop\/huennebeck-ru\/huenebeck-stuetzen\/","name":"\u041e\u043f\u043e\u0440\u044b \u0425\u044e\u043d\u043d\u0435\u0431\u0435\u043a\u0430 - JH - ITC GmbH","isPartOf":{"@id":"https:\/\/www.jh-itc.de\/ru\/#website"},"primaryImageOfPage":{"@id":"https:\/\/www.jh-itc.de\/ru\/shop\/huennebeck-ru\/huenebeck-stuetzen\/#primaryimage"},"image":{"@id":"https:\/\/www.jh-itc.de\/ru\/shop\/huennebeck-ru\/huenebeck-stuetzen\/#primaryimage"},"thumbnailUrl":"https:\/\/www.jh-itc.de\/wp-content\/uploads\/2017\/06\/76a0571ca7e5f56beb1ba1f9d1ee05df.jpg","datePublished":"2021-07-16T16:30:07+00:00","description":"\u041e\u043f\u043e\u0440\u044b \u0425\u044e\u043d\u043d\u0435\u0431\u0435\u043a\u0430","breadcrumb":{"@id":"https:\/\/www.jh-itc.de\/ru\/shop\/huennebeck-ru\/huenebeck-stuetzen\/#breadcrumb"},"inLanguage":"ru-RU","potentialAction":[{"@type":"ReadAction","target":["https:\/\/www.jh-itc.de\/ru\/shop\/huennebeck-ru\/huenebeck-stuetzen\/"]}]},{"@type":"ImageObject","inLanguage":"ru-RU","@id":"https:\/\/www.jh-itc.de\/ru\/shop\/huennebeck-ru\/huenebeck-stuetzen\/#primaryimage","url":"https:\/\/www.jh-itc.de\/wp-content\/uploads\/2017\/06\/76a0571ca7e5f56beb1ba1f9d1ee05df.jpg","contentUrl":"https:\/\/www.jh-itc.de\/wp-content\/uploads\/2017\/06\/76a0571ca7e5f56beb1ba1f9d1ee05df.jpg","width":640,"height":480},{"@type":"BreadcrumbList","@id":"https:\/\/www.jh-itc.de\/ru\/shop\/huennebeck-ru\/huenebeck-stuetzen\/#breadcrumb","itemListElement":[{"@type":"ListItem","position":1,"name":"Home","item":"https:\/\/www.jh-itc.de\/ru\/"},{"@type":"ListItem","position":2,"name":"\u041c\u0430\u0433\u0430\u0437\u0438\u043d","item":"https:\/\/www.jh-itc.de\/ru\/%d0%bc%d0%b0%d0%b3%d0%b0%d0%b7%d0%b8%d0%bd\/"},{"@type":"ListItem","position":3,"name":"\u041e\u043f\u043e\u0440\u044b \u0425\u044e\u043d\u043d\u0435\u0431\u0435\u043a\u0430"}]},{"@type":"WebSite","@id":"https:\/\/www.jh-itc.de\/ru\/#website","url":"https:\/\/www.jh-itc.de\/ru\/","name":"JH - ITC GmbH","description":"Ihr Experte f\u00fcr gebrauchte St\u00fctzen, Schalungen und Ger\u00fcste","publisher":{"@id":"https:\/\/www.jh-itc.de\/ru\/#organization"},"potentialAction":[{"@type":"SearchAction","target":{"@type":"EntryPoint","urlTemplate":"https:\/\/www.jh-itc.de\/ru\/?s={search_term_string}"},"query-input":{"@type":"PropertyValueSpecification","valueRequired":true,"valueName":"search_term_string"}}],"inLanguage":"ru-RU"},{"@type":"Organization","@id":"https:\/\/www.jh-itc.de\/ru\/#organization","name":"JH-ITC GmbH","url":"https:\/\/www.jh-itc.de\/ru\/","logo":{"@type":"ImageObject","inLanguage":"ru-RU","@id":"https:\/\/www.jh-itc.de\/ru\/#\/schema\/logo\/image\/","url":"https:\/\/www.jh-itc.de\/wp-content\/uploads\/2016\/01\/JH-ITC2-1.png","contentUrl":"https:\/\/www.jh-itc.de\/wp-content\/uploads\/2016\/01\/JH-ITC2-1.png","width":300,"height":102,"caption":"JH-ITC GmbH"},"image":{"@id":"https:\/\/www.jh-itc.de\/ru\/#\/schema\/logo\/image\/"},"sameAs":["https:\/\/www.facebook.com\/schalungshandel","https:\/\/x.com\/JH_ITC","https:\/\/www.linkedin.com\/in\/jhitc","https:\/\/youtu.be\/rMdZ-FLfI-Y"]}]}},"_links":{"self":[{"href":"https:\/\/www.jh-itc.de\/ru\/wp-json\/wp\/v2\/product\/20146","targetHints":{"allow":["GET"]}}],"collection":[{"href":"https:\/\/www.jh-itc.de\/ru\/wp-json\/wp\/v2\/product"}],"about":[{"href":"https:\/\/www.jh-itc.de\/ru\/wp-json\/wp\/v2\/types\/product"}],"wp:featuredmedia":[{"embeddable":true,"href":"https:\/\/www.jh-itc.de\/ru\/wp-json\/wp\/v2\/media\/20209"}],"wp:attachment":[{"href":"https:\/\/www.jh-itc.de\/ru\/wp-json\/wp\/v2\/media?parent=20146"}],"wp:term":[{"taxonomy":"product_brand","embeddable":true,"href":"https:\/\/www.jh-itc.de\/ru\/wp-json\/wp\/v2\/product_brand?post=20146"},{"taxonomy":"product_cat","embeddable":true,"href":"https:\/\/www.jh-itc.de\/ru\/wp-json\/wp\/v2\/product_cat?post=20146"},{"taxonomy":"product_tag","embeddable":true,"href":"https:\/\/www.jh-itc.de\/ru\/wp-json\/wp\/v2\/product_tag?post=20146"}],"curies":[{"name":"wp","href":"https:\/\/api.w.org\/{rel}","templated":true}]}}