{"id":20467,"date":"2015-06-21T13:12:24","date_gmt":"2021-07-16T16:30:24","guid":{"rendered":"https:\/\/www.jh-itc.de\/shop\/uncategorized\/%d0%b1%d0%b5%d1%82%d0%be%d0%bd%d0%bd%d1%8b%d0%b5-%d1%88%d0%bf%d0%b0%d0%bb%d1%8b\/"},"modified":"2021-07-16T18:30:25","modified_gmt":"2021-07-16T16:30:25","slug":"%d0%b1%d0%b5%d1%82%d0%be%d0%bd%d0%bd%d1%8b%d0%b5-%d1%88%d0%bf%d0%b0%d0%bb%d1%8b","status":"publish","type":"product","link":"https:\/\/www.jh-itc.de\/ru\/shop\/sonderposten-ru\/%d0%b1%d0%b5%d1%82%d0%be%d0%bd%d0%bd%d1%8b%d0%b5-%d1%88%d0%bf%d0%b0%d0%bb%d1%8b\/","title":{"rendered":"\u0411\u0435\u0442\u043e\u043d\u043d\u044b\u0435 \u0448\u043f\u0430\u043b\u044b"},"content":{"rendered":"<p>\u041c\u044b \u043f\u0440\u0435\u0434\u043b\u0430\u0433\u0430\u0435\u043c \u0431\u044b\u0432\u0448\u0438\u0435 \u0432 \u0443\u043f\u043e\u0442\u0440\u0435\u0431\u043b\u0435\u043d\u0438\u0438 <strong>\u0431\u0435\u0442\u043e\u043d\u043d\u044b\u0435 \u0448\u043f\u0430\u043b\u044b \u0438\u043b\u0438 \u0436\u0435\u043b\u0435\u0437\u043d\u043e\u0434\u043e\u0440\u043e\u0436\u043d\u044b\u0435 \u0448\u043f\u0430\u043b\u044b<\/strong>.<\/p>\n<hr>\n<p>\u041d\u0430 \u0441\u043a\u043b\u0430\u0434\u0435 \u0432 \u0446\u0435\u043d\u0442\u0440\u0435 \u0413\u0435\u0440\u043c\u0430\u043d\u0438\u0438 \u0435\u0449\u0435 \u0438\u043c\u0435\u0435\u0442\u0441\u044f \u043e\u043a\u043e\u043b\u043e 1000 \u0436\u0435\u043b\u0435\u0437\u043d\u043e\u0434\u043e\u0440\u043e\u0436\u043d\u044b\u0445 \u0448\u043f\u0430\u043b.<\/p>\n<hr>\n<p>\u0415\u0441\u043b\u0438 \u0432\u044b \u0437\u0430\u0438\u043d\u0442\u0435\u0440\u0435\u0441\u043e\u0432\u0430\u043d\u044b, \u043f\u043e\u0436\u0430\u043b\u0443\u0439\u0441\u0442\u0430, \u043e\u0442\u043f\u0440\u0430\u0432\u044c\u0442\u0435 \u043d\u0430\u043c \u0432\u0430\u0448 \u0437\u0430\u043f\u0440\u043e\u0441.<\/p>\n<p>&nbsp;<\/p>\n<p>&nbsp;<\/p>\n<p>&nbsp;<\/p>\n","protected":false},"excerpt":{"rendered":"<p>\u041c\u044b \u043f\u0440\u0435\u0434\u043b\u0430\u0433\u0430\u0435\u043c \u0431\u044b\u0432\u0448\u0438\u0435 \u0432 \u0443\u043f\u043e\u0442\u0440\u0435\u0431\u043b\u0435\u043d\u0438\u0438 \u0431\u0435\u0442\u043e\u043d\u043d\u044b\u0435 \u0448\u043f\u0430\u043b\u044b \u0438\u043b\u0438 \u0436\u0435\u043b\u0435\u0437\u043d\u043e\u0434\u043e\u0440\u043e\u0436\u043d\u044b\u0435 \u0448\u043f\u0430\u043b\u044b. \u041d\u0430 \u0441\u043a\u043b\u0430\u0434\u0435 \u0432 \u0446\u0435\u043d\u0442\u0440\u0435 \u0413\u0435\u0440\u043c\u0430\u043d\u0438\u0438 \u0435\u0449\u0435 \u0438\u043c\u0435\u0435\u0442\u0441\u044f \u043e\u043a\u043e\u043b\u043e 1000 \u0436\u0435\u043b\u0435\u0437\u043d\u043e\u0434\u043e\u0440\u043e\u0436\u043d\u044b\u0445 \u0448\u043f\u0430\u043b. \u0415\u0441\u043b\u0438 \u0432\u044b \u0437\u0430\u0438\u043d\u0442\u0435\u0440\u0435\u0441\u043e\u0432\u0430\u043d\u044b, \u043f\u043e\u0436\u0430\u043b\u0443\u0439\u0441\u0442\u0430, \u043e\u0442\u043f\u0440\u0430\u0432\u044c\u0442\u0435 \u043d\u0430\u043c \u0432\u0430\u0448 \u0437\u0430\u043f\u0440\u043e\u0441. &nbsp; &nbsp; &nbsp;<\/p>\n","protected":false},"featured_media":20483,"template":"","meta":[],"product_brand":[],"product_cat":[362],"product_tag":[],"class_list":{"0":"post-20467","1":"product","2":"type-product","3":"status-publish","4":"has-post-thumbnail","6":"product_cat-sonderposten-ru","8":"first","9":"instock","10":"taxable","11":"shipping-taxable","12":"product-type-simple"},"yoast_head":"<!-- This site is optimized with the Yoast SEO plugin v27.2 - https:\/\/yoast.com\/product\/yoast-seo-wordpress\/ -->\n<title>\u0411\u0435\u0442\u043e\u043d\u043d\u044b\u0435 \u0448\u043f\u0430\u043b\u044b - JH - ITC GmbH<\/title>\n<meta name=\"description\" content=\"\u0411\u0435\u0442\u043e\u043d\u043d\u044b\u0435 \u0448\u043f\u0430\u043b\u044b. \u0418\u0437\u0432\u0435\u0441\u0442\u043d\u044b\u0435 \u043f\u0440\u043e\u0438\u0437\u0432\u043e\u0434\u0438\u0442\u0435\u043b\u0438 \u2714 \u041d\u043e\u0432\u0430\u044f \u0438 \u0431\/\u0443 \u043e\u043f\u0430\u043b\u0443\u0431\u043a\u0430, \u043e\u043f\u043e\u0440\u044b, \u043b\u0435\u0441\u0430 \u0438 \u0441\u0442\u0440\u043e\u0438\u0442\u0435\u043b\u044c\u043d\u044b\u0435 \u043c\u0430\u0448\u0438\u043d\u044b \u2714 \u0417\u0430\u043f\u0440\u043e\u0441\u0438\u0442\u0435 \u043f\u0440\u0435\u0434\u043b\u043e\u0436\u0435\u043d\u0438\u0435 \u0441\u0435\u0439\u0447\u0430\u0441!\" \/>\n<meta name=\"robots\" content=\"index, follow, max-snippet:-1, max-image-preview:large, max-video-preview:-1\" \/>\n<link rel=\"canonical\" href=\"https:\/\/www.jh-itc.de\/ru\/shop\/sonderposten-ru\/%d0%b1%d0%b5%d1%82%d0%be%d0%bd%d0%bd%d1%8b%d0%b5-%d1%88%d0%bf%d0%b0%d0%bb%d1%8b\/\" \/>\n<meta property=\"og:locale\" content=\"ru_RU\" \/>\n<meta property=\"og:type\" content=\"article\" \/>\n<meta property=\"og:title\" content=\"\u0411\u0435\u0442\u043e\u043d\u043d\u044b\u0435 \u0448\u043f\u0430\u043b\u044b - JH - ITC GmbH\" \/>\n<meta property=\"og:description\" content=\"\u0411\u0435\u0442\u043e\u043d\u043d\u044b\u0435 \u0448\u043f\u0430\u043b\u044b. \u0418\u0437\u0432\u0435\u0441\u0442\u043d\u044b\u0435 \u043f\u0440\u043e\u0438\u0437\u0432\u043e\u0434\u0438\u0442\u0435\u043b\u0438 \u2714 \u041d\u043e\u0432\u0430\u044f \u0438 \u0431\/\u0443 \u043e\u043f\u0430\u043b\u0443\u0431\u043a\u0430, \u043e\u043f\u043e\u0440\u044b, \u043b\u0435\u0441\u0430 \u0438 \u0441\u0442\u0440\u043e\u0438\u0442\u0435\u043b\u044c\u043d\u044b\u0435 \u043c\u0430\u0448\u0438\u043d\u044b \u2714 \u0417\u0430\u043f\u0440\u043e\u0441\u0438\u0442\u0435 \u043f\u0440\u0435\u0434\u043b\u043e\u0436\u0435\u043d\u0438\u0435 \u0441\u0435\u0439\u0447\u0430\u0441!\" \/>\n<meta property=\"og:url\" content=\"https:\/\/www.jh-itc.de\/ru\/shop\/sonderposten-ru\/%d0%b1%d0%b5%d1%82%d0%be%d0%bd%d0%bd%d1%8b%d0%b5-%d1%88%d0%bf%d0%b0%d0%bb%d1%8b\/\" \/>\n<meta property=\"og:site_name\" content=\"JH - ITC GmbH\" \/>\n<meta property=\"article:publisher\" content=\"https:\/\/www.facebook.com\/schalungshandel\" \/>\n<meta property=\"article:modified_time\" content=\"2021-07-16T16:30:25+00:00\" \/>\n<meta property=\"og:image\" content=\"https:\/\/www.jh-itc.de\/wp-content\/uploads\/2015\/06\/Betonschwellen-7.jpg\" \/>\n\t<meta property=\"og:image:width\" content=\"640\" \/>\n\t<meta property=\"og:image:height\" content=\"480\" \/>\n\t<meta property=\"og:image:type\" content=\"image\/jpeg\" \/>\n<meta name=\"twitter:card\" content=\"summary_large_image\" \/>\n<meta name=\"twitter:site\" content=\"@JH_ITC\" \/>\n<!-- \/ Yoast SEO plugin. -->","yoast_head_json":{"title":"\u0411\u0435\u0442\u043e\u043d\u043d\u044b\u0435 \u0448\u043f\u0430\u043b\u044b - JH - ITC GmbH","description":"\u0411\u0435\u0442\u043e\u043d\u043d\u044b\u0435 \u0448\u043f\u0430\u043b\u044b. \u0418\u0437\u0432\u0435\u0441\u0442\u043d\u044b\u0435 \u043f\u0440\u043e\u0438\u0437\u0432\u043e\u0434\u0438\u0442\u0435\u043b\u0438 \u2714 \u041d\u043e\u0432\u0430\u044f \u0438 \u0431\/\u0443 \u043e\u043f\u0430\u043b\u0443\u0431\u043a\u0430, \u043e\u043f\u043e\u0440\u044b, \u043b\u0435\u0441\u0430 \u0438 \u0441\u0442\u0440\u043e\u0438\u0442\u0435\u043b\u044c\u043d\u044b\u0435 \u043c\u0430\u0448\u0438\u043d\u044b \u2714 \u0417\u0430\u043f\u0440\u043e\u0441\u0438\u0442\u0435 \u043f\u0440\u0435\u0434\u043b\u043e\u0436\u0435\u043d\u0438\u0435 \u0441\u0435\u0439\u0447\u0430\u0441!","robots":{"index":"index","follow":"follow","max-snippet":"max-snippet:-1","max-image-preview":"max-image-preview:large","max-video-preview":"max-video-preview:-1"},"canonical":"https:\/\/www.jh-itc.de\/ru\/shop\/sonderposten-ru\/%d0%b1%d0%b5%d1%82%d0%be%d0%bd%d0%bd%d1%8b%d0%b5-%d1%88%d0%bf%d0%b0%d0%bb%d1%8b\/","og_locale":"ru_RU","og_type":"article","og_title":"\u0411\u0435\u0442\u043e\u043d\u043d\u044b\u0435 \u0448\u043f\u0430\u043b\u044b - JH - ITC GmbH","og_description":"\u0411\u0435\u0442\u043e\u043d\u043d\u044b\u0435 \u0448\u043f\u0430\u043b\u044b. \u0418\u0437\u0432\u0435\u0441\u0442\u043d\u044b\u0435 \u043f\u0440\u043e\u0438\u0437\u0432\u043e\u0434\u0438\u0442\u0435\u043b\u0438 \u2714 \u041d\u043e\u0432\u0430\u044f \u0438 \u0431\/\u0443 \u043e\u043f\u0430\u043b\u0443\u0431\u043a\u0430, \u043e\u043f\u043e\u0440\u044b, \u043b\u0435\u0441\u0430 \u0438 \u0441\u0442\u0440\u043e\u0438\u0442\u0435\u043b\u044c\u043d\u044b\u0435 \u043c\u0430\u0448\u0438\u043d\u044b \u2714 \u0417\u0430\u043f\u0440\u043e\u0441\u0438\u0442\u0435 \u043f\u0440\u0435\u0434\u043b\u043e\u0436\u0435\u043d\u0438\u0435 \u0441\u0435\u0439\u0447\u0430\u0441!","og_url":"https:\/\/www.jh-itc.de\/ru\/shop\/sonderposten-ru\/%d0%b1%d0%b5%d1%82%d0%be%d0%bd%d0%bd%d1%8b%d0%b5-%d1%88%d0%bf%d0%b0%d0%bb%d1%8b\/","og_site_name":"JH - ITC GmbH","article_publisher":"https:\/\/www.facebook.com\/schalungshandel","article_modified_time":"2021-07-16T16:30:25+00:00","og_image":[{"width":640,"height":480,"url":"https:\/\/www.jh-itc.de\/wp-content\/uploads\/2015\/06\/Betonschwellen-7.jpg","type":"image\/jpeg"}],"twitter_card":"summary_large_image","twitter_site":"@JH_ITC","schema":{"@context":"https:\/\/schema.org","@graph":[{"@type":"WebPage","@id":"https:\/\/www.jh-itc.de\/ru\/shop\/sonderposten-ru\/%d0%b1%d0%b5%d1%82%d0%be%d0%bd%d0%bd%d1%8b%d0%b5-%d1%88%d0%bf%d0%b0%d0%bb%d1%8b\/","url":"https:\/\/www.jh-itc.de\/ru\/shop\/sonderposten-ru\/%d0%b1%d0%b5%d1%82%d0%be%d0%bd%d0%bd%d1%8b%d0%b5-%d1%88%d0%bf%d0%b0%d0%bb%d1%8b\/","name":"\u0411\u0435\u0442\u043e\u043d\u043d\u044b\u0435 \u0448\u043f\u0430\u043b\u044b - JH - ITC GmbH","isPartOf":{"@id":"https:\/\/www.jh-itc.de\/ru\/#website"},"primaryImageOfPage":{"@id":"https:\/\/www.jh-itc.de\/ru\/shop\/sonderposten-ru\/%d0%b1%d0%b5%d1%82%d0%be%d0%bd%d0%bd%d1%8b%d0%b5-%d1%88%d0%bf%d0%b0%d0%bb%d1%8b\/#primaryimage"},"image":{"@id":"https:\/\/www.jh-itc.de\/ru\/shop\/sonderposten-ru\/%d0%b1%d0%b5%d1%82%d0%be%d0%bd%d0%bd%d1%8b%d0%b5-%d1%88%d0%bf%d0%b0%d0%bb%d1%8b\/#primaryimage"},"thumbnailUrl":"https:\/\/www.jh-itc.de\/wp-content\/uploads\/2015\/06\/Betonschwellen-7.jpg","datePublished":"2021-07-16T16:30:24+00:00","dateModified":"2021-07-16T16:30:25+00:00","description":"\u0411\u0435\u0442\u043e\u043d\u043d\u044b\u0435 \u0448\u043f\u0430\u043b\u044b. \u0418\u0437\u0432\u0435\u0441\u0442\u043d\u044b\u0435 \u043f\u0440\u043e\u0438\u0437\u0432\u043e\u0434\u0438\u0442\u0435\u043b\u0438 \u2714 \u041d\u043e\u0432\u0430\u044f \u0438 \u0431\/\u0443 \u043e\u043f\u0430\u043b\u0443\u0431\u043a\u0430, \u043e\u043f\u043e\u0440\u044b, \u043b\u0435\u0441\u0430 \u0438 \u0441\u0442\u0440\u043e\u0438\u0442\u0435\u043b\u044c\u043d\u044b\u0435 \u043c\u0430\u0448\u0438\u043d\u044b \u2714 \u0417\u0430\u043f\u0440\u043e\u0441\u0438\u0442\u0435 \u043f\u0440\u0435\u0434\u043b\u043e\u0436\u0435\u043d\u0438\u0435 \u0441\u0435\u0439\u0447\u0430\u0441!","breadcrumb":{"@id":"https:\/\/www.jh-itc.de\/ru\/shop\/sonderposten-ru\/%d0%b1%d0%b5%d1%82%d0%be%d0%bd%d0%bd%d1%8b%d0%b5-%d1%88%d0%bf%d0%b0%d0%bb%d1%8b\/#breadcrumb"},"inLanguage":"ru-RU","potentialAction":[{"@type":"ReadAction","target":["https:\/\/www.jh-itc.de\/ru\/shop\/sonderposten-ru\/%d0%b1%d0%b5%d1%82%d0%be%d0%bd%d0%bd%d1%8b%d0%b5-%d1%88%d0%bf%d0%b0%d0%bb%d1%8b\/"]}]},{"@type":"ImageObject","inLanguage":"ru-RU","@id":"https:\/\/www.jh-itc.de\/ru\/shop\/sonderposten-ru\/%d0%b1%d0%b5%d1%82%d0%be%d0%bd%d0%bd%d1%8b%d0%b5-%d1%88%d0%bf%d0%b0%d0%bb%d1%8b\/#primaryimage","url":"https:\/\/www.jh-itc.de\/wp-content\/uploads\/2015\/06\/Betonschwellen-7.jpg","contentUrl":"https:\/\/www.jh-itc.de\/wp-content\/uploads\/2015\/06\/Betonschwellen-7.jpg","width":640,"height":480},{"@type":"BreadcrumbList","@id":"https:\/\/www.jh-itc.de\/ru\/shop\/sonderposten-ru\/%d0%b1%d0%b5%d1%82%d0%be%d0%bd%d0%bd%d1%8b%d0%b5-%d1%88%d0%bf%d0%b0%d0%bb%d1%8b\/#breadcrumb","itemListElement":[{"@type":"ListItem","position":1,"name":"Home","item":"https:\/\/www.jh-itc.de\/ru\/"},{"@type":"ListItem","position":2,"name":"\u041c\u0430\u0433\u0430\u0437\u0438\u043d","item":"https:\/\/www.jh-itc.de\/ru\/%d0%bc%d0%b0%d0%b3%d0%b0%d0%b7%d0%b8%d0%bd\/"},{"@type":"ListItem","position":3,"name":"\u0411\u0435\u0442\u043e\u043d\u043d\u044b\u0435 \u0448\u043f\u0430\u043b\u044b"}]},{"@type":"WebSite","@id":"https:\/\/www.jh-itc.de\/ru\/#website","url":"https:\/\/www.jh-itc.de\/ru\/","name":"JH - ITC GmbH","description":"Ihr Experte f\u00fcr gebrauchte St\u00fctzen, Schalungen und Ger\u00fcste","publisher":{"@id":"https:\/\/www.jh-itc.de\/ru\/#organization"},"potentialAction":[{"@type":"SearchAction","target":{"@type":"EntryPoint","urlTemplate":"https:\/\/www.jh-itc.de\/ru\/?s={search_term_string}"},"query-input":{"@type":"PropertyValueSpecification","valueRequired":true,"valueName":"search_term_string"}}],"inLanguage":"ru-RU"},{"@type":"Organization","@id":"https:\/\/www.jh-itc.de\/ru\/#organization","name":"JH-ITC GmbH","url":"https:\/\/www.jh-itc.de\/ru\/","logo":{"@type":"ImageObject","inLanguage":"ru-RU","@id":"https:\/\/www.jh-itc.de\/ru\/#\/schema\/logo\/image\/","url":"https:\/\/www.jh-itc.de\/wp-content\/uploads\/2016\/01\/JH-ITC2-1.png","contentUrl":"https:\/\/www.jh-itc.de\/wp-content\/uploads\/2016\/01\/JH-ITC2-1.png","width":300,"height":102,"caption":"JH-ITC GmbH"},"image":{"@id":"https:\/\/www.jh-itc.de\/ru\/#\/schema\/logo\/image\/"},"sameAs":["https:\/\/www.facebook.com\/schalungshandel","https:\/\/x.com\/JH_ITC","https:\/\/www.linkedin.com\/in\/jhitc","https:\/\/youtu.be\/rMdZ-FLfI-Y"]}]}},"_links":{"self":[{"href":"https:\/\/www.jh-itc.de\/ru\/wp-json\/wp\/v2\/product\/20467","targetHints":{"allow":["GET"]}}],"collection":[{"href":"https:\/\/www.jh-itc.de\/ru\/wp-json\/wp\/v2\/product"}],"about":[{"href":"https:\/\/www.jh-itc.de\/ru\/wp-json\/wp\/v2\/types\/product"}],"wp:featuredmedia":[{"embeddable":true,"href":"https:\/\/www.jh-itc.de\/ru\/wp-json\/wp\/v2\/media\/20483"}],"wp:attachment":[{"href":"https:\/\/www.jh-itc.de\/ru\/wp-json\/wp\/v2\/media?parent=20467"}],"wp:term":[{"taxonomy":"product_brand","embeddable":true,"href":"https:\/\/www.jh-itc.de\/ru\/wp-json\/wp\/v2\/product_brand?post=20467"},{"taxonomy":"product_cat","embeddable":true,"href":"https:\/\/www.jh-itc.de\/ru\/wp-json\/wp\/v2\/product_cat?post=20467"},{"taxonomy":"product_tag","embeddable":true,"href":"https:\/\/www.jh-itc.de\/ru\/wp-json\/wp\/v2\/product_tag?post=20467"}],"curies":[{"name":"wp","href":"https:\/\/api.w.org\/{rel}","templated":true}]}}