{"id":41335,"date":"2015-06-08T00:06:08","date_gmt":"2023-02-15T14:54:16","guid":{"rendered":"https:\/\/www.jh-itc.de\/shop\/uncategorized\/%d0%be%d0%bf%d0%b0%d0%bb%d1%83%d0%b1%d0%ba%d0%b0-peri-trio-trio-alu\/"},"modified":"2023-02-15T15:54:16","modified_gmt":"2023-02-15T14:54:16","slug":"peri-trio-trio-alu-formwork","status":"publish","type":"product","link":"https:\/\/www.jh-itc.de\/ru\/shop\/peri-ru\/peri-trio-ru\/peri-trio-trio-alu-formwork\/","title":{"rendered":"\u041e\u043f\u0430\u043b\u0443\u0431\u043a\u0430 Peri Trio + Trio Alu"},"content":{"rendered":"<hr>\n<p>\u041c\u044b \u043f\u0440\u0435\u0434\u043b\u0430\u0433\u0430\u0435\u043c \u043b\u043e\u0442 \u043f\u043b\u043e\u0449\u0430\u0434\u044c\u044e <strong>800 \u043c\u00b2<\/strong> &#8211; <strong>Peri Trio 330 + Trio 270<\/strong>, \u0430 \u0442\u0430\u043a\u0436\u0435 \u044d\u043b\u0435\u043c\u0435\u043d\u0442\u044b <strong>Peri Trio Alu<\/strong>.<\/p>\n<hr>\n<p><em>\u041d\u0435\u043a\u043e\u0442\u043e\u0440\u044b\u0435 \u044d\u043b\u0435\u043c\u0435\u043d\u0442\u044b \u0431\u044b\u043b\u0438 \u043e\u0442\u0440\u0435\u043c\u043e\u043d\u0442\u0438\u0440\u043e\u0432\u0430\u043d\u044b \u0438 \u043f\u043e\u043a\u0440\u044b\u0442\u044b \u043d\u043e\u0432\u043e\u0439 \u043e\u043f\u0430\u043b\u0443\u0431\u043a\u043e\u0439.<\/em><\/p>\n<p>\u0415\u0441\u043b\u0438 \u0432\u044b \u0437\u0430\u0438\u043d\u0442\u0435\u0440\u0435\u0441\u043e\u0432\u0430\u043d\u044b, \u043f\u043e\u0436\u0430\u043b\u0443\u0439\u0441\u0442\u0430, \u043e\u0442\u043f\u0440\u0430\u0432\u044c\u0442\u0435 \u043d\u0430\u043c \u0432\u0430\u0448 \u0437\u0430\u043f\u0440\u043e\u0441.<\/p>\n<p>&nbsp;<\/p>\n<hr>\n<p>&nbsp;<\/p>\n<table style=\"height: 1656px\" width=\"605\">\n<tbody>\n<tr>\n<td width=\"80\"><strong>\u041c\u043e\u0434\u0435\u043b\u044c<\/strong><\/td>\n<td width=\"80\"><strong>\u0410\u0440\u0442. \u043d\u0435\u0442.<\/strong><\/td>\n<td width=\"221\"><strong>\u041e\u043f\u0438\u0441\u0430\u043d\u0438\u0435 \u0441\u0442\u0430\u0442\u044c\u0438<\/strong><\/td>\n<td width=\"80\"><strong>\u041a\u043e\u043b\u0438\u0447\u0435\u0441\u0442\u0432\u043e<\/strong><\/td>\n<\/tr>\n<tr>\n<td>\u0422\u0420\u0418\u041e<\/td>\n<td>54304<\/td>\n<td>\u042d\u043b\u0435\u043c\u0435\u043d\u0442 TR\/4 330 x 240<\/td>\n<td>30<\/td>\n<\/tr>\n<tr>\n<td>\u0422\u0420\u0418\u041e<\/td>\n<td>54314<\/td>\n<td>\u042d\u043b\u0435\u043c\u0435\u043d\u0442 TR\/4 330 x 120<\/td>\n<td>15<\/td>\n<\/tr>\n<tr>\n<td>\u0422\u0420\u0418\u041e<\/td>\n<td>54324<\/td>\n<td>\u042d\u043b\u0435\u043c\u0435\u043d\u0442 TR\/4 330 x 90<\/td>\n<td>12<\/td>\n<\/tr>\n<tr>\n<td>\u0422\u0420\u0418\u041e<\/td>\n<td>54334<\/td>\n<td>\u042d\u043b\u0435\u043c\u0435\u043d\u0442 TR\/4 330 x 72<\/td>\n<td>16<\/td>\n<\/tr>\n<tr>\n<td>\u0422\u0420\u0418\u041e<\/td>\n<td>54354<\/td>\n<td>\u042d\u043b\u0435\u043c\u0435\u043d\u0442 TR\/4 330 x 60<\/td>\n<td>19<\/td>\n<\/tr>\n<tr>\n<td>\u0422\u0420\u0418\u041e<\/td>\n<td>54364<\/td>\n<td>\u042d\u043b\u0435\u043c\u0435\u043d\u0442 TR\/4 330 x 30<\/td>\n<td>10<\/td>\n<\/tr>\n<tr>\n<td>\u0422\u0420\u0418\u041e<\/td>\n<td>54374<\/td>\n<td>\u0423\u0433\u043b\u043e\u0432\u043e\u0439 TE\/4 330<\/td>\n<td>9<\/td>\n<\/tr>\n<tr>\n<td>\u0422\u0420\u0418\u041e<\/td>\n<td>54414<\/td>\n<td>\u0428\u0430\u0440\u043d\u0438\u0440\u043d\u044b\u0439 \u0443\u0433\u043e\u043b\u043e\u043a TGE\/4 330<\/td>\n<td>4<\/td>\n<\/tr>\n<tr>\n<td>\u0422\u0420\u0418\u041e<\/td>\n<td>54391<\/td>\n<td>\u041a\u043e\u043c\u043f\u0435\u043d\u0441\u0430\u0446\u0438\u044f \u0442\u043e\u043b\u0449\u0438\u043d\u044b \u0441\u0442\u0435\u043d\u043a\u0438 WDA\/4 330 x 5<\/td>\n<td>6<\/td>\n<\/tr>\n<tr>\n<td>\u0422\u0420\u0418\u041e<\/td>\n<td>54401<\/td>\n<td>\u041a\u043e\u043c\u043f\u0435\u043d\u0441\u0430\u0446\u0438\u044f \u0442\u043e\u043b\u0449\u0438\u043d\u044b \u0441\u0442\u0435\u043d\u043a\u0438 WDA\/4 330 x 6<\/td>\n<td>15<\/td>\n<\/tr>\n<tr>\n<td>\u0422\u0420\u0418\u041e<\/td>\n<td>105525<\/td>\n<td>\u042d\u043b\u0435\u043c\u0435\u043d\u0442 \u0432\u0430\u043b\u0430 TSE 330<\/td>\n<td>4<\/td>\n<\/tr>\n<tr>\n<td>\u0422\u0420\u0418\u041e<\/td>\n<td>54384<\/td>\n<td>\u041a\u043e\u043c\u043f\u0435\u043d\u0441\u0430\u0446\u0438\u044f \u0434\u043b\u0438\u043d\u044b LA\/4 330 x 36<\/td>\n<td>6<\/td>\n<\/tr>\n<tr>\n<td>\u0422\u0420\u0418\u041e<\/td>\n<td>22510<\/td>\n<td>\u042d\u043b\u0435\u043c\u0435\u043d\u0442 TR 270 x 120<\/td>\n<td>18<\/td>\n<\/tr>\n<tr>\n<td>\u0422\u0420\u0418\u041e<\/td>\n<td>22520<\/td>\n<td>\u042d\u043b\u0435\u043c\u0435\u043d\u0442 TR 270 x 90<\/td>\n<td>18<\/td>\n<\/tr>\n<tr>\n<td>\u0422\u0420\u0418\u041e<\/td>\n<td>22550<\/td>\n<td>\u042d\u043b\u0435\u043c\u0435\u043d\u0442 TR 270 x 60<\/td>\n<td>25<\/td>\n<\/tr>\n<tr>\n<td>\u0422\u0420\u0418\u041e<\/td>\n<td>22560<\/td>\n<td>\u042d\u043b\u0435\u043c\u0435\u043d\u0442 TR 270 x 30<\/td>\n<td>18<\/td>\n<\/tr>\n<tr>\n<td>\u0422\u0420\u0418\u041e<\/td>\n<td>22540<\/td>\n<td>\u041c\u043d\u043e\u0433\u043e\u0446\u0435\u043b\u0435\u0432\u044b\u0435 \u044d\u043b\u0435\u043c\u0435\u043d\u0442\u044b TRM 270 x 72<\/td>\n<td>38<\/td>\n<\/tr>\n<tr>\n<td>\u0422\u0420\u0418\u041e<\/td>\n<td>22580<\/td>\n<td>\u0423\u0433\u043b\u043e\u0432\u043e\u0439 TE 270-2<\/td>\n<td>10<\/td>\n<\/tr>\n<tr>\n<td>\u0422\u0420\u0418\u041e<\/td>\n<td>23200<\/td>\n<td>\u0428\u0430\u0440\u043d\u0438\u0440\u043d\u044b\u0439 \u0443\u0433\u043e\u043b\u043e\u043a TGE 270<\/td>\n<td>6<\/td>\n<\/tr>\n<tr>\n<td>\u0422\u0420\u0418\u041e<\/td>\n<td>23040<\/td>\n<td>\u0417\u0430\u043f\u043e\u0440\u043d\u044b\u0439 \u044d\u043b\u0435\u043c\u0435\u043d\u0442 TR 270 x 24<\/td>\n<td>4<\/td>\n<\/tr>\n<tr>\n<td>\u0422\u0420\u0418\u041e<\/td>\n<td>23182<\/td>\n<td>\u041a\u043e\u043c\u043f\u0435\u043d\u0441\u0430\u0446\u0438\u044f \u0442\u043e\u043b\u0449\u0438\u043d\u044b \u0441\u0442\u0435\u043d\u043a\u0438 WDA-2 270 x 5<\/td>\n<td>10<\/td>\n<\/tr>\n<tr>\n<td>\u0422\u0420\u0418\u041e<\/td>\n<td>23192<\/td>\n<td>\u041a\u043e\u043c\u043f\u0435\u043d\u0441\u0430\u0446\u0438\u044f \u0442\u043e\u043b\u0449\u0438\u043d\u044b \u0441\u0442\u0435\u043d\u043a\u0438 WDA-2 270 x 6<\/td>\n<td>10<\/td>\n<\/tr>\n<tr>\n<td>\u0422\u0420\u0418\u041e<\/td>\n<td>23170<\/td>\n<td>\u041a\u043e\u043c\u043f\u0435\u043d\u0441\u0430\u0446\u0438\u044f \u0434\u043b\u0438\u043d\u044b LA 270 x 36<\/td>\n<td>14<\/td>\n<\/tr>\n<tr>\n<td>\u0422\u0420\u0418\u041e<\/td>\n<td>22600<\/td>\n<td>\u042d\u043b\u0435\u043c\u0435\u043d\u0442 TR 120 x 120<\/td>\n<td>10<\/td>\n<\/tr>\n<tr>\n<td>\u0422\u0420\u0418\u041e<\/td>\n<td>22610<\/td>\n<td>\u042d\u043b\u0435\u043c\u0435\u043d\u0442 TR 120 x 90<\/td>\n<td>29<\/td>\n<\/tr>\n<tr>\n<td>\u0422\u0420\u0418\u041e<\/td>\n<td>22640<\/td>\n<td>\u042d\u043b\u0435\u043c\u0435\u043d\u0442 TR 120 x 60<\/td>\n<td>6<\/td>\n<\/tr>\n<tr>\n<td>\u0422\u0420\u0418\u041e<\/td>\n<td>22650<\/td>\n<td>\u042d\u043b\u0435\u043c\u0435\u043d\u0442 TR 120 x 30<\/td>\n<td>12<\/td>\n<\/tr>\n<tr>\n<td>\u0422\u0420\u0418\u041e<\/td>\n<td>22630<\/td>\n<td>\u041c\u043d\u043e\u0433\u043e\u0446\u0435\u043b\u0435\u0432\u044b\u0435 \u044d\u043b\u0435\u043c\u0435\u043d\u0442\u044b TRM 120 x 72<\/td>\n<td>6<\/td>\n<\/tr>\n<tr>\n<td>\u0422\u0420\u0418\u041e<\/td>\n<td>22660<\/td>\n<td>\u0423\u0433\u043e\u043b\u043e\u043a TE 120-2<\/td>\n<td>11<\/td>\n<\/tr>\n<tr>\n<td>\u0422\u0420\u0418\u041e<\/td>\n<td>23300<\/td>\n<td>\u041d\u0430\u0432\u0435\u0441\u043d\u043e\u0439 \u0443\u0433\u043e\u043b\u043e\u043a TGE 120<\/td>\n<td>2<\/td>\n<\/tr>\n<tr>\n<td>\u0422\u0420\u0418\u041e<\/td>\n<td>23282<\/td>\n<td>\u041a\u043e\u043c\u043f\u0435\u043d\u0441\u0430\u0446\u0438\u044f \u0442\u043e\u043b\u0449\u0438\u043d\u044b \u0441\u0442\u0435\u043d\u043a\u0438 WDA-2 120 x 5<\/td>\n<td>8<\/td>\n<\/tr>\n<tr>\n<td>\u0422\u0420\u0418\u041e<\/td>\n<td>23270<\/td>\n<td>\u041a\u043e\u043c\u043f\u0435\u043d\u0441\u0430\u0446\u0438\u044f \u0434\u043b\u0438\u043d\u044b LA 120 x 36<\/td>\n<td>12<\/td>\n<\/tr>\n<tr>\n<td>\u0422\u0420\u0418\u041e<\/td>\n<td>22820<\/td>\n<td>\u042d\u043b\u0435\u043c\u0435\u043d\u0442 TR 60 x 30<\/td>\n<td>2<\/td>\n<\/tr>\n<tr>\n<td>\u0422\u0420\u0418\u041e<\/td>\n<td>23950<\/td>\n<td>\u042d\u043b\u0435\u043c\u0435\u043d\u0442 TRA 90 x 60<\/td>\n<td>15<\/td>\n<\/tr>\n<tr>\n<td>\u0422\u0420\u0418\u041e<\/td>\n<td>23960<\/td>\n<td>\u042d\u043b\u0435\u043c\u0435\u043d\u0442 TRA 90 x 30<\/td>\n<td>11<\/td>\n<\/tr>\n<tr>\n<td>\u0422\u0420\u0418\u041e<\/td>\n<td>23980<\/td>\n<td>\u041c\u043d\u043e\u0433\u043e\u0446\u0435\u043b\u0435\u0432\u043e\u0439 \u044d\u043b\u0435\u043c\u0435\u043d\u0442 TAM 90 x 72<\/td>\n<td>21<\/td>\n<\/tr>\n<tr>\n<td>\u0422\u0420\u0418\u041e<\/td>\n<td>23971<\/td>\n<td>\u0423\u0433\u043e\u043b\u043e\u043a TAE 90-2<\/td>\n<td>4<\/td>\n<\/tr>\n<tr>\n<td>\u0422\u0420\u0418\u041e<\/td>\n<td>23670<\/td>\n<td>\u041a\u0440\u043e\u043d\u0448\u0442\u0435\u0439\u043d \u0434\u043b\u044f \u0441\u0442\u0440\u043e\u0438\u0442\u0435\u043b\u044c\u043d\u044b\u0445 \u043b\u0435\u0441\u043e\u0432 TRG 80<\/td>\n<td>30<\/td>\n<\/tr>\n<tr>\n<td>\u0422\u0420\u0418\u041e<\/td>\n<td>22950<\/td>\n<td>\u041f\u043b\u043e\u0449\u0430\u0434\u043a\u0430 \u0434\u043b\u044f \u0431\u0435\u0442\u043e\u043d\u0438\u0440\u043e\u0432\u0430\u043d\u0438\u044f 120 x 270<\/td>\n<td>10<\/td>\n<\/tr>\n<tr>\n<td>\u0422\u0420\u0418\u041e<\/td>\n<td>117467<\/td>\n<td>\u041d\u0430\u0436\u0438\u043c\u043d\u0430\u044f \u0442\u044f\u0433\u0430 RS 300, \u043e\u0446\u0438\u043d\u043a\u043e\u0432\u0430\u043d\u043d\u0430\u044f<\/td>\n<td>10<\/td>\n<\/tr>\n<tr>\n<td>\u0422\u0420\u0418\u041e<\/td>\n<td>23500<\/td>\n<td>\u0412\u044b\u0440\u0430\u0432\u043d\u0438\u0432\u0430\u044e\u0449\u0438\u0439 \u0437\u0430\u043c\u043e\u043a BFD, \u043e\u0446\u0438\u043d\u043a\u043e\u0432\u0430\u043d\u043d\u044b\u0439<\/td>\n<td>220<\/td>\n<\/tr>\n<tr>\n<td>\u0422\u0435\u043b\u0435\u0444\u043e\u043d\u043d\u0430\u044f \u0442\u0440\u0443\u0431\u043a\u0430<\/td>\n<td><\/td>\n<td>\u0422\u0435\u043b\u0435\u0444\u043e\u043d\u043d\u0430\u044f \u0442\u0440\u0443\u0431\u043a\u0430 90\/120<\/td>\n<td>30<\/td>\n<\/tr>\n<tr>\n<td>\u0422\u0435\u043b\u0435\u0444\u043e\u043d\u043d\u0430\u044f \u0442\u0440\u0443\u0431\u043a\u0430<\/td>\n<td><\/td>\n<td>\u0422\u0435\u043b\u0435\u0444\u043e\u043d\u043d\u0430\u044f \u0442\u0440\u0443\u0431\u043a\u0430 60\/120<\/td>\n<td>40<\/td>\n<\/tr>\n<tr>\n<td>\u0422\u0435\u043b\u0435\u0444\u043e\u043d\u043d\u0430\u044f \u0442\u0440\u0443\u0431\u043a\u0430<\/td>\n<td><\/td>\n<td>\u0422\u0435\u043b\u0435\u0444\u043e\u043d\u043d\u0430\u044f \u0442\u0440\u0443\u0431\u043a\u0430 45\/120<\/td>\n<td>20<\/td>\n<\/tr>\n<tr>\n<td>\u0422\u0435\u043b\u0435\u0444\u043e\u043d\u043d\u0430\u044f \u0442\u0440\u0443\u0431\u043a\u0430<\/td>\n<td><\/td>\n<td>\u0422\u0435\u043b\u0435\u0444\u043e\u043d\u043d\u0430\u044f \u0442\u0440\u0443\u0431\u043a\u0430 30\/120<\/td>\n<td>10<\/td>\n<\/tr>\n<tr>\n<td>\u0422\u0435\u043b\u0435\u0444\u043e\u043d\u043d\u0430\u044f \u0442\u0440\u0443\u0431\u043a\u0430<\/td>\n<td><\/td>\n<td>\u0422\u0435\u043b\u0435\u0444\u043e\u043d\u043d\u0430\u044f \u0442\u0440\u0443\u0431\u043a\u0430 15\/120<\/td>\n<td>8<\/td>\n<\/tr>\n<tr>\n<td>\u0422\u0435\u043b\u0435\u0444\u043e\u043d\u043d\u0430\u044f \u0442\u0440\u0443\u0431\u043a\u0430<\/td>\n<td><\/td>\n<td>\u0422\u0435\u043b\u0435\u0444\u043e\u043d\u043d\u0430\u044f \u0442\u0440\u0443\u0431\u043a\u0430 5\/120<\/td>\n<td>10<\/td>\n<\/tr>\n<\/tbody>\n<\/table>\n","protected":false},"excerpt":{"rendered":"<p>\u041c\u044b \u043f\u0440\u0435\u0434\u043b\u0430\u0433\u0430\u0435\u043c \u043b\u043e\u0442 \u043f\u043b\u043e\u0449\u0430\u0434\u044c\u044e <strong>800 \u043c\u00b2<\/strong> &#8211; <strong>Peri Trio 330 + Trio 270<\/strong>, \u0430 \u0442\u0430\u043a\u0436\u0435 \u044d\u043b\u0435\u043c\u0435\u043d\u0442\u044b <strong>Peri Trio Alu<\/strong>.<\/p>\n<hr>\n<p>\u041e\u043f\u0430\u043b\u0443\u0431\u043a\u0430 \u0431\u044b\u043b\u0430 \u0447\u0430\u0441\u0442\u0438\u0447\u043d\u043e \u0432\u043e\u0441\u0441\u0442\u0430\u043d\u043e\u0432\u043b\u0435\u043d\u0430 \u0441 \u043d\u043e\u0432\u043e\u0439 \u043e\u0440\u0438\u0433\u0438\u043d\u0430\u043b\u044c\u043d\u043e\u0439 \u043e\u043f\u0430\u043b\u0443\u0431\u043a\u043e\u0439 Peri, \u0430 \u043e\u0441\u0442\u0430\u043b\u044c\u043d\u0430\u044f \u0447\u0430\u0441\u0442\u044c \u043d\u0430\u0445\u043e\u0434\u0438\u0442\u0441\u044f \u0432 \u043f\u0440\u0438\u043b\u0438\u0447\u043d\u043e\u043c \u0441\u043e\u0441\u0442\u043e\u044f\u043d\u0438\u0438 \u0438 \u0433\u043e\u0442\u043e\u0432\u0430 \u043a \u043d\u0435\u043c\u0435\u0434\u043b\u0435\u043d\u043d\u043e\u043c\u0443 \u0438\u0441\u043f\u043e\u043b\u044c\u0437\u043e\u0432\u0430\u043d\u0438\u044e.<\/p>\n<p>\u0415\u0441\u043b\u0438 \u0432\u044b \u0437\u0430\u0438\u043d\u0442\u0435\u0440\u0435\u0441\u043e\u0432\u0430\u043d\u044b, \u043f\u043e\u0436\u0430\u043b\u0443\u0439\u0441\u0442\u0430, \u043e\u0442\u043f\u0440\u0430\u0432\u044c\u0442\u0435 \u043d\u0430\u043c \u0432\u0430\u0448 \u0437\u0430\u043f\u0440\u043e\u0441.<\/p>\n","protected":false},"featured_media":49531,"template":"","meta":[],"product_brand":[],"product_cat":[353,361,359],"product_tag":[],"class_list":{"0":"post-41335","1":"product","2":"type-product","3":"status-publish","4":"has-post-thumbnail","6":"product_cat-peri-ru","7":"product_cat-schalungen-ru","8":"product_cat-peri-trio-ru","10":"first","11":"instock","12":"taxable","13":"shipping-taxable","14":"product-type-simple"},"yoast_head":"<!-- This site is optimized with the Yoast SEO plugin v27.3 - https:\/\/yoast.com\/product\/yoast-seo-wordpress\/ -->\n<title>\u041e\u043f\u0430\u043b\u0443\u0431\u043a\u0430 Peri Trio \u0434\u043b\u044f \u043f\u0440\u043e\u0434\u0430\u0436\u0438, \u0445\u043e\u0440\u043e\u0448\u0430\u044f \u0438 \u0434\u0435\u0448\u0435\u0432\u0430\u044f<\/title>\n<meta name=\"description\" content=\"\u041e\u043f\u0430\u043b\u0443\u0431\u043a\u0430 Peri Trio, \u043e\u043f\u0430\u043b\u0443\u0431\u043a\u0430 Peri Trio Alu, BFD\" \/>\n<meta name=\"robots\" content=\"index, follow, max-snippet:-1, max-image-preview:large, max-video-preview:-1\" \/>\n<link rel=\"canonical\" href=\"https:\/\/www.jh-itc.de\/ru\/shop\/peri-ru\/peri-trio-ru\/peri-trio-trio-alu-formwork\/\" \/>\n<meta property=\"og:locale\" content=\"ru_RU\" \/>\n<meta property=\"og:type\" content=\"article\" \/>\n<meta property=\"og:title\" content=\"\u041e\u043f\u0430\u043b\u0443\u0431\u043a\u0430 Peri Trio \u0434\u043b\u044f \u043f\u0440\u043e\u0434\u0430\u0436\u0438\" \/>\n<meta property=\"og:description\" content=\"\u041e\u043f\u0430\u043b\u0443\u0431\u043a\u0430 Peri Trio \u0434\u043b\u044f \u043f\u0440\u043e\u0434\u0430\u0436\u0438\" \/>\n<meta property=\"og:url\" content=\"https:\/\/www.jh-itc.de\/ru\/shop\/peri-ru\/peri-trio-ru\/peri-trio-trio-alu-formwork\/\" \/>\n<meta property=\"og:site_name\" content=\"JH - ITC GmbH\" \/>\n<meta property=\"article:publisher\" content=\"https:\/\/www.facebook.com\/schalungshandel\" \/>\n<meta property=\"og:image\" content=\"https:\/\/www.jh-itc.de\/wp-content\/uploads\/2016\/09\/IMG_3408-1.jpg\" \/>\n\t<meta property=\"og:image:width\" content=\"600\" \/>\n\t<meta property=\"og:image:height\" content=\"600\" \/>\n\t<meta property=\"og:image:type\" content=\"image\/jpeg\" \/>\n<meta name=\"twitter:card\" content=\"summary_large_image\" \/>\n<meta name=\"twitter:site\" content=\"@JH_ITC\" \/>\n<!-- \/ Yoast SEO plugin. -->","yoast_head_json":{"title":"\u041e\u043f\u0430\u043b\u0443\u0431\u043a\u0430 Peri Trio \u0434\u043b\u044f \u043f\u0440\u043e\u0434\u0430\u0436\u0438, \u0445\u043e\u0440\u043e\u0448\u0430\u044f \u0438 \u0434\u0435\u0448\u0435\u0432\u0430\u044f","description":"\u041e\u043f\u0430\u043b\u0443\u0431\u043a\u0430 Peri Trio, \u043e\u043f\u0430\u043b\u0443\u0431\u043a\u0430 Peri Trio Alu, BFD","robots":{"index":"index","follow":"follow","max-snippet":"max-snippet:-1","max-image-preview":"max-image-preview:large","max-video-preview":"max-video-preview:-1"},"canonical":"https:\/\/www.jh-itc.de\/ru\/shop\/peri-ru\/peri-trio-ru\/peri-trio-trio-alu-formwork\/","og_locale":"ru_RU","og_type":"article","og_title":"\u041e\u043f\u0430\u043b\u0443\u0431\u043a\u0430 Peri Trio \u0434\u043b\u044f \u043f\u0440\u043e\u0434\u0430\u0436\u0438","og_description":"\u041e\u043f\u0430\u043b\u0443\u0431\u043a\u0430 Peri Trio \u0434\u043b\u044f \u043f\u0440\u043e\u0434\u0430\u0436\u0438","og_url":"https:\/\/www.jh-itc.de\/ru\/shop\/peri-ru\/peri-trio-ru\/peri-trio-trio-alu-formwork\/","og_site_name":"JH - ITC GmbH","article_publisher":"https:\/\/www.facebook.com\/schalungshandel","og_image":[{"width":600,"height":600,"url":"https:\/\/www.jh-itc.de\/wp-content\/uploads\/2016\/09\/IMG_3408-1.jpg","type":"image\/jpeg"}],"twitter_card":"summary_large_image","twitter_site":"@JH_ITC","schema":{"@context":"https:\/\/schema.org","@graph":[{"@type":"WebPage","@id":"https:\/\/www.jh-itc.de\/ru\/shop\/peri-ru\/peri-trio-ru\/peri-trio-trio-alu-formwork\/","url":"https:\/\/www.jh-itc.de\/ru\/shop\/peri-ru\/peri-trio-ru\/peri-trio-trio-alu-formwork\/","name":"\u041e\u043f\u0430\u043b\u0443\u0431\u043a\u0430 Peri Trio \u0434\u043b\u044f \u043f\u0440\u043e\u0434\u0430\u0436\u0438, \u0445\u043e\u0440\u043e\u0448\u0430\u044f \u0438 \u0434\u0435\u0448\u0435\u0432\u0430\u044f","isPartOf":{"@id":"https:\/\/www.jh-itc.de\/ru\/#website"},"primaryImageOfPage":{"@id":"https:\/\/www.jh-itc.de\/ru\/shop\/peri-ru\/peri-trio-ru\/peri-trio-trio-alu-formwork\/#primaryimage"},"image":{"@id":"https:\/\/www.jh-itc.de\/ru\/shop\/peri-ru\/peri-trio-ru\/peri-trio-trio-alu-formwork\/#primaryimage"},"thumbnailUrl":"https:\/\/www.jh-itc.de\/wp-content\/uploads\/2016\/09\/IMG_3408-1.jpg","datePublished":"2023-02-15T14:54:16+00:00","description":"\u041e\u043f\u0430\u043b\u0443\u0431\u043a\u0430 Peri Trio, \u043e\u043f\u0430\u043b\u0443\u0431\u043a\u0430 Peri Trio Alu, BFD","breadcrumb":{"@id":"https:\/\/www.jh-itc.de\/ru\/shop\/peri-ru\/peri-trio-ru\/peri-trio-trio-alu-formwork\/#breadcrumb"},"inLanguage":"ru-RU","potentialAction":[{"@type":"ReadAction","target":["https:\/\/www.jh-itc.de\/ru\/shop\/peri-ru\/peri-trio-ru\/peri-trio-trio-alu-formwork\/"]}]},{"@type":"ImageObject","inLanguage":"ru-RU","@id":"https:\/\/www.jh-itc.de\/ru\/shop\/peri-ru\/peri-trio-ru\/peri-trio-trio-alu-formwork\/#primaryimage","url":"https:\/\/www.jh-itc.de\/wp-content\/uploads\/2016\/09\/IMG_3408-1.jpg","contentUrl":"https:\/\/www.jh-itc.de\/wp-content\/uploads\/2016\/09\/IMG_3408-1.jpg","width":600,"height":600},{"@type":"BreadcrumbList","@id":"https:\/\/www.jh-itc.de\/ru\/shop\/peri-ru\/peri-trio-ru\/peri-trio-trio-alu-formwork\/#breadcrumb","itemListElement":[{"@type":"ListItem","position":1,"name":"Home","item":"https:\/\/www.jh-itc.de\/ru\/"},{"@type":"ListItem","position":2,"name":"\u041c\u0430\u0433\u0430\u0437\u0438\u043d","item":"https:\/\/www.jh-itc.de\/ru\/%d0%bc%d0%b0%d0%b3%d0%b0%d0%b7%d0%b8%d0%bd\/"},{"@type":"ListItem","position":3,"name":"\u041e\u043f\u0430\u043b\u0443\u0431\u043a\u0430 Peri Trio + Trio Alu"}]},{"@type":"WebSite","@id":"https:\/\/www.jh-itc.de\/ru\/#website","url":"https:\/\/www.jh-itc.de\/ru\/","name":"JH - ITC GmbH","description":"Ihr Experte f\u00fcr gebrauchte St\u00fctzen, Schalungen und Ger\u00fcste","publisher":{"@id":"https:\/\/www.jh-itc.de\/ru\/#organization"},"potentialAction":[{"@type":"SearchAction","target":{"@type":"EntryPoint","urlTemplate":"https:\/\/www.jh-itc.de\/ru\/?s={search_term_string}"},"query-input":{"@type":"PropertyValueSpecification","valueRequired":true,"valueName":"search_term_string"}}],"inLanguage":"ru-RU"},{"@type":"Organization","@id":"https:\/\/www.jh-itc.de\/ru\/#organization","name":"JH-ITC GmbH","url":"https:\/\/www.jh-itc.de\/ru\/","logo":{"@type":"ImageObject","inLanguage":"ru-RU","@id":"https:\/\/www.jh-itc.de\/ru\/#\/schema\/logo\/image\/","url":"https:\/\/www.jh-itc.de\/wp-content\/uploads\/2016\/01\/JH-ITC2-1.png","contentUrl":"https:\/\/www.jh-itc.de\/wp-content\/uploads\/2016\/01\/JH-ITC2-1.png","width":300,"height":102,"caption":"JH-ITC GmbH"},"image":{"@id":"https:\/\/www.jh-itc.de\/ru\/#\/schema\/logo\/image\/"},"sameAs":["https:\/\/www.facebook.com\/schalungshandel","https:\/\/x.com\/JH_ITC","https:\/\/www.linkedin.com\/in\/jhitc","https:\/\/youtu.be\/rMdZ-FLfI-Y"]}]}},"_links":{"self":[{"href":"https:\/\/www.jh-itc.de\/ru\/wp-json\/wp\/v2\/product\/41335","targetHints":{"allow":["GET"]}}],"collection":[{"href":"https:\/\/www.jh-itc.de\/ru\/wp-json\/wp\/v2\/product"}],"about":[{"href":"https:\/\/www.jh-itc.de\/ru\/wp-json\/wp\/v2\/types\/product"}],"wp:featuredmedia":[{"embeddable":true,"href":"https:\/\/www.jh-itc.de\/ru\/wp-json\/wp\/v2\/media\/49531"}],"wp:attachment":[{"href":"https:\/\/www.jh-itc.de\/ru\/wp-json\/wp\/v2\/media?parent=41335"}],"wp:term":[{"taxonomy":"product_brand","embeddable":true,"href":"https:\/\/www.jh-itc.de\/ru\/wp-json\/wp\/v2\/product_brand?post=41335"},{"taxonomy":"product_cat","embeddable":true,"href":"https:\/\/www.jh-itc.de\/ru\/wp-json\/wp\/v2\/product_cat?post=41335"},{"taxonomy":"product_tag","embeddable":true,"href":"https:\/\/www.jh-itc.de\/ru\/wp-json\/wp\/v2\/product_tag?post=41335"}],"curies":[{"name":"wp","href":"https:\/\/api.w.org\/{rel}","templated":true}]}}