{"id":42918,"date":"2022-02-21T17:20:28","date_gmt":"2023-04-24T13:54:01","guid":{"rendered":"https:\/\/www.jh-itc.de\/shop\/uncategorized\/%d0%be%d0%bf%d0%be%d1%80%d0%bd%d0%b0%d1%8f-%d0%b1%d0%b0%d1%88%d0%bd%d1%8f-peri-up-mds\/"},"modified":"2025-02-20T15:18:55","modified_gmt":"2025-02-20T14:18:55","slug":"peri-up-tower-mds","status":"publish","type":"product","link":"https:\/\/www.jh-itc.de\/ru\/shop\/gerueste-ru\/peri-up-tower-mds\/","title":{"rendered":"\u041e\u043f\u043e\u0440\u043d\u0430\u044f \u0431\u0430\u0448\u043d\u044f Peri UP MDS"},"content":{"rendered":"<p>\u041e\u043f\u043e\u0440\u043d\u0430\u044f \u0432\u044b\u0448\u043a\u0430 MDS K \u0438\u0437 \u043a\u043e\u043c\u043f\u043b\u0435\u043a\u0442\u0430 \u0441\u0442\u0440\u043e\u0438\u0442\u0435\u043b\u044c\u043d\u044b\u0445 \u043b\u0435\u0441\u043e\u0432 PERI UP \u0438\u0441\u043f\u043e\u043b\u044c\u0437\u0443\u0435\u0442\u0441\u044f \u0432 \u0441\u0442\u0440\u043e\u0438\u0442\u0435\u043b\u044c\u0441\u0442\u0432\u0435 \u043f\u043e\u0434\u043c\u043e\u0441\u0442\u0435\u0439 \u0434\u043b\u044f \u043f\u0435\u0440\u0435\u0434\u0430\u0447\u0438 \u0432\u0435\u0440\u0442\u0438\u043a\u0430\u043b\u044c\u043d\u044b\u0445 \u0438 \u0433\u043e\u0440\u0438\u0437\u043e\u043d\u0442\u0430\u043b\u044c\u043d\u044b\u0445 \u043d\u0430\u0433\u0440\u0443\u0437\u043e\u043a. \u0421\u0438\u0441\u0442\u0435\u043c\u0430 \u043f\u043e\u0437\u0432\u043e\u043b\u044f\u0435\u0442 \u043e\u0441\u0443\u0449\u0435\u0441\u0442\u0432\u043b\u044f\u0442\u044c \u0441\u0438\u0441\u0442\u0435\u043c\u043d\u043e-\u0438\u043d\u0442\u0435\u0433\u0440\u0438\u0440\u043e\u0432\u0430\u043d\u043d\u0443\u044e \u0431\u0435\u0437\u043e\u043f\u0430\u0441\u043d\u0443\u044e \u0441\u0431\u043e\u0440\u043a\u0443 \u0431\u0435\u0437 \u0434\u043e\u043f\u043e\u043b\u043d\u0438\u0442\u0435\u043b\u044c\u043d\u044b\u0445 \u043a\u043e\u043c\u043f\u043e\u043d\u0435\u043d\u0442\u043e\u0432. \u041c\u043e\u043d\u0442\u0430\u0436 \u0438 \u0434\u0435\u043c\u043e\u043d\u0442\u0430\u0436 \u043e\u043f\u043e\u0440\u043d\u043e\u0439 \u0431\u0430\u0448\u043d\u0438, \u043f\u0435\u0440\u0435\u0434\u0432\u0438\u0433\u0430\u0435\u043c\u043e\u0439 \u043a\u0440\u0430\u043d\u043e\u043c, \u043e\u0431\u044f\u0437\u0430\u0442\u0435\u043b\u044c\u043d\u043e \u043f\u0440\u043e\u0438\u0441\u0445\u043e\u0434\u0438\u0442 \u043f\u043e\u0434 \u0437\u0430\u0449\u0438\u0442\u043e\u0439 \u043e\u043a\u0440\u0443\u0436\u0430\u044e\u0449\u0438\u0445 \u043f\u0435\u0440\u0438\u043b. \u041f\u043e\u043b\u044c\u0437\u043e\u0432\u0430\u0442\u0435\u043b\u044c \u043d\u0430\u0445\u043e\u0434\u0438\u0442\u0441\u044f \u0432 \u0431\u0435\u0437\u043e\u043f\u0430\u0441\u043d\u043e\u043c \u043f\u043e\u043b\u043e\u0436\u0435\u043d\u0438\u0438 \u0432\u043e \u0432\u0441\u0435\u0445 \u0441\u0438\u0442\u0443\u0430\u0446\u0438\u044f\u0445 \u043c\u043e\u043d\u0442\u0430\u0436\u0430 &#8211; \u0431\u0435\u0437 \u043a\u0430\u043a\u0438\u0445-\u043b\u0438\u0431\u043e \u0434\u043e\u043f\u043e\u043b\u043d\u0438\u0442\u0435\u043b\u044c\u043d\u044b\u0445 \u043c\u0435\u0440. \u041f\u043e\u0434\u043a\u043b\u0430\u0434\u043a\u0438 \u0437\u0430\u0446\u0435\u043f\u043b\u044f\u044e\u0442\u0441\u044f \u0437\u0430 \u0433\u043e\u0440\u0438\u0437\u043e\u043d\u0442\u0430\u043b\u044c\u043d\u044b\u0435 \u043f\u0435\u0440\u0435\u043a\u043b\u0430\u0434\u0438\u043d\u044b \u0431\u0435\u0437 \u0438\u0441\u043f\u043e\u043b\u044c\u0437\u043e\u0432\u0430\u043d\u0438\u044f \u0438\u043d\u0441\u0442\u0440\u0443\u043c\u0435\u043d\u0442\u043e\u0432, \u043d\u0435\u043f\u0440\u0435\u0434\u043d\u0430\u043c\u0435\u0440\u0435\u043d\u043d\u044b\u0439 \u043f\u043e\u0434\u044a\u0435\u043c \u0441\u043d\u0438\u0437\u0443 \u043d\u0435\u0432\u043e\u0437\u043c\u043e\u0436\u0435\u043d. \u041c\u0430\u0442\u0435\u0440\u0438\u0430\u043b \u043f\u043e\u0434\u0430\u0435\u0442\u0441\u044f \u0432\u043d\u0443\u0442\u0440\u044c \u043e\u043f\u043e\u0440\u043d\u043e\u0439 \u0431\u0430\u0448\u043d\u0438. \u0422\u0438\u043f\u043e\u0432\u043e\u0435 \u0438\u0441\u043f\u044b\u0442\u0430\u043d\u0438\u0435 TP-17-0009<\/p>\n<p><strong>\u041f\u0440\u0435\u0438\u043c\u0443\u0449\u0435\u0441\u0442\u0432\u0430<\/strong><\/p>\n<ul>\n<li>\u041d\u0430\u0434\u0435\u0436\u043d\u0430\u044f \u0441\u0431\u043e\u0440\u043a\u0430 \u0431\u0435\u0437 \u0434\u043e\u043f\u043e\u043b\u043d\u0438\u0442\u0435\u043b\u044c\u043d\u044b\u0445 \u043a\u043e\u043c\u043f\u043e\u043d\u0435\u043d\u0442\u043e\u0432 \u0431\u043b\u0430\u0433\u043e\u0434\u0430\u0440\u044f \u043e\u0441\u043e\u0431\u043e\u0439 \u043a\u043e\u043d\u0441\u0442\u0440\u0443\u043a\u0446\u0438\u0438 \u0441 \u043f\u0430\u043d\u0435\u043b\u044f\u043c\u0438 \u043d\u0430\u0441\u0442\u0438\u043b\u0430 \u0438 \u043f\u0435\u0440\u0438\u043b\u0430\u043c\u0438 \u043f\u043e \u0432\u0441\u0435\u043c\u0443 \u043f\u0435\u0440\u0438\u043c\u0435\u0442\u0440\u0443<\/li>\n<li>\u0423\u0441\u043a\u043e\u0440\u0435\u043d\u043d\u0430\u044f \u0440\u0430\u0431\u043e\u0442\u0430 \u0441 \u043d\u0435\u0431\u043e\u043b\u044c\u0448\u0438\u043c \u043a\u043e\u043b\u0438\u0447\u0435\u0441\u0442\u0432\u043e\u043c \u043a\u043e\u043c\u043f\u043e\u043d\u0435\u043d\u0442\u043e\u0432 \u0441\u0438\u0441\u0442\u0435\u043c\u044b \u0438 \u043f\u043e\u0432\u0442\u043e\u0440\u044f\u044e\u0449\u0438\u043c\u0438\u0441\u044f \u044d\u0442\u0430\u043f\u0430\u043c\u0438 \u0441\u0431\u043e\u0440\u043a\u0438<\/li>\n<li>\u0423\u0434\u043e\u0431\u043d\u043e\u0435 \u0443\u043f\u0440\u0430\u0432\u043b\u0435\u043d\u0438\u0435 \u0431\u043b\u0430\u0433\u043e\u0434\u0430\u0440\u044f \u043d\u0435\u0431\u043e\u043b\u044c\u0448\u043e\u043c\u0443 \u0432\u0435\u0441\u0443 \u0438 \u044d\u0440\u0433\u043e\u043d\u043e\u043c\u0438\u0447\u0435\u0441\u043a\u0438 \u0432\u044b\u0433\u043e\u0434\u043d\u043e\u0439 \u0440\u0430\u0431\u043e\u0442\u0435 \u0432 \u0446\u0435\u043d\u0442\u0440\u0435 \u043a\u043e\u0440\u043f\u0443\u0441\u0430<\/li>\n<\/ul>\n<p>&nbsp;<\/p>\n<p>\u0412\u043e\u0442 \u0441\u0441\u044b\u043b\u043a\u0430 \u043d\u0430 \u0441\u043a\u0430\u0447\u0438\u0432\u0430\u043d\u0438\u0435<\/p>\n<p>https:\/\/www.jh-itc.de\/wp-content\/uploads\/2022\/02\/PERI-UP-Flex-Stuetzturm-MDS-K.pdf<\/p>\n<p>&nbsp;<\/p>\n","protected":false},"excerpt":{"rendered":"<p>\u041c\u044b \u043f\u0440\u0435\u0434\u043b\u0430\u0433\u0430\u0435\u043c \u0431\u043e\u043b\u044c\u0448\u043e\u0435 \u043a\u043e\u043b\u0438\u0447\u0435\u0441\u0442\u0432\u043e \u043f\u043e\u0434\u0435\u0440\u0436\u0430\u043d\u043d\u043e\u0433\u043e \u043c\u0430\u0442\u0435\u0440\u0438\u0430\u043b\u0430 Peri UP \u0434\u043b\u044f \u043e\u043f\u043e\u0440\u043d\u044b\u0445 \u0432\u044b\u0448\u0435\u043a MDS.<\/p>\n<p>\u0415\u0441\u043b\u0438 \u0432\u044b \u0437\u0430\u0438\u043d\u0442\u0435\u0440\u0435\u0441\u043e\u0432\u0430\u043d\u044b, \u043f\u043e\u0436\u0430\u043b\u0443\u0439\u0441\u0442\u0430, \u043e\u0442\u043f\u0440\u0430\u0432\u044c\u0442\u0435 \u043d\u0430\u043c \u0432\u0430\u0448 \u0437\u0430\u043f\u0440\u043e\u0441.<\/p>\n","protected":false},"featured_media":0,"template":"","meta":[],"product_brand":[],"product_cat":[353,361,329],"product_tag":[],"class_list":{"0":"post-42918","1":"product","2":"type-product","3":"status-publish","5":"product_cat-peri-ru","6":"product_cat-schalungen-ru","7":"product_cat-gerueste-ru","9":"first","10":"instock","11":"taxable","12":"shipping-taxable","13":"product-type-simple"},"yoast_head":"<!-- This site is optimized with the Yoast SEO plugin v27.3 - https:\/\/yoast.com\/product\/yoast-seo-wordpress\/ -->\n<title>\u041e\u043f\u043e\u0440\u043d\u0430\u044f \u0431\u0430\u0448\u043d\u044f Peri UP MDS - JH - ITC GmbH<\/title>\n<meta name=\"description\" content=\"\u041e\u043f\u043e\u0440\u043d\u0430\u044f \u0431\u0430\u0448\u043d\u044f Peri UP MDS. \u0418\u0437\u0432\u0435\u0441\u0442\u043d\u044b\u0435 \u043f\u0440\u043e\u0438\u0437\u0432\u043e\u0434\u0438\u0442\u0435\u043b\u0438 \u2714 \u041d\u043e\u0432\u0430\u044f \u0438 \u0431\/\u0443 \u043e\u043f\u0430\u043b\u0443\u0431\u043a\u0430, \u043e\u043f\u043e\u0440\u044b, \u043b\u0435\u0441\u0430 \u0438 \u0441\u0442\u0440\u043e\u0438\u0442\u0435\u043b\u044c\u043d\u044b\u0435 \u043c\u0430\u0448\u0438\u043d\u044b \u2714 \u0417\u0430\u043f\u0440\u043e\u0441\u0438\u0442\u0435 \u043f\u0440\u0435\u0434\u043b\u043e\u0436\u0435\u043d\u0438\u0435 \u0441\u0435\u0439\u0447\u0430\u0441!\" \/>\n<meta name=\"robots\" content=\"index, follow, max-snippet:-1, max-image-preview:large, max-video-preview:-1\" \/>\n<link rel=\"canonical\" href=\"https:\/\/www.jh-itc.de\/ru\/shop\/gerueste-ru\/peri-up-tower-mds\/\" \/>\n<meta property=\"og:locale\" content=\"ru_RU\" \/>\n<meta property=\"og:type\" content=\"article\" \/>\n<meta property=\"og:title\" content=\"\u041e\u043f\u043e\u0440\u043d\u0430\u044f \u0431\u0430\u0448\u043d\u044f Peri UP MDS - JH - ITC GmbH\" \/>\n<meta property=\"og:description\" content=\"\u041e\u043f\u043e\u0440\u043d\u0430\u044f \u0431\u0430\u0448\u043d\u044f Peri UP MDS. \u0418\u0437\u0432\u0435\u0441\u0442\u043d\u044b\u0435 \u043f\u0440\u043e\u0438\u0437\u0432\u043e\u0434\u0438\u0442\u0435\u043b\u0438 \u2714 \u041d\u043e\u0432\u0430\u044f \u0438 \u0431\/\u0443 \u043e\u043f\u0430\u043b\u0443\u0431\u043a\u0430, \u043e\u043f\u043e\u0440\u044b, \u043b\u0435\u0441\u0430 \u0438 \u0441\u0442\u0440\u043e\u0438\u0442\u0435\u043b\u044c\u043d\u044b\u0435 \u043c\u0430\u0448\u0438\u043d\u044b \u2714 \u0417\u0430\u043f\u0440\u043e\u0441\u0438\u0442\u0435 \u043f\u0440\u0435\u0434\u043b\u043e\u0436\u0435\u043d\u0438\u0435 \u0441\u0435\u0439\u0447\u0430\u0441!\" \/>\n<meta property=\"og:url\" content=\"https:\/\/www.jh-itc.de\/ru\/shop\/gerueste-ru\/peri-up-tower-mds\/\" \/>\n<meta property=\"og:site_name\" content=\"JH - ITC GmbH\" \/>\n<meta property=\"article:publisher\" content=\"https:\/\/www.facebook.com\/schalungshandel\" \/>\n<meta property=\"article:modified_time\" content=\"2025-02-20T14:18:55+00:00\" \/>\n<meta name=\"twitter:card\" content=\"summary_large_image\" \/>\n<meta name=\"twitter:site\" content=\"@JH_ITC\" \/>\n<!-- \/ Yoast SEO plugin. -->","yoast_head_json":{"title":"\u041e\u043f\u043e\u0440\u043d\u0430\u044f \u0431\u0430\u0448\u043d\u044f Peri UP MDS - JH - ITC GmbH","description":"\u041e\u043f\u043e\u0440\u043d\u0430\u044f \u0431\u0430\u0448\u043d\u044f Peri UP MDS. \u0418\u0437\u0432\u0435\u0441\u0442\u043d\u044b\u0435 \u043f\u0440\u043e\u0438\u0437\u0432\u043e\u0434\u0438\u0442\u0435\u043b\u0438 \u2714 \u041d\u043e\u0432\u0430\u044f \u0438 \u0431\/\u0443 \u043e\u043f\u0430\u043b\u0443\u0431\u043a\u0430, \u043e\u043f\u043e\u0440\u044b, \u043b\u0435\u0441\u0430 \u0438 \u0441\u0442\u0440\u043e\u0438\u0442\u0435\u043b\u044c\u043d\u044b\u0435 \u043c\u0430\u0448\u0438\u043d\u044b \u2714 \u0417\u0430\u043f\u0440\u043e\u0441\u0438\u0442\u0435 \u043f\u0440\u0435\u0434\u043b\u043e\u0436\u0435\u043d\u0438\u0435 \u0441\u0435\u0439\u0447\u0430\u0441!","robots":{"index":"index","follow":"follow","max-snippet":"max-snippet:-1","max-image-preview":"max-image-preview:large","max-video-preview":"max-video-preview:-1"},"canonical":"https:\/\/www.jh-itc.de\/ru\/shop\/gerueste-ru\/peri-up-tower-mds\/","og_locale":"ru_RU","og_type":"article","og_title":"\u041e\u043f\u043e\u0440\u043d\u0430\u044f \u0431\u0430\u0448\u043d\u044f Peri UP MDS - JH - ITC GmbH","og_description":"\u041e\u043f\u043e\u0440\u043d\u0430\u044f \u0431\u0430\u0448\u043d\u044f Peri UP MDS. \u0418\u0437\u0432\u0435\u0441\u0442\u043d\u044b\u0435 \u043f\u0440\u043e\u0438\u0437\u0432\u043e\u0434\u0438\u0442\u0435\u043b\u0438 \u2714 \u041d\u043e\u0432\u0430\u044f \u0438 \u0431\/\u0443 \u043e\u043f\u0430\u043b\u0443\u0431\u043a\u0430, \u043e\u043f\u043e\u0440\u044b, \u043b\u0435\u0441\u0430 \u0438 \u0441\u0442\u0440\u043e\u0438\u0442\u0435\u043b\u044c\u043d\u044b\u0435 \u043c\u0430\u0448\u0438\u043d\u044b \u2714 \u0417\u0430\u043f\u0440\u043e\u0441\u0438\u0442\u0435 \u043f\u0440\u0435\u0434\u043b\u043e\u0436\u0435\u043d\u0438\u0435 \u0441\u0435\u0439\u0447\u0430\u0441!","og_url":"https:\/\/www.jh-itc.de\/ru\/shop\/gerueste-ru\/peri-up-tower-mds\/","og_site_name":"JH - ITC GmbH","article_publisher":"https:\/\/www.facebook.com\/schalungshandel","article_modified_time":"2025-02-20T14:18:55+00:00","twitter_card":"summary_large_image","twitter_site":"@JH_ITC","schema":{"@context":"https:\/\/schema.org","@graph":[{"@type":"WebPage","@id":"https:\/\/www.jh-itc.de\/ru\/shop\/gerueste-ru\/peri-up-tower-mds\/","url":"https:\/\/www.jh-itc.de\/ru\/shop\/gerueste-ru\/peri-up-tower-mds\/","name":"\u041e\u043f\u043e\u0440\u043d\u0430\u044f \u0431\u0430\u0448\u043d\u044f Peri UP MDS - JH - ITC GmbH","isPartOf":{"@id":"https:\/\/www.jh-itc.de\/ru\/#website"},"datePublished":"2023-04-24T13:54:01+00:00","dateModified":"2025-02-20T14:18:55+00:00","description":"\u041e\u043f\u043e\u0440\u043d\u0430\u044f \u0431\u0430\u0448\u043d\u044f Peri UP MDS. \u0418\u0437\u0432\u0435\u0441\u0442\u043d\u044b\u0435 \u043f\u0440\u043e\u0438\u0437\u0432\u043e\u0434\u0438\u0442\u0435\u043b\u0438 \u2714 \u041d\u043e\u0432\u0430\u044f \u0438 \u0431\/\u0443 \u043e\u043f\u0430\u043b\u0443\u0431\u043a\u0430, \u043e\u043f\u043e\u0440\u044b, \u043b\u0435\u0441\u0430 \u0438 \u0441\u0442\u0440\u043e\u0438\u0442\u0435\u043b\u044c\u043d\u044b\u0435 \u043c\u0430\u0448\u0438\u043d\u044b \u2714 \u0417\u0430\u043f\u0440\u043e\u0441\u0438\u0442\u0435 \u043f\u0440\u0435\u0434\u043b\u043e\u0436\u0435\u043d\u0438\u0435 \u0441\u0435\u0439\u0447\u0430\u0441!","breadcrumb":{"@id":"https:\/\/www.jh-itc.de\/ru\/shop\/gerueste-ru\/peri-up-tower-mds\/#breadcrumb"},"inLanguage":"ru-RU","potentialAction":[{"@type":"ReadAction","target":["https:\/\/www.jh-itc.de\/ru\/shop\/gerueste-ru\/peri-up-tower-mds\/"]}]},{"@type":"BreadcrumbList","@id":"https:\/\/www.jh-itc.de\/ru\/shop\/gerueste-ru\/peri-up-tower-mds\/#breadcrumb","itemListElement":[{"@type":"ListItem","position":1,"name":"Home","item":"https:\/\/www.jh-itc.de\/ru\/"},{"@type":"ListItem","position":2,"name":"\u041c\u0430\u0433\u0430\u0437\u0438\u043d","item":"https:\/\/www.jh-itc.de\/ru\/%d0%bc%d0%b0%d0%b3%d0%b0%d0%b7%d0%b8%d0%bd\/"},{"@type":"ListItem","position":3,"name":"\u041e\u043f\u043e\u0440\u043d\u0430\u044f \u0431\u0430\u0448\u043d\u044f Peri UP MDS"}]},{"@type":"WebSite","@id":"https:\/\/www.jh-itc.de\/ru\/#website","url":"https:\/\/www.jh-itc.de\/ru\/","name":"JH - ITC GmbH","description":"Ihr Experte f\u00fcr gebrauchte St\u00fctzen, Schalungen und Ger\u00fcste","publisher":{"@id":"https:\/\/www.jh-itc.de\/ru\/#organization"},"potentialAction":[{"@type":"SearchAction","target":{"@type":"EntryPoint","urlTemplate":"https:\/\/www.jh-itc.de\/ru\/?s={search_term_string}"},"query-input":{"@type":"PropertyValueSpecification","valueRequired":true,"valueName":"search_term_string"}}],"inLanguage":"ru-RU"},{"@type":"Organization","@id":"https:\/\/www.jh-itc.de\/ru\/#organization","name":"JH-ITC GmbH","url":"https:\/\/www.jh-itc.de\/ru\/","logo":{"@type":"ImageObject","inLanguage":"ru-RU","@id":"https:\/\/www.jh-itc.de\/ru\/#\/schema\/logo\/image\/","url":"https:\/\/www.jh-itc.de\/wp-content\/uploads\/2016\/01\/JH-ITC2-1.png","contentUrl":"https:\/\/www.jh-itc.de\/wp-content\/uploads\/2016\/01\/JH-ITC2-1.png","width":300,"height":102,"caption":"JH-ITC GmbH"},"image":{"@id":"https:\/\/www.jh-itc.de\/ru\/#\/schema\/logo\/image\/"},"sameAs":["https:\/\/www.facebook.com\/schalungshandel","https:\/\/x.com\/JH_ITC","https:\/\/www.linkedin.com\/in\/jhitc","https:\/\/youtu.be\/rMdZ-FLfI-Y"]}]}},"_links":{"self":[{"href":"https:\/\/www.jh-itc.de\/ru\/wp-json\/wp\/v2\/product\/42918","targetHints":{"allow":["GET"]}}],"collection":[{"href":"https:\/\/www.jh-itc.de\/ru\/wp-json\/wp\/v2\/product"}],"about":[{"href":"https:\/\/www.jh-itc.de\/ru\/wp-json\/wp\/v2\/types\/product"}],"wp:attachment":[{"href":"https:\/\/www.jh-itc.de\/ru\/wp-json\/wp\/v2\/media?parent=42918"}],"wp:term":[{"taxonomy":"product_brand","embeddable":true,"href":"https:\/\/www.jh-itc.de\/ru\/wp-json\/wp\/v2\/product_brand?post=42918"},{"taxonomy":"product_cat","embeddable":true,"href":"https:\/\/www.jh-itc.de\/ru\/wp-json\/wp\/v2\/product_cat?post=42918"},{"taxonomy":"product_tag","embeddable":true,"href":"https:\/\/www.jh-itc.de\/ru\/wp-json\/wp\/v2\/product_tag?post=42918"}],"curies":[{"name":"wp","href":"https:\/\/api.w.org\/{rel}","templated":true}]}}