{"id":93715,"date":"2021-11-26T19:27:17","date_gmt":"2025-02-20T13:34:56","guid":{"rendered":"https:\/\/www.jh-itc.de\/shop\/uncategorized\/%d0%b1%d1%8b%d1%81%d1%82%d1%80%d0%be%d1%81%d0%b1%d0%be%d1%80%d0%bd%d1%8b%d0%b5-%d1%81%d1%82%d1%80%d0%be%d0%b8%d1%82%d0%b5%d0%bb%d1%8c%d0%bd%d1%8b%d0%b5-%d0%bb%d0%b5%d1%81%d0%b0-hunnebeck\/"},"modified":"2025-02-20T14:34:56","modified_gmt":"2025-02-20T13:34:56","slug":"%d0%b1%d1%8b%d1%81%d1%82%d1%80%d0%be%d1%81%d0%b1%d0%be%d1%80%d0%bd%d1%8b%d0%b5-%d1%81%d1%82%d1%80%d0%be%d0%b8%d1%82%d0%b5%d0%bb%d1%8c%d0%bd%d1%8b%d0%b5-%d0%bb%d0%b5%d1%81%d0%b0-hunnebeck","status":"publish","type":"product","link":"https:\/\/www.jh-itc.de\/ru\/shop\/gerueste-ru\/%d0%b1%d1%8b%d1%81%d1%82%d1%80%d0%be%d1%81%d0%b1%d0%be%d1%80%d0%bd%d1%8b%d0%b5-%d1%81%d1%82%d1%80%d0%be%d0%b8%d1%82%d0%b5%d0%bb%d1%8c%d0%bd%d1%8b%d0%b5-%d0%bb%d0%b5%d1%81%d0%b0-hunnebeck\/","title":{"rendered":"\u0411\u044b\u0441\u0442\u0440\u043e\u0441\u0431\u043e\u0440\u043d\u044b\u0435 \u0441\u0442\u0440\u043e\u0438\u0442\u0435\u043b\u044c\u043d\u044b\u0435 \u043b\u0435\u0441\u0430 H\u00fcnnebeck"},"content":{"rendered":"<p>\u0412\u044b \u043c\u043e\u0436\u0435\u0442\u0435 \u0441\u043a\u0430\u0447\u0430\u0442\u044c \u0438\u043d\u0441\u0442\u0440\u0443\u043a\u0446\u0438\u044e \u043f\u043e \u0443\u0441\u0442\u0430\u043d\u043e\u0432\u043a\u0435 \u0437\u0434\u0435\u0441\u044c:<\/p>\n<p><a href=\"https:\/\/www.jh-itc.de\/wp-content\/uploads\/2021\/11\/6.-Aufbauanleitung-Schnellbaugeruest.pdf\">\u0411\u044b\u0441\u0442\u0440\u0430\u044f \u0438\u043d\u0441\u0442\u0440\u0443\u043a\u0446\u0438\u044f \u043f\u043e \u0441\u0431\u043e\u0440\u043a\u0435 \u0441\u0442\u0440\u043e\u0438\u0442\u0435\u043b\u044c\u043d\u044b\u0445 \u043b\u0435\u0441\u043e\u0432<\/a><\/p>\n","protected":false},"excerpt":{"rendered":"<p>\u041c\u044b \u043f\u0440\u0435\u0434\u043b\u0430\u0433\u0430\u0435\u043c \u043e\u043a\u043e\u043b\u043e 2,000 \u043c\u00b2 &#8211; \u0411\u044b\u0432\u0448\u0438\u0435 \u0432 \u0443\u043f\u043e\u0442\u0440\u0435\u0431\u043b\u0435\u043d\u0438\u0438 \u0431\u044b\u0441\u0442\u0440\u044b\u0435 \u0441\u0442\u0440\u043e\u0438\u0442\u0435\u043b\u044c\u043d\u044b\u0435 \u043b\u0435\u0441\u0430 H\u00fcnnebeck \u0448\u0438\u0440\u0438\u043d\u043e\u0439 1.00 \u043c.<\/p>\n<p>\u0421\u0442\u0440\u043e\u0438\u0442\u0435\u043b\u044c\u043d\u044b\u0435 \u043b\u0435\u0441\u0430 \u043d\u0430\u0445\u043e\u0434\u044f\u0442\u0441\u044f \u0432 \u0445\u043e\u0440\u043e\u0448\u0435\u043c \u0441\u043e\u0441\u0442\u043e\u044f\u043d\u0438\u0438.<\/p>\n<p>\u0415\u0441\u043b\u0438 \u0412\u044b \u0437\u0430\u0438\u043d\u0442\u0435\u0440\u0435\u0441\u043e\u0432\u0430\u043d\u044b, \u043f\u043e\u0436\u0430\u043b\u0443\u0439\u0441\u0442\u0430, \u043e\u0442\u043f\u0440\u0430\u0432\u044c\u0442\u0435 \u043d\u0430\u043c \u0441\u0432\u043e\u0439 \u0437\u0430\u043f\u0440\u043e\u0441.<\/p>\n","protected":false},"featured_media":0,"template":"","meta":[],"product_brand":[],"product_cat":[329,335],"product_tag":[],"class_list":{"0":"post-93715","1":"product","2":"type-product","3":"status-publish","5":"product_cat-gerueste-ru","6":"product_cat-huennebeck-ru","8":"first","9":"instock","10":"taxable","11":"shipping-taxable","12":"product-type-simple"},"yoast_head":"<!-- This site is optimized with the Yoast SEO plugin v27.3 - https:\/\/yoast.com\/product\/yoast-seo-wordpress\/ -->\n<title>\u0411\u044b\u0441\u0442\u0440\u043e\u0441\u0431\u043e\u0440\u043d\u044b\u0435 \u0441\u0442\u0440\u043e\u0438\u0442\u0435\u043b\u044c\u043d\u044b\u0435 \u043b\u0435\u0441\u0430 H\u00fcnnebeck - JH - ITC GmbH<\/title>\n<meta name=\"robots\" content=\"index, follow, max-snippet:-1, max-image-preview:large, max-video-preview:-1\" \/>\n<link rel=\"canonical\" href=\"https:\/\/www.jh-itc.de\/ru\/shop\/gerueste-ru\/%d0%b1%d1%8b%d1%81%d1%82%d1%80%d0%be%d1%81%d0%b1%d0%be%d1%80%d0%bd%d1%8b%d0%b5-%d1%81%d1%82%d1%80%d0%be%d0%b8%d1%82%d0%b5%d0%bb%d1%8c%d0%bd%d1%8b%d0%b5-%d0%bb%d0%b5%d1%81%d0%b0-hunnebeck\/\" \/>\n<meta property=\"og:locale\" content=\"ru_RU\" \/>\n<meta property=\"og:type\" content=\"article\" \/>\n<meta property=\"og:title\" content=\"\u0411\u044b\u0441\u0442\u0440\u043e\u0441\u0431\u043e\u0440\u043d\u044b\u0435 \u0441\u0442\u0440\u043e\u0438\u0442\u0435\u043b\u044c\u043d\u044b\u0435 \u043b\u0435\u0441\u0430 H\u00fcnnebeck - JH - ITC GmbH\" \/>\n<meta property=\"og:url\" content=\"https:\/\/www.jh-itc.de\/ru\/shop\/gerueste-ru\/%d0%b1%d1%8b%d1%81%d1%82%d1%80%d0%be%d1%81%d0%b1%d0%be%d1%80%d0%bd%d1%8b%d0%b5-%d1%81%d1%82%d1%80%d0%be%d0%b8%d1%82%d0%b5%d0%bb%d1%8c%d0%bd%d1%8b%d0%b5-%d0%bb%d0%b5%d1%81%d0%b0-hunnebeck\/\" \/>\n<meta property=\"og:site_name\" content=\"JH - ITC GmbH\" \/>\n<meta property=\"article:publisher\" content=\"https:\/\/www.facebook.com\/schalungshandel\" \/>\n<meta name=\"twitter:card\" content=\"summary_large_image\" \/>\n<meta name=\"twitter:site\" content=\"@JH_ITC\" \/>\n<!-- \/ Yoast SEO plugin. -->","yoast_head_json":{"title":"\u0411\u044b\u0441\u0442\u0440\u043e\u0441\u0431\u043e\u0440\u043d\u044b\u0435 \u0441\u0442\u0440\u043e\u0438\u0442\u0435\u043b\u044c\u043d\u044b\u0435 \u043b\u0435\u0441\u0430 H\u00fcnnebeck - JH - ITC GmbH","robots":{"index":"index","follow":"follow","max-snippet":"max-snippet:-1","max-image-preview":"max-image-preview:large","max-video-preview":"max-video-preview:-1"},"canonical":"https:\/\/www.jh-itc.de\/ru\/shop\/gerueste-ru\/%d0%b1%d1%8b%d1%81%d1%82%d1%80%d0%be%d1%81%d0%b1%d0%be%d1%80%d0%bd%d1%8b%d0%b5-%d1%81%d1%82%d1%80%d0%be%d0%b8%d1%82%d0%b5%d0%bb%d1%8c%d0%bd%d1%8b%d0%b5-%d0%bb%d0%b5%d1%81%d0%b0-hunnebeck\/","og_locale":"ru_RU","og_type":"article","og_title":"\u0411\u044b\u0441\u0442\u0440\u043e\u0441\u0431\u043e\u0440\u043d\u044b\u0435 \u0441\u0442\u0440\u043e\u0438\u0442\u0435\u043b\u044c\u043d\u044b\u0435 \u043b\u0435\u0441\u0430 H\u00fcnnebeck - JH - ITC GmbH","og_url":"https:\/\/www.jh-itc.de\/ru\/shop\/gerueste-ru\/%d0%b1%d1%8b%d1%81%d1%82%d1%80%d0%be%d1%81%d0%b1%d0%be%d1%80%d0%bd%d1%8b%d0%b5-%d1%81%d1%82%d1%80%d0%be%d0%b8%d1%82%d0%b5%d0%bb%d1%8c%d0%bd%d1%8b%d0%b5-%d0%bb%d0%b5%d1%81%d0%b0-hunnebeck\/","og_site_name":"JH - ITC GmbH","article_publisher":"https:\/\/www.facebook.com\/schalungshandel","twitter_card":"summary_large_image","twitter_site":"@JH_ITC","schema":{"@context":"https:\/\/schema.org","@graph":[{"@type":"WebPage","@id":"https:\/\/www.jh-itc.de\/ru\/shop\/gerueste-ru\/%d0%b1%d1%8b%d1%81%d1%82%d1%80%d0%be%d1%81%d0%b1%d0%be%d1%80%d0%bd%d1%8b%d0%b5-%d1%81%d1%82%d1%80%d0%be%d0%b8%d1%82%d0%b5%d0%bb%d1%8c%d0%bd%d1%8b%d0%b5-%d0%bb%d0%b5%d1%81%d0%b0-hunnebeck\/","url":"https:\/\/www.jh-itc.de\/ru\/shop\/gerueste-ru\/%d0%b1%d1%8b%d1%81%d1%82%d1%80%d0%be%d1%81%d0%b1%d0%be%d1%80%d0%bd%d1%8b%d0%b5-%d1%81%d1%82%d1%80%d0%be%d0%b8%d1%82%d0%b5%d0%bb%d1%8c%d0%bd%d1%8b%d0%b5-%d0%bb%d0%b5%d1%81%d0%b0-hunnebeck\/","name":"\u0411\u044b\u0441\u0442\u0440\u043e\u0441\u0431\u043e\u0440\u043d\u044b\u0435 \u0441\u0442\u0440\u043e\u0438\u0442\u0435\u043b\u044c\u043d\u044b\u0435 \u043b\u0435\u0441\u0430 H\u00fcnnebeck - JH - ITC GmbH","isPartOf":{"@id":"https:\/\/www.jh-itc.de\/ru\/#website"},"datePublished":"2025-02-20T13:34:56+00:00","breadcrumb":{"@id":"https:\/\/www.jh-itc.de\/ru\/shop\/gerueste-ru\/%d0%b1%d1%8b%d1%81%d1%82%d1%80%d0%be%d1%81%d0%b1%d0%be%d1%80%d0%bd%d1%8b%d0%b5-%d1%81%d1%82%d1%80%d0%be%d0%b8%d1%82%d0%b5%d0%bb%d1%8c%d0%bd%d1%8b%d0%b5-%d0%bb%d0%b5%d1%81%d0%b0-hunnebeck\/#breadcrumb"},"inLanguage":"ru-RU","potentialAction":[{"@type":"ReadAction","target":["https:\/\/www.jh-itc.de\/ru\/shop\/gerueste-ru\/%d0%b1%d1%8b%d1%81%d1%82%d1%80%d0%be%d1%81%d0%b1%d0%be%d1%80%d0%bd%d1%8b%d0%b5-%d1%81%d1%82%d1%80%d0%be%d0%b8%d1%82%d0%b5%d0%bb%d1%8c%d0%bd%d1%8b%d0%b5-%d0%bb%d0%b5%d1%81%d0%b0-hunnebeck\/"]}]},{"@type":"BreadcrumbList","@id":"https:\/\/www.jh-itc.de\/ru\/shop\/gerueste-ru\/%d0%b1%d1%8b%d1%81%d1%82%d1%80%d0%be%d1%81%d0%b1%d0%be%d1%80%d0%bd%d1%8b%d0%b5-%d1%81%d1%82%d1%80%d0%be%d0%b8%d1%82%d0%b5%d0%bb%d1%8c%d0%bd%d1%8b%d0%b5-%d0%bb%d0%b5%d1%81%d0%b0-hunnebeck\/#breadcrumb","itemListElement":[{"@type":"ListItem","position":1,"name":"Home","item":"https:\/\/www.jh-itc.de\/ru\/"},{"@type":"ListItem","position":2,"name":"\u041c\u0430\u0433\u0430\u0437\u0438\u043d","item":"https:\/\/www.jh-itc.de\/ru\/%d0%bc%d0%b0%d0%b3%d0%b0%d0%b7%d0%b8%d0%bd\/"},{"@type":"ListItem","position":3,"name":"\u0411\u044b\u0441\u0442\u0440\u043e\u0441\u0431\u043e\u0440\u043d\u044b\u0435 \u0441\u0442\u0440\u043e\u0438\u0442\u0435\u043b\u044c\u043d\u044b\u0435 \u043b\u0435\u0441\u0430 H\u00fcnnebeck"}]},{"@type":"WebSite","@id":"https:\/\/www.jh-itc.de\/ru\/#website","url":"https:\/\/www.jh-itc.de\/ru\/","name":"JH - ITC GmbH","description":"Ihr Experte f\u00fcr gebrauchte St\u00fctzen, Schalungen und Ger\u00fcste","publisher":{"@id":"https:\/\/www.jh-itc.de\/ru\/#organization"},"potentialAction":[{"@type":"SearchAction","target":{"@type":"EntryPoint","urlTemplate":"https:\/\/www.jh-itc.de\/ru\/?s={search_term_string}"},"query-input":{"@type":"PropertyValueSpecification","valueRequired":true,"valueName":"search_term_string"}}],"inLanguage":"ru-RU"},{"@type":"Organization","@id":"https:\/\/www.jh-itc.de\/ru\/#organization","name":"JH-ITC GmbH","url":"https:\/\/www.jh-itc.de\/ru\/","logo":{"@type":"ImageObject","inLanguage":"ru-RU","@id":"https:\/\/www.jh-itc.de\/ru\/#\/schema\/logo\/image\/","url":"https:\/\/www.jh-itc.de\/wp-content\/uploads\/2016\/01\/JH-ITC2-1.png","contentUrl":"https:\/\/www.jh-itc.de\/wp-content\/uploads\/2016\/01\/JH-ITC2-1.png","width":300,"height":102,"caption":"JH-ITC GmbH"},"image":{"@id":"https:\/\/www.jh-itc.de\/ru\/#\/schema\/logo\/image\/"},"sameAs":["https:\/\/www.facebook.com\/schalungshandel","https:\/\/x.com\/JH_ITC","https:\/\/www.linkedin.com\/in\/jhitc","https:\/\/youtu.be\/rMdZ-FLfI-Y"]}]}},"_links":{"self":[{"href":"https:\/\/www.jh-itc.de\/ru\/wp-json\/wp\/v2\/product\/93715","targetHints":{"allow":["GET"]}}],"collection":[{"href":"https:\/\/www.jh-itc.de\/ru\/wp-json\/wp\/v2\/product"}],"about":[{"href":"https:\/\/www.jh-itc.de\/ru\/wp-json\/wp\/v2\/types\/product"}],"wp:attachment":[{"href":"https:\/\/www.jh-itc.de\/ru\/wp-json\/wp\/v2\/media?parent=93715"}],"wp:term":[{"taxonomy":"product_brand","embeddable":true,"href":"https:\/\/www.jh-itc.de\/ru\/wp-json\/wp\/v2\/product_brand?post=93715"},{"taxonomy":"product_cat","embeddable":true,"href":"https:\/\/www.jh-itc.de\/ru\/wp-json\/wp\/v2\/product_cat?post=93715"},{"taxonomy":"product_tag","embeddable":true,"href":"https:\/\/www.jh-itc.de\/ru\/wp-json\/wp\/v2\/product_tag?post=93715"}],"curies":[{"name":"wp","href":"https:\/\/api.w.org\/{rel}","templated":true}]}}