{"id":93858,"date":"2025-03-03T09:47:17","date_gmt":"2025-03-03T08:47:17","guid":{"rendered":"https:\/\/www.jh-itc.de\/shop\/uncategorized\/%d1%81%d1%82%d0%b0%d1%86%d0%b8%d0%be%d0%bd%d0%b0%d1%80%d0%bd%d1%8b%d0%b9-%d0%b1%d0%b5%d1%82%d0%be%d0%bd%d0%be%d0%bd%d0%b0%d1%81%d0%be%d1%81-schwing-sp-2800-e\/"},"modified":"2025-03-03T09:47:39","modified_gmt":"2025-03-03T08:47:39","slug":"%d1%81%d1%82%d0%b0%d1%86%d0%b8%d0%be%d0%bd%d0%b0%d1%80%d0%bd%d1%8b%d0%b9-%d0%b1%d0%b5%d1%82%d0%be%d0%bd%d0%be%d0%bd%d0%b0%d1%81%d0%be%d1%81-schwing-sp-2800-e","status":"publish","type":"product","link":"https:\/\/www.jh-itc.de\/ru\/shop\/%d1%81%d1%82%d1%80%d0%be%d0%b8%d1%82%d0%b5%d0%bb%d1%8c%d0%bd%d1%8b%d0%b5-%d0%bc%d0%b0%d1%88%d0%b8%d0%bd%d1%8b\/%d1%81%d1%82%d0%b0%d1%86%d0%b8%d0%be%d0%bd%d0%b0%d1%80%d0%bd%d1%8b%d0%b9-%d0%b1%d0%b5%d1%82%d0%be%d0%bd%d0%be%d0%bd%d0%b0%d1%81%d0%be%d1%81-schwing-sp-2800-e\/","title":{"rendered":"\u0421\u0442\u0430\u0446\u0438\u043e\u043d\u0430\u0440\u043d\u044b\u0439 \u0431\u0435\u0442\u043e\u043d\u043e\u043d\u0430\u0441\u043e\u0441 Schwing SP 2800 E"},"content":{"rendered":"","protected":false},"excerpt":{"rendered":"<p>\u041c\u044b \u043f\u0440\u0435\u0434\u043b\u0430\u0433\u0430\u0435\u043c \u043f\u0440\u0430\u043a\u0442\u0438\u0447\u0435\u0441\u043a\u0438 \u043d\u043e\u0432\u044b\u0439 \u0441\u0442\u0430\u0446\u0438\u043e\u043d\u0430\u0440\u043d\u044b\u0439 \u0431\u0435\u0442\u043e\u043d\u043e\u043d\u0430\u0441\u043e\u0441 Schwing SP 2800 E &#8211; 132 \u043a\u0412\u0442 \u0432 \u043a\u043e\u043c\u043f\u043b\u0435\u043a\u0442\u0435 \u0441 \u043f\u0440\u0438\u043d\u0430\u0434\u043b\u0435\u0436\u043d\u043e\u0441\u0442\u044f\u043c\u0438.<\/p>\n<p>\u0413\u043e\u0434 \u043f\u043e\u0441\u0442\u0440\u043e\u0439\u043a\u0438: 2021<\/p>\n<p>290 \u0447\u0430\u0441\u043e\u0432 \u0440\u0430\u0431\u043e\u0442\u044b \/ \u0447<\/p>\n<p><em>\u0411\u0435\u0442\u043e\u043d\u043e\u043d\u0430\u0441\u043e\u0441 \u0440\u0430\u0431\u043e\u0442\u0430\u0435\u0442 \u0441 \u0430\u0432\u0442\u043e\u043c\u0430\u0442\u0438\u0447\u0435\u0441\u043a\u0438\u043c \u0443\u043f\u0440\u0430\u0432\u043b\u0435\u043d\u0438\u0435\u043c \u0432 \u044d\u043a\u0441\u043f\u043b\u0443\u0430\u0442\u0430\u0446\u0438\u043e\u043d\u043d\u043e \u0431\u0435\u0437\u043e\u043f\u0430\u0441\u043d\u043e\u043c, \u043e\u0442\u043a\u0440\u044b\u0442\u043e\u043c \u0433\u0438\u0434\u0440\u0430\u0432\u043b\u0438\u0447\u0435\u0441\u043a\u043e\u043c \u043a\u043e\u043d\u0442\u0443\u0440\u0435.<\/em><\/p>\n<p><em>\u041d\u0430\u0441\u043e\u0441\u043d\u0430\u044f \u0431\u0430\u0442\u0430\u0440\u0435\u044f \u043e\u0441\u043d\u0430\u0449\u0435\u043d\u0430 \u044e\u0431\u043e\u0447\u043d\u044b\u043c \u0437\u0430\u0442\u0432\u043e\u0440\u043e\u043c SCHWING, \u0432 \u043a\u043e\u0442\u043e\u0440\u043e\u043c \u0440\u0435\u0436\u0443\u0449\u0435\u0435 \u043a\u043e\u043b\u044c\u0446\u043e \u0430\u0432\u0442\u043e\u043c\u0430\u0442\u0438\u0447\u0435\u0441\u043a\u0438 \u0440\u0435\u0433\u0443\u043b\u0438\u0440\u0443\u0435\u0442\u0441\u044f \u0441 \u043f\u043e\u043c\u043e\u0449\u044c\u044e \u043f\u0440\u0435\u0434\u0432\u0430\u0440\u0438\u0442\u0435\u043b\u044c\u043d\u043e \u043d\u0430\u0442\u044f\u043d\u0443\u0442\u043e\u0439 \u0440\u0435\u0437\u0438\u043d\u043e\u0432\u043e\u0439 \u043f\u0440\u0443\u0436\u0438\u043d\u044b, \u0447\u0442\u043e \u043f\u0440\u0438\u0432\u043e\u0434\u0438\u0442 \u043a \u043d\u0438\u0437\u043a\u043e\u043c\u0443 \u0438\u0437\u043d\u043e\u0441\u0443.<\/em><\/p>\n<p><em>\u041b\u0435\u0433\u043a\u0438\u0439 \u0434\u043e\u0441\u0442\u0443\u043f \u0434\u0435\u043b\u0430\u0435\u0442 \u043e\u0431\u0441\u043b\u0443\u0436\u0438\u0432\u0430\u043d\u0438\u0435 \u043f\u0440\u043e\u0441\u0442\u044b\u043c.<\/em><\/p>\n<p>\u0415\u0441\u043b\u0438 \u0412\u044b \u0437\u0430\u0438\u043d\u0442\u0435\u0440\u0435\u0441\u043e\u0432\u0430\u043d\u044b, \u043f\u043e\u0436\u0430\u043b\u0443\u0439\u0441\u0442\u0430, \u043e\u0442\u043f\u0440\u0430\u0432\u044c\u0442\u0435 \u043d\u0430\u043c \u0441\u0432\u043e\u0439 \u0437\u0430\u043f\u0440\u043e\u0441.<\/p>\n<p>&nbsp;<\/p>\n<p>&nbsp;<\/p>\n<p>&nbsp;<\/p>\n","protected":false},"featured_media":93816,"template":"","meta":[],"product_brand":[],"product_cat":[321],"product_tag":[],"class_list":{"0":"post-93858","1":"product","2":"type-product","3":"status-publish","4":"has-post-thumbnail","6":"product_cat-321","8":"first","9":"instock","10":"taxable","11":"shipping-taxable","12":"product-type-simple"},"yoast_head":"<!-- This site is optimized with the Yoast SEO plugin v27.4 - https:\/\/yoast.com\/product\/yoast-seo-wordpress\/ -->\n<title>\u0421\u0442\u0430\u0446\u0438\u043e\u043d\u0430\u0440\u043d\u044b\u0439 \u0431\u0435\u0442\u043e\u043d\u043e\u043d\u0430\u0441\u043e\u0441 Schwing SP 2800 E - JH - ITC GmbH<\/title>\n<meta name=\"description\" content=\"\u0421\u0442\u0430\u0446\u0438\u043e\u043d\u0430\u0440\u043d\u044b\u0439 \u0431\u0435\u0442\u043e\u043d\u043e\u043d\u0430\u0441\u043e\u0441 Schwing SP 2800 E. \u0418\u0437\u0432\u0435\u0441\u0442\u043d\u044b\u0435 \u043f\u0440\u043e\u0438\u0437\u0432\u043e\u0434\u0438\u0442\u0435\u043b\u0438 \u2714 \u041d\u043e\u0432\u0430\u044f \u0438 \u0431\/\u0443 \u043e\u043f\u0430\u043b\u0443\u0431\u043a\u0430, \u043e\u043f\u043e\u0440\u044b, \u043b\u0435\u0441\u0430 \u0438 \u0441\u0442\u0440\u043e\u0438\u0442\u0435\u043b\u044c\u043d\u044b\u0435 \u043c\u0430\u0448\u0438\u043d\u044b \u2714 \u0417\u0430\u043f\u0440\u043e\u0441\u0438\u0442\u0435 \u043f\u0440\u0435\u0434\u043b\u043e\u0436\u0435\u043d\u0438\u0435 \u0441\u0435\u0439\u0447\u0430\u0441!\" \/>\n<meta name=\"robots\" content=\"index, follow, max-snippet:-1, max-image-preview:large, max-video-preview:-1\" \/>\n<link rel=\"canonical\" href=\"https:\/\/www.jh-itc.de\/ru\/shop\/%d1%81%d1%82%d1%80%d0%be%d0%b8%d1%82%d0%b5%d0%bb%d1%8c%d0%bd%d1%8b%d0%b5-%d0%bc%d0%b0%d1%88%d0%b8%d0%bd%d1%8b\/%d1%81%d1%82%d0%b0%d1%86%d0%b8%d0%be%d0%bd%d0%b0%d1%80%d0%bd%d1%8b%d0%b9-%d0%b1%d0%b5%d1%82%d0%be%d0%bd%d0%be%d0%bd%d0%b0%d1%81%d0%be%d1%81-schwing-sp-2800-e\/\" \/>\n<meta property=\"og:locale\" content=\"ru_RU\" \/>\n<meta property=\"og:type\" content=\"article\" \/>\n<meta property=\"og:title\" content=\"\u0421\u0442\u0430\u0446\u0438\u043e\u043d\u0430\u0440\u043d\u044b\u0439 \u0431\u0435\u0442\u043e\u043d\u043e\u043d\u0430\u0441\u043e\u0441 Schwing SP 2800 E - JH - ITC GmbH\" \/>\n<meta property=\"og:description\" content=\"\u0421\u0442\u0430\u0446\u0438\u043e\u043d\u0430\u0440\u043d\u044b\u0439 \u0431\u0435\u0442\u043e\u043d\u043e\u043d\u0430\u0441\u043e\u0441 Schwing SP 2800 E. \u0418\u0437\u0432\u0435\u0441\u0442\u043d\u044b\u0435 \u043f\u0440\u043e\u0438\u0437\u0432\u043e\u0434\u0438\u0442\u0435\u043b\u0438 \u2714 \u041d\u043e\u0432\u0430\u044f \u0438 \u0431\/\u0443 \u043e\u043f\u0430\u043b\u0443\u0431\u043a\u0430, \u043e\u043f\u043e\u0440\u044b, \u043b\u0435\u0441\u0430 \u0438 \u0441\u0442\u0440\u043e\u0438\u0442\u0435\u043b\u044c\u043d\u044b\u0435 \u043c\u0430\u0448\u0438\u043d\u044b \u2714 \u0417\u0430\u043f\u0440\u043e\u0441\u0438\u0442\u0435 \u043f\u0440\u0435\u0434\u043b\u043e\u0436\u0435\u043d\u0438\u0435 \u0441\u0435\u0439\u0447\u0430\u0441!\" \/>\n<meta property=\"og:url\" content=\"https:\/\/www.jh-itc.de\/ru\/shop\/%d1%81%d1%82%d1%80%d0%be%d0%b8%d1%82%d0%b5%d0%bb%d1%8c%d0%bd%d1%8b%d0%b5-%d0%bc%d0%b0%d1%88%d0%b8%d0%bd%d1%8b\/%d1%81%d1%82%d0%b0%d1%86%d0%b8%d0%be%d0%bd%d0%b0%d1%80%d0%bd%d1%8b%d0%b9-%d0%b1%d0%b5%d1%82%d0%be%d0%bd%d0%be%d0%bd%d0%b0%d1%81%d0%be%d1%81-schwing-sp-2800-e\/\" \/>\n<meta property=\"og:site_name\" content=\"JH - ITC GmbH\" \/>\n<meta property=\"article:publisher\" content=\"https:\/\/www.facebook.com\/schalungshandel\" \/>\n<meta property=\"article:modified_time\" content=\"2025-03-03T08:47:39+00:00\" \/>\n<meta property=\"og:image\" content=\"https:\/\/www.jh-itc.de\/wp-content\/uploads\/2025\/03\/Schwing-SP-2800-D-2-scaled.jpg\" \/>\n\t<meta property=\"og:image:width\" content=\"2560\" \/>\n\t<meta property=\"og:image:height\" content=\"1920\" \/>\n\t<meta property=\"og:image:type\" content=\"image\/jpeg\" \/>\n<meta name=\"twitter:card\" content=\"summary_large_image\" \/>\n<meta name=\"twitter:site\" content=\"@JH_ITC\" \/>\n<!-- \/ Yoast SEO plugin. -->","yoast_head_json":{"title":"\u0421\u0442\u0430\u0446\u0438\u043e\u043d\u0430\u0440\u043d\u044b\u0439 \u0431\u0435\u0442\u043e\u043d\u043e\u043d\u0430\u0441\u043e\u0441 Schwing SP 2800 E - JH - ITC GmbH","description":"\u0421\u0442\u0430\u0446\u0438\u043e\u043d\u0430\u0440\u043d\u044b\u0439 \u0431\u0435\u0442\u043e\u043d\u043e\u043d\u0430\u0441\u043e\u0441 Schwing SP 2800 E. \u0418\u0437\u0432\u0435\u0441\u0442\u043d\u044b\u0435 \u043f\u0440\u043e\u0438\u0437\u0432\u043e\u0434\u0438\u0442\u0435\u043b\u0438 \u2714 \u041d\u043e\u0432\u0430\u044f \u0438 \u0431\/\u0443 \u043e\u043f\u0430\u043b\u0443\u0431\u043a\u0430, \u043e\u043f\u043e\u0440\u044b, \u043b\u0435\u0441\u0430 \u0438 \u0441\u0442\u0440\u043e\u0438\u0442\u0435\u043b\u044c\u043d\u044b\u0435 \u043c\u0430\u0448\u0438\u043d\u044b \u2714 \u0417\u0430\u043f\u0440\u043e\u0441\u0438\u0442\u0435 \u043f\u0440\u0435\u0434\u043b\u043e\u0436\u0435\u043d\u0438\u0435 \u0441\u0435\u0439\u0447\u0430\u0441!","robots":{"index":"index","follow":"follow","max-snippet":"max-snippet:-1","max-image-preview":"max-image-preview:large","max-video-preview":"max-video-preview:-1"},"canonical":"https:\/\/www.jh-itc.de\/ru\/shop\/%d1%81%d1%82%d1%80%d0%be%d0%b8%d1%82%d0%b5%d0%bb%d1%8c%d0%bd%d1%8b%d0%b5-%d0%bc%d0%b0%d1%88%d0%b8%d0%bd%d1%8b\/%d1%81%d1%82%d0%b0%d1%86%d0%b8%d0%be%d0%bd%d0%b0%d1%80%d0%bd%d1%8b%d0%b9-%d0%b1%d0%b5%d1%82%d0%be%d0%bd%d0%be%d0%bd%d0%b0%d1%81%d0%be%d1%81-schwing-sp-2800-e\/","og_locale":"ru_RU","og_type":"article","og_title":"\u0421\u0442\u0430\u0446\u0438\u043e\u043d\u0430\u0440\u043d\u044b\u0439 \u0431\u0435\u0442\u043e\u043d\u043e\u043d\u0430\u0441\u043e\u0441 Schwing SP 2800 E - JH - ITC GmbH","og_description":"\u0421\u0442\u0430\u0446\u0438\u043e\u043d\u0430\u0440\u043d\u044b\u0439 \u0431\u0435\u0442\u043e\u043d\u043e\u043d\u0430\u0441\u043e\u0441 Schwing SP 2800 E. \u0418\u0437\u0432\u0435\u0441\u0442\u043d\u044b\u0435 \u043f\u0440\u043e\u0438\u0437\u0432\u043e\u0434\u0438\u0442\u0435\u043b\u0438 \u2714 \u041d\u043e\u0432\u0430\u044f \u0438 \u0431\/\u0443 \u043e\u043f\u0430\u043b\u0443\u0431\u043a\u0430, \u043e\u043f\u043e\u0440\u044b, \u043b\u0435\u0441\u0430 \u0438 \u0441\u0442\u0440\u043e\u0438\u0442\u0435\u043b\u044c\u043d\u044b\u0435 \u043c\u0430\u0448\u0438\u043d\u044b \u2714 \u0417\u0430\u043f\u0440\u043e\u0441\u0438\u0442\u0435 \u043f\u0440\u0435\u0434\u043b\u043e\u0436\u0435\u043d\u0438\u0435 \u0441\u0435\u0439\u0447\u0430\u0441!","og_url":"https:\/\/www.jh-itc.de\/ru\/shop\/%d1%81%d1%82%d1%80%d0%be%d0%b8%d1%82%d0%b5%d0%bb%d1%8c%d0%bd%d1%8b%d0%b5-%d0%bc%d0%b0%d1%88%d0%b8%d0%bd%d1%8b\/%d1%81%d1%82%d0%b0%d1%86%d0%b8%d0%be%d0%bd%d0%b0%d1%80%d0%bd%d1%8b%d0%b9-%d0%b1%d0%b5%d1%82%d0%be%d0%bd%d0%be%d0%bd%d0%b0%d1%81%d0%be%d1%81-schwing-sp-2800-e\/","og_site_name":"JH - ITC GmbH","article_publisher":"https:\/\/www.facebook.com\/schalungshandel","article_modified_time":"2025-03-03T08:47:39+00:00","og_image":[{"width":2560,"height":1920,"url":"https:\/\/www.jh-itc.de\/wp-content\/uploads\/2025\/03\/Schwing-SP-2800-D-2-scaled.jpg","type":"image\/jpeg"}],"twitter_card":"summary_large_image","twitter_site":"@JH_ITC","schema":{"@context":"https:\/\/schema.org","@graph":[{"@type":"WebPage","@id":"https:\/\/www.jh-itc.de\/ru\/shop\/%d1%81%d1%82%d1%80%d0%be%d0%b8%d1%82%d0%b5%d0%bb%d1%8c%d0%bd%d1%8b%d0%b5-%d0%bc%d0%b0%d1%88%d0%b8%d0%bd%d1%8b\/%d1%81%d1%82%d0%b0%d1%86%d0%b8%d0%be%d0%bd%d0%b0%d1%80%d0%bd%d1%8b%d0%b9-%d0%b1%d0%b5%d1%82%d0%be%d0%bd%d0%be%d0%bd%d0%b0%d1%81%d0%be%d1%81-schwing-sp-2800-e\/","url":"https:\/\/www.jh-itc.de\/ru\/shop\/%d1%81%d1%82%d1%80%d0%be%d0%b8%d1%82%d0%b5%d0%bb%d1%8c%d0%bd%d1%8b%d0%b5-%d0%bc%d0%b0%d1%88%d0%b8%d0%bd%d1%8b\/%d1%81%d1%82%d0%b0%d1%86%d0%b8%d0%be%d0%bd%d0%b0%d1%80%d0%bd%d1%8b%d0%b9-%d0%b1%d0%b5%d1%82%d0%be%d0%bd%d0%be%d0%bd%d0%b0%d1%81%d0%be%d1%81-schwing-sp-2800-e\/","name":"\u0421\u0442\u0430\u0446\u0438\u043e\u043d\u0430\u0440\u043d\u044b\u0439 \u0431\u0435\u0442\u043e\u043d\u043e\u043d\u0430\u0441\u043e\u0441 Schwing SP 2800 E - JH - ITC GmbH","isPartOf":{"@id":"https:\/\/www.jh-itc.de\/ru\/#website"},"primaryImageOfPage":{"@id":"https:\/\/www.jh-itc.de\/ru\/shop\/%d1%81%d1%82%d1%80%d0%be%d0%b8%d1%82%d0%b5%d0%bb%d1%8c%d0%bd%d1%8b%d0%b5-%d0%bc%d0%b0%d1%88%d0%b8%d0%bd%d1%8b\/%d1%81%d1%82%d0%b0%d1%86%d0%b8%d0%be%d0%bd%d0%b0%d1%80%d0%bd%d1%8b%d0%b9-%d0%b1%d0%b5%d1%82%d0%be%d0%bd%d0%be%d0%bd%d0%b0%d1%81%d0%be%d1%81-schwing-sp-2800-e\/#primaryimage"},"image":{"@id":"https:\/\/www.jh-itc.de\/ru\/shop\/%d1%81%d1%82%d1%80%d0%be%d0%b8%d1%82%d0%b5%d0%bb%d1%8c%d0%bd%d1%8b%d0%b5-%d0%bc%d0%b0%d1%88%d0%b8%d0%bd%d1%8b\/%d1%81%d1%82%d0%b0%d1%86%d0%b8%d0%be%d0%bd%d0%b0%d1%80%d0%bd%d1%8b%d0%b9-%d0%b1%d0%b5%d1%82%d0%be%d0%bd%d0%be%d0%bd%d0%b0%d1%81%d0%be%d1%81-schwing-sp-2800-e\/#primaryimage"},"thumbnailUrl":"https:\/\/www.jh-itc.de\/wp-content\/uploads\/2025\/03\/Schwing-SP-2800-D-2-scaled.jpg","datePublished":"2025-03-03T08:47:17+00:00","dateModified":"2025-03-03T08:47:39+00:00","description":"\u0421\u0442\u0430\u0446\u0438\u043e\u043d\u0430\u0440\u043d\u044b\u0439 \u0431\u0435\u0442\u043e\u043d\u043e\u043d\u0430\u0441\u043e\u0441 Schwing SP 2800 E. \u0418\u0437\u0432\u0435\u0441\u0442\u043d\u044b\u0435 \u043f\u0440\u043e\u0438\u0437\u0432\u043e\u0434\u0438\u0442\u0435\u043b\u0438 \u2714 \u041d\u043e\u0432\u0430\u044f \u0438 \u0431\/\u0443 \u043e\u043f\u0430\u043b\u0443\u0431\u043a\u0430, \u043e\u043f\u043e\u0440\u044b, \u043b\u0435\u0441\u0430 \u0438 \u0441\u0442\u0440\u043e\u0438\u0442\u0435\u043b\u044c\u043d\u044b\u0435 \u043c\u0430\u0448\u0438\u043d\u044b \u2714 \u0417\u0430\u043f\u0440\u043e\u0441\u0438\u0442\u0435 \u043f\u0440\u0435\u0434\u043b\u043e\u0436\u0435\u043d\u0438\u0435 \u0441\u0435\u0439\u0447\u0430\u0441!","breadcrumb":{"@id":"https:\/\/www.jh-itc.de\/ru\/shop\/%d1%81%d1%82%d1%80%d0%be%d0%b8%d1%82%d0%b5%d0%bb%d1%8c%d0%bd%d1%8b%d0%b5-%d0%bc%d0%b0%d1%88%d0%b8%d0%bd%d1%8b\/%d1%81%d1%82%d0%b0%d1%86%d0%b8%d0%be%d0%bd%d0%b0%d1%80%d0%bd%d1%8b%d0%b9-%d0%b1%d0%b5%d1%82%d0%be%d0%bd%d0%be%d0%bd%d0%b0%d1%81%d0%be%d1%81-schwing-sp-2800-e\/#breadcrumb"},"inLanguage":"ru-RU","potentialAction":[{"@type":"ReadAction","target":["https:\/\/www.jh-itc.de\/ru\/shop\/%d1%81%d1%82%d1%80%d0%be%d0%b8%d1%82%d0%b5%d0%bb%d1%8c%d0%bd%d1%8b%d0%b5-%d0%bc%d0%b0%d1%88%d0%b8%d0%bd%d1%8b\/%d1%81%d1%82%d0%b0%d1%86%d0%b8%d0%be%d0%bd%d0%b0%d1%80%d0%bd%d1%8b%d0%b9-%d0%b1%d0%b5%d1%82%d0%be%d0%bd%d0%be%d0%bd%d0%b0%d1%81%d0%be%d1%81-schwing-sp-2800-e\/"]}]},{"@type":"ImageObject","inLanguage":"ru-RU","@id":"https:\/\/www.jh-itc.de\/ru\/shop\/%d1%81%d1%82%d1%80%d0%be%d0%b8%d1%82%d0%b5%d0%bb%d1%8c%d0%bd%d1%8b%d0%b5-%d0%bc%d0%b0%d1%88%d0%b8%d0%bd%d1%8b\/%d1%81%d1%82%d0%b0%d1%86%d0%b8%d0%be%d0%bd%d0%b0%d1%80%d0%bd%d1%8b%d0%b9-%d0%b1%d0%b5%d1%82%d0%be%d0%bd%d0%be%d0%bd%d0%b0%d1%81%d0%be%d1%81-schwing-sp-2800-e\/#primaryimage","url":"https:\/\/www.jh-itc.de\/wp-content\/uploads\/2025\/03\/Schwing-SP-2800-D-2-scaled.jpg","contentUrl":"https:\/\/www.jh-itc.de\/wp-content\/uploads\/2025\/03\/Schwing-SP-2800-D-2-scaled.jpg","width":2560,"height":1920},{"@type":"BreadcrumbList","@id":"https:\/\/www.jh-itc.de\/ru\/shop\/%d1%81%d1%82%d1%80%d0%be%d0%b8%d1%82%d0%b5%d0%bb%d1%8c%d0%bd%d1%8b%d0%b5-%d0%bc%d0%b0%d1%88%d0%b8%d0%bd%d1%8b\/%d1%81%d1%82%d0%b0%d1%86%d0%b8%d0%be%d0%bd%d0%b0%d1%80%d0%bd%d1%8b%d0%b9-%d0%b1%d0%b5%d1%82%d0%be%d0%bd%d0%be%d0%bd%d0%b0%d1%81%d0%be%d1%81-schwing-sp-2800-e\/#breadcrumb","itemListElement":[{"@type":"ListItem","position":1,"name":"Home","item":"https:\/\/www.jh-itc.de\/ru\/"},{"@type":"ListItem","position":2,"name":"\u041c\u0430\u0433\u0430\u0437\u0438\u043d","item":"https:\/\/www.jh-itc.de\/ru\/%d0%bc%d0%b0%d0%b3%d0%b0%d0%b7%d0%b8%d0%bd\/"},{"@type":"ListItem","position":3,"name":"\u0421\u0442\u0430\u0446\u0438\u043e\u043d\u0430\u0440\u043d\u044b\u0439 \u0431\u0435\u0442\u043e\u043d\u043e\u043d\u0430\u0441\u043e\u0441 Schwing SP 2800 E"}]},{"@type":"WebSite","@id":"https:\/\/www.jh-itc.de\/ru\/#website","url":"https:\/\/www.jh-itc.de\/ru\/","name":"JH - ITC GmbH","description":"Ihr Experte f\u00fcr gebrauchte St\u00fctzen, Schalungen und Ger\u00fcste","publisher":{"@id":"https:\/\/www.jh-itc.de\/ru\/#organization"},"potentialAction":[{"@type":"SearchAction","target":{"@type":"EntryPoint","urlTemplate":"https:\/\/www.jh-itc.de\/ru\/?s={search_term_string}"},"query-input":{"@type":"PropertyValueSpecification","valueRequired":true,"valueName":"search_term_string"}}],"inLanguage":"ru-RU"},{"@type":"Organization","@id":"https:\/\/www.jh-itc.de\/ru\/#organization","name":"JH-ITC GmbH","url":"https:\/\/www.jh-itc.de\/ru\/","logo":{"@type":"ImageObject","inLanguage":"ru-RU","@id":"https:\/\/www.jh-itc.de\/ru\/#\/schema\/logo\/image\/","url":"https:\/\/www.jh-itc.de\/wp-content\/uploads\/2016\/01\/JH-ITC2-1.png","contentUrl":"https:\/\/www.jh-itc.de\/wp-content\/uploads\/2016\/01\/JH-ITC2-1.png","width":300,"height":102,"caption":"JH-ITC GmbH"},"image":{"@id":"https:\/\/www.jh-itc.de\/ru\/#\/schema\/logo\/image\/"},"sameAs":["https:\/\/www.facebook.com\/schalungshandel","https:\/\/x.com\/JH_ITC","https:\/\/www.linkedin.com\/in\/jhitc","https:\/\/youtu.be\/rMdZ-FLfI-Y"]}]}},"_links":{"self":[{"href":"https:\/\/www.jh-itc.de\/ru\/wp-json\/wp\/v2\/product\/93858","targetHints":{"allow":["GET"]}}],"collection":[{"href":"https:\/\/www.jh-itc.de\/ru\/wp-json\/wp\/v2\/product"}],"about":[{"href":"https:\/\/www.jh-itc.de\/ru\/wp-json\/wp\/v2\/types\/product"}],"wp:featuredmedia":[{"embeddable":true,"href":"https:\/\/www.jh-itc.de\/ru\/wp-json\/wp\/v2\/media\/93816"}],"wp:attachment":[{"href":"https:\/\/www.jh-itc.de\/ru\/wp-json\/wp\/v2\/media?parent=93858"}],"wp:term":[{"taxonomy":"product_brand","embeddable":true,"href":"https:\/\/www.jh-itc.de\/ru\/wp-json\/wp\/v2\/product_brand?post=93858"},{"taxonomy":"product_cat","embeddable":true,"href":"https:\/\/www.jh-itc.de\/ru\/wp-json\/wp\/v2\/product_cat?post=93858"},{"taxonomy":"product_tag","embeddable":true,"href":"https:\/\/www.jh-itc.de\/ru\/wp-json\/wp\/v2\/product_tag?post=93858"}],"curies":[{"name":"wp","href":"https:\/\/api.w.org\/{rel}","templated":true}]}}